{"id":34456,"date":"2025-03-11T16:42:30","date_gmt":"2025-03-11T15:42:30","guid":{"rendered":"https:\/\/bs-battery.com\/portal-b2b\/marca\/comercializacion\/"},"modified":"2025-04-17T10:24:18","modified_gmt":"2025-04-17T08:24:18","slug":"comercializacion","status":"publish","type":"page","link":"https:\/\/bs-battery.com\/es\/portal-b2b\/marca\/comercializacion\/","title":{"rendered":"COMERCIALIZACI\u00d3N"},"content":{"rendered":"<section class=\"l-section wpb_row us_custom_c558bd28 height_small width_full with_img with_shape\"><div class=\"l-section-img\" style=\"background-image: url(https:\/\/bs-battery.com\/wp-content\/uploads\/2022\/03\/2022-03-BSBattery_starter-battery_Lithium-V2.jpg);background-position: center right;background-repeat: no-repeat;\" data-img-width=\"1450\" data-img-height=\"400\"><\/div><div class=\"l-section-overlay\" style=\"background:rgba(26,26,26,0.67)\"><\/div><div class=\"l-section-shape type_tilt pos_bottom hor_flip\" style=\"height:10vh;color:#000000\"><svg xmlns=\"http:\/\/www.w3.org\/2000\/svg\" viewBox=\"0 0 64 8\" preserveAspectRatio=\"none\" width=\"100%\" height=\"100%\">\r\n\t<path fill=\"currentColor\" d=\"M64 7.9 L64 10 L0 10 L0 0 Z\"\/>\r\n<\/svg><\/div><div class=\"l-section-h i-cf\"><div class=\"g-cols via_flex valign_top type_default\"><div class=\"vc_col-sm-12 wpb_column vc_column_container \"><div class=\"vc_column-inner us_custom_4ef5d869 us_animate_this\"><div class=\"wpb_wrapper\"><div class=\"w-separator size_small\"><\/div><h1 class=\"w-post-elm post_title us_custom_6df4bc3a entry-title color_link_inherit has_text_color\">COMERCIALIZACI\u00d3N<\/h1><ol class=\"g-breadcrumbs us_custom_6df4bc3a separator_icon align_none hide_current has_text_color\" itemscope itemtype=\"http:\/\/schema.org\/BreadcrumbList\"><li class=\"g-breadcrumbs-item\" itemscope itemprop=\"itemListElement\" itemtype=\"http:\/\/schema.org\/ListItem\"><a itemprop=\"item\" href=\"https:\/\/bs-battery.com\/es\/\"><span itemprop=\"name\">INICIO<\/span><\/a><meta itemprop=\"position\" content=\"1\"\/><\/li><li class=\"g-breadcrumbs-separator\"><i class=\"far fa-angle-right\"><\/i><\/li><li class=\"g-breadcrumbs-item\">P\u00e1ginas<\/li><\/ol><div class=\"w-separator size_small\"><\/div><div class=\"w-separator size_small\"><\/div><div class=\"w-separator size_medium\"><\/div><\/div><\/div><\/div><\/div><\/div><\/section><section class=\"l-section wpb_row us_custom_4771bb89 height_small has_text_color\"><div class=\"l-section-h i-cf\"><div class=\"g-cols via_flex valign_top type_default\"><div class=\"vc_col-sm-6 wpb_column vc_column_container\"><div class=\"vc_column-inner\"><div class=\"wpb_wrapper\"><div class=\"w-progbar initial us_custom_d7166887 style_4 color_custom hide_count has_text_color\" onclick='return {&quot;template&quot;:&quot;100%&quot;,&quot;value&quot;:&quot;100&quot;,&quot;finalValue&quot;:&quot;100&quot;}'><h2 class=\"w-progbar-title\"><span class=\"w-progbar-title-text\">CAT\u00c1LOGO<\/span><span class=\"w-progbar-title-count\">100%<\/span><\/h2><div class=\"w-progbar-bar\"><div class=\"w-progbar-bar-h\" style=\"height:4px;background:#ffffff;\"><span class=\"w-progbar-bar-count\">100%<\/span><\/div><\/div><\/div><div class=\"w-separator size_small\"><\/div><div class=\"w-tabs style_default switch_click accordion has_scrolling\" style=\"--sections-title-size:inherit\"><div class=\"w-tabs-sections titles-align_none icon_chevron cpos_right\"><div class=\"w-tabs-section\" id=\"k46e\"><button aria-controls=\"content-k46e\" class=\"w-tabs-section-header\"><div class=\"w-tabs-section-title\">CAT\u00c1LOGO MERCHANDISING 2023<\/div><div class=\"w-tabs-section-control\"><\/div><\/button><div class=\"w-tabs-section-content\" id=\"content-k46e\" aria-expanded=\"false\"><div class=\"w-tabs-section-content-h i-cf\"><div class=\"w-btn-wrapper align_none\"><a class=\"w-btn us-btn-style_1 icon_atleft\" target=\"_blank\" rel=\"nofollow noopener\" href=\"https:\/\/bs-battery.com\/wp-content\/uploads\/2023\/06\/2023-05_CATALOG_POS.pdf\"><i class=\"fad fa-download\"><\/i><span class=\"w-btn-label\">CAT\u00c1LOGO MERCHANDISING 2023 .PDF<\/span><\/a><\/div><\/div><\/div><\/div><\/div><\/div><div class=\"w-separator size_huge\"><\/div><div class=\"w-progbar initial us_custom_d7166887 style_4 color_custom hide_count has_text_color\" onclick='return {&quot;template&quot;:&quot;100%&quot;,&quot;value&quot;:&quot;100&quot;,&quot;finalValue&quot;:&quot;100&quot;}'><h2 class=\"w-progbar-title\"><span class=\"w-progbar-title-text\">MODELO DE PEDIDO<\/span><span class=\"w-progbar-title-count\">100%<\/span><\/h2><div class=\"w-progbar-bar\"><div class=\"w-progbar-bar-h\" style=\"height:4px;background:#ffffff;\"><span class=\"w-progbar-bar-count\">100%<\/span><\/div><\/div><\/div><div class=\"w-separator size_small\"><\/div><div class=\"w-tabs style_default switch_click accordion has_scrolling\" style=\"--sections-title-size:inherit\"><div class=\"w-tabs-sections titles-align_none icon_chevron cpos_right\"><div class=\"w-tabs-section\" id=\"a92f\"><button aria-controls=\"content-a92f\" class=\"w-tabs-section-header\"><div class=\"w-tabs-section-title\">MODELO DE PEDIDO<\/div><div class=\"w-tabs-section-control\"><\/div><\/button><div class=\"w-tabs-section-content\" id=\"content-a92f\" aria-expanded=\"false\"><div class=\"w-tabs-section-content-h i-cf\"><div class=\"w-btn-wrapper align_none\"><a class=\"w-btn us-btn-style_1\" target=\"_blank\" rel=\"nofollow noopener\" href=\"https:\/\/bs-battery.com\/wp-content\/uploads\/2024\/02\/02-2024-BS-BATTERY-POSM-ORDER-TEMPLATE.xlsx\"><span class=\"w-btn-label\">HOJA EXCEL<\/span><\/a><\/div><\/div><\/div><\/div><\/div><\/div><\/div><\/div><\/div><div class=\"vc_col-sm-6 wpb_column vc_column_container\"><div class=\"vc_column-inner\"><div class=\"wpb_wrapper\"><div class=\"w-progbar initial us_custom_d7166887 style_4 color_custom hide_count has_text_color\" onclick='return {&quot;template&quot;:&quot;100%&quot;,&quot;value&quot;:&quot;100&quot;,&quot;finalValue&quot;:&quot;100&quot;}'><h2 class=\"w-progbar-title\"><span class=\"w-progbar-title-text\">IM\u00c1GENES<\/span><span class=\"w-progbar-title-count\">100%<\/span><\/h2><div class=\"w-progbar-bar\"><div class=\"w-progbar-bar-h\" style=\"height:4px;background:#ffffff;\"><span class=\"w-progbar-bar-count\">100%<\/span><\/div><\/div><\/div><div class=\"w-separator size_small\"><\/div><div class=\"w-tabs style_default switch_click accordion has_scrolling\" style=\"--sections-title-size:inherit\"><div class=\"w-tabs-sections titles-align_none icon_chevron cpos_right\"><div class=\"w-tabs-section\" id=\"tc03\"><button aria-controls=\"content-tc03\" class=\"w-tabs-section-header\"><div class=\"w-tabs-section-title\">IM\u00c1GENES<\/div><div class=\"w-tabs-section-control\"><\/div><\/button><div class=\"w-tabs-section-content\" id=\"content-tc03\" aria-expanded=\"false\"><div class=\"w-tabs-section-content-h i-cf\"><div class=\"w-btn-wrapper align_none\"><a class=\"w-btn us-btn-style_1\" target=\"_blank\" rel=\"nofollow noopener\" href=\"https:\/\/bs-battery.com\/b2b-portal\/picture-library\/merchandising\/\"><span class=\"w-btn-label\">IM\u00c1GENES DE MERCHANDISING<\/span><\/a><\/div><\/div><\/div><\/div><\/div><\/div><div class=\"w-separator size_huge\"><\/div><div class=\"w-progbar initial us_custom_d7166887 style_4 color_custom hide_count has_text_color\" onclick='return {&quot;template&quot;:&quot;100%&quot;,&quot;value&quot;:&quot;100&quot;,&quot;finalValue&quot;:&quot;100&quot;}'><h2 class=\"w-progbar-title\"><span class=\"w-progbar-title-text\">DISE\u00d1O PARA LA PRODUCCI\u00d3N LOCAL<\/span><span class=\"w-progbar-title-count\">100%<\/span><\/h2><div class=\"w-progbar-bar\"><div class=\"w-progbar-bar-h\" style=\"height:4px;background:#ffffff;\"><span class=\"w-progbar-bar-count\">100%<\/span><\/div><\/div><\/div><div class=\"w-separator size_small\"><\/div><div class=\"w-tabs style_default switch_click accordion has_scrolling\" style=\"--sections-title-size:inherit\"><div class=\"w-tabs-sections titles-align_none icon_chevron cpos_right\"><div class=\"w-tabs-section\" id=\"bf5a\"><button aria-controls=\"content-bf5a\" class=\"w-tabs-section-header\"><div class=\"w-tabs-section-title\">CARPA VISUAL PARA EVENTOS<\/div><div class=\"w-tabs-section-control\"><\/div><\/button><div class=\"w-tabs-section-content\" id=\"content-bf5a\" aria-expanded=\"false\"><div class=\"w-tabs-section-content-h i-cf\"><div class=\"w-btn-wrapper align_none\"><a class=\"w-btn us-btn-style_1\" target=\"_blank\" rel=\"nofollow noopener\" href=\"https:\/\/bs-battery.com\/wp-content\/uploads\/2023\/06\/2023-Event_Tent_Simulation.png\"><span class=\"w-btn-label\">BS EVENTO CARPA 3&#215;3 &#8211; SIMULACI\u00d3N .PNG<\/span><\/a><\/div><div class=\"w-btn-wrapper align_none\"><a class=\"w-btn us-btn-style_1\" target=\"_blank\" rel=\"nofollow noopener\" href=\"https:\/\/bs-battery.com\/wp-content\/uploads\/2023\/06\/2023_BSBattery_Tent_3x3.zip\"><span class=\"w-btn-label\">ARCHIVOS FUENTE &#8211; BS CARPA DE EVENTOS .ZIP<\/span><\/a><\/div><\/div><\/div><\/div><div class=\"w-tabs-section\" id=\"m06f\"><button aria-controls=\"content-m06f\" class=\"w-tabs-section-header\"><div class=\"w-tabs-section-title\">CONTRAMAT<\/div><div class=\"w-tabs-section-control\"><\/div><\/button><div class=\"w-tabs-section-content\" id=\"content-m06f\" aria-expanded=\"false\"><div class=\"w-tabs-section-content-h i-cf\"><div class=\"w-btn-wrapper align_none\"><a class=\"w-btn us-btn-style_1\" target=\"_blank\" rel=\"nofollow noopener\" href=\"https:\/\/bs-battery.com\/wp-content\/uploads\/2024\/08\/07.24-Countermat-Corporate-22X16in-HD.pdf\"><span class=\"w-btn-label\">COUNTERMAT (con tabla de actualizaci\u00f3n) &#8211; ES .PDF<\/span><\/a><\/div><div class=\"w-btn-wrapper align_none\"><a class=\"w-btn us-btn-style_1\" target=\"_blank\" rel=\"nofollow noopener\" href=\"https:\/\/bs-battery.com\/b2b-portal\/products\/point-of-sales-development\/sales-development-tool-sources\/\"><span class=\"w-btn-label\">FUENTES .ZIP<\/span><\/a><\/div><\/div><\/div><\/div><div class=\"w-tabs-section\" id=\"t100\"><button aria-controls=\"content-t100\" class=\"w-tabs-section-header\"><div class=\"w-tabs-section-title\">MOUSEPAD<\/div><div class=\"w-tabs-section-control\"><\/div><\/button><div class=\"w-tabs-section-content\" id=\"content-t100\" aria-expanded=\"false\"><div class=\"w-tabs-section-content-h i-cf\"><div class=\"w-btn-wrapper align_none\"><a class=\"w-btn us-btn-style_1\" target=\"_blank\" rel=\"nofollow noopener\" href=\"https:\/\/bs-battery.com\/wp-content\/uploads\/2024\/08\/BS-mousepads-Front-bsli-02-max-2.pdf\"><span class=\"w-btn-label\">MOUSEPAD BSLi-02 Max &#8211; (Forma personalizada troquelada) .PDF<\/span><\/a><\/div><\/div><\/div><\/div><div class=\"w-tabs-section\" id=\"l1ec\"><button aria-controls=\"content-l1ec\" class=\"w-tabs-section-header\"><div class=\"w-tabs-section-title\">MANTEL DE MESA<\/div><div class=\"w-tabs-section-control\"><\/div><\/button><div class=\"w-tabs-section-content\" id=\"content-l1ec\" aria-expanded=\"false\"><div class=\"w-tabs-section-content-h i-cf\"><div class=\"w-btn-wrapper align_none\"><a class=\"w-btn us-btn-style_1\" target=\"_blank\" rel=\"nofollow noopener\" href=\"https:\/\/bs-battery.com\/wp-content\/uploads\/2023\/10\/2023.07_Tablecloth_compressed.pdf\"><span class=\"w-btn-label\">MANTEL BATER\u00cdA BS.PDF<\/span><\/a><\/div><\/div><\/div><\/div><\/div><\/div><\/div><\/div><\/div><\/div><\/div><\/section><section class=\"l-section wpb_row us_custom_0728b4ce height_small width_full parallax_ver\"><div class=\"l-section-overlay\" style=\"background:#cd1719\"><\/div><div class=\"l-section-h i-cf\"><div class=\"g-cols via_flex valign_middle type_default\"><div class=\"vc_col-sm-3 wpb_column vc_column_container\"><div class=\"vc_column-inner\"><div class=\"wpb_wrapper\"><div class=\"wpb_text_column us_custom_c47d8fdd  hide_on_mobiles has_text_color\"><div class=\"wpb_wrapper\"><h2 style=\"text-align: left;\">BUSCADOR DE BATER\u00cdA<strong><br \/>\n<\/strong><\/h2>\n<\/div><\/div><div class=\"wpb_text_column us_custom_c47d8fdd  hide_on_default hide_on_laptops hide_on_tablets has_text_color\"><div class=\"wpb_wrapper\"><h2 style=\"text-align: center;\">BUSCADOR DE BATER\u00cdA<strong><br \/>\n<\/strong><\/h2>\n<\/div><\/div><\/div><\/div><\/div><div class=\"vc_col-sm-3 wpb_column vc_column_container\"><div class=\"vc_column-inner\"><div class=\"wpb_wrapper\"><div class=\"w-iconbox us_custom_6df4bc3a iconpos_left style_outlined color_custom align_left no_text has_text_color icontype_img\"><div class=\"w-iconbox-icon\" style=\"font-size:1.8rem;box-shadow:inset 0 0 0 2px #ffffff;color:#ffffff;\"><img loading=\"lazy\" decoding=\"async\" width=\"50\" height=\"50\" src=\"https:\/\/bs-battery.com\/wp-content\/uploads\/2021\/08\/battery-finder-1.png\" class=\"attachment-full size-full\" alt=\"battery-finder\" \/><\/div><div class=\"w-iconbox-meta\"><h5 class=\"w-iconbox-title\" style=\"font-size:1.2rem;\">Selecciona tu veh\u00edculo<\/h5><\/div><\/div><\/div><\/div><\/div><div class=\"vc_col-sm-3 wpb_column vc_column_container\"><div class=\"vc_column-inner\"><div class=\"wpb_wrapper\"><div class=\"w-iconbox us_custom_6df4bc3a iconpos_left style_outlined color_custom align_left no_text has_text_color icontype_img\"><div class=\"w-iconbox-icon\" style=\"font-size:1.8rem;box-shadow:inset 0 0 0 2px #ffffff;color:#ffffff;\"><img loading=\"lazy\" decoding=\"async\" width=\"50\" height=\"50\" src=\"https:\/\/bs-battery.com\/wp-content\/uploads\/2021\/08\/battery-finder-2.png\" class=\"attachment-full size-full\" alt=\"battery-finder\" \/><\/div><div class=\"w-iconbox-meta\"><h5 class=\"w-iconbox-title\" style=\"font-size:1.2rem;\">Selecciona tu Marca, CC, Modelo y A\u00f1o<\/h5><\/div><\/div><\/div><\/div><\/div><div class=\"vc_col-sm-3 wpb_column vc_column_container\"><div class=\"vc_column-inner\"><div class=\"wpb_wrapper\"><div class=\"w-btn-wrapper align_center\"><a class=\"w-btn us-btn-style_14 us_custom_ff13c409 us_animate_this icon_atright\" title=\"BUSCADOR DE BATER\u00cdA\" href=\"https:\/\/bs-battery.com\/battery-finder\/\"><span class=\"w-btn-label\">ENCUENTRA UNA BATER\u00cdA<\/span><i class=\"fad fa-car-battery\"><\/i><\/a><\/div><\/div><\/div><\/div><\/div><\/div><\/section>\n","protected":false},"excerpt":{"rendered":"COMERCIALIZACI\u00d3NINICIOP\u00e1ginasCAT\u00c1LOGO100%100%CAT\u00c1LOGO MERCHANDISING 2023CAT\u00c1LOGO MERCHANDISING 2023 .PDFMODELO DE PEDIDO100%100%MODELO DE PEDIDOHOJA EXCELIM\u00c1GENES100%100%IM\u00c1GENESIM\u00c1GENES DE MERCHANDISINGDISE\u00d1O PARA LA PRODUCCI\u00d3N LOCAL100%100%CARPA VISUAL PARA EVENTOSBS EVENTO CARPA 3&#215;3 &#8211; SIMULACI\u00d3N .PNGARCHIVOS FUENTE &#8211; BS CARPA DE EVENTOS .ZIPCONTRAMATCOUNTERMAT (con tabla de actualizaci\u00f3n) &#8211; ES .PDFFUENTES .ZIPMOUSEPADMOUSEPAD BSLi-02 Max &#8211; (Forma personalizada troquelada) .PDFMANTEL DE MESAMANTEL BATER\u00cdA BS.PDF BUSCADOR DE BATER\u00cdA...","protected":false},"author":1,"featured_media":34457,"parent":34424,"menu_order":0,"comment_status":"closed","ping_status":"closed","template":"","meta":{"_acf_changed":false,"om_disable_all_campaigns":false,"passster_activate_protection":false,"passster_protect_child_pages":"","passster_protection_type":"password","passster_password":"","passster_passwords":"","passster_password_list":"","passster_password_lists":"","passster_activate_user_restriction":"","passster_user_restriction_type":"user-role","passster_user_restriction":"no-role","passster_activate_overwrite_defaults":"","passster_headline":"","passster_instruction":"","passster_placeholder":"","passster_button":"","passster_id":"","passster_activate_misc_settings":"","passster_redirect_url":"","passster_hide":"no","passster_area_shortcode":"","_monsterinsights_skip_tracking":false,"_monsterinsights_sitenote_active":false,"_monsterinsights_sitenote_note":"","_monsterinsights_sitenote_category":0,"_uf_show_specific_survey":0,"_uf_disable_surveys":false,"footnotes":""},"class_list":["post-34456","page","type-page","status-publish","has-post-thumbnail","hentry"],"acf":[],"aioseo_notices":[],"yoast_head":"<!-- This site is optimized with the Yoast SEO plugin v24.6 - https:\/\/yoast.com\/wordpress\/plugins\/seo\/ -->\n<title>COMERCIALIZACI\u00d3N - BS BATTERY<\/title>\n<meta name=\"robots\" content=\"noindex, nofollow\" \/>\n<meta property=\"og:locale\" content=\"es_ES\" \/>\n<meta property=\"og:type\" content=\"article\" \/>\n<meta property=\"og:title\" content=\"COMERCIALIZACI\u00d3N - BS BATTERY\" \/>\n<meta property=\"og:url\" content=\"https:\/\/bs-battery.com\/es\/portal-b2b\/marca\/comercializacion\/\" \/>\n<meta property=\"og:site_name\" content=\"BS BATTERY\" \/>\n<meta property=\"article:modified_time\" content=\"2025-04-17T08:24:18+00:00\" \/>\n<meta property=\"og:image\" content=\"https:\/\/bs-battery.com\/wp-content\/uploads\/2022\/06\/vignette-mechandising.jpg\" \/>\n\t<meta property=\"og:image:width\" content=\"500\" \/>\n\t<meta property=\"og:image:height\" content=\"375\" \/>\n\t<meta property=\"og:image:type\" content=\"image\/jpeg\" \/>\n<meta name=\"twitter:card\" content=\"summary_large_image\" \/>\n<meta name=\"twitter:label1\" content=\"Tiempo de lectura\" \/>\n\t<meta name=\"twitter:data1\" content=\"2 minutos\" \/>\n<script type=\"application\/ld+json\" class=\"yoast-schema-graph\">{\"@context\":\"https:\/\/schema.org\",\"@graph\":[{\"@type\":\"WebPage\",\"@id\":\"https:\/\/bs-battery.com\/es\/portal-b2b\/marca\/comercializacion\/\",\"url\":\"https:\/\/bs-battery.com\/es\/portal-b2b\/marca\/comercializacion\/\",\"name\":\"COMERCIALIZACI\u00d3N - BS BATTERY\",\"isPartOf\":{\"@id\":\"https:\/\/bs-battery.com\/#website\"},\"primaryImageOfPage\":{\"@id\":\"https:\/\/bs-battery.com\/es\/portal-b2b\/marca\/comercializacion\/#primaryimage\"},\"image\":{\"@id\":\"https:\/\/bs-battery.com\/es\/portal-b2b\/marca\/comercializacion\/#primaryimage\"},\"thumbnailUrl\":\"https:\/\/bs-battery.com\/wp-content\/uploads\/2022\/06\/vignette-mechandising.jpg\",\"datePublished\":\"2025-03-11T15:42:30+00:00\",\"dateModified\":\"2025-04-17T08:24:18+00:00\",\"breadcrumb\":{\"@id\":\"https:\/\/bs-battery.com\/es\/portal-b2b\/marca\/comercializacion\/#breadcrumb\"},\"inLanguage\":\"es\",\"potentialAction\":[{\"@type\":\"ReadAction\",\"target\":[\"https:\/\/bs-battery.com\/es\/portal-b2b\/marca\/comercializacion\/\"]}]},{\"@type\":\"ImageObject\",\"inLanguage\":\"es\",\"@id\":\"https:\/\/bs-battery.com\/es\/portal-b2b\/marca\/comercializacion\/#primaryimage\",\"url\":\"https:\/\/bs-battery.com\/wp-content\/uploads\/2022\/06\/vignette-mechandising.jpg\",\"contentUrl\":\"https:\/\/bs-battery.com\/wp-content\/uploads\/2022\/06\/vignette-mechandising.jpg\",\"width\":500,\"height\":375},{\"@type\":\"BreadcrumbList\",\"@id\":\"https:\/\/bs-battery.com\/es\/portal-b2b\/marca\/comercializacion\/#breadcrumb\",\"itemListElement\":[{\"@type\":\"ListItem\",\"position\":1,\"name\":\"Home\",\"item\":\"https:\/\/bs-battery.com\/es\/\"},{\"@type\":\"ListItem\",\"position\":2,\"name\":\"Portal B2B\",\"item\":\"https:\/\/bs-battery.com\/es\/portal-b2b\/\"},{\"@type\":\"ListItem\",\"position\":3,\"name\":\"MARCA\",\"item\":\"https:\/\/bs-battery.com\/es\/portal-b2b\/marca\/\"},{\"@type\":\"ListItem\",\"position\":4,\"name\":\"COMERCIALIZACI\u00d3N\"}]},{\"@type\":\"WebSite\",\"@id\":\"https:\/\/bs-battery.com\/#website\",\"url\":\"https:\/\/bs-battery.com\/\",\"name\":\"BS BATTERY\",\"description\":\"The Power you need...\",\"potentialAction\":[{\"@type\":\"SearchAction\",\"target\":{\"@type\":\"EntryPoint\",\"urlTemplate\":\"https:\/\/bs-battery.com\/?s={search_term_string}\"},\"query-input\":{\"@type\":\"PropertyValueSpecification\",\"valueRequired\":true,\"valueName\":\"search_term_string\"}}],\"inLanguage\":\"es\"}]}<\/script>\n<!-- \/ Yoast SEO plugin. -->","yoast_head_json":{"title":"COMERCIALIZACI\u00d3N - BS BATTERY","robots":{"index":"noindex","follow":"nofollow"},"og_locale":"es_ES","og_type":"article","og_title":"COMERCIALIZACI\u00d3N - BS BATTERY","og_url":"https:\/\/bs-battery.com\/es\/portal-b2b\/marca\/comercializacion\/","og_site_name":"BS BATTERY","article_modified_time":"2025-04-17T08:24:18+00:00","og_image":[{"width":500,"height":375,"url":"https:\/\/bs-battery.com\/wp-content\/uploads\/2022\/06\/vignette-mechandising.jpg","type":"image\/jpeg"}],"twitter_card":"summary_large_image","twitter_misc":{"Tiempo de lectura":"2 minutos"},"schema":{"@context":"https:\/\/schema.org","@graph":[{"@type":"WebPage","@id":"https:\/\/bs-battery.com\/es\/portal-b2b\/marca\/comercializacion\/","url":"https:\/\/bs-battery.com\/es\/portal-b2b\/marca\/comercializacion\/","name":"COMERCIALIZACI\u00d3N - BS BATTERY","isPartOf":{"@id":"https:\/\/bs-battery.com\/#website"},"primaryImageOfPage":{"@id":"https:\/\/bs-battery.com\/es\/portal-b2b\/marca\/comercializacion\/#primaryimage"},"image":{"@id":"https:\/\/bs-battery.com\/es\/portal-b2b\/marca\/comercializacion\/#primaryimage"},"thumbnailUrl":"https:\/\/bs-battery.com\/wp-content\/uploads\/2022\/06\/vignette-mechandising.jpg","datePublished":"2025-03-11T15:42:30+00:00","dateModified":"2025-04-17T08:24:18+00:00","breadcrumb":{"@id":"https:\/\/bs-battery.com\/es\/portal-b2b\/marca\/comercializacion\/#breadcrumb"},"inLanguage":"es","potentialAction":[{"@type":"ReadAction","target":["https:\/\/bs-battery.com\/es\/portal-b2b\/marca\/comercializacion\/"]}]},{"@type":"ImageObject","inLanguage":"es","@id":"https:\/\/bs-battery.com\/es\/portal-b2b\/marca\/comercializacion\/#primaryimage","url":"https:\/\/bs-battery.com\/wp-content\/uploads\/2022\/06\/vignette-mechandising.jpg","contentUrl":"https:\/\/bs-battery.com\/wp-content\/uploads\/2022\/06\/vignette-mechandising.jpg","width":500,"height":375},{"@type":"BreadcrumbList","@id":"https:\/\/bs-battery.com\/es\/portal-b2b\/marca\/comercializacion\/#breadcrumb","itemListElement":[{"@type":"ListItem","position":1,"name":"Home","item":"https:\/\/bs-battery.com\/es\/"},{"@type":"ListItem","position":2,"name":"Portal B2B","item":"https:\/\/bs-battery.com\/es\/portal-b2b\/"},{"@type":"ListItem","position":3,"name":"MARCA","item":"https:\/\/bs-battery.com\/es\/portal-b2b\/marca\/"},{"@type":"ListItem","position":4,"name":"COMERCIALIZACI\u00d3N"}]},{"@type":"WebSite","@id":"https:\/\/bs-battery.com\/#website","url":"https:\/\/bs-battery.com\/","name":"BS BATTERY","description":"The Power you need...","potentialAction":[{"@type":"SearchAction","target":{"@type":"EntryPoint","urlTemplate":"https:\/\/bs-battery.com\/?s={search_term_string}"},"query-input":{"@type":"PropertyValueSpecification","valueRequired":true,"valueName":"search_term_string"}}],"inLanguage":"es"}]}},"_links":{"self":[{"href":"https:\/\/bs-battery.com\/es\/wp-json\/wp\/v2\/pages\/34456","targetHints":{"allow":["GET"]}}],"collection":[{"href":"https:\/\/bs-battery.com\/es\/wp-json\/wp\/v2\/pages"}],"about":[{"href":"https:\/\/bs-battery.com\/es\/wp-json\/wp\/v2\/types\/page"}],"author":[{"embeddable":true,"href":"https:\/\/bs-battery.com\/es\/wp-json\/wp\/v2\/users\/1"}],"replies":[{"embeddable":true,"href":"https:\/\/bs-battery.com\/es\/wp-json\/wp\/v2\/comments?post=34456"}],"version-history":[{"count":4,"href":"https:\/\/bs-battery.com\/es\/wp-json\/wp\/v2\/pages\/34456\/revisions"}],"predecessor-version":[{"id":36921,"href":"https:\/\/bs-battery.com\/es\/wp-json\/wp\/v2\/pages\/34456\/revisions\/36921"}],"up":[{"embeddable":true,"href":"https:\/\/bs-battery.com\/es\/wp-json\/wp\/v2\/pages\/34424"}],"wp:featuredmedia":[{"embeddable":true,"href":"https:\/\/bs-battery.com\/es\/wp-json\/wp\/v2\/media\/34457"}],"wp:attachment":[{"href":"https:\/\/bs-battery.com\/es\/wp-json\/wp\/v2\/media?parent=34456"}],"curies":[{"name":"wp","href":"https:\/\/api.w.org\/{rel}","templated":true}]}}