{"id":34468,"date":"2025-03-11T16:43:41","date_gmt":"2025-03-11T15:43:41","guid":{"rendered":"https:\/\/bs-battery.com\/portal-b2b\/marca\/tradefair\/"},"modified":"2025-04-17T10:25:41","modified_gmt":"2025-04-17T08:25:41","slug":"tradefair","status":"publish","type":"page","link":"https:\/\/bs-battery.com\/es\/portal-b2b\/marca\/tradefair\/","title":{"rendered":"TRADEFAIR"},"content":{"rendered":"<section class=\"l-section wpb_row us_custom_c558bd28 height_small width_full with_img with_shape\"><div class=\"l-section-img\" style=\"background-image: url(https:\/\/bs-battery.com\/wp-content\/uploads\/2022\/03\/2022-03-BSBattery_starter-battery_Lithium-V2.jpg);background-position: center right;background-repeat: no-repeat;\" data-img-width=\"1450\" data-img-height=\"400\"><\/div><div class=\"l-section-overlay\" style=\"background:rgba(26,26,26,0.67)\"><\/div><div class=\"l-section-shape type_tilt pos_bottom hor_flip\" style=\"height:10vh;color:#000000\"><svg xmlns=\"http:\/\/www.w3.org\/2000\/svg\" viewBox=\"0 0 64 8\" preserveAspectRatio=\"none\" width=\"100%\" height=\"100%\">\r\n\t<path fill=\"currentColor\" d=\"M64 7.9 L64 10 L0 10 L0 0 Z\"\/>\r\n<\/svg><\/div><div class=\"l-section-h i-cf\"><div class=\"g-cols via_flex valign_top type_default\"><div class=\"vc_col-sm-12 wpb_column vc_column_container \"><div class=\"vc_column-inner us_custom_4ef5d869 us_animate_this\"><div class=\"wpb_wrapper\"><div class=\"w-separator size_small\"><\/div><div class=\"wpb_text_column us_custom_ef7ce23f\"><div class=\"wpb_wrapper\"><h1><span style=\"color: #ffffff;\">TRADEFAIR<\/span><\/h1>\n<\/div><\/div><ol class=\"g-breadcrumbs us_custom_6df4bc3a separator_icon align_none hide_current has_text_color\" itemscope itemtype=\"http:\/\/schema.org\/BreadcrumbList\"><li class=\"g-breadcrumbs-item\" itemscope itemprop=\"itemListElement\" itemtype=\"http:\/\/schema.org\/ListItem\"><a itemprop=\"item\" href=\"https:\/\/bs-battery.com\/es\/\"><span itemprop=\"name\">INICIO<\/span><\/a><meta itemprop=\"position\" content=\"1\"\/><\/li><li class=\"g-breadcrumbs-separator\"><i class=\"far fa-angle-right\"><\/i><\/li><li class=\"g-breadcrumbs-item\">P\u00e1ginas<\/li><\/ol><div class=\"w-separator size_small\"><\/div><div class=\"w-separator size_medium\"><\/div><\/div><\/div><\/div><\/div><\/div><\/section><section class=\"l-section wpb_row us_custom_4771bb89 height_small has_text_color\"><div class=\"l-section-h i-cf\"><div class=\"g-cols via_flex valign_top type_default\"><div class=\"vc_col-sm-6 wpb_column vc_column_container\"><div class=\"vc_column-inner\"><div class=\"wpb_wrapper\"><div class=\"w-progbar initial us_custom_d7166887 style_4 color_custom hide_count has_text_color\" onclick='return {&quot;template&quot;:&quot;100%&quot;,&quot;value&quot;:&quot;100&quot;,&quot;finalValue&quot;:&quot;100&quot;}'><h2 class=\"w-progbar-title\"><span class=\"w-progbar-title-text\">DISE\u00d1O DE STANDS<\/span><span class=\"w-progbar-title-count\">100%<\/span><\/h2><div class=\"w-progbar-bar\"><div class=\"w-progbar-bar-h\" style=\"height:4px;background:#ffffff;\"><span class=\"w-progbar-bar-count\">100%<\/span><\/div><\/div><\/div><div class=\"w-separator size_small\"><\/div><div class=\"w-tabs style_default switch_click accordion has_scrolling\" style=\"--sections-title-size:inherit\"><div class=\"w-tabs-sections titles-align_none icon_chevron cpos_right\"><div class=\"w-tabs-section\" id=\"l27d\"><button aria-controls=\"content-l27d\" class=\"w-tabs-section-header\"><div class=\"w-tabs-section-title\">PAREDES DEL STAND<\/div><div class=\"w-tabs-section-control\"><\/div><\/button><div class=\"w-tabs-section-content\" id=\"content-l27d\" aria-expanded=\"false\"><div class=\"w-tabs-section-content-h i-cf\"><div class=\"w-btn-wrapper align_none\"><a class=\"w-btn us-btn-style_1 icon_atleft\" target=\"_blank\" rel=\"nofollow noopener\" href=\"https:\/\/bs-battery.com\/wp-content\/uploads\/2024\/09\/Wall-Eicma-all application-512x400.pdf\"><i class=\"fad fa-download\"><\/i><span class=\"w-btn-label\">PARED DE EXPOSICI\u00d3N &#8211; Todas las aplicaciones 2024 512&#215;400 .PDF<\/span><\/a><\/div><div class=\"w-btn-wrapper align_none\"><a class=\"w-btn us-btn-style_1 icon_atleft\" target=\"_blank\" rel=\"nofollow noopener\" href=\"https:\/\/bs-battery.com\/b2b-portal\/brand\/tradefair\/booth-design-source-files\/\"><i class=\"fad fa-download\"><\/i><span class=\"w-btn-label\">PARED DEL PABELL\u00d3N &#8211; Todas las aplicaciones 2024 512&#215;400 FILE SOURCE .ZIP<\/span><\/a><\/div><div class=\"w-btn-wrapper align_none\"><a class=\"w-btn us-btn-style_1 icon_atleft\" target=\"_blank\" rel=\"nofollow noopener\" href=\"https:\/\/bs-battery.com\/wp-content\/uploads\/2024\/08\/08-24-Fair-Background-neutral-250x250cm-Fabio.pdf\"><i class=\"fad fa-download\"><\/i><span class=\"w-btn-label\">PARED DE PABELL\u00d3N &#8211; Soluci\u00f3n Plug &amp; Play 2024 250&#215;250 .PDF<\/span><\/a><\/div><div class=\"w-btn-wrapper align_none\"><a class=\"w-btn us-btn-style_1 icon_atleft\" title=\"#\" target=\"_blank\" rel=\"nofollow noopener\" href=\"https:\/\/bs-battery.com\/b2b-portal\/brand\/tradefair\/booth-design-source-files\/\"><i class=\"fad fa-download\"><\/i><span class=\"w-btn-label\">BOOTH WALL &#8211; Soluci\u00f3n Plug &amp; Play 2024 250&#215;250 FILE SOURCE .ZIP<\/span><\/a><\/div><div class=\"w-btn-wrapper align_none\"><a class=\"w-btn us-btn-style_1 icon_atleft\" target=\"_blank\" rel=\"nofollow noopener\" href=\"https:\/\/bs-battery.com\/wp-content\/uploads\/2024\/05\/0424_Booth-Wall_PlugPlay_2024.pdf\"><i class=\"fad fa-download\"><\/i><span class=\"w-btn-label\">PARED DE PABELL\u00d3N &#8211; Soluci\u00f3n Plug &amp; Play 2024 190&#215;300 .PDF<\/span><\/a><\/div><div class=\"w-btn-wrapper align_none\"><a class=\"w-btn us-btn-style_1 icon_atleft\" target=\"_blank\" rel=\"nofollow noopener\" href=\"https:\/\/bs-battery.com\/b2b-portal\/brand\/tradefair\/booth-design-source-files\/\"><i class=\"fad fa-download\"><\/i><span class=\"w-btn-label\">BOOTH WALL &#8211; Soluci\u00f3n Plug &amp; Play 2024 190&#215;300 FILE SOURCE .ZIP<\/span><\/a><\/div><div class=\"w-btn-wrapper align_none\"><a class=\"w-btn us-btn-style_1 icon_atleft\" target=\"_blank\" rel=\"nofollow noopener\" href=\"https:\/\/bs-battery.com\/wp-content\/uploads\/2024\/03\/Panel-OEM-Back-charger.pdf\"><i class=\"fad fa-download\"><\/i><span class=\"w-btn-label\">PABELL\u00d3N PARED &#8211; Cargadores Inteligentes 2024 320&#215;484 (SP) .PDF<\/span><\/a><\/div><div class=\"w-btn-wrapper align_none\"><a class=\"w-btn us-btn-style_1 icon_atleft\" target=\"_blank\" rel=\"nofollow noopener\" href=\"https:\/\/bs-battery.com\/b2b-portal\/brand\/tradefair\/booth-design-source-files\/\"><i class=\"fad fa-download\"><\/i><span class=\"w-btn-label\">PARED DEL PUESTO &#8211; Cargadores Inteligentes 2024 320&#215;484 (SP) FUENTE DEL ARCHIVO .ZIP<\/span><\/a><\/div><div class=\"w-btn-wrapper align_none\"><a class=\"w-btn us-btn-style_1 icon_atleft\" target=\"_blank\" rel=\"nofollow noopener\" href=\"ftp:\/\/bsbatter@ftp.cluster003.hosting.ovh.net\/www\/wp-content\/uploads\/2024\/03\/Panel-OEM-Lit.pdf\"><i class=\"fad fa-download\"><\/i><span class=\"w-btn-label\">PUESTO PARED &#8211; Litio 2024 320&#215;484 (SP) .PDF<\/span><\/a><\/div><div class=\"w-btn-wrapper align_none\"><a class=\"w-btn us-btn-style_1 icon_atleft\" target=\"_blank\" rel=\"nofollow noopener\" href=\"https:\/\/bs-battery.com\/b2b-portal\/brand\/tradefair\/booth-design-source-files\/\"><i class=\"fad fa-download\"><\/i><span class=\"w-btn-label\">PARED DEL PABELL\u00d3N &#8211; Litio 2024 320&#215;484 (SP) FUENTE DEL ARCHIVO .ZIP<\/span><\/a><\/div><div class=\"w-btn-wrapper align_none\"><a class=\"w-btn us-btn-style_1 icon_atleft\" target=\"_blank\" rel=\"nofollow noopener\" href=\"https:\/\/bs-battery.com\/wp-content\/uploads\/2024\/03\/Panel-OEM-Fabio.pdf\"><i class=\"fad fa-download\"><\/i><span class=\"w-btn-label\">MURAL &#8211; Fabio Quartararo 2024 320&#215;484 .PDF<\/span><\/a><\/div><div class=\"w-btn-wrapper align_none\"><a class=\"w-btn us-btn-style_1 icon_atleft\" target=\"_blank\" rel=\"nofollow noopener\" href=\"https:\/\/bs-battery.com\/b2b-portal\/brand\/tradefair\/booth-design-source-files\/\"><i class=\"fad fa-download\"><\/i><span class=\"w-btn-label\">PUESTO PARED &#8211; Fabio Quartararo 2024 320&#215;484 FILE SOURCE .ZIP<\/span><\/a><\/div><div class=\"w-btn-wrapper align_none\"><a class=\"w-btn us-btn-style_1 icon_atleft\" target=\"_blank\" rel=\"nofollow noopener\" href=\"https:\/\/bs-battery.com\/wp-content\/uploads\/2024\/03\/Panel-OEM-Dakar.pdf\"><i class=\"fad fa-download\"><\/i><span class=\"w-btn-label\">PARED DEL PABELL\u00d3N &#8211; Sherco Racing Dakar 2024 320&#215;484 .PDF<\/span><\/a><\/div><div class=\"w-btn-wrapper align_none\"><a class=\"w-btn us-btn-style_1 icon_atleft\" target=\"_blank\" rel=\"nofollow noopener\" href=\"https:\/\/bs-battery.com\/b2b-portal\/brand\/tradefair\/booth-design-source-files\/\"><i class=\"fad fa-download\"><\/i><span class=\"w-btn-label\">PARED DEL PABELL\u00d3N &#8211; Sherco Racing Dakar 2024 320&#215;484 FILE SOURCE .ZIP<\/span><\/a><\/div><div class=\"w-btn-wrapper align_none\"><a class=\"w-btn us-btn-style_1 icon_atleft\" target=\"_blank\" rel=\"nofollow noopener\" href=\"https:\/\/bs-battery.com\/wp-content\/uploads\/2024\/03\/Panel-OEM-Aprilia.pdf\"><i class=\"fad fa-download\"><\/i><span class=\"w-btn-label\">STAND PARED &#8211; Aprilia Racing 2024 320&#215;484 .PDF<\/span><\/a><\/div><div class=\"w-btn-wrapper align_none\"><a class=\"w-btn us-btn-style_1 icon_atleft\" target=\"_blank\" rel=\"nofollow noopener\" href=\"https:\/\/bs-battery.com\/b2b-portal\/brand\/tradefair\/booth-design-source-files\/\"><i class=\"fad fa-download\"><\/i><span class=\"w-btn-label\">MURO DEL PABELL\u00d3N &#8211; Aprilia Racing 2024 320&#215;484 FILE SOURCE .ZIP<\/span><\/a><\/div><\/div><\/div><\/div><div class=\"w-tabs-section\" id=\"c44e\"><button aria-controls=\"content-c44e\" class=\"w-tabs-section-header\"><div class=\"w-tabs-section-title\">EXPOSITOR DE STAND<\/div><div class=\"w-tabs-section-control\"><\/div><\/button><div class=\"w-tabs-section-content\" id=\"content-c44e\" aria-expanded=\"false\"><div class=\"w-tabs-section-content-h i-cf\"><div class=\"w-btn-wrapper align_none\"><a class=\"w-btn us-btn-style_1 icon_atleft\" target=\"_blank\" rel=\"nofollow noopener\" href=\"https:\/\/bs-battery.com\/wp-content\/uploads\/2022\/12\/BS-Battery_BOOTH_Display-1.pdf\"><i class=\"fad fa-download\"><\/i><span class=\"w-btn-label\">EXPOSITOR DE STAND .PDF<\/span><\/a><\/div><div class=\"w-btn-wrapper align_none\"><a class=\"w-btn us-btn-style_1 icon_atleft\" target=\"_blank\" rel=\"nofollow noopener\" href=\"https:\/\/bs-battery.com\/b2b-portal\/brand\/tradefair\/booth-design-source-files\/\"><i class=\"fad fa-download\"><\/i><span class=\"w-btn-label\">FUENTE DEL ARCHIVO DE VISUALIZACI\u00d3N DE LA CABINA .ZIP<\/span><\/a><\/div><\/div><\/div><\/div><div class=\"w-tabs-section\" id=\"b580\"><button aria-controls=\"content-b580\" class=\"w-tabs-section-header\"><div class=\"w-tabs-section-title\">FOLLETOS DEL STAND<\/div><div class=\"w-tabs-section-control\"><\/div><\/button><div class=\"w-tabs-section-content\" id=\"content-b580\" aria-expanded=\"false\"><div class=\"w-tabs-section-content-h i-cf\"><div class=\"w-btn-wrapper align_none\"><a class=\"w-btn us-btn-style_1 icon_atleft\" target=\"_blank\" rel=\"nofollow noopener\" href=\"https:\/\/bs-battery.com\/wp-content\/uploads\/2024\/04\/2023_TRADEFAIR_BS_Affichette-2.pdf\"><i class=\"fad fa-download\"><\/i><span class=\"w-btn-label\">FOLLETOS DEL STAND .PDF<\/span><\/a><\/div><div class=\"w-btn-wrapper align_none\"><a class=\"w-btn us-btn-style_1 icon_atleft\" target=\"_blank\" rel=\"nofollow noopener\" href=\"https:\/\/bs-battery.com\/b2b-portal\/brand\/tradefair\/booth-design-source-files\/\"><i class=\"fad fa-download\"><\/i><span class=\"w-btn-label\">BOOTH FLYERS ARCHIVO FUENTE .ZIP<\/span><\/a><\/div><\/div><\/div><\/div><\/div><\/div><div class=\"w-separator size_huge\"><\/div><\/div><\/div><\/div><div class=\"vc_col-sm-6 wpb_column vc_column_container\"><div class=\"vc_column-inner\"><div class=\"wpb_wrapper\"><div class=\"w-progbar initial us_custom_d7166887 style_4 color_custom hide_count has_text_color\" onclick='return {&quot;template&quot;:&quot;100%&quot;,&quot;value&quot;:&quot;100&quot;,&quot;finalValue&quot;:&quot;100&quot;}'><h2 class=\"w-progbar-title\"><span class=\"w-progbar-title-text\">BUENAS PR\u00c1CTICAS<\/span><span class=\"w-progbar-title-count\">100%<\/span><\/h2><div class=\"w-progbar-bar\"><div class=\"w-progbar-bar-h\" style=\"height:4px;background:#ffffff;\"><span class=\"w-progbar-bar-count\">100%<\/span><\/div><\/div><\/div><div class=\"w-separator size_small\"><\/div><div class=\"w-tabs style_default switch_click accordion has_scrolling\" style=\"--sections-title-size:inherit\"><div class=\"w-tabs-sections titles-align_none icon_chevron cpos_right\"><div class=\"w-tabs-section\" id=\"bd45\"><button aria-controls=\"content-bd45\" class=\"w-tabs-section-header\"><div class=\"w-tabs-section-title\">EICMA<\/div><div class=\"w-tabs-section-control\"><\/div><\/button><div class=\"w-tabs-section-content\" id=\"content-bd45\" aria-expanded=\"false\"><div class=\"w-tabs-section-content-h i-cf\"><div class=\"w-btn-wrapper align_none\"><a class=\"w-btn us-btn-style_1 icon_atleft\" target=\"_blank\" rel=\"nofollow noopener\" href=\"https:\/\/youtu.be\/PjWu6ZgotsQ?si=6MzlIpNAe4Y6WxRw\"><i class=\"fad fa-download\"><\/i><span class=\"w-btn-label\">15\u00ba Aniversario de BS Battery en EICMA 2024 .YT<\/span><\/a><\/div><div class=\"w-btn-wrapper align_none\"><a class=\"w-btn us-btn-style_1 icon_atleft\" target=\"_blank\" rel=\"nofollow noopener\" href=\"https:\/\/youtu.be\/dsDvTFumY3Y?si=094pK3rVRwfCdEfb\"><i class=\"fad fa-download\"><\/i><span class=\"w-btn-label\">\u00a1BS Battery en EICMA 2023 ! .YT<\/span><\/a><\/div><\/div><\/div><\/div><div class=\"w-tabs-section\" id=\"ldde\"><button aria-controls=\"content-ldde\" class=\"w-tabs-section-header\"><div class=\"w-tabs-section-title\">2024 FERIA DE LAS 2 RUEDAS &#8211; Medell\u00edn (Colombia)<\/div><div class=\"w-tabs-section-control\"><\/div><\/button><div class=\"w-tabs-section-content\" id=\"content-ldde\" aria-expanded=\"false\"><div class=\"w-tabs-section-content-h i-cf\"><div class=\"w-btn-wrapper align_none\"><a class=\"w-btn us-btn-style_1 icon_atleft\" target=\"_blank\" rel=\"nofollow noopener\" href=\"https:\/\/youtu.be\/szFLrWJouQM?si=G5sHB-VCqRtqnjTN\"><i class=\"fad fa-download\"><\/i><span class=\"w-btn-label\">BS Battery &#8211; Lo m\u00e1s destacado de La Feria de las 2 Ruedas 2024 en Medell\u00edn &#8211; Colombia .YT<\/span><\/a><\/div><\/div><\/div><\/div><div class=\"w-tabs-section\" id=\"be96\"><button aria-controls=\"content-be96\" class=\"w-tabs-section-header\"><div class=\"w-tabs-section-title\">2024 SALON DU 2 ROUES &#8211; Lyon (Francia)<\/div><div class=\"w-tabs-section-control\"><\/div><\/button><div class=\"w-tabs-section-content\" id=\"content-be96\" aria-expanded=\"false\"><div class=\"w-tabs-section-content-h i-cf\"><div class=\"w-btn-wrapper align_none\"><a class=\"w-btn us-btn-style_1 icon_atleft\" target=\"_blank\" rel=\"nofollow noopener\" href=\"https:\/\/youtu.be\/sO3cC3bnLrI?si=dO4LArbG8t-Brhhz\"><i class=\"fad fa-download\"><\/i><span class=\"w-btn-label\">\u00a1BS BATTERY en el Salon du 2 Roues &#8211; 2024 ! .YT<\/span><\/a><\/div><\/div><\/div><\/div><\/div><\/div><div class=\"w-separator size_huge\"><\/div><\/div><\/div><\/div><\/div><\/div><\/section><section class=\"l-section wpb_row us_custom_0728b4ce height_small width_full parallax_ver\"><div class=\"l-section-overlay\" style=\"background:#cd1719\"><\/div><div class=\"l-section-h i-cf\"><div class=\"g-cols via_flex valign_middle type_default\"><div class=\"vc_col-sm-3 wpb_column vc_column_container\"><div class=\"vc_column-inner\"><div class=\"wpb_wrapper\"><div class=\"wpb_text_column us_custom_c47d8fdd  hide_on_mobiles has_text_color\"><div class=\"wpb_wrapper\"><h2 style=\"text-align: left;\">BUSCADOR DE BATER\u00cdA<strong><br \/>\n<\/strong><\/h2>\n<\/div><\/div><div class=\"wpb_text_column us_custom_c47d8fdd  hide_on_default hide_on_laptops hide_on_tablets has_text_color\"><div class=\"wpb_wrapper\"><h2 style=\"text-align: center;\">BUSCADOR DE BATER\u00cdA<strong><br \/>\n<\/strong><\/h2>\n<\/div><\/div><\/div><\/div><\/div><div class=\"vc_col-sm-3 wpb_column vc_column_container\"><div class=\"vc_column-inner\"><div class=\"wpb_wrapper\"><div class=\"w-iconbox us_custom_6df4bc3a iconpos_left style_outlined color_custom align_left no_text has_text_color icontype_img\"><div class=\"w-iconbox-icon\" style=\"font-size:1.8rem;box-shadow:inset 0 0 0 2px #ffffff;color:#ffffff;\"><img loading=\"lazy\" decoding=\"async\" width=\"50\" height=\"50\" src=\"https:\/\/bs-battery.com\/wp-content\/uploads\/2021\/08\/battery-finder-1.png\" class=\"attachment-full size-full\" alt=\"battery-finder\" \/><\/div><div class=\"w-iconbox-meta\"><h5 class=\"w-iconbox-title\" style=\"font-size:1.2rem;\">Selecciona tu veh\u00edculo<\/h5><\/div><\/div><\/div><\/div><\/div><div class=\"vc_col-sm-3 wpb_column vc_column_container\"><div class=\"vc_column-inner\"><div class=\"wpb_wrapper\"><div class=\"w-iconbox us_custom_6df4bc3a iconpos_left style_outlined color_custom align_left no_text has_text_color icontype_img\"><div class=\"w-iconbox-icon\" style=\"font-size:1.8rem;box-shadow:inset 0 0 0 2px #ffffff;color:#ffffff;\"><img loading=\"lazy\" decoding=\"async\" width=\"50\" height=\"50\" src=\"https:\/\/bs-battery.com\/wp-content\/uploads\/2021\/08\/battery-finder-2.png\" class=\"attachment-full size-full\" alt=\"battery-finder\" \/><\/div><div class=\"w-iconbox-meta\"><h5 class=\"w-iconbox-title\" style=\"font-size:1.2rem;\">Selecciona tu Marca, CC, Modelo y A\u00f1o<\/h5><\/div><\/div><\/div><\/div><\/div><div class=\"vc_col-sm-3 wpb_column vc_column_container\"><div class=\"vc_column-inner\"><div class=\"wpb_wrapper\"><div class=\"w-btn-wrapper align_center\"><a class=\"w-btn us-btn-style_14 us_custom_ff13c409 us_animate_this icon_atright\" title=\"BUSCADOR DE BATER\u00cdA\" href=\"https:\/\/bs-battery.com\/battery-finder\/\"><span class=\"w-btn-label\">ENCUENTRA UNA BATER\u00cdA<\/span><i class=\"fad fa-car-battery\"><\/i><\/a><\/div><\/div><\/div><\/div><\/div><\/div><\/section>\n","protected":false},"excerpt":{"rendered":"TRADEFAIR INICIOP\u00e1ginasDISE\u00d1O DE STANDS100%100%PAREDES DEL STANDPARED DE EXPOSICI\u00d3N &#8211; Todas las aplicaciones 2024 512&#215;400 .PDFPARED DEL PABELL\u00d3N &#8211; Todas las aplicaciones 2024 512&#215;400 FILE SOURCE .ZIPPARED DE PABELL\u00d3N &#8211; Soluci\u00f3n Plug &amp; Play 2024 250&#215;250 .PDFBOOTH WALL &#8211; Soluci\u00f3n Plug &amp; Play 2024 250&#215;250 FILE SOURCE .ZIPPARED DE PABELL\u00d3N &#8211; Soluci\u00f3n Plug &amp; Play 2024...","protected":false},"author":1,"featured_media":34470,"parent":34424,"menu_order":0,"comment_status":"closed","ping_status":"closed","template":"","meta":{"_acf_changed":false,"om_disable_all_campaigns":false,"passster_activate_protection":false,"passster_protect_child_pages":"","passster_protection_type":"password","passster_password":"","passster_passwords":"","passster_password_list":"","passster_password_lists":"","passster_activate_user_restriction":"","passster_user_restriction_type":"user-role","passster_user_restriction":"no-role","passster_activate_overwrite_defaults":"","passster_headline":"","passster_instruction":"","passster_placeholder":"","passster_button":"","passster_id":"","passster_activate_misc_settings":"","passster_redirect_url":"","passster_hide":"no","passster_area_shortcode":"","_monsterinsights_skip_tracking":false,"_monsterinsights_sitenote_active":false,"_monsterinsights_sitenote_note":"","_monsterinsights_sitenote_category":0,"_uf_show_specific_survey":0,"_uf_disable_surveys":false,"footnotes":""},"class_list":["post-34468","page","type-page","status-publish","has-post-thumbnail","hentry"],"acf":[],"aioseo_notices":[],"yoast_head":"<!-- This site is optimized with the Yoast SEO plugin v24.6 - https:\/\/yoast.com\/wordpress\/plugins\/seo\/ -->\n<title>TRADEFAIR - BS BATTERY<\/title>\n<meta name=\"robots\" content=\"noindex, nofollow\" \/>\n<meta property=\"og:locale\" content=\"es_ES\" \/>\n<meta property=\"og:type\" content=\"article\" \/>\n<meta property=\"og:title\" content=\"TRADEFAIR - BS BATTERY\" \/>\n<meta property=\"og:url\" content=\"https:\/\/bs-battery.com\/es\/portal-b2b\/marca\/tradefair\/\" \/>\n<meta property=\"og:site_name\" content=\"BS BATTERY\" \/>\n<meta property=\"article:modified_time\" content=\"2025-04-17T08:25:41+00:00\" \/>\n<meta property=\"og:image\" content=\"https:\/\/bs-battery.com\/wp-content\/uploads\/2024\/04\/Tradefair-1.png\" \/>\n\t<meta property=\"og:image:width\" content=\"500\" \/>\n\t<meta property=\"og:image:height\" content=\"375\" \/>\n\t<meta property=\"og:image:type\" content=\"image\/png\" \/>\n<meta name=\"twitter:card\" content=\"summary_large_image\" \/>\n<meta name=\"twitter:label1\" content=\"Tiempo de lectura\" \/>\n\t<meta name=\"twitter:data1\" content=\"2 minutos\" \/>\n<script type=\"application\/ld+json\" class=\"yoast-schema-graph\">{\"@context\":\"https:\/\/schema.org\",\"@graph\":[{\"@type\":\"WebPage\",\"@id\":\"https:\/\/bs-battery.com\/es\/portal-b2b\/marca\/tradefair\/\",\"url\":\"https:\/\/bs-battery.com\/es\/portal-b2b\/marca\/tradefair\/\",\"name\":\"TRADEFAIR - BS BATTERY\",\"isPartOf\":{\"@id\":\"https:\/\/bs-battery.com\/#website\"},\"primaryImageOfPage\":{\"@id\":\"https:\/\/bs-battery.com\/es\/portal-b2b\/marca\/tradefair\/#primaryimage\"},\"image\":{\"@id\":\"https:\/\/bs-battery.com\/es\/portal-b2b\/marca\/tradefair\/#primaryimage\"},\"thumbnailUrl\":\"https:\/\/bs-battery.com\/wp-content\/uploads\/2024\/04\/Tradefair-1.png\",\"datePublished\":\"2025-03-11T15:43:41+00:00\",\"dateModified\":\"2025-04-17T08:25:41+00:00\",\"breadcrumb\":{\"@id\":\"https:\/\/bs-battery.com\/es\/portal-b2b\/marca\/tradefair\/#breadcrumb\"},\"inLanguage\":\"es\",\"potentialAction\":[{\"@type\":\"ReadAction\",\"target\":[\"https:\/\/bs-battery.com\/es\/portal-b2b\/marca\/tradefair\/\"]}]},{\"@type\":\"ImageObject\",\"inLanguage\":\"es\",\"@id\":\"https:\/\/bs-battery.com\/es\/portal-b2b\/marca\/tradefair\/#primaryimage\",\"url\":\"https:\/\/bs-battery.com\/wp-content\/uploads\/2024\/04\/Tradefair-1.png\",\"contentUrl\":\"https:\/\/bs-battery.com\/wp-content\/uploads\/2024\/04\/Tradefair-1.png\",\"width\":500,\"height\":375,\"caption\":\"Feria\"},{\"@type\":\"BreadcrumbList\",\"@id\":\"https:\/\/bs-battery.com\/es\/portal-b2b\/marca\/tradefair\/#breadcrumb\",\"itemListElement\":[{\"@type\":\"ListItem\",\"position\":1,\"name\":\"Home\",\"item\":\"https:\/\/bs-battery.com\/es\/\"},{\"@type\":\"ListItem\",\"position\":2,\"name\":\"Portal B2B\",\"item\":\"https:\/\/bs-battery.com\/es\/portal-b2b\/\"},{\"@type\":\"ListItem\",\"position\":3,\"name\":\"MARCA\",\"item\":\"https:\/\/bs-battery.com\/es\/portal-b2b\/marca\/\"},{\"@type\":\"ListItem\",\"position\":4,\"name\":\"TRADEFAIR\"}]},{\"@type\":\"WebSite\",\"@id\":\"https:\/\/bs-battery.com\/#website\",\"url\":\"https:\/\/bs-battery.com\/\",\"name\":\"BS BATTERY\",\"description\":\"The Power you need...\",\"potentialAction\":[{\"@type\":\"SearchAction\",\"target\":{\"@type\":\"EntryPoint\",\"urlTemplate\":\"https:\/\/bs-battery.com\/?s={search_term_string}\"},\"query-input\":{\"@type\":\"PropertyValueSpecification\",\"valueRequired\":true,\"valueName\":\"search_term_string\"}}],\"inLanguage\":\"es\"}]}<\/script>\n<!-- \/ Yoast SEO plugin. -->","yoast_head_json":{"title":"TRADEFAIR - BS BATTERY","robots":{"index":"noindex","follow":"nofollow"},"og_locale":"es_ES","og_type":"article","og_title":"TRADEFAIR - BS BATTERY","og_url":"https:\/\/bs-battery.com\/es\/portal-b2b\/marca\/tradefair\/","og_site_name":"BS BATTERY","article_modified_time":"2025-04-17T08:25:41+00:00","og_image":[{"width":500,"height":375,"url":"https:\/\/bs-battery.com\/wp-content\/uploads\/2024\/04\/Tradefair-1.png","type":"image\/png"}],"twitter_card":"summary_large_image","twitter_misc":{"Tiempo de lectura":"2 minutos"},"schema":{"@context":"https:\/\/schema.org","@graph":[{"@type":"WebPage","@id":"https:\/\/bs-battery.com\/es\/portal-b2b\/marca\/tradefair\/","url":"https:\/\/bs-battery.com\/es\/portal-b2b\/marca\/tradefair\/","name":"TRADEFAIR - BS BATTERY","isPartOf":{"@id":"https:\/\/bs-battery.com\/#website"},"primaryImageOfPage":{"@id":"https:\/\/bs-battery.com\/es\/portal-b2b\/marca\/tradefair\/#primaryimage"},"image":{"@id":"https:\/\/bs-battery.com\/es\/portal-b2b\/marca\/tradefair\/#primaryimage"},"thumbnailUrl":"https:\/\/bs-battery.com\/wp-content\/uploads\/2024\/04\/Tradefair-1.png","datePublished":"2025-03-11T15:43:41+00:00","dateModified":"2025-04-17T08:25:41+00:00","breadcrumb":{"@id":"https:\/\/bs-battery.com\/es\/portal-b2b\/marca\/tradefair\/#breadcrumb"},"inLanguage":"es","potentialAction":[{"@type":"ReadAction","target":["https:\/\/bs-battery.com\/es\/portal-b2b\/marca\/tradefair\/"]}]},{"@type":"ImageObject","inLanguage":"es","@id":"https:\/\/bs-battery.com\/es\/portal-b2b\/marca\/tradefair\/#primaryimage","url":"https:\/\/bs-battery.com\/wp-content\/uploads\/2024\/04\/Tradefair-1.png","contentUrl":"https:\/\/bs-battery.com\/wp-content\/uploads\/2024\/04\/Tradefair-1.png","width":500,"height":375,"caption":"Feria"},{"@type":"BreadcrumbList","@id":"https:\/\/bs-battery.com\/es\/portal-b2b\/marca\/tradefair\/#breadcrumb","itemListElement":[{"@type":"ListItem","position":1,"name":"Home","item":"https:\/\/bs-battery.com\/es\/"},{"@type":"ListItem","position":2,"name":"Portal B2B","item":"https:\/\/bs-battery.com\/es\/portal-b2b\/"},{"@type":"ListItem","position":3,"name":"MARCA","item":"https:\/\/bs-battery.com\/es\/portal-b2b\/marca\/"},{"@type":"ListItem","position":4,"name":"TRADEFAIR"}]},{"@type":"WebSite","@id":"https:\/\/bs-battery.com\/#website","url":"https:\/\/bs-battery.com\/","name":"BS BATTERY","description":"The Power you need...","potentialAction":[{"@type":"SearchAction","target":{"@type":"EntryPoint","urlTemplate":"https:\/\/bs-battery.com\/?s={search_term_string}"},"query-input":{"@type":"PropertyValueSpecification","valueRequired":true,"valueName":"search_term_string"}}],"inLanguage":"es"}]}},"_links":{"self":[{"href":"https:\/\/bs-battery.com\/es\/wp-json\/wp\/v2\/pages\/34468","targetHints":{"allow":["GET"]}}],"collection":[{"href":"https:\/\/bs-battery.com\/es\/wp-json\/wp\/v2\/pages"}],"about":[{"href":"https:\/\/bs-battery.com\/es\/wp-json\/wp\/v2\/types\/page"}],"author":[{"embeddable":true,"href":"https:\/\/bs-battery.com\/es\/wp-json\/wp\/v2\/users\/1"}],"replies":[{"embeddable":true,"href":"https:\/\/bs-battery.com\/es\/wp-json\/wp\/v2\/comments?post=34468"}],"version-history":[{"count":5,"href":"https:\/\/bs-battery.com\/es\/wp-json\/wp\/v2\/pages\/34468\/revisions"}],"predecessor-version":[{"id":36924,"href":"https:\/\/bs-battery.com\/es\/wp-json\/wp\/v2\/pages\/34468\/revisions\/36924"}],"up":[{"embeddable":true,"href":"https:\/\/bs-battery.com\/es\/wp-json\/wp\/v2\/pages\/34424"}],"wp:featuredmedia":[{"embeddable":true,"href":"https:\/\/bs-battery.com\/es\/wp-json\/wp\/v2\/media\/34470"}],"wp:attachment":[{"href":"https:\/\/bs-battery.com\/es\/wp-json\/wp\/v2\/media?parent=34468"}],"curies":[{"name":"wp","href":"https:\/\/api.w.org\/{rel}","templated":true}]}}