{"id":34923,"date":"2025-03-11T16:58:01","date_gmt":"2025-03-11T15:58:01","guid":{"rendered":"https:\/\/bs-battery.com\/cargador-amplificador-comprobador-y-accesorios\/"},"modified":"2026-01-22T15:55:38","modified_gmt":"2026-01-22T14:55:38","slug":"cargadores-booster-probadores-y-accesorios","status":"publish","type":"page","link":"https:\/\/bs-battery.com\/es\/cargadores-booster-probadores-y-accesorios\/","title":{"rendered":"CARGADORES, BOOSTER, PROBADORES Y ACCESORIOS"},"content":{"rendered":"<section class=\"l-section wpb_row us_custom_c558bd28 height_small width_full with_img with_shape\"><div class=\"l-section-img\" style=\"background-image: url(https:\/\/bs-battery.com\/wp-content\/uploads\/2025\/12\/BS_BS10_BS30_ATELIER_RVB.jpg);background-repeat: no-repeat;\" data-img-width=\"1000\" data-img-height=\"565\"><\/div><div class=\"l-section-overlay\" style=\"background:rgba(26,26,26,0.55)\"><\/div><div class=\"l-section-shape type_tilt pos_bottom hor_flip\" style=\"height:10vh;color:#ffffff\"><svg xmlns=\"http:\/\/www.w3.org\/2000\/svg\" viewBox=\"0 0 64 8\" preserveAspectRatio=\"none\" width=\"100%\" height=\"100%\">\r\n\t<path fill=\"currentColor\" d=\"M64 7.9 L64 10 L0 10 L0 0 Z\"\/>\r\n<\/svg><\/div><div class=\"l-section-h i-cf\"><div class=\"g-cols via_flex valign_top type_default\"><div class=\"vc_col-sm-12 wpb_column vc_column_container \"><div class=\"vc_column-inner us_custom_67cecdea us_animate_this\"><div class=\"wpb_wrapper\"><h1 class=\"w-post-elm post_title us_custom_6df4bc3a align_left entry-title color_link_inherit has_text_color\">CARGADORES, BOOSTER, PROBADORES Y ACCESORIOS<\/h1><ol class=\"g-breadcrumbs us_custom_75c73c39 separator_icon align_left has_text_color\" itemscope itemtype=\"http:\/\/schema.org\/BreadcrumbList\"><li class=\"g-breadcrumbs-item\" itemscope itemprop=\"itemListElement\" itemtype=\"http:\/\/schema.org\/ListItem\"><a itemprop=\"item\" href=\"https:\/\/bs-battery.com\/es\/\"><span itemprop=\"name\">INICIO<\/span><\/a><meta itemprop=\"position\" content=\"1\"\/><\/li><li class=\"g-breadcrumbs-separator\"><i class=\"far fa-angle-right\"><\/i><\/li><li class=\"g-breadcrumbs-item\">P\u00e1ginas<\/li><\/ol><div class=\"w-separator size_small\"><\/div><\/div><\/div><\/div><div class=\"vc_col-sm-10 wpb_column vc_column_container \"><div class=\"vc_column-inner us_custom_d717be68 us_animate_this\"><div class=\"wpb_wrapper\"><div class=\"wpb_text_column us_custom_d32aba87 us_animate_this has_text_color\"><div class=\"wpb_wrapper\"><h5 style=\"text-align: left;\"><span data-sheets-value=\"{\" data-sheets-userformat=\"{\">BS BATTERY fabrica una amplia gama de cargadores, arrancadores, comprobadores y accesorios para mejorar el rendimiento de todas tus bater\u00edas.<\/span><\/h5>\n<p><img loading=\"lazy\" decoding=\"async\" class=\"alignnone wp-image-1917\" src=\"https:\/\/bs-battery.com\/wp-content\/uploads\/2021\/08\/2Plan-de-travail-1-300x19.png\" alt=\"icono-aplicaciones-veh\u00edculo-coche-bater\u00eda\" width=\"868\" height=\"55\" srcset=\"https:\/\/bs-battery.com\/wp-content\/uploads\/2021\/08\/2Plan-de-travail-1-300x19.png 300w, https:\/\/bs-battery.com\/wp-content\/uploads\/2021\/08\/2Plan-de-travail-1-150x9.png 150w, https:\/\/bs-battery.com\/wp-content\/uploads\/2021\/08\/2Plan-de-travail-1-600x38.png 600w, https:\/\/bs-battery.com\/wp-content\/uploads\/2021\/08\/2Plan-de-travail-1-500x31.png 500w, https:\/\/bs-battery.com\/wp-content\/uploads\/2021\/08\/2Plan-de-travail-1.png 800w, https:\/\/bs-battery.com\/wp-content\/uploads\/2021\/08\/2Plan-de-travail-1-391x24.png 391w, https:\/\/bs-battery.com\/wp-content\/uploads\/2021\/08\/2Plan-de-travail-1-400x25.png 400w\" sizes=\"auto, (max-width: 868px) 100vw, 868px\" \/><\/p>\n<\/div><\/div><div class=\"w-separator size_huge\"><\/div><\/div><\/div><\/div><div class=\"vc_col-sm-2 wpb_column vc_column_container\"><div class=\"vc_column-inner\"><div class=\"wpb_wrapper\"><\/div><\/div><\/div><\/div><\/div><\/section><section class=\"l-section wpb_row us_custom_0728b4ce height_auto width_full parallax_ver parallaxdir_reversed with_shape\"><div class=\"l-section-overlay\" style=\"background:#ffffff\"><\/div><div class=\"l-section-shape type_tilt pos_top\" style=\"color:#ffffff\"><svg xmlns=\"http:\/\/www.w3.org\/2000\/svg\" viewBox=\"0 0 64 8\" preserveAspectRatio=\"none\" width=\"100%\" height=\"100%\">\r\n\t<path fill=\"currentColor\" d=\"M64 7.9 L64 10 L0 10 L0 0 Z\"\/>\r\n<\/svg><\/div><div class=\"l-section-h i-cf\"><div class=\"g-cols via_flex valign_top type_default\"><div class=\"vc_col-sm-12 wpb_column vc_column_container\"><div class=\"vc_column-inner\"><div class=\"wpb_wrapper\"><div class=\"wpb_text_column\"><div class=\"wpb_wrapper\"><h2 style=\"text-align: right;\">NUESTRAS GAMAS<\/h2>\n<\/div><\/div><div class=\"w-separator size_custom\" style=\"height:5vh\"><\/div><\/div><\/div><\/div><\/div><\/div><\/section><section class=\"l-section wpb_row us_custom_7c1d6f3d us_animate_this  hide_on_laptops hide_on_tablets hide_on_mobiles height_auto width_full parallax_ver parallaxdir_reversed with_shape\"><div class=\"l-section-overlay\" style=\"background:#ffffff\"><\/div><div class=\"l-section-shape type_tilt pos_top\" style=\"color:#ffffff\"><svg xmlns=\"http:\/\/www.w3.org\/2000\/svg\" viewBox=\"0 0 64 8\" preserveAspectRatio=\"none\" width=\"100%\" height=\"100%\">\r\n\t<path fill=\"currentColor\" d=\"M64 7.9 L64 10 L0 10 L0 0 Z\"\/>\r\n<\/svg><\/div><div class=\"l-section-h i-cf\"><div class=\"g-cols via_flex valign_top type_default\"><div class=\"vc_col-sm-12 wpb_column vc_column_container \"><div class=\"vc_column-inner us_custom_b5bd4ca3 us_animate_this\"><div class=\"wpb_wrapper\"><div class=\"g-cols wpb_row us_custom_37bd319f via_flex valign_top type_default\"><div class=\"vc_col-sm-3 wpb_column vc_column_container\"><div class=\"vc_column-inner\"><div class=\"wpb_wrapper\"><div class=\"w-ibanner animation_hebe ratio_4x3 easing_ease\"><div class=\"w-ibanner-h\"><div class=\"w-ibanner-image\" style=\"background-image: url(https:\/\/bs-battery.com\/wp-content\/uploads\/2025\/04\/BSBattery_vignette-cargador.jpg)\"><\/div><div class=\"w-ibanner-content\"><div class=\"w-ibanner-content-h\"><h3 class=\"w-ibanner-title\">CARGADOR<\/h3><div class=\"w-ibanner-desc\"><\/p>\n<h6>Los cargadores inteligentes BS han sido dise\u00f1ados para satisfacer todas las necesidades, desde la bater\u00eda m\u00e1s peque\u00f1a hasta la de mayor capacidad<\/h6>\n<p>\n<\/div><\/div><\/div><\/div><a title=\"CHARGER\" href=\"https:\/\/bs-battery.com\/es\/cargadores-booster-testers-y-accesorios\/cargador\/\" aria-label=\"CARGADOR\"><\/a><\/div><\/div><\/div><\/div><div class=\"vc_col-sm-3 wpb_column vc_column_container\"><div class=\"vc_column-inner\"><div class=\"wpb_wrapper\"><div class=\"w-ibanner animation_hebe ratio_4x3 easing_ease\"><div class=\"w-ibanner-h\"><div class=\"w-ibanner-image\" style=\"background-image: url(https:\/\/bs-battery.com\/wp-content\/uploads\/2025\/04\/pb02-VIGNETTE.jpg)\"><\/div><div class=\"w-ibanner-content\"><div class=\"w-ibanner-content-h\"><h3 class=\"w-ibanner-title\">BOOSTER<\/h3><div class=\"w-ibanner-desc\"><\/p>\n<h6>BS BATTERY ofrece una soluci\u00f3n vers\u00e1til 3 en 1 gracias a su Power Box muy compacta: un arrancador de litio seguro para poner en marcha tu veh\u00edculo en segundos<\/h6>\n<p>\n<\/div><\/div><\/div><\/div><a title=\"BOOSTER PB-02\" href=\"https:\/\/bs-battery.com\/es\/cargadores-booster-probadores-y-accesorios\/booster\/\" aria-label=\"BOOSTER\"><\/a><\/div><\/div><\/div><\/div><div class=\"vc_col-sm-3 wpb_column vc_column_container\"><div class=\"vc_column-inner\"><div class=\"wpb_wrapper\"><div class=\"w-ibanner animation_hebe ratio_4x3 easing_ease\"><div class=\"w-ibanner-h\"><div class=\"w-ibanner-image\" style=\"background-image: url(https:\/\/bs-battery.com\/wp-content\/uploads\/2025\/04\/BSBattery_vignette-tester-.jpg)\"><\/div><div class=\"w-ibanner-content\"><div class=\"w-ibanner-content-h\"><h3 class=\"w-ibanner-title\">PROBADOR<\/h3><div class=\"w-ibanner-desc\"><\/p>\n<h6>BS Battery tambi\u00e9n ofrece equipos de prueba para verificar bater\u00edas<\/h6>\n<p>\n<\/div><\/div><\/div><\/div><a title=\"PROBADOR\" href=\"https:\/\/bs-battery.com\/es\/cargadores-booster-testers-y-accesorios\/testers\/\" aria-label=\"PROBADOR\"><\/a><\/div><\/div><\/div><\/div><div class=\"vc_col-sm-3 wpb_column vc_column_container\"><div class=\"vc_column-inner\"><div class=\"wpb_wrapper\"><div class=\"w-ibanner animation_hebe ratio_4x3 easing_ease\"><div class=\"w-ibanner-h\"><div class=\"w-ibanner-image\" style=\"background-image: url(https:\/\/bs-battery.com\/wp-content\/uploads\/2025\/04\/BSBattery_vignette-ACCESORIOS.jpg)\"><\/div><div class=\"w-ibanner-content\"><div class=\"w-ibanner-content-h\"><h3 class=\"w-ibanner-title\">ACCESORIOS<\/h3><div class=\"w-ibanner-desc\"><\/p>\n<h6>BS Battery tambi\u00e9n ha dise\u00f1ado una gama completa de accesorios que pueden utilizarse con bater\u00edas y cargadores<\/h6>\n<p>\n<\/div><\/div><\/div><\/div><a title=\"ACCESSORIES\" href=\"https:\/\/bs-battery.com\/es\/cargadores-booster-testers-y-accesorios\/accesorios\/\" aria-label=\"ACCESORIOS\"><\/a><\/div><\/div><\/div><\/div><\/div><div class=\"w-separator size_custom\" style=\"height:10vh\"><\/div><\/div><\/div><\/div><\/div><\/div><\/section><section class=\"l-section wpb_row us_custom_0728b4ce  hide_on_default height_auto width_full parallax_ver parallaxdir_reversed with_shape\"><div class=\"l-section-overlay\" style=\"background:#ffffff\"><\/div><div class=\"l-section-shape type_tilt pos_top\" style=\"color:#ffffff\"><svg xmlns=\"http:\/\/www.w3.org\/2000\/svg\" viewBox=\"0 0 64 8\" preserveAspectRatio=\"none\" width=\"100%\" height=\"100%\">\r\n\t<path fill=\"currentColor\" d=\"M64 7.9 L64 10 L0 10 L0 0 Z\"\/>\r\n<\/svg><\/div><div class=\"l-section-h i-cf\"><div class=\"g-cols via_flex valign_top type_default\"><div class=\"vc_col-sm-12 wpb_column vc_column_container \"><div class=\"vc_column-inner us_custom_b5bd4ca3 us_animate_this\"><div class=\"wpb_wrapper\"><div class=\"g-cols wpb_row us_custom_37bd319f via_flex valign_top type_default\"><div class=\"vc_col-sm-6 wpb_column vc_column_container\"><div class=\"vc_column-inner\"><div class=\"wpb_wrapper\"><div class=\"w-ibanner animation_hebe ratio_4x3 easing_ease\"><div class=\"w-ibanner-h\"><div class=\"w-ibanner-image\" style=\"background-image: url(https:\/\/bs-battery.com\/wp-content\/uploads\/2025\/04\/BSBattery_vignette-cargador.jpg)\"><\/div><div class=\"w-ibanner-content\"><div class=\"w-ibanner-content-h\"><h3 class=\"w-ibanner-title\">CARGADOR<\/h3><div class=\"w-ibanner-desc\"><\/p>\n<h6>BS smart chargers has been designed to answer all needs, from the smallest battery to the largest capacity<\/h6>\n<p>\n<\/div><\/div><\/div><\/div><a title=\"CHARGER\" href=\"https:\/\/bs-battery.com\/es\/cargadores-booster-testers-y-accesorios\/cargador\/\" aria-label=\"CARGADOR\"><\/a><\/div><\/div><\/div><\/div><div class=\"vc_col-sm-6 wpb_column vc_column_container\"><div class=\"vc_column-inner\"><div class=\"wpb_wrapper\"><div class=\"w-ibanner animation_hebe ratio_4x3 easing_ease\"><div class=\"w-ibanner-h\"><div class=\"w-ibanner-image\" style=\"background-image: url(https:\/\/bs-battery.com\/wp-content\/uploads\/2025\/04\/pb02-VIGNETTE.jpg)\"><\/div><div class=\"w-ibanner-content\"><div class=\"w-ibanner-content-h\"><h3 class=\"w-ibanner-title\">BOOSTER<\/h3><div class=\"w-ibanner-desc\"><\/p>\n<h6>BS BATTERY offers a 3 in 1 versatile solution thanks to its very compact Power Box: safe lithium booster to start your vehicle in seconds<\/h6>\n<p>\n<\/div><\/div><\/div><\/div><a title=\"BOOSTER PB-02\" href=\"https:\/\/bs-battery.com\/es\/cargadores-booster-testers-y-accesorios\/booster-power-box-pb-02\/\" aria-label=\"BOOSTER\"><\/a><\/div><\/div><\/div><\/div><\/div><div class=\"w-separator size_custom\" style=\"height:5vh\"><\/div><div class=\"g-cols wpb_row us_custom_37bd319f via_flex valign_top type_default\"><div class=\"vc_col-sm-6 wpb_column vc_column_container\"><div class=\"vc_column-inner\"><div class=\"wpb_wrapper\"><div class=\"w-ibanner animation_hebe ratio_4x3 easing_ease\"><div class=\"w-ibanner-h\"><div class=\"w-ibanner-image\" style=\"background-image: url(https:\/\/bs-battery.com\/wp-content\/uploads\/2025\/04\/BSBattery_vignette-tester-.jpg)\"><\/div><div class=\"w-ibanner-content\"><div class=\"w-ibanner-content-h\"><h3 class=\"w-ibanner-title\">PROBADOR<\/h3><div class=\"w-ibanner-desc\"><\/p>\n<h6>BS Battery also provides testing equipment to check batteries<\/h6>\n<p>\n<\/div><\/div><\/div><\/div><a title=\"PROBADOR\" href=\"https:\/\/bs-battery.com\/es\/cargadores-booster-testers-y-accesorios\/testers\/\" aria-label=\"PROBADOR\"><\/a><\/div><\/div><\/div><\/div><div class=\"vc_col-sm-6 wpb_column vc_column_container\"><div class=\"vc_column-inner\"><div class=\"wpb_wrapper\"><div class=\"w-ibanner animation_hebe ratio_4x3 easing_ease\"><div class=\"w-ibanner-h\"><div class=\"w-ibanner-image\" style=\"background-image: url(https:\/\/bs-battery.com\/wp-content\/uploads\/2025\/04\/BSBattery_vignette-ACCESORIOS.jpg)\"><\/div><div class=\"w-ibanner-content\"><div class=\"w-ibanner-content-h\"><h3 class=\"w-ibanner-title\">ACCESORIOS<\/h3><div class=\"w-ibanner-desc\"><\/p>\n<h6>BS Battery has also designed a full range of accessories that can be used with batteries and chargers<\/h6>\n<p>\n<\/div><\/div><\/div><\/div><a title=\"ACCESSORIES\" href=\"https:\/\/bs-battery.com\/es\/cargadores-booster-testers-y-accesorios\/accesorios\/\" aria-label=\"ACCESORIOS\"><\/a><\/div><\/div><\/div><\/div><\/div><div class=\"w-separator size_custom\" style=\"height:10vh\"><\/div><\/div><\/div><\/div><\/div><\/div><\/section><section class=\"l-section wpb_row us_custom_0728b4ce height_small width_full parallax_ver\"><div class=\"l-section-overlay\" style=\"background:#cd1719\"><\/div><div class=\"l-section-h i-cf\"><div class=\"g-cols via_flex valign_middle type_default\"><div class=\"vc_col-sm-3 wpb_column vc_column_container\"><div class=\"vc_column-inner\"><div class=\"wpb_wrapper\"><div class=\"wpb_text_column us_custom_c47d8fdd  hide_on_mobiles has_text_color\"><div class=\"wpb_wrapper\"><h2 style=\"text-align: left;\">ENCUENTRA TU BATER\u00cdA<strong><br \/>\n<\/strong><\/h2>\n<\/div><\/div><div class=\"wpb_text_column us_custom_c47d8fdd  hide_on_default hide_on_laptops hide_on_tablets has_text_color\"><div class=\"wpb_wrapper\"><h2 style=\"text-align: center;\">ENCUENTRA TU BATER\u00cdA<strong><br \/>\n<\/strong><\/h2>\n<\/div><\/div><\/div><\/div><\/div><div class=\"vc_col-sm-3 wpb_column vc_column_container\"><div class=\"vc_column-inner\"><div class=\"wpb_wrapper\"><div class=\"w-iconbox us_custom_6df4bc3a iconpos_left style_outlined color_custom align_left no_text has_text_color icontype_img\"><div class=\"w-iconbox-icon\" style=\"font-size:1.6rem;box-shadow:inset 0 0 0 2px #ffffff;color:#ffffff;\"><img loading=\"lazy\" decoding=\"async\" width=\"50\" height=\"50\" src=\"https:\/\/bs-battery.com\/wp-content\/uploads\/2021\/08\/battery-finder-1.png\" class=\"attachment-full size-full\" alt=\"battery-finder\" \/><\/div><div class=\"w-iconbox-meta\"><h5 class=\"w-iconbox-title\" style=\"font-size:1.2rem;\">Selecciona tu veh\u00edculo<\/h5><\/div><\/div><\/div><\/div><\/div><div class=\"vc_col-sm-3 wpb_column vc_column_container\"><div class=\"vc_column-inner\"><div class=\"wpb_wrapper\"><div class=\"w-iconbox us_custom_6df4bc3a iconpos_left style_outlined color_custom align_left no_text has_text_color icontype_img\"><div class=\"w-iconbox-icon\" style=\"font-size:1.6rem;box-shadow:inset 0 0 0 2px #ffffff;color:#ffffff;\"><img loading=\"lazy\" decoding=\"async\" width=\"50\" height=\"50\" src=\"https:\/\/bs-battery.com\/wp-content\/uploads\/2021\/08\/battery-finder-2.png\" class=\"attachment-full size-full\" alt=\"battery-finder\" \/><\/div><div class=\"w-iconbox-meta\"><h5 class=\"w-iconbox-title\" style=\"font-size:1.2rem;\">Selecciona tu Marca, CC, Modelo y A\u00f1o<\/h5><\/div><\/div><\/div><\/div><\/div><div class=\"vc_col-sm-3 wpb_column vc_column_container\"><div class=\"vc_column-inner\"><div class=\"wpb_wrapper\"><div class=\"w-btn-wrapper align_center\"><a class=\"w-btn us-btn-style_14 us_custom_ff13c409 us_animate_this icon_atright\" title=\"BUSCADOR DE BATER\u00cdA\" href=\"https:\/\/bs-battery.com\/es\/encuentra-tu-bateria\/\"><span class=\"w-btn-label\">ENCU\u00c9NTRALA AQU\u00cd<\/span><i class=\"fad fa-car-battery\"><\/i><\/a><\/div><\/div><\/div><\/div><\/div><\/div><\/section>\n","protected":false},"excerpt":{"rendered":"CARGADORES, BOOSTER, PROBADORES Y ACCESORIOSINICIOP\u00e1ginasBS BATTERY fabrica una amplia gama de cargadores, arrancadores, comprobadores y accesorios para mejorar el rendimiento de todas tus bater\u00edas. NUESTRAS GAMAS CARGADORLos cargadores inteligentes BS han sido dise\u00f1ados para satisfacer todas las necesidades, desde la bater\u00eda m\u00e1s peque\u00f1a hasta la de mayor capacidad BOOSTERBS BATTERY ofrece una soluci\u00f3n vers\u00e1til 3...","protected":false},"author":2,"featured_media":34858,"parent":0,"menu_order":0,"comment_status":"closed","ping_status":"closed","template":"","meta":{"_acf_changed":false,"om_disable_all_campaigns":false,"passster_activate_protection":false,"passster_protect_child_pages":"","passster_protection_type":"password","passster_password":"","passster_passwords":"","passster_password_list":"","passster_password_lists":"","passster_activate_user_restriction":"","passster_user_restriction_type":"user-role","passster_user_restriction":"no-role","passster_activate_overwrite_defaults":"","passster_headline":"","passster_instruction":"","passster_placeholder":"","passster_button":"","passster_id":"","passster_activate_misc_settings":"","passster_redirect_url":"","passster_hide":"no","passster_area_shortcode":"","_monsterinsights_skip_tracking":false,"_monsterinsights_sitenote_active":false,"_monsterinsights_sitenote_note":"","_monsterinsights_sitenote_category":0,"_uf_show_specific_survey":0,"_uf_disable_surveys":false,"footnotes":""},"class_list":["post-34923","page","type-page","status-publish","has-post-thumbnail","hentry"],"acf":[],"aioseo_notices":[],"yoast_head":"<!-- This site is optimized with the Yoast SEO plugin v24.6 - https:\/\/yoast.com\/wordpress\/plugins\/seo\/ -->\n<title>CARGADORES, BOOSTER, PROBADORES Y ACCESORIOS - BS BATTERY<\/title>\n<meta name=\"description\" content=\"Descubre nuestra gama de cargadores, potenciadores, comprobadores y accesorios. Encuentra las herramientas perfectas para mantener el rendimiento de tu bater\u00eda. \u00a1Explora ahora!\" \/>\n<meta name=\"robots\" content=\"index, follow, max-snippet:-1, max-image-preview:large, max-video-preview:-1\" \/>\n<link rel=\"canonical\" href=\"https:\/\/bs-battery.com\/es\/cargadores-booster-probadores-y-accesorios\/\" \/>\n<meta property=\"og:locale\" content=\"es_ES\" \/>\n<meta property=\"og:type\" content=\"article\" \/>\n<meta property=\"og:title\" content=\"CARGADORES, BOOSTER, PROBADORES Y ACCESORIOS - BS BATTERY\" \/>\n<meta property=\"og:description\" content=\"Descubre nuestra gama de cargadores, potenciadores, comprobadores y accesorios. Encuentra las herramientas perfectas para mantener el rendimiento de tu bater\u00eda. \u00a1Explora ahora!\" \/>\n<meta property=\"og:url\" content=\"https:\/\/bs-battery.com\/es\/cargadores-booster-probadores-y-accesorios\/\" \/>\n<meta property=\"og:site_name\" content=\"BS BATTERY\" \/>\n<meta property=\"article:modified_time\" content=\"2026-01-22T14:55:38+00:00\" \/>\n<meta property=\"og:image\" content=\"https:\/\/bs-battery.com\/wp-content\/uploads\/2021\/07\/BS_battery_charger_gamme-background.jpg\" \/>\n\t<meta property=\"og:image:width\" content=\"1080\" \/>\n\t<meta property=\"og:image:height\" content=\"721\" \/>\n\t<meta property=\"og:image:type\" content=\"image\/jpeg\" \/>\n<meta name=\"twitter:card\" content=\"summary_large_image\" \/>\n<meta name=\"twitter:label1\" content=\"Tiempo de lectura\" \/>\n\t<meta name=\"twitter:data1\" content=\"3 minutos\" \/>\n<script type=\"application\/ld+json\" class=\"yoast-schema-graph\">{\"@context\":\"https:\/\/schema.org\",\"@graph\":[{\"@type\":\"WebPage\",\"@id\":\"https:\/\/bs-battery.com\/es\/cargadores-booster-probadores-y-accesorios\/\",\"url\":\"https:\/\/bs-battery.com\/es\/cargadores-booster-probadores-y-accesorios\/\",\"name\":\"CARGADORES, BOOSTER, PROBADORES Y ACCESORIOS - BS BATTERY\",\"isPartOf\":{\"@id\":\"https:\/\/bs-battery.com\/#website\"},\"primaryImageOfPage\":{\"@id\":\"https:\/\/bs-battery.com\/es\/cargadores-booster-probadores-y-accesorios\/#primaryimage\"},\"image\":{\"@id\":\"https:\/\/bs-battery.com\/es\/cargadores-booster-probadores-y-accesorios\/#primaryimage\"},\"thumbnailUrl\":\"https:\/\/bs-battery.com\/wp-content\/uploads\/2021\/07\/BS_battery_charger_gamme-background.jpg\",\"datePublished\":\"2025-03-11T15:58:01+00:00\",\"dateModified\":\"2026-01-22T14:55:38+00:00\",\"description\":\"Descubre nuestra gama de cargadores, potenciadores, comprobadores y accesorios. Encuentra las herramientas perfectas para mantener el rendimiento de tu bater\u00eda. \u00a1Explora ahora!\",\"breadcrumb\":{\"@id\":\"https:\/\/bs-battery.com\/es\/cargadores-booster-probadores-y-accesorios\/#breadcrumb\"},\"inLanguage\":\"es\",\"potentialAction\":[{\"@type\":\"ReadAction\",\"target\":[\"https:\/\/bs-battery.com\/es\/cargadores-booster-probadores-y-accesorios\/\"]}]},{\"@type\":\"ImageObject\",\"inLanguage\":\"es\",\"@id\":\"https:\/\/bs-battery.com\/es\/cargadores-booster-probadores-y-accesorios\/#primaryimage\",\"url\":\"https:\/\/bs-battery.com\/wp-content\/uploads\/2021\/07\/BS_battery_charger_gamme-background.jpg\",\"contentUrl\":\"https:\/\/bs-battery.com\/wp-content\/uploads\/2021\/07\/BS_battery_charger_gamme-background.jpg\",\"width\":1080,\"height\":721,\"caption\":\"comprobador de cargadores y accesorios\"},{\"@type\":\"BreadcrumbList\",\"@id\":\"https:\/\/bs-battery.com\/es\/cargadores-booster-probadores-y-accesorios\/#breadcrumb\",\"itemListElement\":[{\"@type\":\"ListItem\",\"position\":1,\"name\":\"Home\",\"item\":\"https:\/\/bs-battery.com\/es\/\"},{\"@type\":\"ListItem\",\"position\":2,\"name\":\"CARGADORES, BOOSTER, PROBADORES Y ACCESORIOS\"}]},{\"@type\":\"WebSite\",\"@id\":\"https:\/\/bs-battery.com\/#website\",\"url\":\"https:\/\/bs-battery.com\/\",\"name\":\"BS BATTERY\",\"description\":\"The Power you need...\",\"potentialAction\":[{\"@type\":\"SearchAction\",\"target\":{\"@type\":\"EntryPoint\",\"urlTemplate\":\"https:\/\/bs-battery.com\/?s={search_term_string}\"},\"query-input\":{\"@type\":\"PropertyValueSpecification\",\"valueRequired\":true,\"valueName\":\"search_term_string\"}}],\"inLanguage\":\"es\"}]}<\/script>\n<!-- \/ Yoast SEO plugin. -->","yoast_head_json":{"title":"CARGADORES, BOOSTER, PROBADORES Y ACCESORIOS - BS BATTERY","description":"Descubre nuestra gama de cargadores, potenciadores, comprobadores y accesorios. Encuentra las herramientas perfectas para mantener el rendimiento de tu bater\u00eda. \u00a1Explora ahora!","robots":{"index":"index","follow":"follow","max-snippet":"max-snippet:-1","max-image-preview":"max-image-preview:large","max-video-preview":"max-video-preview:-1"},"canonical":"https:\/\/bs-battery.com\/es\/cargadores-booster-probadores-y-accesorios\/","og_locale":"es_ES","og_type":"article","og_title":"CARGADORES, BOOSTER, PROBADORES Y ACCESORIOS - BS BATTERY","og_description":"Descubre nuestra gama de cargadores, potenciadores, comprobadores y accesorios. Encuentra las herramientas perfectas para mantener el rendimiento de tu bater\u00eda. \u00a1Explora ahora!","og_url":"https:\/\/bs-battery.com\/es\/cargadores-booster-probadores-y-accesorios\/","og_site_name":"BS BATTERY","article_modified_time":"2026-01-22T14:55:38+00:00","og_image":[{"width":1080,"height":721,"url":"https:\/\/bs-battery.com\/wp-content\/uploads\/2021\/07\/BS_battery_charger_gamme-background.jpg","type":"image\/jpeg"}],"twitter_card":"summary_large_image","twitter_misc":{"Tiempo de lectura":"3 minutos"},"schema":{"@context":"https:\/\/schema.org","@graph":[{"@type":"WebPage","@id":"https:\/\/bs-battery.com\/es\/cargadores-booster-probadores-y-accesorios\/","url":"https:\/\/bs-battery.com\/es\/cargadores-booster-probadores-y-accesorios\/","name":"CARGADORES, BOOSTER, PROBADORES Y ACCESORIOS - BS BATTERY","isPartOf":{"@id":"https:\/\/bs-battery.com\/#website"},"primaryImageOfPage":{"@id":"https:\/\/bs-battery.com\/es\/cargadores-booster-probadores-y-accesorios\/#primaryimage"},"image":{"@id":"https:\/\/bs-battery.com\/es\/cargadores-booster-probadores-y-accesorios\/#primaryimage"},"thumbnailUrl":"https:\/\/bs-battery.com\/wp-content\/uploads\/2021\/07\/BS_battery_charger_gamme-background.jpg","datePublished":"2025-03-11T15:58:01+00:00","dateModified":"2026-01-22T14:55:38+00:00","description":"Descubre nuestra gama de cargadores, potenciadores, comprobadores y accesorios. Encuentra las herramientas perfectas para mantener el rendimiento de tu bater\u00eda. \u00a1Explora ahora!","breadcrumb":{"@id":"https:\/\/bs-battery.com\/es\/cargadores-booster-probadores-y-accesorios\/#breadcrumb"},"inLanguage":"es","potentialAction":[{"@type":"ReadAction","target":["https:\/\/bs-battery.com\/es\/cargadores-booster-probadores-y-accesorios\/"]}]},{"@type":"ImageObject","inLanguage":"es","@id":"https:\/\/bs-battery.com\/es\/cargadores-booster-probadores-y-accesorios\/#primaryimage","url":"https:\/\/bs-battery.com\/wp-content\/uploads\/2021\/07\/BS_battery_charger_gamme-background.jpg","contentUrl":"https:\/\/bs-battery.com\/wp-content\/uploads\/2021\/07\/BS_battery_charger_gamme-background.jpg","width":1080,"height":721,"caption":"comprobador de cargadores y accesorios"},{"@type":"BreadcrumbList","@id":"https:\/\/bs-battery.com\/es\/cargadores-booster-probadores-y-accesorios\/#breadcrumb","itemListElement":[{"@type":"ListItem","position":1,"name":"Home","item":"https:\/\/bs-battery.com\/es\/"},{"@type":"ListItem","position":2,"name":"CARGADORES, BOOSTER, PROBADORES Y ACCESORIOS"}]},{"@type":"WebSite","@id":"https:\/\/bs-battery.com\/#website","url":"https:\/\/bs-battery.com\/","name":"BS BATTERY","description":"The Power you need...","potentialAction":[{"@type":"SearchAction","target":{"@type":"EntryPoint","urlTemplate":"https:\/\/bs-battery.com\/?s={search_term_string}"},"query-input":{"@type":"PropertyValueSpecification","valueRequired":true,"valueName":"search_term_string"}}],"inLanguage":"es"}]}},"_links":{"self":[{"href":"https:\/\/bs-battery.com\/es\/wp-json\/wp\/v2\/pages\/34923","targetHints":{"allow":["GET"]}}],"collection":[{"href":"https:\/\/bs-battery.com\/es\/wp-json\/wp\/v2\/pages"}],"about":[{"href":"https:\/\/bs-battery.com\/es\/wp-json\/wp\/v2\/types\/page"}],"author":[{"embeddable":true,"href":"https:\/\/bs-battery.com\/es\/wp-json\/wp\/v2\/users\/2"}],"replies":[{"embeddable":true,"href":"https:\/\/bs-battery.com\/es\/wp-json\/wp\/v2\/comments?post=34923"}],"version-history":[{"count":17,"href":"https:\/\/bs-battery.com\/es\/wp-json\/wp\/v2\/pages\/34923\/revisions"}],"predecessor-version":[{"id":42562,"href":"https:\/\/bs-battery.com\/es\/wp-json\/wp\/v2\/pages\/34923\/revisions\/42562"}],"wp:featuredmedia":[{"embeddable":true,"href":"https:\/\/bs-battery.com\/es\/wp-json\/wp\/v2\/media\/34858"}],"wp:attachment":[{"href":"https:\/\/bs-battery.com\/es\/wp-json\/wp\/v2\/media?parent=34923"}],"curies":[{"name":"wp","href":"https:\/\/api.w.org\/{rel}","templated":true}]}}