{"id":40418,"date":"2025-10-24T11:27:17","date_gmt":"2025-10-24T09:27:17","guid":{"rendered":"https:\/\/bs-battery.com\/newsletter\/"},"modified":"2025-10-25T16:40:19","modified_gmt":"2025-10-25T14:40:19","slug":"newsletter","status":"publish","type":"page","link":"https:\/\/bs-battery.com\/es\/newsletter\/","title":{"rendered":"BOLET\u00cdN"},"content":{"rendered":"<section class=\"l-section wpb_row us_custom_c558bd28 height_small width_full with_img with_shape\"><div class=\"l-section-img\" style=\"background-image: url(https:\/\/bs-battery.com\/wp-content\/uploads\/2021\/08\/background-power-box-6.jpg);background-position: bottom center;background-repeat: no-repeat;\" data-img-width=\"1280\" data-img-height=\"476\"><\/div><div class=\"l-section-overlay\" style=\"background:rgba(26,26,26,0.67)\"><\/div><div class=\"l-section-shape type_tilt pos_bottom hor_flip\" style=\"height:10vh;color:#000000\"><svg xmlns=\"http:\/\/www.w3.org\/2000\/svg\" viewBox=\"0 0 64 8\" preserveAspectRatio=\"none\" width=\"100%\" height=\"100%\">\r\n\t<path fill=\"currentColor\" d=\"M64 7.9 L64 10 L0 10 L0 0 Z\"\/>\r\n<\/svg><\/div><div class=\"l-section-h i-cf\"><div class=\"g-cols via_flex valign_top type_default\"><div class=\"vc_col-sm-12 wpb_column vc_column_container \"><div class=\"vc_column-inner us_custom_4ef5d869 us_animate_this\"><div class=\"wpb_wrapper\"><h1 class=\"w-post-elm post_title us_custom_6df4bc3a align_left entry-title color_link_inherit has_text_color\">BOLET\u00cdN<\/h1><ol class=\"g-breadcrumbs us_custom_75c73c39 separator_icon align_left has_text_color\" itemscope itemtype=\"http:\/\/schema.org\/BreadcrumbList\"><li class=\"g-breadcrumbs-item\" itemscope itemprop=\"itemListElement\" itemtype=\"http:\/\/schema.org\/ListItem\"><a itemprop=\"item\" href=\"https:\/\/bs-battery.com\/es\/\"><span itemprop=\"name\">HOME<\/span><\/a><meta itemprop=\"position\" content=\"1\"\/><\/li><li class=\"g-breadcrumbs-separator\"><i class=\"far fa-angle-right\"><\/i><\/li><li class=\"g-breadcrumbs-item\">P\u00e1ginas<\/li><\/ol><div class=\"w-separator size_huge\"><\/div><div class=\"w-separator size_small\"><\/div><\/div><\/div><\/div><\/div><\/div><\/section><section class=\"l-section wpb_row us_custom_0a3df54b height_small width_full has_text_color parallax_ver parallaxdir_reversed\"><div class=\"l-section-overlay\" style=\"background:#000000\"><\/div><div class=\"l-section-h i-cf\"><div class=\"g-cols via_flex valign_top type_default\"><div class=\"vc_col-sm-2 wpb_column vc_column_container \"><div class=\"vc_column-inner us_custom_187ffa73 us_animate_this\"><div class=\"wpb_wrapper\"><\/div><\/div><\/div><div class=\"vc_col-sm-8 wpb_column vc_column_container \"><div class=\"vc_column-inner us_custom_6153cce5 us_animate_this\"><div class=\"wpb_wrapper\"><div class=\"wpb_text_column\"><div class=\"wpb_wrapper\"><h2 style=\"text-align: center;\"><strong>SUSCR\u00cdBETE AL BOLET\u00cdN<\/strong><\/h2>\n<\/div><\/div><div class=\"w-separator size_custom\" style=\"height:2vh\"><\/div><div class=\"wpb_text_column\"><div class=\"wpb_wrapper\"><h3 style=\"text-align: center;\"><strong data-start=\"62\" data-end=\"81\">\u00a1Mantente conectados!<\/strong><\/h3>\n<p style=\"text-align: center;\">Reg\u00edstrate y s\u00e9 el primero en conocer los \u00faltimos productos y ofertas exclusivas de BS Battery.<\/p>\n<\/div><\/div><div class=\"w-separator size_custom\" style=\"height:4vh\"><\/div><div class=\"w-html\"><iframe data-w-type=\"embedded\" frameborder=\"0\" scrolling=\"no\" marginheight=\"0\" marginwidth=\"0\" src=\"https:\/\/xz730.mjt.lu\/wgt\/xz730\/03rx\/form?c=765ba4ca\" width=\"100%\" style=\"height: 0;\"><\/iframe>\n\n<script type=\"text\/javascript\" src=\"https:\/\/app.mailjet.com\/pas-nc-embedded-v1.js\"><\/script><\/div><div class=\"w-separator size_custom\" style=\"height:4vh\"><\/div><\/div><\/div><\/div><div class=\"vc_col-sm-2 wpb_column vc_column_container\"><div class=\"vc_column-inner\"><div class=\"wpb_wrapper\"><\/div><\/div><\/div><\/div><\/div><\/section>\n","protected":false},"excerpt":{"rendered":"BOLET\u00cdNHOMEP\u00e1ginasSUSCR\u00cdBETE AL BOLET\u00cdN \u00a1Mantente conectados! Reg\u00edstrate y s\u00e9 el primero en conocer los \u00faltimos productos y ofertas exclusivas de BS Battery.","protected":false},"author":10,"featured_media":34994,"parent":0,"menu_order":0,"comment_status":"closed","ping_status":"closed","template":"","meta":{"_acf_changed":false,"om_disable_all_campaigns":false,"passster_activate_protection":false,"passster_protect_child_pages":"","passster_protection_type":"password","passster_password":"","passster_passwords":"","passster_password_list":"","passster_password_lists":"","passster_activate_user_restriction":"","passster_user_restriction_type":"user-role","passster_user_restriction":"no-role","passster_activate_overwrite_defaults":"","passster_headline":"","passster_instruction":"","passster_placeholder":"","passster_button":"","passster_id":"","passster_activate_misc_settings":"","passster_redirect_url":"","passster_hide":"no","passster_area_shortcode":"","_monsterinsights_skip_tracking":false,"_monsterinsights_sitenote_active":false,"_monsterinsights_sitenote_note":"","_monsterinsights_sitenote_category":0,"_uf_show_specific_survey":0,"_uf_disable_surveys":false,"footnotes":""},"class_list":["post-40418","page","type-page","status-publish","has-post-thumbnail","hentry"],"acf":[],"aioseo_notices":[],"yoast_head":"<!-- This site is optimized with the Yoast SEO plugin v24.6 - https:\/\/yoast.com\/wordpress\/plugins\/seo\/ -->\n<title>BOLET\u00cdN - BS BATTERY<\/title>\n<meta name=\"robots\" content=\"index, follow, max-snippet:-1, max-image-preview:large, max-video-preview:-1\" \/>\n<link rel=\"canonical\" href=\"https:\/\/bs-battery.com\/es\/newsletter\/\" \/>\n<meta property=\"og:locale\" content=\"es_ES\" \/>\n<meta property=\"og:type\" content=\"article\" \/>\n<meta property=\"og:title\" content=\"BOLET\u00cdN - BS BATTERY\" \/>\n<meta property=\"og:url\" content=\"https:\/\/bs-battery.com\/es\/newsletter\/\" \/>\n<meta property=\"og:site_name\" content=\"BS BATTERY\" \/>\n<meta property=\"article:modified_time\" content=\"2025-10-25T14:40:19+00:00\" \/>\n<meta property=\"og:image\" content=\"https:\/\/bs-battery.com\/wp-content\/uploads\/2021\/11\/Blanc-Contact.png\" \/>\n\t<meta property=\"og:image:width\" content=\"576\" \/>\n\t<meta property=\"og:image:height\" content=\"512\" \/>\n\t<meta property=\"og:image:type\" content=\"image\/png\" \/>\n<meta name=\"twitter:card\" content=\"summary_large_image\" \/>\n<meta name=\"twitter:label1\" content=\"Tiempo de lectura\" \/>\n\t<meta name=\"twitter:data1\" content=\"1 minuto\" \/>\n<script type=\"application\/ld+json\" class=\"yoast-schema-graph\">{\"@context\":\"https:\/\/schema.org\",\"@graph\":[{\"@type\":\"WebPage\",\"@id\":\"https:\/\/bs-battery.com\/es\/newsletter\/\",\"url\":\"https:\/\/bs-battery.com\/es\/newsletter\/\",\"name\":\"BOLET\u00cdN - BS BATTERY\",\"isPartOf\":{\"@id\":\"https:\/\/bs-battery.com\/#website\"},\"primaryImageOfPage\":{\"@id\":\"https:\/\/bs-battery.com\/es\/newsletter\/#primaryimage\"},\"image\":{\"@id\":\"https:\/\/bs-battery.com\/es\/newsletter\/#primaryimage\"},\"thumbnailUrl\":\"https:\/\/bs-battery.com\/wp-content\/uploads\/2021\/11\/Blanc-Contact.png\",\"datePublished\":\"2025-10-24T09:27:17+00:00\",\"dateModified\":\"2025-10-25T14:40:19+00:00\",\"breadcrumb\":{\"@id\":\"https:\/\/bs-battery.com\/es\/newsletter\/#breadcrumb\"},\"inLanguage\":\"es\",\"potentialAction\":[{\"@type\":\"ReadAction\",\"target\":[\"https:\/\/bs-battery.com\/es\/newsletter\/\"]}]},{\"@type\":\"ImageObject\",\"inLanguage\":\"es\",\"@id\":\"https:\/\/bs-battery.com\/es\/newsletter\/#primaryimage\",\"url\":\"https:\/\/bs-battery.com\/wp-content\/uploads\/2021\/11\/Blanc-Contact.png\",\"contentUrl\":\"https:\/\/bs-battery.com\/wp-content\/uploads\/2021\/11\/Blanc-Contact.png\",\"width\":576,\"height\":512},{\"@type\":\"BreadcrumbList\",\"@id\":\"https:\/\/bs-battery.com\/es\/newsletter\/#breadcrumb\",\"itemListElement\":[{\"@type\":\"ListItem\",\"position\":1,\"name\":\"Home\",\"item\":\"https:\/\/bs-battery.com\/es\/\"},{\"@type\":\"ListItem\",\"position\":2,\"name\":\"BOLET\u00cdN\"}]},{\"@type\":\"WebSite\",\"@id\":\"https:\/\/bs-battery.com\/#website\",\"url\":\"https:\/\/bs-battery.com\/\",\"name\":\"BS BATTERY\",\"description\":\"The Power you need...\",\"potentialAction\":[{\"@type\":\"SearchAction\",\"target\":{\"@type\":\"EntryPoint\",\"urlTemplate\":\"https:\/\/bs-battery.com\/?s={search_term_string}\"},\"query-input\":{\"@type\":\"PropertyValueSpecification\",\"valueRequired\":true,\"valueName\":\"search_term_string\"}}],\"inLanguage\":\"es\"}]}<\/script>\n<!-- \/ Yoast SEO plugin. -->","yoast_head_json":{"title":"BOLET\u00cdN - BS BATTERY","robots":{"index":"index","follow":"follow","max-snippet":"max-snippet:-1","max-image-preview":"max-image-preview:large","max-video-preview":"max-video-preview:-1"},"canonical":"https:\/\/bs-battery.com\/es\/newsletter\/","og_locale":"es_ES","og_type":"article","og_title":"BOLET\u00cdN - BS BATTERY","og_url":"https:\/\/bs-battery.com\/es\/newsletter\/","og_site_name":"BS BATTERY","article_modified_time":"2025-10-25T14:40:19+00:00","og_image":[{"width":576,"height":512,"url":"https:\/\/bs-battery.com\/wp-content\/uploads\/2021\/11\/Blanc-Contact.png","type":"image\/png"}],"twitter_card":"summary_large_image","twitter_misc":{"Tiempo de lectura":"1 minuto"},"schema":{"@context":"https:\/\/schema.org","@graph":[{"@type":"WebPage","@id":"https:\/\/bs-battery.com\/es\/newsletter\/","url":"https:\/\/bs-battery.com\/es\/newsletter\/","name":"BOLET\u00cdN - BS BATTERY","isPartOf":{"@id":"https:\/\/bs-battery.com\/#website"},"primaryImageOfPage":{"@id":"https:\/\/bs-battery.com\/es\/newsletter\/#primaryimage"},"image":{"@id":"https:\/\/bs-battery.com\/es\/newsletter\/#primaryimage"},"thumbnailUrl":"https:\/\/bs-battery.com\/wp-content\/uploads\/2021\/11\/Blanc-Contact.png","datePublished":"2025-10-24T09:27:17+00:00","dateModified":"2025-10-25T14:40:19+00:00","breadcrumb":{"@id":"https:\/\/bs-battery.com\/es\/newsletter\/#breadcrumb"},"inLanguage":"es","potentialAction":[{"@type":"ReadAction","target":["https:\/\/bs-battery.com\/es\/newsletter\/"]}]},{"@type":"ImageObject","inLanguage":"es","@id":"https:\/\/bs-battery.com\/es\/newsletter\/#primaryimage","url":"https:\/\/bs-battery.com\/wp-content\/uploads\/2021\/11\/Blanc-Contact.png","contentUrl":"https:\/\/bs-battery.com\/wp-content\/uploads\/2021\/11\/Blanc-Contact.png","width":576,"height":512},{"@type":"BreadcrumbList","@id":"https:\/\/bs-battery.com\/es\/newsletter\/#breadcrumb","itemListElement":[{"@type":"ListItem","position":1,"name":"Home","item":"https:\/\/bs-battery.com\/es\/"},{"@type":"ListItem","position":2,"name":"BOLET\u00cdN"}]},{"@type":"WebSite","@id":"https:\/\/bs-battery.com\/#website","url":"https:\/\/bs-battery.com\/","name":"BS BATTERY","description":"The Power you need...","potentialAction":[{"@type":"SearchAction","target":{"@type":"EntryPoint","urlTemplate":"https:\/\/bs-battery.com\/?s={search_term_string}"},"query-input":{"@type":"PropertyValueSpecification","valueRequired":true,"valueName":"search_term_string"}}],"inLanguage":"es"}]}},"_links":{"self":[{"href":"https:\/\/bs-battery.com\/es\/wp-json\/wp\/v2\/pages\/40418","targetHints":{"allow":["GET"]}}],"collection":[{"href":"https:\/\/bs-battery.com\/es\/wp-json\/wp\/v2\/pages"}],"about":[{"href":"https:\/\/bs-battery.com\/es\/wp-json\/wp\/v2\/types\/page"}],"author":[{"embeddable":true,"href":"https:\/\/bs-battery.com\/es\/wp-json\/wp\/v2\/users\/10"}],"replies":[{"embeddable":true,"href":"https:\/\/bs-battery.com\/es\/wp-json\/wp\/v2\/comments?post=40418"}],"version-history":[{"count":3,"href":"https:\/\/bs-battery.com\/es\/wp-json\/wp\/v2\/pages\/40418\/revisions"}],"predecessor-version":[{"id":40421,"href":"https:\/\/bs-battery.com\/es\/wp-json\/wp\/v2\/pages\/40418\/revisions\/40421"}],"wp:featuredmedia":[{"embeddable":true,"href":"https:\/\/bs-battery.com\/es\/wp-json\/wp\/v2\/media\/34994"}],"wp:attachment":[{"href":"https:\/\/bs-battery.com\/es\/wp-json\/wp\/v2\/media?parent=40418"}],"curies":[{"name":"wp","href":"https:\/\/api.w.org\/{rel}","templated":true}]}}