{"id":35579,"date":"2021-10-06T15:31:39","date_gmt":"2025-03-13T11:12:42","guid":{"rendered":"https:\/\/bs-battery.com\/product\/btx20hl-pw-2\/"},"modified":"2025-07-07T16:55:10","modified_gmt":"2025-07-07T14:55:10","slug":"btx20hl-pw-2","status":"publish","type":"product","link":"https:\/\/bs-battery.com\/es\/producto\/btx20hl-pw-2\/","title":{"rendered":"BTX20HL-PW"},"content":{"rendered":"<p style=\"text-align: justify;\">La bater\u00eda BTX20HL-PW forma parte de nuestra gama SLA. Dise\u00f1ada para facilitar la vida del usuario, esta bater\u00eda de 12 V y 18,9 Ah est\u00e1 lista para usar, es 100% libre de mantenimiento y totalmente a prueba de derrames.<\/p>\n<p>Extremadamente f\u00e1cil de instalar y transportar, esta bater\u00eda BTX20HL-PW ofrece mayor potencia, mayor duraci\u00f3n y m\u00e1xima fiabilidad a todos los veh\u00edculos deportivos que requieren altas prestaciones.<\/p>\n<p>Incluye el espaciador de 20 mm necesario para sustituir las pilas BB16CL-B.<\/p>\n","protected":false},"excerpt":{"rendered":"<p>Activada en f\u00e1brica &#8211; Tecnolog\u00eda AGM (Absorbent Glass mat)<br \/>\nLista para usar &#8211; S\u00f3lo conectar y usar (Plug &amp; Play)<br \/>\nSin mantenimiento &#8211; Dise\u00f1o VRLA (Plomo-\u00e1cido regulado por v\u00e1lvula regulada)<br \/>\nDise\u00f1o a prueba de derrames &#8211; Sellado de f\u00e1brica con el electrolito absorbido en una malla de fibra de vidrio<br \/>\nNo manipular \u00e1cidos &#8211; Muy seguro<br \/>\nAlto poder de arranque y vida \u00fatil extendida<\/p>\n","protected":false},"featured_media":35580,"template":"","meta":{"_acf_changed":false,"om_disable_all_campaigns":false,"passster_activate_protection":false,"passster_protect_child_pages":"","passster_protection_type":"password","passster_password":"","passster_passwords":"","passster_password_list":"","passster_password_lists":"","passster_activate_user_restriction":"","passster_user_restriction_type":"user-role","passster_user_restriction":"no-role","passster_activate_overwrite_defaults":"","passster_headline":"","passster_instruction":"","passster_placeholder":"","passster_button":"","passster_id":"","passster_activate_misc_settings":"","passster_redirect_url":"","passster_hide":"no","passster_area_shortcode":"","_monsterinsights_skip_tracking":false,"_monsterinsights_sitenote_active":false,"_monsterinsights_sitenote_note":"","_monsterinsights_sitenote_category":0,"_uf_show_specific_survey":0,"_uf_disable_surveys":false},"product_brand":[],"product_cat":[5794,5793,5801,5809,5807,5806,5804,5805],"product_tag":[8102,6672,6647,6446,6648,6681,6682,5952,6520,6017,6011,6009,6008,6013,6010,6191,6251,6250,6606,6597,7161,6652,6406,7477,7171,7172,7726],"class_list":{"0":"post-35579","1":"product","2":"type-product","3":"status-publish","4":"has-post-thumbnail","6":"product_cat-atv-es","7":"product_cat-bateria-es","8":"product_cat-moto-es","9":"product_cat-moto-acuatica-es","10":"product_cat-moto-de-nieve-es","11":"product_cat-scooter-es","12":"product_cat-sla-es","13":"product_cat-ssv-utv-es","14":"product_tag-300689-es","15":"product_tag-activado-de-fabrica-es","16":"product_tag-bateria-de-moto-es-es","17":"product_tag-bateria-de-moto-es","18":"product_tag-bateria-lista-para-usar-es","19":"product_tag-bb18l-a-es","20":"product_tag-bb18la-es","21":"product_tag-bsli-10-es","22":"product_tag-bsli10-es","23":"product_tag-btx20hl-es","24":"product_tag-btx20hl-max-es","25":"product_tag-btx20hl-bs-es","26":"product_tag-btx20hlbs-es","27":"product_tag-btx20l-bs-es","28":"product_tag-btx20lbs-es","29":"product_tag-cx20l-es","30":"product_tag-ftx20hl-bs-gel-es","31":"product_tag-ftx20hlbs-gel-es","32":"product_tag-gtx20hl-bs-es","33":"product_tag-gtx20hlbs-es","34":"product_tag-ntx20l-es","35":"product_tag-sellada-es","36":"product_tag-sla-es","37":"product_tag-yb16cl-b-es","38":"product_tag-ytx20-3-es","39":"product_tag-ytx203-es","40":"product_tag-ytx20hl-bs-pw-es","42":"first","43":"instock","44":"shipping-taxable","45":"product-type-simple"},"acf":[],"aioseo_notices":[],"yoast_head":"<!-- This site is optimized with the Yoast SEO plugin v24.6 - https:\/\/yoast.com\/wordpress\/plugins\/seo\/ -->\n<title>BTX20HL-PW - BS BATTERY<\/title>\n<meta name=\"robots\" content=\"index, follow, max-snippet:-1, max-image-preview:large, max-video-preview:-1\" \/>\n<link rel=\"canonical\" href=\"https:\/\/bs-battery.com\/es\/producto\/btx20hl-pw-2\/\" \/>\n<meta property=\"og:locale\" content=\"es_ES\" \/>\n<meta property=\"og:type\" content=\"article\" \/>\n<meta property=\"og:title\" content=\"BTX20HL-PW - BS BATTERY\" \/>\n<meta property=\"og:description\" content=\"Activada en f\u00e1brica - Tecnolog\u00eda AGM (Absorbent Glass mat) Lista para usar - S\u00f3lo conectar y usar (Plug &amp; Play) Sin mantenimiento - Dise\u00f1o VRLA (Plomo-\u00e1cido regulado por v\u00e1lvula regulada) Dise\u00f1o a prueba de derrames - Sellado de f\u00e1brica con el electrolito absorbido en una malla de fibra de vidrio No manipular \u00e1cidos - Muy seguro Alto poder de arranque y vida \u00fatil extendida\" \/>\n<meta property=\"og:url\" content=\"https:\/\/bs-battery.com\/es\/producto\/btx20hl-pw-2\/\" \/>\n<meta property=\"og:site_name\" content=\"BS BATTERY\" \/>\n<meta property=\"article:modified_time\" content=\"2025-07-07T14:55:10+00:00\" \/>\n<meta property=\"og:image\" content=\"https:\/\/bs-battery.com\/wp-content\/uploads\/2024\/08\/BTX20HL-PW_SLA.png\" \/>\n\t<meta property=\"og:image:width\" content=\"1868\" \/>\n\t<meta property=\"og:image:height\" content=\"1868\" \/>\n\t<meta property=\"og:image:type\" content=\"image\/png\" \/>\n<meta name=\"twitter:card\" content=\"summary_large_image\" \/>\n<meta name=\"twitter:label1\" content=\"Tiempo de lectura\" \/>\n\t<meta name=\"twitter:data1\" content=\"1 minuto\" \/>\n<script type=\"application\/ld+json\" class=\"yoast-schema-graph\">{\"@context\":\"https:\/\/schema.org\",\"@graph\":[{\"@type\":\"WebPage\",\"@id\":\"https:\/\/bs-battery.com\/es\/producto\/btx20hl-pw-2\/\",\"url\":\"https:\/\/bs-battery.com\/es\/producto\/btx20hl-pw-2\/\",\"name\":\"BTX20HL-PW - BS BATTERY\",\"isPartOf\":{\"@id\":\"https:\/\/bs-battery.com\/#website\"},\"primaryImageOfPage\":{\"@id\":\"https:\/\/bs-battery.com\/es\/producto\/btx20hl-pw-2\/#primaryimage\"},\"image\":{\"@id\":\"https:\/\/bs-battery.com\/es\/producto\/btx20hl-pw-2\/#primaryimage\"},\"thumbnailUrl\":\"https:\/\/bs-battery.com\/wp-content\/uploads\/2024\/08\/BTX20HL-PW_SLA.png\",\"datePublished\":\"2025-03-13T11:12:42+00:00\",\"dateModified\":\"2025-07-07T14:55:10+00:00\",\"breadcrumb\":{\"@id\":\"https:\/\/bs-battery.com\/es\/producto\/btx20hl-pw-2\/#breadcrumb\"},\"inLanguage\":\"es\",\"potentialAction\":[{\"@type\":\"ReadAction\",\"target\":[\"https:\/\/bs-battery.com\/es\/producto\/btx20hl-pw-2\/\"]}]},{\"@type\":\"ImageObject\",\"inLanguage\":\"es\",\"@id\":\"https:\/\/bs-battery.com\/es\/producto\/btx20hl-pw-2\/#primaryimage\",\"url\":\"https:\/\/bs-battery.com\/wp-content\/uploads\/2024\/08\/BTX20HL-PW_SLA.png\",\"contentUrl\":\"https:\/\/bs-battery.com\/wp-content\/uploads\/2024\/08\/BTX20HL-PW_SLA.png\",\"width\":1868,\"height\":1868,\"caption\":\"BTX20HL-PW_SLA\"},{\"@type\":\"BreadcrumbList\",\"@id\":\"https:\/\/bs-battery.com\/es\/producto\/btx20hl-pw-2\/#breadcrumb\",\"itemListElement\":[{\"@type\":\"ListItem\",\"position\":1,\"name\":\"Home\",\"item\":\"https:\/\/bs-battery.com\/es\/\"},{\"@type\":\"ListItem\",\"position\":2,\"name\":\"Shop\",\"item\":\"https:\/\/bs-battery.com\/shop\/\"},{\"@type\":\"ListItem\",\"position\":3,\"name\":\"BTX20HL-PW\"}]},{\"@type\":\"WebSite\",\"@id\":\"https:\/\/bs-battery.com\/#website\",\"url\":\"https:\/\/bs-battery.com\/\",\"name\":\"BS BATTERY\",\"description\":\"The Power you need...\",\"potentialAction\":[{\"@type\":\"SearchAction\",\"target\":{\"@type\":\"EntryPoint\",\"urlTemplate\":\"https:\/\/bs-battery.com\/?s={search_term_string}\"},\"query-input\":{\"@type\":\"PropertyValueSpecification\",\"valueRequired\":true,\"valueName\":\"search_term_string\"}}],\"inLanguage\":\"es\"}]}<\/script>\n<!-- \/ Yoast SEO plugin. -->","yoast_head_json":{"title":"BTX20HL-PW - BS BATTERY","robots":{"index":"index","follow":"follow","max-snippet":"max-snippet:-1","max-image-preview":"max-image-preview:large","max-video-preview":"max-video-preview:-1"},"canonical":"https:\/\/bs-battery.com\/es\/producto\/btx20hl-pw-2\/","og_locale":"es_ES","og_type":"article","og_title":"BTX20HL-PW - BS BATTERY","og_description":"Activada en f\u00e1brica - Tecnolog\u00eda AGM (Absorbent Glass mat) Lista para usar - S\u00f3lo conectar y usar (Plug &amp; Play) Sin mantenimiento - Dise\u00f1o VRLA (Plomo-\u00e1cido regulado por v\u00e1lvula regulada) Dise\u00f1o a prueba de derrames - Sellado de f\u00e1brica con el electrolito absorbido en una malla de fibra de vidrio No manipular \u00e1cidos - Muy seguro Alto poder de arranque y vida \u00fatil extendida","og_url":"https:\/\/bs-battery.com\/es\/producto\/btx20hl-pw-2\/","og_site_name":"BS BATTERY","article_modified_time":"2025-07-07T14:55:10+00:00","og_image":[{"width":1868,"height":1868,"url":"https:\/\/bs-battery.com\/wp-content\/uploads\/2024\/08\/BTX20HL-PW_SLA.png","type":"image\/png"}],"twitter_card":"summary_large_image","twitter_misc":{"Tiempo de lectura":"1 minuto"},"schema":{"@context":"https:\/\/schema.org","@graph":[{"@type":"WebPage","@id":"https:\/\/bs-battery.com\/es\/producto\/btx20hl-pw-2\/","url":"https:\/\/bs-battery.com\/es\/producto\/btx20hl-pw-2\/","name":"BTX20HL-PW - BS BATTERY","isPartOf":{"@id":"https:\/\/bs-battery.com\/#website"},"primaryImageOfPage":{"@id":"https:\/\/bs-battery.com\/es\/producto\/btx20hl-pw-2\/#primaryimage"},"image":{"@id":"https:\/\/bs-battery.com\/es\/producto\/btx20hl-pw-2\/#primaryimage"},"thumbnailUrl":"https:\/\/bs-battery.com\/wp-content\/uploads\/2024\/08\/BTX20HL-PW_SLA.png","datePublished":"2025-03-13T11:12:42+00:00","dateModified":"2025-07-07T14:55:10+00:00","breadcrumb":{"@id":"https:\/\/bs-battery.com\/es\/producto\/btx20hl-pw-2\/#breadcrumb"},"inLanguage":"es","potentialAction":[{"@type":"ReadAction","target":["https:\/\/bs-battery.com\/es\/producto\/btx20hl-pw-2\/"]}]},{"@type":"ImageObject","inLanguage":"es","@id":"https:\/\/bs-battery.com\/es\/producto\/btx20hl-pw-2\/#primaryimage","url":"https:\/\/bs-battery.com\/wp-content\/uploads\/2024\/08\/BTX20HL-PW_SLA.png","contentUrl":"https:\/\/bs-battery.com\/wp-content\/uploads\/2024\/08\/BTX20HL-PW_SLA.png","width":1868,"height":1868,"caption":"BTX20HL-PW_SLA"},{"@type":"BreadcrumbList","@id":"https:\/\/bs-battery.com\/es\/producto\/btx20hl-pw-2\/#breadcrumb","itemListElement":[{"@type":"ListItem","position":1,"name":"Home","item":"https:\/\/bs-battery.com\/es\/"},{"@type":"ListItem","position":2,"name":"Shop","item":"https:\/\/bs-battery.com\/shop\/"},{"@type":"ListItem","position":3,"name":"BTX20HL-PW"}]},{"@type":"WebSite","@id":"https:\/\/bs-battery.com\/#website","url":"https:\/\/bs-battery.com\/","name":"BS BATTERY","description":"The Power you need...","potentialAction":[{"@type":"SearchAction","target":{"@type":"EntryPoint","urlTemplate":"https:\/\/bs-battery.com\/?s={search_term_string}"},"query-input":{"@type":"PropertyValueSpecification","valueRequired":true,"valueName":"search_term_string"}}],"inLanguage":"es"}]}},"_links":{"self":[{"href":"https:\/\/bs-battery.com\/es\/wp-json\/wp\/v2\/product\/35579","targetHints":{"allow":["GET"]}}],"collection":[{"href":"https:\/\/bs-battery.com\/es\/wp-json\/wp\/v2\/product"}],"about":[{"href":"https:\/\/bs-battery.com\/es\/wp-json\/wp\/v2\/types\/product"}],"wp:featuredmedia":[{"embeddable":true,"href":"https:\/\/bs-battery.com\/es\/wp-json\/wp\/v2\/media\/35580"}],"wp:attachment":[{"href":"https:\/\/bs-battery.com\/es\/wp-json\/wp\/v2\/media?parent=35579"}],"wp:term":[{"taxonomy":"product_brand","embeddable":true,"href":"https:\/\/bs-battery.com\/es\/wp-json\/wp\/v2\/product_brand?post=35579"},{"taxonomy":"product_cat","embeddable":true,"href":"https:\/\/bs-battery.com\/es\/wp-json\/wp\/v2\/product_cat?post=35579"},{"taxonomy":"product_tag","embeddable":true,"href":"https:\/\/bs-battery.com\/es\/wp-json\/wp\/v2\/product_tag?post=35579"}],"curies":[{"name":"wp","href":"https:\/\/api.w.org\/{rel}","templated":true}]}}