{"id":35582,"date":"2022-06-19T12:16:17","date_gmt":"2024-06-19T10:16:17","guid":{"rendered":"https:\/\/bs-battery.com\/product\/extended-smart-cable-for-power-box-pb-02\/"},"modified":"2026-01-22T15:31:47","modified_gmt":"2026-01-22T14:31:47","slug":"extended-smart-cable-for-power-box-pb-02","status":"publish","type":"product","link":"https:\/\/bs-battery.com\/es\/producto\/extended-smart-cable-for-power-box-pb-02\/","title":{"rendered":"Cable inteligente prolongado para Power Box PB-02"},"content":{"rendered":"<p><span class=\"ui-provider a b c d e f g h i j k l m n o p q r s t u v w x y z ab ac ae af ag ah ai aj ak\" dir=\"ltr\">El cable inteligente prolongador para Power Box PB-02 es un accesorio esencial para todos los usuarios de <a class=\"fui-Link ___1rxvrpe f2hkw1w f3rmtva f1ewtqcl fyind8e f1k6fduh f1w7gpdv fk6fouc fjoy568 figsok6 f1hu3pq6 f11qmguv f19f4twv f1tyq0we f1g0x7ka fhxju0i f1qch9an f1cnd47f fqv5qza f1vmzxwi f1o700av f13mvf36 f1cmlufx f9n3di6 f1ids18y f1tx3yz7 f1deo86v f1eh06m1 f1iescvh fhgqx19 f1olyrje f1p93eir f1nev41a f1h8hb77 f1lqvz6u f10aw75t fsle3fq f17ae5zn\" title=\"https:\/\/bs-battery.com\/charger-booster-tester-accessory\/booster-power-box-pb-02\/\" href=\"https:\/\/bs-battery.com\/charger-booster-tester-accessory\/booster-power-box-pb-02\/\" target=\"_blank\" rel=\"noreferrer noopener\" aria-label=\"Lien Power Box PB-02\">Power Box PB-02<\/a>. Este alargador te permite conectar f\u00e1cilmente el arrancador a la bater\u00eda del coche gracias a cables m\u00e1s largos.<\/span><\/p>\n<p><strong>Referencia<\/strong>: 700577<\/p>\n<div class=\"w-progbar us_custom_bdd5b31a style_4 color_custom hide_count has_text_color\">\n<h3 class=\"w-progbar-title\"><span class=\"w-progbar-title-text\">CARACTER\u00cdSTICAS<\/span><\/h3>\n<div class=\"w-progbar-bar\">\n<div class=\"w-progbar-bar-h\" style=\"height: 2px; width: 50%; transition-duration: 800ms;\"><\/div>\n<\/div>\n<\/div>\n<p><img loading=\"lazy\" decoding=\"async\" class=\"alignnone wp-image-8598\" src=\"https:\/\/bs-battery.com\/wp-content\/uploads\/2021\/11\/chevron-right-duotone.png\" alt=\"\" width=\"13\" height=\"20\" \/> Muy seguro: cable inteligente con conexi\u00f3n a prueba de chispas y protecci\u00f3n contra polaridad inversa.<br \/>\n<img loading=\"lazy\" decoding=\"async\" class=\"alignnone wp-image-8598\" src=\"https:\/\/bs-battery.com\/wp-content\/uploads\/2021\/11\/chevron-right-duotone.png\" alt=\"\" width=\"13\" height=\"20\" \/> Dise\u00f1ado para transferir eficazmente el m\u00e1ximo flujo de corriente con p\u00e9rdidas m\u00ednimas.<br \/>\n<img loading=\"lazy\" decoding=\"async\" class=\"alignnone wp-image-8598\" src=\"https:\/\/bs-battery.com\/wp-content\/uploads\/2021\/11\/chevron-right-duotone.png\" alt=\"\" width=\"13\" height=\"20\" \/> Dise\u00f1o robusto y resistente.<br \/>\n<img loading=\"lazy\" decoding=\"async\" class=\"alignnone wp-image-8598\" src=\"https:\/\/bs-battery.com\/wp-content\/uploads\/2021\/11\/chevron-right-duotone.png\" alt=\"\" width=\"13\" height=\"20\" \/> Cable alargado (60 cm): Ideal para bater\u00edas de autom\u00f3vil de dif\u00edcil acceso.<\/p>\n<p>&nbsp;<\/p>\n","protected":false},"excerpt":{"rendered":"<p>El cable inteligente prolongador para Power Box PB-02 es un accesorio esencial para todos los usuarios de Power Box PB-02. Este alargador te permite conectar f\u00e1cilmente el arrancador a la bater\u00eda del coche gracias a cables m\u00e1s largos. Referencia: 700577 CARACTER\u00cdSTICAS Muy seguro: cable inteligente con conexi\u00f3n a prueba de chispas y protecci\u00f3n contra polaridad&#8230;<\/p>\n","protected":false},"featured_media":41952,"template":"","meta":{"_acf_changed":false,"om_disable_all_campaigns":false,"passster_activate_protection":false,"passster_protect_child_pages":"","passster_protection_type":"password","passster_password":"","passster_passwords":"","passster_password_list":"","passster_password_lists":"","passster_activate_user_restriction":"","passster_user_restriction_type":"user-role","passster_user_restriction":"no-role","passster_activate_overwrite_defaults":"","passster_headline":"","passster_instruction":"","passster_placeholder":"","passster_button":"","passster_id":"","passster_activate_misc_settings":"","passster_redirect_url":"","passster_hide":"no","passster_area_shortcode":"","_monsterinsights_skip_tracking":false,"_monsterinsights_sitenote_active":false,"_monsterinsights_sitenote_note":"","_monsterinsights_sitenote_category":0,"_uf_show_specific_survey":0,"_uf_disable_surveys":false},"product_brand":[],"product_cat":[5811,5810],"product_tag":[7106,6673,6389,6671],"class_list":{"0":"post-35582","1":"product","2":"type-product","3":"status-publish","4":"has-post-thumbnail","6":"product_cat-accesorios-es","7":"product_cat-cargador-booster-tester-y-accesorio-es","8":"product_tag-700577-es","9":"product_tag-enchufe-de-cigarro-es","10":"product_tag-pa01-es","11":"product_tag-tester-de-bateria-es","13":"first","14":"instock","15":"shipping-taxable","16":"product-type-simple"},"acf":[],"aioseo_notices":[],"yoast_head":"<!-- This site is optimized with the Yoast SEO plugin v24.6 - https:\/\/yoast.com\/wordpress\/plugins\/seo\/ -->\n<title>Cable inteligente prolongado para Power Box PB-02 - BS BATTERY<\/title>\n<meta name=\"robots\" content=\"index, follow, max-snippet:-1, max-image-preview:large, max-video-preview:-1\" \/>\n<link rel=\"canonical\" href=\"https:\/\/bs-battery.com\/es\/producto\/extended-smart-cable-for-power-box-pb-02\/\" \/>\n<meta property=\"og:locale\" content=\"es_ES\" \/>\n<meta property=\"og:type\" content=\"article\" \/>\n<meta property=\"og:title\" content=\"Cable inteligente prolongado para Power Box PB-02 - BS BATTERY\" \/>\n<meta property=\"og:description\" content=\"El cable inteligente prolongador para Power Box PB-02 es un accesorio esencial para todos los usuarios de Power Box PB-02. Este alargador te permite conectar f\u00e1cilmente el arrancador a la bater\u00eda del coche gracias a cables m\u00e1s largos. Referencia: 700577 CARACTER\u00cdSTICAS Muy seguro: cable inteligente con conexi\u00f3n a prueba de chispas y protecci\u00f3n contra polaridad...\" \/>\n<meta property=\"og:url\" content=\"https:\/\/bs-battery.com\/es\/producto\/extended-smart-cable-for-power-box-pb-02\/\" \/>\n<meta property=\"og:site_name\" content=\"BS BATTERY\" \/>\n<meta property=\"article:modified_time\" content=\"2026-01-22T14:31:47+00:00\" \/>\n<meta property=\"og:image\" content=\"https:\/\/bs-battery.com\/wp-content\/uploads\/2025\/12\/extend-cable.png\" \/>\n\t<meta property=\"og:image:width\" content=\"1080\" \/>\n\t<meta property=\"og:image:height\" content=\"1080\" \/>\n\t<meta property=\"og:image:type\" content=\"image\/png\" \/>\n<meta name=\"twitter:card\" content=\"summary_large_image\" \/>\n<meta name=\"twitter:label1\" content=\"Tiempo de lectura\" \/>\n\t<meta name=\"twitter:data1\" content=\"2 minutos\" \/>\n<script type=\"application\/ld+json\" class=\"yoast-schema-graph\">{\"@context\":\"https:\/\/schema.org\",\"@graph\":[{\"@type\":\"WebPage\",\"@id\":\"https:\/\/bs-battery.com\/es\/producto\/extended-smart-cable-for-power-box-pb-02\/\",\"url\":\"https:\/\/bs-battery.com\/es\/producto\/extended-smart-cable-for-power-box-pb-02\/\",\"name\":\"Cable inteligente prolongado para Power Box PB-02 - BS BATTERY\",\"isPartOf\":{\"@id\":\"https:\/\/bs-battery.com\/#website\"},\"primaryImageOfPage\":{\"@id\":\"https:\/\/bs-battery.com\/es\/producto\/extended-smart-cable-for-power-box-pb-02\/#primaryimage\"},\"image\":{\"@id\":\"https:\/\/bs-battery.com\/es\/producto\/extended-smart-cable-for-power-box-pb-02\/#primaryimage\"},\"thumbnailUrl\":\"https:\/\/bs-battery.com\/wp-content\/uploads\/2025\/12\/extend-cable.png\",\"datePublished\":\"2024-06-19T10:16:17+00:00\",\"dateModified\":\"2026-01-22T14:31:47+00:00\",\"breadcrumb\":{\"@id\":\"https:\/\/bs-battery.com\/es\/producto\/extended-smart-cable-for-power-box-pb-02\/#breadcrumb\"},\"inLanguage\":\"es\",\"potentialAction\":[{\"@type\":\"ReadAction\",\"target\":[\"https:\/\/bs-battery.com\/es\/producto\/extended-smart-cable-for-power-box-pb-02\/\"]}]},{\"@type\":\"ImageObject\",\"inLanguage\":\"es\",\"@id\":\"https:\/\/bs-battery.com\/es\/producto\/extended-smart-cable-for-power-box-pb-02\/#primaryimage\",\"url\":\"https:\/\/bs-battery.com\/wp-content\/uploads\/2025\/12\/extend-cable.png\",\"contentUrl\":\"https:\/\/bs-battery.com\/wp-content\/uploads\/2025\/12\/extend-cable.png\",\"width\":1080,\"height\":1080,\"caption\":\"extend cable\"},{\"@type\":\"BreadcrumbList\",\"@id\":\"https:\/\/bs-battery.com\/es\/producto\/extended-smart-cable-for-power-box-pb-02\/#breadcrumb\",\"itemListElement\":[{\"@type\":\"ListItem\",\"position\":1,\"name\":\"Home\",\"item\":\"https:\/\/bs-battery.com\/es\/\"},{\"@type\":\"ListItem\",\"position\":2,\"name\":\"Shop\",\"item\":\"https:\/\/bs-battery.com\/shop\/\"},{\"@type\":\"ListItem\",\"position\":3,\"name\":\"Cable inteligente prolongado para Power Box PB-02\"}]},{\"@type\":\"WebSite\",\"@id\":\"https:\/\/bs-battery.com\/#website\",\"url\":\"https:\/\/bs-battery.com\/\",\"name\":\"BS BATTERY\",\"description\":\"The Power you need...\",\"potentialAction\":[{\"@type\":\"SearchAction\",\"target\":{\"@type\":\"EntryPoint\",\"urlTemplate\":\"https:\/\/bs-battery.com\/?s={search_term_string}\"},\"query-input\":{\"@type\":\"PropertyValueSpecification\",\"valueRequired\":true,\"valueName\":\"search_term_string\"}}],\"inLanguage\":\"es\"}]}<\/script>\n<!-- \/ Yoast SEO plugin. -->","yoast_head_json":{"title":"Cable inteligente prolongado para Power Box PB-02 - BS BATTERY","robots":{"index":"index","follow":"follow","max-snippet":"max-snippet:-1","max-image-preview":"max-image-preview:large","max-video-preview":"max-video-preview:-1"},"canonical":"https:\/\/bs-battery.com\/es\/producto\/extended-smart-cable-for-power-box-pb-02\/","og_locale":"es_ES","og_type":"article","og_title":"Cable inteligente prolongado para Power Box PB-02 - BS BATTERY","og_description":"El cable inteligente prolongador para Power Box PB-02 es un accesorio esencial para todos los usuarios de Power Box PB-02. Este alargador te permite conectar f\u00e1cilmente el arrancador a la bater\u00eda del coche gracias a cables m\u00e1s largos. Referencia: 700577 CARACTER\u00cdSTICAS Muy seguro: cable inteligente con conexi\u00f3n a prueba de chispas y protecci\u00f3n contra polaridad...","og_url":"https:\/\/bs-battery.com\/es\/producto\/extended-smart-cable-for-power-box-pb-02\/","og_site_name":"BS BATTERY","article_modified_time":"2026-01-22T14:31:47+00:00","og_image":[{"width":1080,"height":1080,"url":"https:\/\/bs-battery.com\/wp-content\/uploads\/2025\/12\/extend-cable.png","type":"image\/png"}],"twitter_card":"summary_large_image","twitter_misc":{"Tiempo de lectura":"2 minutos"},"schema":{"@context":"https:\/\/schema.org","@graph":[{"@type":"WebPage","@id":"https:\/\/bs-battery.com\/es\/producto\/extended-smart-cable-for-power-box-pb-02\/","url":"https:\/\/bs-battery.com\/es\/producto\/extended-smart-cable-for-power-box-pb-02\/","name":"Cable inteligente prolongado para Power Box PB-02 - BS BATTERY","isPartOf":{"@id":"https:\/\/bs-battery.com\/#website"},"primaryImageOfPage":{"@id":"https:\/\/bs-battery.com\/es\/producto\/extended-smart-cable-for-power-box-pb-02\/#primaryimage"},"image":{"@id":"https:\/\/bs-battery.com\/es\/producto\/extended-smart-cable-for-power-box-pb-02\/#primaryimage"},"thumbnailUrl":"https:\/\/bs-battery.com\/wp-content\/uploads\/2025\/12\/extend-cable.png","datePublished":"2024-06-19T10:16:17+00:00","dateModified":"2026-01-22T14:31:47+00:00","breadcrumb":{"@id":"https:\/\/bs-battery.com\/es\/producto\/extended-smart-cable-for-power-box-pb-02\/#breadcrumb"},"inLanguage":"es","potentialAction":[{"@type":"ReadAction","target":["https:\/\/bs-battery.com\/es\/producto\/extended-smart-cable-for-power-box-pb-02\/"]}]},{"@type":"ImageObject","inLanguage":"es","@id":"https:\/\/bs-battery.com\/es\/producto\/extended-smart-cable-for-power-box-pb-02\/#primaryimage","url":"https:\/\/bs-battery.com\/wp-content\/uploads\/2025\/12\/extend-cable.png","contentUrl":"https:\/\/bs-battery.com\/wp-content\/uploads\/2025\/12\/extend-cable.png","width":1080,"height":1080,"caption":"extend cable"},{"@type":"BreadcrumbList","@id":"https:\/\/bs-battery.com\/es\/producto\/extended-smart-cable-for-power-box-pb-02\/#breadcrumb","itemListElement":[{"@type":"ListItem","position":1,"name":"Home","item":"https:\/\/bs-battery.com\/es\/"},{"@type":"ListItem","position":2,"name":"Shop","item":"https:\/\/bs-battery.com\/shop\/"},{"@type":"ListItem","position":3,"name":"Cable inteligente prolongado para Power Box PB-02"}]},{"@type":"WebSite","@id":"https:\/\/bs-battery.com\/#website","url":"https:\/\/bs-battery.com\/","name":"BS BATTERY","description":"The Power you need...","potentialAction":[{"@type":"SearchAction","target":{"@type":"EntryPoint","urlTemplate":"https:\/\/bs-battery.com\/?s={search_term_string}"},"query-input":{"@type":"PropertyValueSpecification","valueRequired":true,"valueName":"search_term_string"}}],"inLanguage":"es"}]}},"_links":{"self":[{"href":"https:\/\/bs-battery.com\/es\/wp-json\/wp\/v2\/product\/35582","targetHints":{"allow":["GET"]}}],"collection":[{"href":"https:\/\/bs-battery.com\/es\/wp-json\/wp\/v2\/product"}],"about":[{"href":"https:\/\/bs-battery.com\/es\/wp-json\/wp\/v2\/types\/product"}],"wp:featuredmedia":[{"embeddable":true,"href":"https:\/\/bs-battery.com\/es\/wp-json\/wp\/v2\/media\/41952"}],"wp:attachment":[{"href":"https:\/\/bs-battery.com\/es\/wp-json\/wp\/v2\/media?parent=35582"}],"wp:term":[{"taxonomy":"product_brand","embeddable":true,"href":"https:\/\/bs-battery.com\/es\/wp-json\/wp\/v2\/product_brand?post=35582"},{"taxonomy":"product_cat","embeddable":true,"href":"https:\/\/bs-battery.com\/es\/wp-json\/wp\/v2\/product_cat?post=35582"},{"taxonomy":"product_tag","embeddable":true,"href":"https:\/\/bs-battery.com\/es\/wp-json\/wp\/v2\/product_tag?post=35582"}],"curies":[{"name":"wp","href":"https:\/\/api.w.org\/{rel}","templated":true}]}}