{"id":35594,"date":"2024-02-09T11:13:22","date_gmt":"2024-02-09T10:13:22","guid":{"rendered":"https:\/\/bs-battery.com\/product\/bsli-02-max\/"},"modified":"2026-02-24T17:22:39","modified_gmt":"2026-02-24T16:22:39","slug":"bsli-02-max","status":"publish","type":"product","link":"https:\/\/bs-battery.com\/es\/producto\/bsli-02-max\/","title":{"rendered":"BSLi-02 Max"},"content":{"rendered":"<p style=\"text-align: justify;\">La bater\u00eda BSLi-02 Max forma parte de nuestra gama LiFePO4. Dise\u00f1ada para los motoristas m\u00e1s exigentes, esta bater\u00eda de 12,8 V y 3 Ah (36 Wh) ofrece el m\u00e1ximo rendimiento de arranque, mayor seguridad y un ciclo de vida m\u00e1s largo. Con su dise\u00f1o ultraligero, esta bater\u00eda BSLi-02 Max proporciona una aceleraci\u00f3n m\u00e1s r\u00e1pida a todos los veh\u00edculos powersport.<\/p>\n<p>\u00datil, esta bater\u00eda est\u00e1 equipada con un indicador de tensi\u00f3n para comprobar el estado de carga en cualquier momento.<\/p>\n","protected":false},"excerpt":{"rendered":"<p>Listas para usar &#8211; Solo conectar y usar (Plug &amp; Play)<br \/>\nPeso m\u00e1s ligero &#8211; Hasta un 70% m\u00e1s ligera que las bater\u00edas de plomo-\u00e1cido<br \/>\nvida \u00fatil exentendida &#8211; M\u00e1s de 2000 ciclos de carga y descarga<br \/>\nResistencia al calor &#8211; Hasta 230\u00b0C<br \/>\nRobustos terminales de lat\u00f3n &#8211; Para mejorar el rendimiento el\u00e9ctrico<br \/>\nIndicador de estado de la carga &#8211; Consulte el estado de la carga en la pantalla indicadora en la parte superior<br \/>\nM\u00e1xima potencia de arranque &#8211; Hasta 900 A<br \/>\nM\u00e1xima capacidad &#8211; Hasta 2 veces la capacidad de la gama est\u00e1ndar de bater\u00edas de litio<\/p>\n","protected":false},"featured_media":35600,"template":"","meta":{"_acf_changed":false,"om_disable_all_campaigns":false,"passster_activate_protection":false,"passster_protect_child_pages":"","passster_protection_type":"password","passster_password":"","passster_passwords":"","passster_password_list":"","passster_password_lists":"","passster_activate_user_restriction":"","passster_user_restriction_type":"user-role","passster_user_restriction":"no-role","passster_activate_overwrite_defaults":"","passster_headline":"","passster_instruction":"","passster_placeholder":"","passster_button":"","passster_id":"","passster_activate_misc_settings":"","passster_redirect_url":"","passster_hide":"no","passster_area_shortcode":"","_monsterinsights_skip_tracking":false,"_monsterinsights_sitenote_active":false,"_monsterinsights_sitenote_note":"","_monsterinsights_sitenote_category":0,"_uf_show_specific_survey":0,"_uf_disable_surveys":false},"product_brand":[],"product_cat":[5794,5793,5799,5801,5806],"product_tag":[5849,6092,6091,6094,5875,6664,6647,6651,6502,6505,6506,5881,5884,7177,5888,6693,6696,6692,6695,7178,5944,5957,7179,5964,6149,6148,6155,6156,6172,5998,6174,6175,6177,6164,7180,7181,6161,6162,7182,7183,6163,6158,7184,7185,7186,7187,6035,7188,7189,6036,7190,6028,7191,6027,7192,6029,7193,6030,7194,6033,7195,6034,7196,7197,7198,6051,7199,6052,7200,7201,7202,7203,7204,7205,7206,7207,7208,7209,6185,6186,7210,7211,7212,7213,7214,7215,7216,7217,7218,6706,7219,6709,7221,6711,7222,6712,6700,7224,6701,7225,7226,6702,7227,7228,7229,6698,6558,6565,6564,7230,7231,7232,7233,7234,6219,7235,6220,7236,6223,7237,6224,6242,6241,7238,6238,7239,6244,6249,6584,6585,6586,6568,6571,6572,6265,6267,6731,6732,6733,6734,6721,6722,6720,6724,6604,6588,6589,6590,7240,7241,6314,6315,6300,6301,6327,6328,6622,6623,6624,6608,6610,6611,6354,6355,6349,6356,6351,6352,6442,6369,6370,6371,6372,6366,6358,6640,6641,6628,6643,6642,6629,6385,6384,7242,7243,7244,7245,7246,7247,7248,7249,7250,7251,7252,7253,7254,7255,7256,7257,6380,6379,6381,6383,6474,6473,6477,6475,7258,7259,6402,6401,7260,7261,7262,7263,7264,7265,7266,7267,7268,7269,7270,7271,7272,7273,7274,7275,7276,7277,7278,7279,7280,7281,7282,7283,7284,7285,7286,6658,7287,7288,6662,6661],"class_list":{"0":"post-35594","1":"product","2":"type-product","3":"status-publish","4":"has-post-thumbnail","6":"product_cat-atv-es","7":"product_cat-bateria-es","8":"product_cat-litio-max-es","9":"product_cat-moto-es","10":"product_cat-scooter-es","11":"product_tag-12n5-5-3b-es","12":"product_tag-agm12-4-es","13":"product_tag-agm12-5-es","14":"product_tag-agm124-es","15":"product_tag-agm125-es","16":"product_tag-bateria-de-atv-es","17":"product_tag-bateria-de-moto-es-es","18":"product_tag-bateria-de-scooter-es","19":"product_tag-bb4l-b-es","20":"product_tag-bb5l-b-es","21":"product_tag-bb5l-b-12n5-3b-es","22":"product_tag-bb7c-a-es","23":"product_tag-bb7l-b-es","24":"product_tag-bb7l-b-12n7-3b-es","25":"product_tag-bb7l-b2-es","26":"product_tag-bctx5l-fp-es","27":"product_tag-bctx5lfp-es","28":"product_tag-bctx7l-fp-es","29":"product_tag-bctx7lfp-es","30":"product_tag-bsli_02-es","31":"product_tag-bsli-02-es","32":"product_tag-bsli02-es","33":"product_tag-btx4l-bs-btz5s-bs-es","34":"product_tag-btx4l-btz5s-es","35":"product_tag-btx5l-bs-es","36":"product_tag-btx5l-btz6s-es","37":"product_tag-btx7l-es","38":"product_tag-btx7l-bs-es","39":"product_tag-btz6s-btx5l-es","40":"product_tag-btz6s-bs-es","41":"product_tag-btz7s-es","42":"product_tag-btz7s-bs-es","43":"product_tag-btz7v-es","44":"product_tag-btz8v-es","45":"product_tag-cb3l-a-es","46":"product_tag-cb3la-es","47":"product_tag-cb4lb-fa-es","48":"product_tag-cb4lbfa-es","49":"product_tag-cb5l-b-es","50":"product_tag-cb5lb-es","51":"product_tag-cb5lb-fa-es","52":"product_tag-cb5lbfa-es","53":"product_tag-cb7c-a-es","54":"product_tag-cb7ca-es","55":"product_tag-cb7l-b-es","56":"product_tag-cb7l-b2-es","57":"product_tag-cb7l-b2-fa-es","58":"product_tag-cb7lb-es","59":"product_tag-cb7lb2-es","60":"product_tag-cb7lb2fa-es","61":"product_tag-cbtx4l-bs-es","62":"product_tag-cbtx4l-fa-es","63":"product_tag-cbtx4lbs-es","64":"product_tag-cbtx4lfa-es","65":"product_tag-cbtx5l-bs-es","66":"product_tag-cbtx5l-fa-es","67":"product_tag-cbtx5lbs-es","68":"product_tag-cbtx5lfa-es","69":"product_tag-cbtx7l-bs-es","70":"product_tag-cbtx7l-fa-es","71":"product_tag-cbtx7lbs-es","72":"product_tag-cbtx7lfa-es","73":"product_tag-ctz6s-bs-es","74":"product_tag-ctz6sbs-es","75":"product_tag-ctz7s-bs-es","76":"product_tag-ctz7s-fa-es","77":"product_tag-ctz7sbs-es","78":"product_tag-ctz7sfa-es","79":"product_tag-eb4l-b-es","80":"product_tag-eb4lb-es","81":"product_tag-eb5l-b-es","82":"product_tag-eb5lb-es","83":"product_tag-eb7c-a-es","84":"product_tag-eb7ca-es","85":"product_tag-eb7l-b-es","86":"product_tag-eb7l-b2-es","87":"product_tag-eb7lb-es","88":"product_tag-eb7lb2-es","89":"product_tag-eltz5s-es","90":"product_tag-eltz7s-es","91":"product_tag-etx4l-bs-es","92":"product_tag-etx4lbs-es","93":"product_tag-etx5l-bs-es","94":"product_tag-etx5lbs-es","95":"product_tag-etx7l-bs-es","96":"product_tag-etx7lbs-es","97":"product_tag-etz7-bs-es","98":"product_tag-etz7bs-es","99":"product_tag-fb4l-b-es","100":"product_tag-fb4l-b-gel-es","101":"product_tag-fb4lb-es","102":"product_tag-fb4lb-gel-es","103":"product_tag-fb5l-b-es","104":"product_tag-fb5l-b-gel-es","105":"product_tag-fb5lb-es","106":"product_tag-fb5lb-gel-es","107":"product_tag-fb7c-a-es","108":"product_tag-fb7c-a-gel-es","109":"product_tag-fb7ca-es","110":"product_tag-fb7ca-gel-es","111":"product_tag-fb7l-b-es","112":"product_tag-fb7l-b-b2-gel-es","113":"product_tag-fb7l-b2-es","114":"product_tag-fb7lb-es","115":"product_tag-fb7lb2-es","116":"product_tag-fb7lbb2-gel-es","117":"product_tag-fltx7l-es","118":"product_tag-fltz5s-es","119":"product_tag-fltz7s-es","120":"product_tag-ftx4l-bs-es","121":"product_tag-ftx4l-bs-ftz5s-gel-es","122":"product_tag-ftx4lbs-es","123":"product_tag-ftx4lbs-ftz5s-gel-es","124":"product_tag-ftx5l-bs-es","125":"product_tag-ftx5l-bs-ftz6s-gel-es","126":"product_tag-ftx5lbs-es","127":"product_tag-ftx5lbs-ftz6s-gel-es","128":"product_tag-ftx7l-bs-es","129":"product_tag-ftx7l-bs-gel-es","130":"product_tag-ftx7lbs-es","131":"product_tag-ftx7lbs-gel-es","132":"product_tag-ftz7s-gel-es","133":"product_tag-ftz7s-12b-es","134":"product_tag-ftz7s-bs-es","135":"product_tag-ftz7s12b-es","136":"product_tag-ftz7sbs-es","137":"product_tag-ftz7v-gel-es","138":"product_tag-ftz8v-gel-es","139":"product_tag-gb4l-b-es","140":"product_tag-gb4lb-es","141":"product_tag-gb5l-b-es","142":"product_tag-gb5lb-es","143":"product_tag-gb7l-b2-es","144":"product_tag-gb7lb2-es","145":"product_tag-gk-athbl-0003-es","146":"product_tag-gkathbl0003-es","147":"product_tag-gtx4l-bs-gtx5l-bs-es","148":"product_tag-gtx4l-bs-gtz5s-bs-es","149":"product_tag-gtx4lbs-gtx5lbs-es","150":"product_tag-gtx4lbs-gtz5sbs-es","151":"product_tag-gtx5l-bs-es","152":"product_tag-gtx5lbs-es","153":"product_tag-gtx7l-bs-es","154":"product_tag-gtx7lbs-es","155":"product_tag-gtz7s-bs-es","156":"product_tag-gtz7sbs-es","157":"product_tag-gtz8-v-es","158":"product_tag-gtz8v-es","159":"product_tag-hj01-20-fp-es","160":"product_tag-hj0120fp-es","161":"product_tag-hjb5l-fp-es","162":"product_tag-hjb5lfp-es","163":"product_tag-hjp7l-fp-es","164":"product_tag-hjp7lfp-es","165":"product_tag-hjtx5l-fp-es","166":"product_tag-hjtx5lfp-es","167":"product_tag-hjtz5s-fp-es","168":"product_tag-hjtz5sfp-es","169":"product_tag-hjtz7s-fp-es","170":"product_tag-hjtz7s-fp-s-es","171":"product_tag-hjtz7sfp-es","172":"product_tag-hjtz7sfps-es","173":"product_tag-il-lfp5-es","174":"product_tag-il-lfp7-es","175":"product_tag-il-lfp7z-es","176":"product_tag-illfp5-es","177":"product_tag-illfp7-es","178":"product_tag-illfp7z-es","179":"product_tag-litio-es","180":"product_tag-ltx4l-bs-lion-s-es","181":"product_tag-ltx4lbslions-es","182":"product_tag-ltx5l-bs-lion-s-es","183":"product_tag-ltx5lbslions-es","184":"product_tag-ltz5s-lion-s-es","185":"product_tag-ltz5slions-es","186":"product_tag-ml-lfp5-es","187":"product_tag-ml-lfp7-es","188":"product_tag-ml-lfp7z-es","189":"product_tag-mllfp5-es","190":"product_tag-mllfp7-es","191":"product_tag-mllfp7z-es","192":"product_tag-nlp5-es","193":"product_tag-nlp9-es","194":"product_tag-nt4l-es","195":"product_tag-nt5l-es","196":"product_tag-ntx4l-bs-es","197":"product_tag-ntx4lbs-es","198":"product_tag-ntx5l-bs-es","199":"product_tag-ntx5lbs-es","200":"product_tag-ntx7l-es","201":"product_tag-ntx7l-bs-es","202":"product_tag-ntx7lbs-es","203":"product_tag-ntz6s-bs-es","204":"product_tag-ntz6sbs-es","205":"product_tag-ntz7s-es","206":"product_tag-ntz7s-bs-es","207":"product_tag-ntz7sbs-es","208":"product_tag-ntz7v-es","209":"product_tag-ntz8v-es","210":"product_tag-palp-4lhy-es","211":"product_tag-palp-5lhy-es","212":"product_tag-palp-5zshy-es","213":"product_tag-palp-7zshy-es","214":"product_tag-palp4lhy-es","215":"product_tag-palp5lhy-es","216":"product_tag-palp5zshy-es","217":"product_tag-palp7zshy-es","218":"product_tag-sla12-4s-es","219":"product_tag-sla124s-es","220":"product_tag-ult-1-es","221":"product_tag-ult1-es","222":"product_tag-yb4l-b-es","223":"product_tag-yb4lb-es","224":"product_tag-yb5-3-es","225":"product_tag-yb53-es","226":"product_tag-yb5l-b-es","227":"product_tag-yb5lb-es","228":"product_tag-yb7-3-es","229":"product_tag-yb73-es","230":"product_tag-yb7c-a-es","231":"product_tag-yb7ca-es","232":"product_tag-yb7l-b-es","233":"product_tag-yb7l-b2-es","234":"product_tag-yb7lb-es","235":"product_tag-yb7lb2-es","236":"product_tag-ytx4l-bs-es","237":"product_tag-ytx4lbs-es","238":"product_tag-ytx5-3-es","239":"product_tag-ytx53-es","240":"product_tag-ytx5l-bs-es","241":"product_tag-ytx5lbs-es","242":"product_tag-ytx7-3-es","243":"product_tag-ytx73-es","244":"product_tag-ytx7l-bs-es","245":"product_tag-ytx7lbs-es","246":"product_tag-ytz5-s-es","247":"product_tag-ytz5s-es","248":"product_tag-ytz7-s-es","249":"product_tag-ytz7s-es","250":"product_tag-ytz7s-bs-es","251":"product_tag-ytz7sbs-es","252":"product_tag-ytz7v-es","253":"product_tag-ytz8v-es","255":"first","256":"instock","257":"shipping-taxable","258":"product-type-simple"},"acf":[],"aioseo_notices":[],"yoast_head":"<!-- This site is optimized with the Yoast SEO plugin v24.6 - https:\/\/yoast.com\/wordpress\/plugins\/seo\/ -->\n<title>BSLi-02 Max - BS BATTERY<\/title>\n<meta name=\"robots\" content=\"index, follow, max-snippet:-1, max-image-preview:large, max-video-preview:-1\" \/>\n<link rel=\"canonical\" href=\"https:\/\/bs-battery.com\/es\/producto\/bsli-02-max\/\" \/>\n<meta property=\"og:locale\" content=\"es_ES\" \/>\n<meta property=\"og:type\" content=\"article\" \/>\n<meta property=\"og:title\" content=\"BSLi-02 Max - BS BATTERY\" \/>\n<meta property=\"og:description\" content=\"Listas para usar - Solo conectar y usar (Plug &amp; Play) Peso m\u00e1s ligero - Hasta un 70% m\u00e1s ligera que las bater\u00edas de plomo-\u00e1cido vida \u00fatil exentendida - M\u00e1s de 2000 ciclos de carga y descarga Resistencia al calor - Hasta 230\u00b0C Robustos terminales de lat\u00f3n - Para mejorar el rendimiento el\u00e9ctrico Indicador de estado de la carga - Consulte el estado de la carga en la pantalla indicadora en la parte superior M\u00e1xima potencia de arranque - Hasta 900 A M\u00e1xima capacidad - Hasta 2 veces la capacidad de la gama est\u00e1ndar de bater\u00edas de litio\" \/>\n<meta property=\"og:url\" content=\"https:\/\/bs-battery.com\/es\/producto\/bsli-02-max\/\" \/>\n<meta property=\"og:site_name\" content=\"BS BATTERY\" \/>\n<meta property=\"article:modified_time\" content=\"2026-02-24T16:22:39+00:00\" \/>\n<meta property=\"og:image\" content=\"https:\/\/bs-battery.com\/wp-content\/uploads\/2024\/02\/New-Bsli-02-Max-1.png\" \/>\n\t<meta property=\"og:image:width\" content=\"500\" \/>\n\t<meta property=\"og:image:height\" content=\"500\" \/>\n\t<meta property=\"og:image:type\" content=\"image\/png\" \/>\n<meta name=\"twitter:card\" content=\"summary_large_image\" \/>\n<meta name=\"twitter:label1\" content=\"Tiempo de lectura\" \/>\n\t<meta name=\"twitter:data1\" content=\"1 minuto\" \/>\n<script type=\"application\/ld+json\" class=\"yoast-schema-graph\">{\"@context\":\"https:\/\/schema.org\",\"@graph\":[{\"@type\":\"WebPage\",\"@id\":\"https:\/\/bs-battery.com\/es\/producto\/bsli-02-max\/\",\"url\":\"https:\/\/bs-battery.com\/es\/producto\/bsli-02-max\/\",\"name\":\"BSLi-02 Max - BS BATTERY\",\"isPartOf\":{\"@id\":\"https:\/\/bs-battery.com\/#website\"},\"primaryImageOfPage\":{\"@id\":\"https:\/\/bs-battery.com\/es\/producto\/bsli-02-max\/#primaryimage\"},\"image\":{\"@id\":\"https:\/\/bs-battery.com\/es\/producto\/bsli-02-max\/#primaryimage\"},\"thumbnailUrl\":\"https:\/\/bs-battery.com\/wp-content\/uploads\/2024\/02\/New-Bsli-02-Max-1.png\",\"datePublished\":\"2024-02-09T10:13:22+00:00\",\"dateModified\":\"2026-02-24T16:22:39+00:00\",\"breadcrumb\":{\"@id\":\"https:\/\/bs-battery.com\/es\/producto\/bsli-02-max\/#breadcrumb\"},\"inLanguage\":\"es\",\"potentialAction\":[{\"@type\":\"ReadAction\",\"target\":[\"https:\/\/bs-battery.com\/es\/producto\/bsli-02-max\/\"]}]},{\"@type\":\"ImageObject\",\"inLanguage\":\"es\",\"@id\":\"https:\/\/bs-battery.com\/es\/producto\/bsli-02-max\/#primaryimage\",\"url\":\"https:\/\/bs-battery.com\/wp-content\/uploads\/2024\/02\/New-Bsli-02-Max-1.png\",\"contentUrl\":\"https:\/\/bs-battery.com\/wp-content\/uploads\/2024\/02\/New-Bsli-02-Max-1.png\",\"width\":500,\"height\":500,\"caption\":\"Nuevo-Bsli-02-Max\"},{\"@type\":\"BreadcrumbList\",\"@id\":\"https:\/\/bs-battery.com\/es\/producto\/bsli-02-max\/#breadcrumb\",\"itemListElement\":[{\"@type\":\"ListItem\",\"position\":1,\"name\":\"Home\",\"item\":\"https:\/\/bs-battery.com\/es\/\"},{\"@type\":\"ListItem\",\"position\":2,\"name\":\"Shop\",\"item\":\"https:\/\/bs-battery.com\/shop\/\"},{\"@type\":\"ListItem\",\"position\":3,\"name\":\"BSLi-02 Max\"}]},{\"@type\":\"WebSite\",\"@id\":\"https:\/\/bs-battery.com\/#website\",\"url\":\"https:\/\/bs-battery.com\/\",\"name\":\"BS BATTERY\",\"description\":\"The Power you need...\",\"potentialAction\":[{\"@type\":\"SearchAction\",\"target\":{\"@type\":\"EntryPoint\",\"urlTemplate\":\"https:\/\/bs-battery.com\/?s={search_term_string}\"},\"query-input\":{\"@type\":\"PropertyValueSpecification\",\"valueRequired\":true,\"valueName\":\"search_term_string\"}}],\"inLanguage\":\"es\"}]}<\/script>\n<!-- \/ Yoast SEO plugin. -->","yoast_head_json":{"title":"BSLi-02 Max - BS BATTERY","robots":{"index":"index","follow":"follow","max-snippet":"max-snippet:-1","max-image-preview":"max-image-preview:large","max-video-preview":"max-video-preview:-1"},"canonical":"https:\/\/bs-battery.com\/es\/producto\/bsli-02-max\/","og_locale":"es_ES","og_type":"article","og_title":"BSLi-02 Max - BS BATTERY","og_description":"Listas para usar - Solo conectar y usar (Plug &amp; Play) Peso m\u00e1s ligero - Hasta un 70% m\u00e1s ligera que las bater\u00edas de plomo-\u00e1cido vida \u00fatil exentendida - M\u00e1s de 2000 ciclos de carga y descarga Resistencia al calor - Hasta 230\u00b0C Robustos terminales de lat\u00f3n - Para mejorar el rendimiento el\u00e9ctrico Indicador de estado de la carga - Consulte el estado de la carga en la pantalla indicadora en la parte superior M\u00e1xima potencia de arranque - Hasta 900 A M\u00e1xima capacidad - Hasta 2 veces la capacidad de la gama est\u00e1ndar de bater\u00edas de litio","og_url":"https:\/\/bs-battery.com\/es\/producto\/bsli-02-max\/","og_site_name":"BS BATTERY","article_modified_time":"2026-02-24T16:22:39+00:00","og_image":[{"width":500,"height":500,"url":"https:\/\/bs-battery.com\/wp-content\/uploads\/2024\/02\/New-Bsli-02-Max-1.png","type":"image\/png"}],"twitter_card":"summary_large_image","twitter_misc":{"Tiempo de lectura":"1 minuto"},"schema":{"@context":"https:\/\/schema.org","@graph":[{"@type":"WebPage","@id":"https:\/\/bs-battery.com\/es\/producto\/bsli-02-max\/","url":"https:\/\/bs-battery.com\/es\/producto\/bsli-02-max\/","name":"BSLi-02 Max - BS BATTERY","isPartOf":{"@id":"https:\/\/bs-battery.com\/#website"},"primaryImageOfPage":{"@id":"https:\/\/bs-battery.com\/es\/producto\/bsli-02-max\/#primaryimage"},"image":{"@id":"https:\/\/bs-battery.com\/es\/producto\/bsli-02-max\/#primaryimage"},"thumbnailUrl":"https:\/\/bs-battery.com\/wp-content\/uploads\/2024\/02\/New-Bsli-02-Max-1.png","datePublished":"2024-02-09T10:13:22+00:00","dateModified":"2026-02-24T16:22:39+00:00","breadcrumb":{"@id":"https:\/\/bs-battery.com\/es\/producto\/bsli-02-max\/#breadcrumb"},"inLanguage":"es","potentialAction":[{"@type":"ReadAction","target":["https:\/\/bs-battery.com\/es\/producto\/bsli-02-max\/"]}]},{"@type":"ImageObject","inLanguage":"es","@id":"https:\/\/bs-battery.com\/es\/producto\/bsli-02-max\/#primaryimage","url":"https:\/\/bs-battery.com\/wp-content\/uploads\/2024\/02\/New-Bsli-02-Max-1.png","contentUrl":"https:\/\/bs-battery.com\/wp-content\/uploads\/2024\/02\/New-Bsli-02-Max-1.png","width":500,"height":500,"caption":"Nuevo-Bsli-02-Max"},{"@type":"BreadcrumbList","@id":"https:\/\/bs-battery.com\/es\/producto\/bsli-02-max\/#breadcrumb","itemListElement":[{"@type":"ListItem","position":1,"name":"Home","item":"https:\/\/bs-battery.com\/es\/"},{"@type":"ListItem","position":2,"name":"Shop","item":"https:\/\/bs-battery.com\/shop\/"},{"@type":"ListItem","position":3,"name":"BSLi-02 Max"}]},{"@type":"WebSite","@id":"https:\/\/bs-battery.com\/#website","url":"https:\/\/bs-battery.com\/","name":"BS BATTERY","description":"The Power you need...","potentialAction":[{"@type":"SearchAction","target":{"@type":"EntryPoint","urlTemplate":"https:\/\/bs-battery.com\/?s={search_term_string}"},"query-input":{"@type":"PropertyValueSpecification","valueRequired":true,"valueName":"search_term_string"}}],"inLanguage":"es"}]}},"_links":{"self":[{"href":"https:\/\/bs-battery.com\/es\/wp-json\/wp\/v2\/product\/35594","targetHints":{"allow":["GET"]}}],"collection":[{"href":"https:\/\/bs-battery.com\/es\/wp-json\/wp\/v2\/product"}],"about":[{"href":"https:\/\/bs-battery.com\/es\/wp-json\/wp\/v2\/types\/product"}],"wp:featuredmedia":[{"embeddable":true,"href":"https:\/\/bs-battery.com\/es\/wp-json\/wp\/v2\/media\/35600"}],"wp:attachment":[{"href":"https:\/\/bs-battery.com\/es\/wp-json\/wp\/v2\/media?parent=35594"}],"wp:term":[{"taxonomy":"product_brand","embeddable":true,"href":"https:\/\/bs-battery.com\/es\/wp-json\/wp\/v2\/product_brand?post=35594"},{"taxonomy":"product_cat","embeddable":true,"href":"https:\/\/bs-battery.com\/es\/wp-json\/wp\/v2\/product_cat?post=35594"},{"taxonomy":"product_tag","embeddable":true,"href":"https:\/\/bs-battery.com\/es\/wp-json\/wp\/v2\/product_tag?post=35594"}],"curies":[{"name":"wp","href":"https:\/\/api.w.org\/{rel}","templated":true}]}}