{"id":35610,"date":"2023-10-20T12:23:32","date_gmt":"2023-10-20T10:21:32","guid":{"rendered":"https:\/\/bs-battery.com\/product\/bgz20hl-sla-max\/"},"modified":"2025-07-25T12:22:11","modified_gmt":"2025-07-25T10:22:11","slug":"bgz20hl","status":"publish","type":"product","link":"https:\/\/bs-battery.com\/es\/producto\/bgz20hl\/","title":{"rendered":"BGZ20HL"},"content":{"rendered":"<p style=\"text-align: justify;\">La bater\u00eda BGZ20HL forma parte de la nueva serie BGZ de nuestra gama SLA Max. Dise\u00f1ada con placas m\u00e1s altas y terminales de tuerca de cobre incorporados, esta bater\u00eda de 12 V y 21,1 Ah ofrece el m\u00e1ximo rendimiento (CCA y capacidad) a veh\u00edculos de gran cilindrada con elevados requisitos y equipados con gran cantidad de equipos electr\u00f3nicos; incluso en las condiciones m\u00e1s extremas. <\/p>\n<p>Lista para usar, 100% libre de mantenimiento y no derramable, esta bater\u00eda BGZ20HL proporciona la m\u00e1xima fiabilidad y la mayor capacidad de arranque a todos los motores de gran potencia.<\/p>\n","protected":false},"excerpt":{"rendered":"<p>Activada de f\u00e1brica &#8211; Tecnolog\u00eda AGM (Absorbent Glass Mat)<br \/>\nLista para usarse &#8211; S\u00f3lo conectar y usar (Plug &#038; Play)<br \/>\nSin mantenimiento &#8211; Dise\u00f1o VRLA (Bater\u00eda de Plomo \u00c1cido Regulada por V\u00e1lvula)<br \/>\nDise\u00f1o a prueba de derrames &#8211; Sellada de f\u00e1brica con el electrolito absorbido en una malla de fibra de vidrio<br \/>\nNo manipular \u00e1cidos &#8211; Muy segura<br \/>\nM\u00e1xima potencia de arranque y visa \u00fatil extendida &#8211; 20% m\u00e1s de CCA en comparaci\u00f3n con la gama SLA est\u00e1ndar<br \/>\nCapacidad superior &#8211; 20% m\u00e1s pronlongada que las SLA<\/p>\n","protected":false},"featured_media":39434,"template":"","meta":{"_acf_changed":false,"om_disable_all_campaigns":false,"passster_activate_protection":false,"passster_protect_child_pages":"","passster_protection_type":"password","passster_password":"","passster_passwords":"","passster_password_list":"","passster_password_lists":"","passster_activate_user_restriction":"","passster_user_restriction_type":"user-role","passster_user_restriction":"no-role","passster_activate_overwrite_defaults":"","passster_headline":"","passster_instruction":"","passster_placeholder":"","passster_button":"","passster_id":"","passster_activate_misc_settings":"","passster_redirect_url":"","passster_hide":"no","passster_area_shortcode":"","_monsterinsights_skip_tracking":false,"_monsterinsights_sitenote_active":false,"_monsterinsights_sitenote_note":"","_monsterinsights_sitenote_category":0,"_uf_show_specific_survey":0,"_uf_disable_surveys":false},"product_brand":[],"product_cat":[5794,5793,5801,5809,5803,5805],"product_tag":[7299,6672,6648,6681,6682,5952,6520,6017,6011,6009,6008,6013,6010,6203,6204,7300,6345,7152,7153,7154,6652,6444,6409],"class_list":{"0":"post-35610","1":"product","2":"type-product","3":"status-publish","4":"has-post-thumbnail","6":"product_cat-atv-es","7":"product_cat-bateria-es","8":"product_cat-moto-es","9":"product_cat-moto-acuatica-es","10":"product_cat-sla-max-es","11":"product_cat-ssv-utv-es","12":"product_tag-300934-es","13":"product_tag-activado-de-fabrica-es","14":"product_tag-bateria-lista-para-usar-es","15":"product_tag-bb18l-a-es","16":"product_tag-bb18la-es","17":"product_tag-bsli-10-es","18":"product_tag-bsli10-es","19":"product_tag-btx20hl-es","20":"product_tag-btx20hl-max-es","21":"product_tag-btx20hl-bs-es","22":"product_tag-btx20hlbs-es","23":"product_tag-btx20l-bs-es","24":"product_tag-btx20lbs-es","25":"product_tag-fhd20hl-bs-gel-es","26":"product_tag-fhd20hlbs-es","27":"product_tag-gyz20hl-es","28":"product_tag-harley-davidson-battery-es","29":"product_tag-hvt-1-es","30":"product_tag-hvt01-es","31":"product_tag-hvt1-es","32":"product_tag-sellada-es","33":"product_tag-sin-mantenimiento-es","34":"product_tag-sla-max-battery-es","36":"first","37":"instock","38":"virtual","39":"product-type-simple"},"acf":[],"aioseo_notices":[],"yoast_head":"<!-- This site is optimized with the Yoast SEO plugin v24.6 - https:\/\/yoast.com\/wordpress\/plugins\/seo\/ -->\n<title>BGZ20HL - BS BATTERY<\/title>\n<meta name=\"robots\" content=\"index, follow, max-snippet:-1, max-image-preview:large, max-video-preview:-1\" \/>\n<link rel=\"canonical\" href=\"https:\/\/bs-battery.com\/es\/producto\/bgz20hl\/\" \/>\n<meta property=\"og:locale\" content=\"es_ES\" \/>\n<meta property=\"og:type\" content=\"article\" \/>\n<meta property=\"og:title\" content=\"BGZ20HL - BS BATTERY\" \/>\n<meta property=\"og:description\" content=\"Activada de f\u00e1brica - Tecnolog\u00eda AGM (Absorbent Glass Mat) Lista para usarse - S\u00f3lo conectar y usar (Plug &amp; Play) Sin mantenimiento - Dise\u00f1o VRLA (Bater\u00eda de Plomo \u00c1cido Regulada por V\u00e1lvula) Dise\u00f1o a prueba de derrames - Sellada de f\u00e1brica con el electrolito absorbido en una malla de fibra de vidrio No manipular \u00e1cidos - Muy segura M\u00e1xima potencia de arranque y visa \u00fatil extendida - 20% m\u00e1s de CCA en comparaci\u00f3n con la gama SLA est\u00e1ndar Capacidad superior - 20% m\u00e1s pronlongada que las SLA\" \/>\n<meta property=\"og:url\" content=\"https:\/\/bs-battery.com\/es\/producto\/bgz20hl\/\" \/>\n<meta property=\"og:site_name\" content=\"BS BATTERY\" \/>\n<meta property=\"article:modified_time\" content=\"2025-07-25T10:22:11+00:00\" \/>\n<meta property=\"og:image\" content=\"https:\/\/bs-battery.com\/wp-content\/uploads\/2021\/10\/SLAMAX_BGZ20HL_300939_Bat_R_HD-1024x1003.png\" \/>\n\t<meta property=\"og:image:width\" content=\"1024\" \/>\n\t<meta property=\"og:image:height\" content=\"1003\" \/>\n\t<meta property=\"og:image:type\" content=\"image\/png\" \/>\n<meta name=\"twitter:card\" content=\"summary_large_image\" \/>\n<meta name=\"twitter:label1\" content=\"Tiempo de lectura\" \/>\n\t<meta name=\"twitter:data1\" content=\"1 minuto\" \/>\n<script type=\"application\/ld+json\" class=\"yoast-schema-graph\">{\"@context\":\"https:\/\/schema.org\",\"@graph\":[{\"@type\":\"WebPage\",\"@id\":\"https:\/\/bs-battery.com\/es\/producto\/bgz20hl\/\",\"url\":\"https:\/\/bs-battery.com\/es\/producto\/bgz20hl\/\",\"name\":\"BGZ20HL - BS BATTERY\",\"isPartOf\":{\"@id\":\"https:\/\/bs-battery.com\/#website\"},\"primaryImageOfPage\":{\"@id\":\"https:\/\/bs-battery.com\/es\/producto\/bgz20hl\/#primaryimage\"},\"image\":{\"@id\":\"https:\/\/bs-battery.com\/es\/producto\/bgz20hl\/#primaryimage\"},\"thumbnailUrl\":\"https:\/\/bs-battery.com\/wp-content\/uploads\/2021\/10\/SLAMAX_BGZ20HL_300939_Bat_R_HD.png\",\"datePublished\":\"2023-10-20T10:21:32+00:00\",\"dateModified\":\"2025-07-25T10:22:11+00:00\",\"breadcrumb\":{\"@id\":\"https:\/\/bs-battery.com\/es\/producto\/bgz20hl\/#breadcrumb\"},\"inLanguage\":\"es\",\"potentialAction\":[{\"@type\":\"ReadAction\",\"target\":[\"https:\/\/bs-battery.com\/es\/producto\/bgz20hl\/\"]}]},{\"@type\":\"ImageObject\",\"inLanguage\":\"es\",\"@id\":\"https:\/\/bs-battery.com\/es\/producto\/bgz20hl\/#primaryimage\",\"url\":\"https:\/\/bs-battery.com\/wp-content\/uploads\/2021\/10\/SLAMAX_BGZ20HL_300939_Bat_R_HD.png\",\"contentUrl\":\"https:\/\/bs-battery.com\/wp-content\/uploads\/2021\/10\/SLAMAX_BGZ20HL_300939_Bat_R_HD.png\",\"width\":2139,\"height\":2096,\"caption\":\"SLAMAX_BGZ20HL_300939_Bat_R_HD\"},{\"@type\":\"BreadcrumbList\",\"@id\":\"https:\/\/bs-battery.com\/es\/producto\/bgz20hl\/#breadcrumb\",\"itemListElement\":[{\"@type\":\"ListItem\",\"position\":1,\"name\":\"Home\",\"item\":\"https:\/\/bs-battery.com\/es\/\"},{\"@type\":\"ListItem\",\"position\":2,\"name\":\"Shop\",\"item\":\"https:\/\/bs-battery.com\/shop\/\"},{\"@type\":\"ListItem\",\"position\":3,\"name\":\"BGZ20HL\"}]},{\"@type\":\"WebSite\",\"@id\":\"https:\/\/bs-battery.com\/#website\",\"url\":\"https:\/\/bs-battery.com\/\",\"name\":\"BS BATTERY\",\"description\":\"The Power you need...\",\"potentialAction\":[{\"@type\":\"SearchAction\",\"target\":{\"@type\":\"EntryPoint\",\"urlTemplate\":\"https:\/\/bs-battery.com\/?s={search_term_string}\"},\"query-input\":{\"@type\":\"PropertyValueSpecification\",\"valueRequired\":true,\"valueName\":\"search_term_string\"}}],\"inLanguage\":\"es\"}]}<\/script>\n<!-- \/ Yoast SEO plugin. -->","yoast_head_json":{"title":"BGZ20HL - BS BATTERY","robots":{"index":"index","follow":"follow","max-snippet":"max-snippet:-1","max-image-preview":"max-image-preview:large","max-video-preview":"max-video-preview:-1"},"canonical":"https:\/\/bs-battery.com\/es\/producto\/bgz20hl\/","og_locale":"es_ES","og_type":"article","og_title":"BGZ20HL - BS BATTERY","og_description":"Activada de f\u00e1brica - Tecnolog\u00eda AGM (Absorbent Glass Mat) Lista para usarse - S\u00f3lo conectar y usar (Plug & Play) Sin mantenimiento - Dise\u00f1o VRLA (Bater\u00eda de Plomo \u00c1cido Regulada por V\u00e1lvula) Dise\u00f1o a prueba de derrames - Sellada de f\u00e1brica con el electrolito absorbido en una malla de fibra de vidrio No manipular \u00e1cidos - Muy segura M\u00e1xima potencia de arranque y visa \u00fatil extendida - 20% m\u00e1s de CCA en comparaci\u00f3n con la gama SLA est\u00e1ndar Capacidad superior - 20% m\u00e1s pronlongada que las SLA","og_url":"https:\/\/bs-battery.com\/es\/producto\/bgz20hl\/","og_site_name":"BS BATTERY","article_modified_time":"2025-07-25T10:22:11+00:00","og_image":[{"width":1024,"height":1003,"url":"https:\/\/bs-battery.com\/wp-content\/uploads\/2021\/10\/SLAMAX_BGZ20HL_300939_Bat_R_HD-1024x1003.png","type":"image\/png"}],"twitter_card":"summary_large_image","twitter_misc":{"Tiempo de lectura":"1 minuto"},"schema":{"@context":"https:\/\/schema.org","@graph":[{"@type":"WebPage","@id":"https:\/\/bs-battery.com\/es\/producto\/bgz20hl\/","url":"https:\/\/bs-battery.com\/es\/producto\/bgz20hl\/","name":"BGZ20HL - BS BATTERY","isPartOf":{"@id":"https:\/\/bs-battery.com\/#website"},"primaryImageOfPage":{"@id":"https:\/\/bs-battery.com\/es\/producto\/bgz20hl\/#primaryimage"},"image":{"@id":"https:\/\/bs-battery.com\/es\/producto\/bgz20hl\/#primaryimage"},"thumbnailUrl":"https:\/\/bs-battery.com\/wp-content\/uploads\/2021\/10\/SLAMAX_BGZ20HL_300939_Bat_R_HD.png","datePublished":"2023-10-20T10:21:32+00:00","dateModified":"2025-07-25T10:22:11+00:00","breadcrumb":{"@id":"https:\/\/bs-battery.com\/es\/producto\/bgz20hl\/#breadcrumb"},"inLanguage":"es","potentialAction":[{"@type":"ReadAction","target":["https:\/\/bs-battery.com\/es\/producto\/bgz20hl\/"]}]},{"@type":"ImageObject","inLanguage":"es","@id":"https:\/\/bs-battery.com\/es\/producto\/bgz20hl\/#primaryimage","url":"https:\/\/bs-battery.com\/wp-content\/uploads\/2021\/10\/SLAMAX_BGZ20HL_300939_Bat_R_HD.png","contentUrl":"https:\/\/bs-battery.com\/wp-content\/uploads\/2021\/10\/SLAMAX_BGZ20HL_300939_Bat_R_HD.png","width":2139,"height":2096,"caption":"SLAMAX_BGZ20HL_300939_Bat_R_HD"},{"@type":"BreadcrumbList","@id":"https:\/\/bs-battery.com\/es\/producto\/bgz20hl\/#breadcrumb","itemListElement":[{"@type":"ListItem","position":1,"name":"Home","item":"https:\/\/bs-battery.com\/es\/"},{"@type":"ListItem","position":2,"name":"Shop","item":"https:\/\/bs-battery.com\/shop\/"},{"@type":"ListItem","position":3,"name":"BGZ20HL"}]},{"@type":"WebSite","@id":"https:\/\/bs-battery.com\/#website","url":"https:\/\/bs-battery.com\/","name":"BS BATTERY","description":"The Power you need...","potentialAction":[{"@type":"SearchAction","target":{"@type":"EntryPoint","urlTemplate":"https:\/\/bs-battery.com\/?s={search_term_string}"},"query-input":{"@type":"PropertyValueSpecification","valueRequired":true,"valueName":"search_term_string"}}],"inLanguage":"es"}]}},"_links":{"self":[{"href":"https:\/\/bs-battery.com\/es\/wp-json\/wp\/v2\/product\/35610","targetHints":{"allow":["GET"]}}],"collection":[{"href":"https:\/\/bs-battery.com\/es\/wp-json\/wp\/v2\/product"}],"about":[{"href":"https:\/\/bs-battery.com\/es\/wp-json\/wp\/v2\/types\/product"}],"wp:featuredmedia":[{"embeddable":true,"href":"https:\/\/bs-battery.com\/es\/wp-json\/wp\/v2\/media\/39434"}],"wp:attachment":[{"href":"https:\/\/bs-battery.com\/es\/wp-json\/wp\/v2\/media?parent=35610"}],"wp:term":[{"taxonomy":"product_brand","embeddable":true,"href":"https:\/\/bs-battery.com\/es\/wp-json\/wp\/v2\/product_brand?post=35610"},{"taxonomy":"product_cat","embeddable":true,"href":"https:\/\/bs-battery.com\/es\/wp-json\/wp\/v2\/product_cat?post=35610"},{"taxonomy":"product_tag","embeddable":true,"href":"https:\/\/bs-battery.com\/es\/wp-json\/wp\/v2\/product_tag?post=35610"}],"curies":[{"name":"wp","href":"https:\/\/api.w.org\/{rel}","templated":true}]}}