{"id":35639,"date":"2023-08-15T12:49:23","date_gmt":"2023-08-15T10:49:23","guid":{"rendered":"https:\/\/bs-battery.com\/product\/u1-12-ca-ca\/"},"modified":"2025-03-13T12:31:59","modified_gmt":"2025-03-13T11:31:59","slug":"u1-12-ca-ca","status":"publish","type":"product","link":"https:\/\/bs-battery.com\/es\/producto\/u1-12-ca-ca\/","title":{"rendered":"U1-12"},"content":{"rendered":"<p style=\"text-align: justify;\">La bater\u00eda U1-12 Ca\/Ca forma parte de nuestra gama Ca\/Ca. Especialmente dise\u00f1ada para ofrecer una mayor potencia de arranque y una vida \u00fatil m\u00e1s larga, esta bater\u00eda de 12 V y 29 Ah est\u00e1 lista para usar y no requiere ninguna manipulaci\u00f3n del \u00e1cido ni preparaci\u00f3n inicial. <\/p>\n<p>Con la construcci\u00f3n Calcio\/Calcio, la bater\u00eda U1-12 Ca\/Ca tendr\u00e1 un bajo consumo de agua y no necesitar\u00e1 mantenimiento durante toda su vida \u00fatil.<\/p>\n","protected":false},"excerpt":{"rendered":"<p>Absolutamente libre de mantenimiento &#8211; construcci\u00f3n Calcio\/Calcio<br \/>\nListo y f\u00e1cil de usar<br \/>\nSin manipulaci\u00f3n de \u00e1cidos &#8211; muy seguro<br \/>\nMayor potencia a mayor vida \u00fatil<br \/>\nResistencia extrema a las vibraciones<br \/>\nRecipiente ligero de polipropileno<br \/>\nRecipiente termosellado con tapa superior plana<br \/>\nSistemas de ventilaci\u00f3n<\/p>\n","protected":false},"featured_media":44535,"template":"","meta":{"_acf_changed":false,"om_disable_all_campaigns":false,"passster_activate_protection":false,"passster_protect_child_pages":"","passster_protection_type":"password","passster_password":"","passster_passwords":"","passster_password_list":"","passster_password_lists":"","passster_activate_user_restriction":"","passster_user_restriction_type":"user-role","passster_user_restriction":"no-role","passster_activate_overwrite_defaults":"","passster_headline":"","passster_instruction":"","passster_placeholder":"","passster_button":"","passster_id":"","passster_activate_misc_settings":"","passster_redirect_url":"","passster_hide":"no","passster_area_shortcode":"","_monsterinsights_skip_tracking":false,"_monsterinsights_sitenote_active":false,"_monsterinsights_sitenote_note":"","_monsterinsights_sitenote_category":0,"_uf_show_specific_survey":0,"_uf_disable_surveys":false},"product_brand":[],"product_cat":[5794,5793,5795,5797,5805],"product_tag":[7220],"class_list":{"0":"post-35639","1":"product","2":"type-product","3":"status-publish","4":"has-post-thumbnail","6":"product_cat-atv-es","7":"product_cat-bateria-es","8":"product_cat-ca-ca-es","9":"product_cat-jardin-y-cesped-es","10":"product_cat-ssv-utv-es","11":"product_tag-ca-ca-es","13":"first","14":"instock","15":"shipping-taxable","16":"product-type-simple"},"acf":[],"aioseo_notices":[],"yoast_head":"<!-- This site is optimized with the Yoast SEO plugin v24.6 - https:\/\/yoast.com\/wordpress\/plugins\/seo\/ -->\n<title>U1-12 - BS BATTERY<\/title>\n<meta name=\"robots\" content=\"index, follow, max-snippet:-1, max-image-preview:large, max-video-preview:-1\" \/>\n<link rel=\"canonical\" href=\"https:\/\/bs-battery.com\/es\/producto\/u1-12-ca-ca\/\" \/>\n<meta property=\"og:locale\" content=\"es_ES\" \/>\n<meta property=\"og:type\" content=\"article\" \/>\n<meta property=\"og:title\" content=\"U1-12 - BS BATTERY\" \/>\n<meta property=\"og:description\" content=\"Absolutamente libre de mantenimiento - construcci\u00f3n Calcio\/Calcio Listo y f\u00e1cil de usar Sin manipulaci\u00f3n de \u00e1cidos - muy seguro Mayor potencia a mayor vida \u00fatil Resistencia extrema a las vibraciones Recipiente ligero de polipropileno Recipiente termosellado con tapa superior plana Sistemas de ventilaci\u00f3n\" \/>\n<meta property=\"og:url\" content=\"https:\/\/bs-battery.com\/es\/producto\/u1-12-ca-ca\/\" \/>\n<meta property=\"og:site_name\" content=\"BS BATTERY\" \/>\n<meta property=\"article:modified_time\" content=\"2025-03-13T11:31:59+00:00\" \/>\n<meta property=\"og:image\" content=\"https:\/\/bs-battery.com\/wp-content\/uploads\/2023\/08\/2023-CaCa-U1-12_1.png\" \/>\n\t<meta property=\"og:image:width\" content=\"500\" \/>\n\t<meta property=\"og:image:height\" content=\"426\" \/>\n\t<meta property=\"og:image:type\" content=\"image\/png\" \/>\n<meta name=\"twitter:card\" content=\"summary_large_image\" \/>\n<meta name=\"twitter:label1\" content=\"Tiempo de lectura\" \/>\n\t<meta name=\"twitter:data1\" content=\"1 minuto\" \/>\n<script type=\"application\/ld+json\" class=\"yoast-schema-graph\">{\"@context\":\"https:\/\/schema.org\",\"@graph\":[{\"@type\":\"WebPage\",\"@id\":\"https:\/\/bs-battery.com\/es\/producto\/u1-12-ca-ca\/\",\"url\":\"https:\/\/bs-battery.com\/es\/producto\/u1-12-ca-ca\/\",\"name\":\"U1-12 - BS BATTERY\",\"isPartOf\":{\"@id\":\"https:\/\/bs-battery.com\/#website\"},\"primaryImageOfPage\":{\"@id\":\"https:\/\/bs-battery.com\/es\/producto\/u1-12-ca-ca\/#primaryimage\"},\"image\":{\"@id\":\"https:\/\/bs-battery.com\/es\/producto\/u1-12-ca-ca\/#primaryimage\"},\"thumbnailUrl\":\"https:\/\/bs-battery.com\/wp-content\/uploads\/2026\/04\/BS_CaCa_U1_12_LD.png\",\"datePublished\":\"2023-08-15T10:49:23+00:00\",\"dateModified\":\"2025-03-13T11:31:59+00:00\",\"breadcrumb\":{\"@id\":\"https:\/\/bs-battery.com\/es\/producto\/u1-12-ca-ca\/#breadcrumb\"},\"inLanguage\":\"es\",\"potentialAction\":[{\"@type\":\"ReadAction\",\"target\":[\"https:\/\/bs-battery.com\/es\/producto\/u1-12-ca-ca\/\"]}]},{\"@type\":\"ImageObject\",\"inLanguage\":\"es\",\"@id\":\"https:\/\/bs-battery.com\/es\/producto\/u1-12-ca-ca\/#primaryimage\",\"url\":\"https:\/\/bs-battery.com\/wp-content\/uploads\/2026\/04\/BS_CaCa_U1_12_LD.png\",\"contentUrl\":\"https:\/\/bs-battery.com\/wp-content\/uploads\/2026\/04\/BS_CaCa_U1_12_LD.png\",\"width\":1000,\"height\":1000,\"caption\":\"BS_CaCa_U1_12_LD\"},{\"@type\":\"BreadcrumbList\",\"@id\":\"https:\/\/bs-battery.com\/es\/producto\/u1-12-ca-ca\/#breadcrumb\",\"itemListElement\":[{\"@type\":\"ListItem\",\"position\":1,\"name\":\"Home\",\"item\":\"https:\/\/bs-battery.com\/es\/\"},{\"@type\":\"ListItem\",\"position\":2,\"name\":\"Shop\",\"item\":\"https:\/\/bs-battery.com\/shop\/\"},{\"@type\":\"ListItem\",\"position\":3,\"name\":\"U1-12\"}]},{\"@type\":\"WebSite\",\"@id\":\"https:\/\/bs-battery.com\/#website\",\"url\":\"https:\/\/bs-battery.com\/\",\"name\":\"BS BATTERY\",\"description\":\"The Power you need...\",\"potentialAction\":[{\"@type\":\"SearchAction\",\"target\":{\"@type\":\"EntryPoint\",\"urlTemplate\":\"https:\/\/bs-battery.com\/?s={search_term_string}\"},\"query-input\":{\"@type\":\"PropertyValueSpecification\",\"valueRequired\":true,\"valueName\":\"search_term_string\"}}],\"inLanguage\":\"es\"}]}<\/script>\n<!-- \/ Yoast SEO plugin. -->","yoast_head_json":{"title":"U1-12 - BS BATTERY","robots":{"index":"index","follow":"follow","max-snippet":"max-snippet:-1","max-image-preview":"max-image-preview:large","max-video-preview":"max-video-preview:-1"},"canonical":"https:\/\/bs-battery.com\/es\/producto\/u1-12-ca-ca\/","og_locale":"es_ES","og_type":"article","og_title":"U1-12 - BS BATTERY","og_description":"Absolutamente libre de mantenimiento - construcci\u00f3n Calcio\/Calcio Listo y f\u00e1cil de usar Sin manipulaci\u00f3n de \u00e1cidos - muy seguro Mayor potencia a mayor vida \u00fatil Resistencia extrema a las vibraciones Recipiente ligero de polipropileno Recipiente termosellado con tapa superior plana Sistemas de ventilaci\u00f3n","og_url":"https:\/\/bs-battery.com\/es\/producto\/u1-12-ca-ca\/","og_site_name":"BS BATTERY","article_modified_time":"2025-03-13T11:31:59+00:00","og_image":[{"width":500,"height":426,"url":"https:\/\/bs-battery.com\/wp-content\/uploads\/2023\/08\/2023-CaCa-U1-12_1.png","type":"image\/png"}],"twitter_card":"summary_large_image","twitter_misc":{"Tiempo de lectura":"1 minuto"},"schema":{"@context":"https:\/\/schema.org","@graph":[{"@type":"WebPage","@id":"https:\/\/bs-battery.com\/es\/producto\/u1-12-ca-ca\/","url":"https:\/\/bs-battery.com\/es\/producto\/u1-12-ca-ca\/","name":"U1-12 - BS BATTERY","isPartOf":{"@id":"https:\/\/bs-battery.com\/#website"},"primaryImageOfPage":{"@id":"https:\/\/bs-battery.com\/es\/producto\/u1-12-ca-ca\/#primaryimage"},"image":{"@id":"https:\/\/bs-battery.com\/es\/producto\/u1-12-ca-ca\/#primaryimage"},"thumbnailUrl":"https:\/\/bs-battery.com\/wp-content\/uploads\/2026\/04\/BS_CaCa_U1_12_LD.png","datePublished":"2023-08-15T10:49:23+00:00","dateModified":"2025-03-13T11:31:59+00:00","breadcrumb":{"@id":"https:\/\/bs-battery.com\/es\/producto\/u1-12-ca-ca\/#breadcrumb"},"inLanguage":"es","potentialAction":[{"@type":"ReadAction","target":["https:\/\/bs-battery.com\/es\/producto\/u1-12-ca-ca\/"]}]},{"@type":"ImageObject","inLanguage":"es","@id":"https:\/\/bs-battery.com\/es\/producto\/u1-12-ca-ca\/#primaryimage","url":"https:\/\/bs-battery.com\/wp-content\/uploads\/2026\/04\/BS_CaCa_U1_12_LD.png","contentUrl":"https:\/\/bs-battery.com\/wp-content\/uploads\/2026\/04\/BS_CaCa_U1_12_LD.png","width":1000,"height":1000,"caption":"BS_CaCa_U1_12_LD"},{"@type":"BreadcrumbList","@id":"https:\/\/bs-battery.com\/es\/producto\/u1-12-ca-ca\/#breadcrumb","itemListElement":[{"@type":"ListItem","position":1,"name":"Home","item":"https:\/\/bs-battery.com\/es\/"},{"@type":"ListItem","position":2,"name":"Shop","item":"https:\/\/bs-battery.com\/shop\/"},{"@type":"ListItem","position":3,"name":"U1-12"}]},{"@type":"WebSite","@id":"https:\/\/bs-battery.com\/#website","url":"https:\/\/bs-battery.com\/","name":"BS BATTERY","description":"The Power you need...","potentialAction":[{"@type":"SearchAction","target":{"@type":"EntryPoint","urlTemplate":"https:\/\/bs-battery.com\/?s={search_term_string}"},"query-input":{"@type":"PropertyValueSpecification","valueRequired":true,"valueName":"search_term_string"}}],"inLanguage":"es"}]}},"_links":{"self":[{"href":"https:\/\/bs-battery.com\/es\/wp-json\/wp\/v2\/product\/35639","targetHints":{"allow":["GET"]}}],"collection":[{"href":"https:\/\/bs-battery.com\/es\/wp-json\/wp\/v2\/product"}],"about":[{"href":"https:\/\/bs-battery.com\/es\/wp-json\/wp\/v2\/types\/product"}],"wp:featuredmedia":[{"embeddable":true,"href":"https:\/\/bs-battery.com\/es\/wp-json\/wp\/v2\/media\/44535"}],"wp:attachment":[{"href":"https:\/\/bs-battery.com\/es\/wp-json\/wp\/v2\/media?parent=35639"}],"wp:term":[{"taxonomy":"product_brand","embeddable":true,"href":"https:\/\/bs-battery.com\/es\/wp-json\/wp\/v2\/product_brand?post=35639"},{"taxonomy":"product_cat","embeddable":true,"href":"https:\/\/bs-battery.com\/es\/wp-json\/wp\/v2\/product_cat?post=35639"},{"taxonomy":"product_tag","embeddable":true,"href":"https:\/\/bs-battery.com\/es\/wp-json\/wp\/v2\/product_tag?post=35639"}],"curies":[{"name":"wp","href":"https:\/\/api.w.org\/{rel}","templated":true}]}}