{"id":35644,"date":"2022-06-29T17:50:36","date_gmt":"2022-06-29T15:50:36","guid":{"rendered":"https:\/\/bs-battery.com\/product\/bst-1000\/"},"modified":"2025-06-13T12:51:26","modified_gmt":"2025-06-13T10:51:26","slug":"bst-1000","status":"publish","type":"product","link":"https:\/\/bs-battery.com\/es\/producto\/bst-1000\/","title":{"rendered":"BST 1000 &#8211; Probador de bater\u00edas de plomo y litio"},"content":{"rendered":"<p><img loading=\"lazy\" decoding=\"async\" class=\"alignnone wp-image-13710 \" src=\"https:\/\/bs-battery.com\/wp-content\/uploads\/2022\/06\/BST-1000_Black_RVB-300x47.png\" alt=\"\" width=\"217\" height=\"34\" srcset=\"https:\/\/bs-battery.com\/wp-content\/uploads\/2022\/06\/BST-1000_Black_RVB-300x47.png 300w, https:\/\/bs-battery.com\/wp-content\/uploads\/2022\/06\/BST-1000_Black_RVB-1024x161.png 1024w, https:\/\/bs-battery.com\/wp-content\/uploads\/2022\/06\/BST-1000_Black_RVB-150x24.png 150w, https:\/\/bs-battery.com\/wp-content\/uploads\/2022\/06\/BST-1000_Black_RVB-600x94.png 600w, https:\/\/bs-battery.com\/wp-content\/uploads\/2022\/06\/BST-1000_Black_RVB-391x61.png 391w, https:\/\/bs-battery.com\/wp-content\/uploads\/2022\/06\/BST-1000_Black_RVB-400x63.png 400w, https:\/\/bs-battery.com\/wp-content\/uploads\/2022\/06\/BST-1000_Black_RVB-1000x157.png 1000w, https:\/\/bs-battery.com\/wp-content\/uploads\/2022\/06\/BST-1000_Black_RVB.png 1614w\" sizes=\"auto, (max-width: 217px) 100vw, 217px\" \/><\/p>\n<p style=\"text-align: justify;\"><strong><br \/>\nReferencia<\/strong>: 700605<\/p>\n<p style=\"text-align: justify;\">El BST 1000 es un comprobador de bater\u00edas de 12V compatible con bater\u00edas de plomo-\u00e1cido y litio, que ofrece un programa de pruebas completo, incluyendo: Prueba de bater\u00eda, prueba de carga, prueba del alternador, prueba de resistencia, prueba de voltaje y prueba de arranque (CCA &#8211; amperios de arranque en fr\u00edo).<\/p>\n<p style=\"text-align: justify;\">dise\u00f1ado para profesionales, el BST 1000 es la soluci\u00f3n ideal para verificar el estado de la bater\u00eda de tu veh\u00edculo o de tu bater\u00eda deportiva en solo unos minutos.<\/p>\n<p>Descargar controlador de impresi\u00f3n <strong><a href=\"https:\/\/bs-battery.com\/wp-content\/uploads\/2022\/07\/BS-Battery-BST-1000-Battery-Tester-CB.zip\">aqu\u00ed<\/a><\/strong><\/p>\n<div class=\"w-progbar us_custom_bdd5b31a style_4 color_custom hide_count has_text_color\">\n<h3 class=\"w-progbar-title\"><span class=\"w-progbar-title-text\">CARACTER\u00cdSTICAS<\/span><\/h3>\n<div class=\"w-progbar-bar\">\n<div class=\"w-progbar-bar-h\" style=\"height: 2px; width: 50%; transition-duration: 800ms;\"><\/div>\n<\/div>\n<\/div>\n<p><img loading=\"lazy\" decoding=\"async\" class=\"alignnone wp-image-8598\" src=\"https:\/\/bs-battery.com\/wp-content\/uploads\/2021\/11\/chevron-right-duotone.png\" alt=\"\" width=\"13\" height=\"20\" \/> Para bater\u00edas de plomo-\u00e1cido (inundadas, AGM plana, AGM espiral, GEL, EFB) y litio<br \/>\n<img loading=\"lazy\" decoding=\"async\" class=\"alignnone wp-image-8598\" src=\"https:\/\/bs-battery.com\/wp-content\/uploads\/2021\/11\/chevron-right-duotone.png\" alt=\"\" width=\"13\" height=\"20\" \/> Para todas las bater\u00edas de 12 V de veh\u00edculos y motocicletas<br \/>\n<img loading=\"lazy\" decoding=\"async\" class=\"alignnone wp-image-8598\" src=\"https:\/\/bs-battery.com\/wp-content\/uploads\/2021\/11\/chevron-right-duotone.png\" alt=\"\" width=\"13\" height=\"20\" \/> 5 pruebas de bater\u00eda: amperios de arranque en fr\u00edo, tensi\u00f3n, resistencia interna, estado, arranque<br \/>\n<img loading=\"lazy\" decoding=\"async\" class=\"alignnone wp-image-8598\" src=\"https:\/\/bs-battery.com\/wp-content\/uploads\/2021\/11\/chevron-right-duotone.png\" alt=\"\" width=\"13\" height=\"20\" \/> Prueba del sistema de carga y arranque del veh\u00edculo<br \/>\n<img loading=\"lazy\" decoding=\"async\" class=\"alignnone wp-image-8598\" src=\"https:\/\/bs-battery.com\/wp-content\/uploads\/2021\/11\/chevron-right-duotone.png\" alt=\"\" width=\"13\" height=\"20\" \/> F\u00e1cil de leer gracias a la gran pantalla LCD<br \/>\n<img loading=\"lazy\" decoding=\"async\" class=\"alignnone wp-image-8598\" src=\"https:\/\/bs-battery.com\/wp-content\/uploads\/2021\/11\/chevron-right-duotone.png\" alt=\"\" width=\"13\" height=\"20\" \/> Funci\u00f3n de impresi\u00f3n mediante impresora de PC<br \/>\n<img loading=\"lazy\" decoding=\"async\" class=\"alignnone wp-image-8598\" src=\"https:\/\/bs-battery.com\/wp-content\/uploads\/2021\/11\/chevron-right-duotone.png\" alt=\"\" width=\"13\" height=\"20\" \/> Varios idiomas: Ingl\u00e9s, alem\u00e1n, espa\u00f1ol, franc\u00e9s, holand\u00e9s, italiano<br \/>\n<img loading=\"lazy\" decoding=\"async\" class=\"alignnone wp-image-8598\" src=\"https:\/\/bs-battery.com\/wp-content\/uploads\/2021\/11\/chevron-right-duotone.png\" alt=\"\" width=\"13\" height=\"20\" \/> Protecciones contra cortocircuitos y polaridad inversa de la conexi\u00f3n<\/p>\n<div class=\"w-progbar us_custom_bdd5b31a style_4 color_custom hide_count has_text_color\">\n<h3 class=\"w-progbar-title\"><span class=\"w-progbar-title-text\">ESPECIFICACIONES<\/span><\/h3>\n<\/div>\n<div class=\"w-progbar-bar-h\" style=\"height: 2px; width: 50%; transition-duration: 800ms;\"><\/div>\n<p><img loading=\"lazy\" decoding=\"async\" class=\"alignleft wp-image-13746 \" src=\"https:\/\/bs-battery.com\/wp-content\/uploads\/2022\/06\/BST-1000-specs-1024x576.jpg\" alt=\"\" width=\"579\" height=\"326\" srcset=\"https:\/\/bs-battery.com\/wp-content\/uploads\/2022\/06\/BST-1000-specs-1024x576.jpg 1024w, https:\/\/bs-battery.com\/wp-content\/uploads\/2022\/06\/BST-1000-specs-300x169.jpg 300w, https:\/\/bs-battery.com\/wp-content\/uploads\/2022\/06\/BST-1000-specs-150x84.jpg 150w, https:\/\/bs-battery.com\/wp-content\/uploads\/2022\/06\/BST-1000-specs-600x337.jpg 600w, https:\/\/bs-battery.com\/wp-content\/uploads\/2022\/06\/BST-1000-specs-391x220.jpg 391w, https:\/\/bs-battery.com\/wp-content\/uploads\/2022\/06\/BST-1000-specs-400x225.jpg 400w, https:\/\/bs-battery.com\/wp-content\/uploads\/2022\/06\/BST-1000-specs-1000x562.jpg 1000w\" sizes=\"auto, (max-width: 579px) 100vw, 579px\" \/><\/p>\n","protected":false},"excerpt":{"rendered":"<p>Referencia: 700605 El BST 1000 es un comprobador de bater\u00edas de 12V compatible con bater\u00edas de plomo-\u00e1cido y litio, que ofrece un programa de pruebas completo, incluyendo: Prueba de bater\u00eda, prueba de carga, prueba del alternador, prueba de resistencia, prueba de voltaje y prueba de arranque (CCA &#8211; amperios de arranque en fr\u00edo). dise\u00f1ado para&#8230;<\/p>\n","protected":false},"featured_media":35650,"template":"","meta":{"_acf_changed":false,"om_disable_all_campaigns":false,"passster_activate_protection":false,"passster_protect_child_pages":"","passster_protection_type":"password","passster_password":"","passster_passwords":"","passster_password_list":"","passster_password_lists":"","passster_activate_user_restriction":"","passster_user_restriction_type":"user-role","passster_user_restriction":"no-role","passster_activate_overwrite_defaults":"","passster_headline":"","passster_instruction":"","passster_placeholder":"","passster_button":"","passster_id":"","passster_activate_misc_settings":"","passster_redirect_url":"","passster_hide":"no","passster_area_shortcode":"","_monsterinsights_skip_tracking":false,"_monsterinsights_sitenote_active":false,"_monsterinsights_sitenote_note":"","_monsterinsights_sitenote_category":0,"_uf_show_specific_survey":0,"_uf_disable_surveys":false},"product_brand":[],"product_cat":[5810,5814],"product_tag":[7315,7316,7317,7318,6671],"class_list":{"0":"post-35644","1":"product","2":"type-product","3":"status-publish","4":"has-post-thumbnail","6":"product_cat-cargador-booster-tester-y-accesorio-es","7":"product_cat-testers-es","8":"product_tag-700605-es","9":"product_tag-bst-1000-es","10":"product_tag-car-battery-tester-es","11":"product_tag-powerful-battery-tester-es","12":"product_tag-tester-de-bateria-es","14":"first","15":"instock","16":"shipping-taxable","17":"product-type-simple"},"acf":[],"aioseo_notices":[],"yoast_head":"<!-- This site is optimized with the Yoast SEO plugin v24.6 - https:\/\/yoast.com\/wordpress\/plugins\/seo\/ -->\n<title>BST 1000 - Probador de bater\u00edas de plomo y litio - BS BATTERY<\/title>\n<meta name=\"robots\" content=\"index, follow, max-snippet:-1, max-image-preview:large, max-video-preview:-1\" \/>\n<link rel=\"canonical\" href=\"https:\/\/bs-battery.com\/es\/producto\/bst-1000\/\" \/>\n<meta property=\"og:locale\" content=\"es_ES\" \/>\n<meta property=\"og:type\" content=\"article\" \/>\n<meta property=\"og:title\" content=\"BST 1000 - Probador de bater\u00edas de plomo y litio - BS BATTERY\" \/>\n<meta property=\"og:description\" content=\"Referencia: 700605 El BST 1000 es un comprobador de bater\u00edas de 12V compatible con bater\u00edas de plomo-\u00e1cido y litio, que ofrece un programa de pruebas completo, incluyendo: Prueba de bater\u00eda, prueba de carga, prueba del alternador, prueba de resistencia, prueba de voltaje y prueba de arranque (CCA &#8211; amperios de arranque en fr\u00edo). dise\u00f1ado para...\" \/>\n<meta property=\"og:url\" content=\"https:\/\/bs-battery.com\/es\/producto\/bst-1000\/\" \/>\n<meta property=\"og:site_name\" content=\"BS BATTERY\" \/>\n<meta property=\"article:modified_time\" content=\"2025-06-13T10:51:26+00:00\" \/>\n<meta property=\"og:image\" content=\"https:\/\/bs-battery.com\/wp-content\/uploads\/2022\/06\/BST1000-vignette.png\" \/>\n\t<meta property=\"og:image:width\" content=\"500\" \/>\n\t<meta property=\"og:image:height\" content=\"426\" \/>\n\t<meta property=\"og:image:type\" content=\"image\/png\" \/>\n<meta name=\"twitter:card\" content=\"summary_large_image\" \/>\n<meta name=\"twitter:label1\" content=\"Tiempo de lectura\" \/>\n\t<meta name=\"twitter:data1\" content=\"3 minutos\" \/>\n<script type=\"application\/ld+json\" class=\"yoast-schema-graph\">{\"@context\":\"https:\/\/schema.org\",\"@graph\":[{\"@type\":\"WebPage\",\"@id\":\"https:\/\/bs-battery.com\/es\/producto\/bst-1000\/\",\"url\":\"https:\/\/bs-battery.com\/es\/producto\/bst-1000\/\",\"name\":\"BST 1000 - Probador de bater\u00edas de plomo y litio - BS BATTERY\",\"isPartOf\":{\"@id\":\"https:\/\/bs-battery.com\/#website\"},\"primaryImageOfPage\":{\"@id\":\"https:\/\/bs-battery.com\/es\/producto\/bst-1000\/#primaryimage\"},\"image\":{\"@id\":\"https:\/\/bs-battery.com\/es\/producto\/bst-1000\/#primaryimage\"},\"thumbnailUrl\":\"https:\/\/bs-battery.com\/wp-content\/uploads\/2022\/06\/BST1000-vignette.png\",\"datePublished\":\"2022-06-29T15:50:36+00:00\",\"dateModified\":\"2025-06-13T10:51:26+00:00\",\"breadcrumb\":{\"@id\":\"https:\/\/bs-battery.com\/es\/producto\/bst-1000\/#breadcrumb\"},\"inLanguage\":\"es\",\"potentialAction\":[{\"@type\":\"ReadAction\",\"target\":[\"https:\/\/bs-battery.com\/es\/producto\/bst-1000\/\"]}]},{\"@type\":\"ImageObject\",\"inLanguage\":\"es\",\"@id\":\"https:\/\/bs-battery.com\/es\/producto\/bst-1000\/#primaryimage\",\"url\":\"https:\/\/bs-battery.com\/wp-content\/uploads\/2022\/06\/BST1000-vignette.png\",\"contentUrl\":\"https:\/\/bs-battery.com\/wp-content\/uploads\/2022\/06\/BST1000-vignette.png\",\"width\":500,\"height\":426},{\"@type\":\"BreadcrumbList\",\"@id\":\"https:\/\/bs-battery.com\/es\/producto\/bst-1000\/#breadcrumb\",\"itemListElement\":[{\"@type\":\"ListItem\",\"position\":1,\"name\":\"Home\",\"item\":\"https:\/\/bs-battery.com\/es\/\"},{\"@type\":\"ListItem\",\"position\":2,\"name\":\"Shop\",\"item\":\"https:\/\/bs-battery.com\/shop\/\"},{\"@type\":\"ListItem\",\"position\":3,\"name\":\"BST 1000 - Probador de bater\u00edas de plomo y litio\"}]},{\"@type\":\"WebSite\",\"@id\":\"https:\/\/bs-battery.com\/#website\",\"url\":\"https:\/\/bs-battery.com\/\",\"name\":\"BS BATTERY\",\"description\":\"The Power you need...\",\"potentialAction\":[{\"@type\":\"SearchAction\",\"target\":{\"@type\":\"EntryPoint\",\"urlTemplate\":\"https:\/\/bs-battery.com\/?s={search_term_string}\"},\"query-input\":{\"@type\":\"PropertyValueSpecification\",\"valueRequired\":true,\"valueName\":\"search_term_string\"}}],\"inLanguage\":\"es\"}]}<\/script>\n<!-- \/ Yoast SEO plugin. -->","yoast_head_json":{"title":"BST 1000 - Probador de bater\u00edas de plomo y litio - BS BATTERY","robots":{"index":"index","follow":"follow","max-snippet":"max-snippet:-1","max-image-preview":"max-image-preview:large","max-video-preview":"max-video-preview:-1"},"canonical":"https:\/\/bs-battery.com\/es\/producto\/bst-1000\/","og_locale":"es_ES","og_type":"article","og_title":"BST 1000 - Probador de bater\u00edas de plomo y litio - BS BATTERY","og_description":"Referencia: 700605 El BST 1000 es un comprobador de bater\u00edas de 12V compatible con bater\u00edas de plomo-\u00e1cido y litio, que ofrece un programa de pruebas completo, incluyendo: Prueba de bater\u00eda, prueba de carga, prueba del alternador, prueba de resistencia, prueba de voltaje y prueba de arranque (CCA &#8211; amperios de arranque en fr\u00edo). dise\u00f1ado para...","og_url":"https:\/\/bs-battery.com\/es\/producto\/bst-1000\/","og_site_name":"BS BATTERY","article_modified_time":"2025-06-13T10:51:26+00:00","og_image":[{"width":500,"height":426,"url":"https:\/\/bs-battery.com\/wp-content\/uploads\/2022\/06\/BST1000-vignette.png","type":"image\/png"}],"twitter_card":"summary_large_image","twitter_misc":{"Tiempo de lectura":"3 minutos"},"schema":{"@context":"https:\/\/schema.org","@graph":[{"@type":"WebPage","@id":"https:\/\/bs-battery.com\/es\/producto\/bst-1000\/","url":"https:\/\/bs-battery.com\/es\/producto\/bst-1000\/","name":"BST 1000 - Probador de bater\u00edas de plomo y litio - BS BATTERY","isPartOf":{"@id":"https:\/\/bs-battery.com\/#website"},"primaryImageOfPage":{"@id":"https:\/\/bs-battery.com\/es\/producto\/bst-1000\/#primaryimage"},"image":{"@id":"https:\/\/bs-battery.com\/es\/producto\/bst-1000\/#primaryimage"},"thumbnailUrl":"https:\/\/bs-battery.com\/wp-content\/uploads\/2022\/06\/BST1000-vignette.png","datePublished":"2022-06-29T15:50:36+00:00","dateModified":"2025-06-13T10:51:26+00:00","breadcrumb":{"@id":"https:\/\/bs-battery.com\/es\/producto\/bst-1000\/#breadcrumb"},"inLanguage":"es","potentialAction":[{"@type":"ReadAction","target":["https:\/\/bs-battery.com\/es\/producto\/bst-1000\/"]}]},{"@type":"ImageObject","inLanguage":"es","@id":"https:\/\/bs-battery.com\/es\/producto\/bst-1000\/#primaryimage","url":"https:\/\/bs-battery.com\/wp-content\/uploads\/2022\/06\/BST1000-vignette.png","contentUrl":"https:\/\/bs-battery.com\/wp-content\/uploads\/2022\/06\/BST1000-vignette.png","width":500,"height":426},{"@type":"BreadcrumbList","@id":"https:\/\/bs-battery.com\/es\/producto\/bst-1000\/#breadcrumb","itemListElement":[{"@type":"ListItem","position":1,"name":"Home","item":"https:\/\/bs-battery.com\/es\/"},{"@type":"ListItem","position":2,"name":"Shop","item":"https:\/\/bs-battery.com\/shop\/"},{"@type":"ListItem","position":3,"name":"BST 1000 - Probador de bater\u00edas de plomo y litio"}]},{"@type":"WebSite","@id":"https:\/\/bs-battery.com\/#website","url":"https:\/\/bs-battery.com\/","name":"BS BATTERY","description":"The Power you need...","potentialAction":[{"@type":"SearchAction","target":{"@type":"EntryPoint","urlTemplate":"https:\/\/bs-battery.com\/?s={search_term_string}"},"query-input":{"@type":"PropertyValueSpecification","valueRequired":true,"valueName":"search_term_string"}}],"inLanguage":"es"}]}},"_links":{"self":[{"href":"https:\/\/bs-battery.com\/es\/wp-json\/wp\/v2\/product\/35644","targetHints":{"allow":["GET"]}}],"collection":[{"href":"https:\/\/bs-battery.com\/es\/wp-json\/wp\/v2\/product"}],"about":[{"href":"https:\/\/bs-battery.com\/es\/wp-json\/wp\/v2\/types\/product"}],"wp:featuredmedia":[{"embeddable":true,"href":"https:\/\/bs-battery.com\/es\/wp-json\/wp\/v2\/media\/35650"}],"wp:attachment":[{"href":"https:\/\/bs-battery.com\/es\/wp-json\/wp\/v2\/media?parent=35644"}],"wp:term":[{"taxonomy":"product_brand","embeddable":true,"href":"https:\/\/bs-battery.com\/es\/wp-json\/wp\/v2\/product_brand?post=35644"},{"taxonomy":"product_cat","embeddable":true,"href":"https:\/\/bs-battery.com\/es\/wp-json\/wp\/v2\/product_cat?post=35644"},{"taxonomy":"product_tag","embeddable":true,"href":"https:\/\/bs-battery.com\/es\/wp-json\/wp\/v2\/product_tag?post=35644"}],"curies":[{"name":"wp","href":"https:\/\/api.w.org\/{rel}","templated":true}]}}