{"id":35676,"date":"2021-11-09T09:09:09","date_gmt":"2021-11-09T08:09:09","guid":{"rendered":"https:\/\/bs-battery.com\/product\/bsl-hu04\/"},"modified":"2025-03-13T12:39:38","modified_gmt":"2025-03-13T11:39:38","slug":"bsl-hu04","status":"publish","type":"product","link":"https:\/\/bs-battery.com\/es\/producto\/bsl-hu04\/","title":{"rendered":"BSL-HU04"},"content":{"rendered":"<p style=\"text-align: justify;\">La bater\u00eda BSL-HU04 forma parte de nuestra gama de robots. Dise\u00f1ada para un uso intensivo, esta bater\u00eda de 18V y 5,2Ah ofrece la m\u00e1xima autonom\u00eda de trabajo a tu robot, mayor seguridad y un ciclo de vida elevado. <\/p>\n<p><span style=\"text-decoration: underline;\"><strong>Compatibilidad de marca:<\/strong><\/span> HUSQVARNA<br \/>\n<span style=\"text-decoration: underline;\"><strong>Modelos:<\/strong><\/span> 589 58 57-01&#8230;<\/p>\n","protected":false},"excerpt":{"rendered":"<p>Tipo de bater\u00eda compatible<br \/>\nCiclo de vida elevado<br \/>\nBater\u00eda de larga duraci\u00f3n: capacidad a veces superior a la bater\u00eda original<br \/>\nC\u00e9lulas de litio de alta calidad (LG, Samsung, Panasonic,&#8230;)<\/p>\n","protected":false},"featured_media":35678,"template":"","meta":{"_acf_changed":false,"om_disable_all_campaigns":false,"passster_activate_protection":false,"passster_protect_child_pages":"","passster_protection_type":"password","passster_password":"","passster_passwords":"","passster_password_list":"","passster_password_lists":"","passster_activate_user_restriction":"","passster_user_restriction_type":"user-role","passster_user_restriction":"no-role","passster_activate_overwrite_defaults":"","passster_headline":"","passster_instruction":"","passster_placeholder":"","passster_button":"","passster_id":"","passster_activate_misc_settings":"","passster_redirect_url":"","passster_hide":"no","passster_area_shortcode":"","_monsterinsights_skip_tracking":false,"_monsterinsights_sitenote_active":false,"_monsterinsights_sitenote_note":"","_monsterinsights_sitenote_category":0,"_uf_show_specific_survey":0,"_uf_disable_surveys":false},"product_brand":[],"product_cat":[5793,5802],"product_tag":[7338,6670,7339,7340,7341,6649,6650],"class_list":{"0":"post-35676","1":"product","2":"type-product","3":"status-publish","4":"has-post-thumbnail","6":"product_cat-bateria-es","7":"product_cat-robot-es","8":"product_tag-360618-es","9":"product_tag-bateria-de-robot-cortacesped-es","10":"product_tag-bsl-hu04-es","11":"product_tag-bslhu04-es","12":"product_tag-hu04-es","13":"product_tag-robot-cortacesped-es","14":"product_tag-robot-cortacesped-es-es","16":"first","17":"instock","18":"shipping-taxable","19":"product-type-simple"},"acf":[],"aioseo_notices":[],"yoast_head":"<!-- This site is optimized with the Yoast SEO plugin v24.6 - https:\/\/yoast.com\/wordpress\/plugins\/seo\/ -->\n<title>BSL-HU04 - BS BATTERY<\/title>\n<meta name=\"robots\" content=\"index, follow, max-snippet:-1, max-image-preview:large, max-video-preview:-1\" \/>\n<link rel=\"canonical\" href=\"https:\/\/bs-battery.com\/es\/producto\/bsl-hu04\/\" \/>\n<meta property=\"og:locale\" content=\"es_ES\" \/>\n<meta property=\"og:type\" content=\"article\" \/>\n<meta property=\"og:title\" content=\"BSL-HU04 - BS BATTERY\" \/>\n<meta property=\"og:description\" content=\"Tipo de bater\u00eda compatible Ciclo de vida elevado Bater\u00eda de larga duraci\u00f3n: capacidad a veces superior a la bater\u00eda original C\u00e9lulas de litio de alta calidad (LG, Samsung, Panasonic,...)\" \/>\n<meta property=\"og:url\" content=\"https:\/\/bs-battery.com\/es\/producto\/bsl-hu04\/\" \/>\n<meta property=\"og:site_name\" content=\"BS BATTERY\" \/>\n<meta property=\"article:modified_time\" content=\"2025-03-13T11:39:38+00:00\" \/>\n<meta property=\"og:image\" content=\"https:\/\/bs-battery.com\/wp-content\/uploads\/2021\/11\/BSL-HU04-vignette.png\" \/>\n\t<meta property=\"og:image:width\" content=\"500\" \/>\n\t<meta property=\"og:image:height\" content=\"500\" \/>\n\t<meta property=\"og:image:type\" content=\"image\/png\" \/>\n<meta name=\"twitter:card\" content=\"summary_large_image\" \/>\n<meta name=\"twitter:label1\" content=\"Tiempo de lectura\" \/>\n\t<meta name=\"twitter:data1\" content=\"1 minuto\" \/>\n<script type=\"application\/ld+json\" class=\"yoast-schema-graph\">{\"@context\":\"https:\/\/schema.org\",\"@graph\":[{\"@type\":\"WebPage\",\"@id\":\"https:\/\/bs-battery.com\/es\/producto\/bsl-hu04\/\",\"url\":\"https:\/\/bs-battery.com\/es\/producto\/bsl-hu04\/\",\"name\":\"BSL-HU04 - BS BATTERY\",\"isPartOf\":{\"@id\":\"https:\/\/bs-battery.com\/#website\"},\"primaryImageOfPage\":{\"@id\":\"https:\/\/bs-battery.com\/es\/producto\/bsl-hu04\/#primaryimage\"},\"image\":{\"@id\":\"https:\/\/bs-battery.com\/es\/producto\/bsl-hu04\/#primaryimage\"},\"thumbnailUrl\":\"https:\/\/bs-battery.com\/wp-content\/uploads\/2021\/11\/BSL-HU04-vignette.png\",\"datePublished\":\"2021-11-09T08:09:09+00:00\",\"dateModified\":\"2025-03-13T11:39:38+00:00\",\"breadcrumb\":{\"@id\":\"https:\/\/bs-battery.com\/es\/producto\/bsl-hu04\/#breadcrumb\"},\"inLanguage\":\"es\",\"potentialAction\":[{\"@type\":\"ReadAction\",\"target\":[\"https:\/\/bs-battery.com\/es\/producto\/bsl-hu04\/\"]}]},{\"@type\":\"ImageObject\",\"inLanguage\":\"es\",\"@id\":\"https:\/\/bs-battery.com\/es\/producto\/bsl-hu04\/#primaryimage\",\"url\":\"https:\/\/bs-battery.com\/wp-content\/uploads\/2021\/11\/BSL-HU04-vignette.png\",\"contentUrl\":\"https:\/\/bs-battery.com\/wp-content\/uploads\/2021\/11\/BSL-HU04-vignette.png\",\"width\":500,\"height\":500},{\"@type\":\"BreadcrumbList\",\"@id\":\"https:\/\/bs-battery.com\/es\/producto\/bsl-hu04\/#breadcrumb\",\"itemListElement\":[{\"@type\":\"ListItem\",\"position\":1,\"name\":\"Home\",\"item\":\"https:\/\/bs-battery.com\/es\/\"},{\"@type\":\"ListItem\",\"position\":2,\"name\":\"Shop\",\"item\":\"https:\/\/bs-battery.com\/shop\/\"},{\"@type\":\"ListItem\",\"position\":3,\"name\":\"BSL-HU04\"}]},{\"@type\":\"WebSite\",\"@id\":\"https:\/\/bs-battery.com\/#website\",\"url\":\"https:\/\/bs-battery.com\/\",\"name\":\"BS BATTERY\",\"description\":\"The Power you need...\",\"potentialAction\":[{\"@type\":\"SearchAction\",\"target\":{\"@type\":\"EntryPoint\",\"urlTemplate\":\"https:\/\/bs-battery.com\/?s={search_term_string}\"},\"query-input\":{\"@type\":\"PropertyValueSpecification\",\"valueRequired\":true,\"valueName\":\"search_term_string\"}}],\"inLanguage\":\"es\"}]}<\/script>\n<!-- \/ Yoast SEO plugin. -->","yoast_head_json":{"title":"BSL-HU04 - BS BATTERY","robots":{"index":"index","follow":"follow","max-snippet":"max-snippet:-1","max-image-preview":"max-image-preview:large","max-video-preview":"max-video-preview:-1"},"canonical":"https:\/\/bs-battery.com\/es\/producto\/bsl-hu04\/","og_locale":"es_ES","og_type":"article","og_title":"BSL-HU04 - BS BATTERY","og_description":"Tipo de bater\u00eda compatible Ciclo de vida elevado Bater\u00eda de larga duraci\u00f3n: capacidad a veces superior a la bater\u00eda original C\u00e9lulas de litio de alta calidad (LG, Samsung, Panasonic,...)","og_url":"https:\/\/bs-battery.com\/es\/producto\/bsl-hu04\/","og_site_name":"BS BATTERY","article_modified_time":"2025-03-13T11:39:38+00:00","og_image":[{"width":500,"height":500,"url":"https:\/\/bs-battery.com\/wp-content\/uploads\/2021\/11\/BSL-HU04-vignette.png","type":"image\/png"}],"twitter_card":"summary_large_image","twitter_misc":{"Tiempo de lectura":"1 minuto"},"schema":{"@context":"https:\/\/schema.org","@graph":[{"@type":"WebPage","@id":"https:\/\/bs-battery.com\/es\/producto\/bsl-hu04\/","url":"https:\/\/bs-battery.com\/es\/producto\/bsl-hu04\/","name":"BSL-HU04 - BS BATTERY","isPartOf":{"@id":"https:\/\/bs-battery.com\/#website"},"primaryImageOfPage":{"@id":"https:\/\/bs-battery.com\/es\/producto\/bsl-hu04\/#primaryimage"},"image":{"@id":"https:\/\/bs-battery.com\/es\/producto\/bsl-hu04\/#primaryimage"},"thumbnailUrl":"https:\/\/bs-battery.com\/wp-content\/uploads\/2021\/11\/BSL-HU04-vignette.png","datePublished":"2021-11-09T08:09:09+00:00","dateModified":"2025-03-13T11:39:38+00:00","breadcrumb":{"@id":"https:\/\/bs-battery.com\/es\/producto\/bsl-hu04\/#breadcrumb"},"inLanguage":"es","potentialAction":[{"@type":"ReadAction","target":["https:\/\/bs-battery.com\/es\/producto\/bsl-hu04\/"]}]},{"@type":"ImageObject","inLanguage":"es","@id":"https:\/\/bs-battery.com\/es\/producto\/bsl-hu04\/#primaryimage","url":"https:\/\/bs-battery.com\/wp-content\/uploads\/2021\/11\/BSL-HU04-vignette.png","contentUrl":"https:\/\/bs-battery.com\/wp-content\/uploads\/2021\/11\/BSL-HU04-vignette.png","width":500,"height":500},{"@type":"BreadcrumbList","@id":"https:\/\/bs-battery.com\/es\/producto\/bsl-hu04\/#breadcrumb","itemListElement":[{"@type":"ListItem","position":1,"name":"Home","item":"https:\/\/bs-battery.com\/es\/"},{"@type":"ListItem","position":2,"name":"Shop","item":"https:\/\/bs-battery.com\/shop\/"},{"@type":"ListItem","position":3,"name":"BSL-HU04"}]},{"@type":"WebSite","@id":"https:\/\/bs-battery.com\/#website","url":"https:\/\/bs-battery.com\/","name":"BS BATTERY","description":"The Power you need...","potentialAction":[{"@type":"SearchAction","target":{"@type":"EntryPoint","urlTemplate":"https:\/\/bs-battery.com\/?s={search_term_string}"},"query-input":{"@type":"PropertyValueSpecification","valueRequired":true,"valueName":"search_term_string"}}],"inLanguage":"es"}]}},"_links":{"self":[{"href":"https:\/\/bs-battery.com\/es\/wp-json\/wp\/v2\/product\/35676","targetHints":{"allow":["GET"]}}],"collection":[{"href":"https:\/\/bs-battery.com\/es\/wp-json\/wp\/v2\/product"}],"about":[{"href":"https:\/\/bs-battery.com\/es\/wp-json\/wp\/v2\/types\/product"}],"wp:featuredmedia":[{"embeddable":true,"href":"https:\/\/bs-battery.com\/es\/wp-json\/wp\/v2\/media\/35678"}],"wp:attachment":[{"href":"https:\/\/bs-battery.com\/es\/wp-json\/wp\/v2\/media?parent=35676"}],"wp:term":[{"taxonomy":"product_brand","embeddable":true,"href":"https:\/\/bs-battery.com\/es\/wp-json\/wp\/v2\/product_brand?post=35676"},{"taxonomy":"product_cat","embeddable":true,"href":"https:\/\/bs-battery.com\/es\/wp-json\/wp\/v2\/product_cat?post=35676"},{"taxonomy":"product_tag","embeddable":true,"href":"https:\/\/bs-battery.com\/es\/wp-json\/wp\/v2\/product_tag?post=35676"}],"curies":[{"name":"wp","href":"https:\/\/api.w.org\/{rel}","templated":true}]}}