{"id":35767,"date":"2021-10-14T16:39:08","date_gmt":"2021-10-14T14:39:08","guid":{"rendered":"https:\/\/bs-battery.com\/product\/bs-60\/"},"modified":"2026-02-03T11:28:11","modified_gmt":"2026-02-03T10:28:11","slug":"bs-60","status":"publish","type":"product","link":"https:\/\/bs-battery.com\/es\/producto\/bs-60\/","title":{"rendered":"BS 60"},"content":{"rendered":"<p style=\"text-align: justify;\">Dise\u00f1ado para bater\u00edas de plomo-\u00e1cido, el Cargador de bater\u00edas BS BS 60 es un cargador y mantenedor de bater\u00edas inteligente de 12 V con una potencia nominal de 1A\/4A\/6A y adecuado para bater\u00edas de hasta 120 Ah.<\/p>\n<p>Muy seguro y f\u00e1cil de usar, el BS 60 tiene 9 etapas de carga, incluido un modo de reacondicionamiento autom\u00e1tico para bater\u00edas muy descargadas.<br \/>\nSe entrega con 1 juego de pinzas, 1 juego de terminales de anillo fundido y 1 bolsa de viaje de terciopelo.<\/p>\n","protected":false},"excerpt":{"rendered":"<p>Cargador y mantenedor de bater\u00edas inteligente con funci\u00f3n de reacondicionamiento<br \/>\nTipo de bater\u00eda seleccionable (Calcio, Gel, AGM\/H\u00fameda) y velocidad de carga (1A\/4A\/6A)<br \/>\nDiagn\u00f3stico autom\u00e1tico del estado de la bater\u00eda<br \/>\nSalva tu bater\u00eda descargada desde tan s\u00f3lo 2V<br \/>\nSeguro: conexi\u00f3n sin chispas, polaridad inversa, cortocircuito y protecci\u00f3n interna contra sobrecalentamiento<br \/>\nF\u00e1cil de usar: conectar y olvidar<br \/>\nIdeal para cargar durante la temporada de invierno<br \/>\nCapacidad de la bater\u00eda: hasta 120Ah<\/p>\n","protected":false},"featured_media":42792,"template":"","meta":{"_acf_changed":false,"om_disable_all_campaigns":false,"passster_activate_protection":false,"passster_protect_child_pages":"","passster_protection_type":"password","passster_password":"","passster_passwords":"","passster_password_list":"","passster_password_lists":"","passster_activate_user_restriction":"","passster_user_restriction_type":"user-role","passster_user_restriction":"no-role","passster_activate_overwrite_defaults":"","passster_headline":"","passster_instruction":"","passster_placeholder":"","passster_button":"","passster_id":"","passster_activate_misc_settings":"","passster_redirect_url":"","passster_hide":"no","passster_area_shortcode":"","_monsterinsights_skip_tracking":false,"_monsterinsights_sitenote_active":false,"_monsterinsights_sitenote_note":"","_monsterinsights_sitenote_category":0,"_uf_show_specific_survey":0,"_uf_disable_surveys":false},"product_brand":[],"product_cat":[5813,5810],"product_tag":[7362,6124,6669,6441],"class_list":{"0":"post-35767","1":"product","2":"type-product","3":"status-publish","4":"has-post-thumbnail","6":"product_cat-cargador-es","7":"product_cat-cargador-booster-tester-y-accesorio-es","8":"product_tag-700532-es","9":"product_tag-bs-60-es","10":"product_tag-cargador-de-bateria-es","11":"product_tag-cargador-de-bateria-de-plomo-es","13":"first","14":"instock","15":"shipping-taxable","16":"product-type-simple"},"acf":[],"aioseo_notices":[],"yoast_head":"<!-- This site is optimized with the Yoast SEO plugin v24.6 - https:\/\/yoast.com\/wordpress\/plugins\/seo\/ -->\n<title>BS 60 - BS BATTERY<\/title>\n<meta name=\"robots\" content=\"index, follow, max-snippet:-1, max-image-preview:large, max-video-preview:-1\" \/>\n<link rel=\"canonical\" href=\"https:\/\/bs-battery.com\/es\/producto\/bs-60\/\" \/>\n<meta property=\"og:locale\" content=\"es_ES\" \/>\n<meta property=\"og:type\" content=\"article\" \/>\n<meta property=\"og:title\" content=\"BS 60 - BS BATTERY\" \/>\n<meta property=\"og:description\" content=\"Cargador y mantenedor de bater\u00edas inteligente con funci\u00f3n de reacondicionamiento Tipo de bater\u00eda seleccionable (Calcio, Gel, AGM\/H\u00fameda) y velocidad de carga (1A\/4A\/6A) Diagn\u00f3stico autom\u00e1tico del estado de la bater\u00eda Salva tu bater\u00eda descargada desde tan s\u00f3lo 2V Seguro: conexi\u00f3n sin chispas, polaridad inversa, cortocircuito y protecci\u00f3n interna contra sobrecalentamiento F\u00e1cil de usar: conectar y olvidar Ideal para cargar durante la temporada de invierno Capacidad de la bater\u00eda: hasta 120Ah\" \/>\n<meta property=\"og:url\" content=\"https:\/\/bs-battery.com\/es\/producto\/bs-60\/\" \/>\n<meta property=\"og:site_name\" content=\"BS BATTERY\" \/>\n<meta property=\"article:modified_time\" content=\"2026-02-03T10:28:11+00:00\" \/>\n<meta property=\"og:image\" content=\"https:\/\/bs-battery.com\/wp-content\/uploads\/2025\/05\/bs60.png\" \/>\n\t<meta property=\"og:image:width\" content=\"1080\" \/>\n\t<meta property=\"og:image:height\" content=\"1080\" \/>\n\t<meta property=\"og:image:type\" content=\"image\/png\" \/>\n<meta name=\"twitter:card\" content=\"summary_large_image\" \/>\n<meta name=\"twitter:label1\" content=\"Tiempo de lectura\" \/>\n\t<meta name=\"twitter:data1\" content=\"1 minuto\" \/>\n<script type=\"application\/ld+json\" class=\"yoast-schema-graph\">{\"@context\":\"https:\/\/schema.org\",\"@graph\":[{\"@type\":\"WebPage\",\"@id\":\"https:\/\/bs-battery.com\/es\/producto\/bs-60\/\",\"url\":\"https:\/\/bs-battery.com\/es\/producto\/bs-60\/\",\"name\":\"BS 60 - BS BATTERY\",\"isPartOf\":{\"@id\":\"https:\/\/bs-battery.com\/#website\"},\"primaryImageOfPage\":{\"@id\":\"https:\/\/bs-battery.com\/es\/producto\/bs-60\/#primaryimage\"},\"image\":{\"@id\":\"https:\/\/bs-battery.com\/es\/producto\/bs-60\/#primaryimage\"},\"thumbnailUrl\":\"https:\/\/bs-battery.com\/wp-content\/uploads\/2021\/10\/BS60.png\",\"datePublished\":\"2021-10-14T14:39:08+00:00\",\"dateModified\":\"2026-02-03T10:28:11+00:00\",\"breadcrumb\":{\"@id\":\"https:\/\/bs-battery.com\/es\/producto\/bs-60\/#breadcrumb\"},\"inLanguage\":\"es\",\"potentialAction\":[{\"@type\":\"ReadAction\",\"target\":[\"https:\/\/bs-battery.com\/es\/producto\/bs-60\/\"]}]},{\"@type\":\"ImageObject\",\"inLanguage\":\"es\",\"@id\":\"https:\/\/bs-battery.com\/es\/producto\/bs-60\/#primaryimage\",\"url\":\"https:\/\/bs-battery.com\/wp-content\/uploads\/2021\/10\/BS60.png\",\"contentUrl\":\"https:\/\/bs-battery.com\/wp-content\/uploads\/2021\/10\/BS60.png\",\"width\":1080,\"height\":1080,\"caption\":\"BS60\"},{\"@type\":\"BreadcrumbList\",\"@id\":\"https:\/\/bs-battery.com\/es\/producto\/bs-60\/#breadcrumb\",\"itemListElement\":[{\"@type\":\"ListItem\",\"position\":1,\"name\":\"Home\",\"item\":\"https:\/\/bs-battery.com\/es\/\"},{\"@type\":\"ListItem\",\"position\":2,\"name\":\"Shop\",\"item\":\"https:\/\/bs-battery.com\/shop\/\"},{\"@type\":\"ListItem\",\"position\":3,\"name\":\"BS 60\"}]},{\"@type\":\"WebSite\",\"@id\":\"https:\/\/bs-battery.com\/#website\",\"url\":\"https:\/\/bs-battery.com\/\",\"name\":\"BS BATTERY\",\"description\":\"The Power you need...\",\"potentialAction\":[{\"@type\":\"SearchAction\",\"target\":{\"@type\":\"EntryPoint\",\"urlTemplate\":\"https:\/\/bs-battery.com\/?s={search_term_string}\"},\"query-input\":{\"@type\":\"PropertyValueSpecification\",\"valueRequired\":true,\"valueName\":\"search_term_string\"}}],\"inLanguage\":\"es\"}]}<\/script>\n<!-- \/ Yoast SEO plugin. -->","yoast_head_json":{"title":"BS 60 - BS BATTERY","robots":{"index":"index","follow":"follow","max-snippet":"max-snippet:-1","max-image-preview":"max-image-preview:large","max-video-preview":"max-video-preview:-1"},"canonical":"https:\/\/bs-battery.com\/es\/producto\/bs-60\/","og_locale":"es_ES","og_type":"article","og_title":"BS 60 - BS BATTERY","og_description":"Cargador y mantenedor de bater\u00edas inteligente con funci\u00f3n de reacondicionamiento Tipo de bater\u00eda seleccionable (Calcio, Gel, AGM\/H\u00fameda) y velocidad de carga (1A\/4A\/6A) Diagn\u00f3stico autom\u00e1tico del estado de la bater\u00eda Salva tu bater\u00eda descargada desde tan s\u00f3lo 2V Seguro: conexi\u00f3n sin chispas, polaridad inversa, cortocircuito y protecci\u00f3n interna contra sobrecalentamiento F\u00e1cil de usar: conectar y olvidar Ideal para cargar durante la temporada de invierno Capacidad de la bater\u00eda: hasta 120Ah","og_url":"https:\/\/bs-battery.com\/es\/producto\/bs-60\/","og_site_name":"BS BATTERY","article_modified_time":"2026-02-03T10:28:11+00:00","og_image":[{"width":1080,"height":1080,"url":"https:\/\/bs-battery.com\/wp-content\/uploads\/2025\/05\/bs60.png","type":"image\/png"}],"twitter_card":"summary_large_image","twitter_misc":{"Tiempo de lectura":"1 minuto"},"schema":{"@context":"https:\/\/schema.org","@graph":[{"@type":"WebPage","@id":"https:\/\/bs-battery.com\/es\/producto\/bs-60\/","url":"https:\/\/bs-battery.com\/es\/producto\/bs-60\/","name":"BS 60 - BS BATTERY","isPartOf":{"@id":"https:\/\/bs-battery.com\/#website"},"primaryImageOfPage":{"@id":"https:\/\/bs-battery.com\/es\/producto\/bs-60\/#primaryimage"},"image":{"@id":"https:\/\/bs-battery.com\/es\/producto\/bs-60\/#primaryimage"},"thumbnailUrl":"https:\/\/bs-battery.com\/wp-content\/uploads\/2021\/10\/BS60.png","datePublished":"2021-10-14T14:39:08+00:00","dateModified":"2026-02-03T10:28:11+00:00","breadcrumb":{"@id":"https:\/\/bs-battery.com\/es\/producto\/bs-60\/#breadcrumb"},"inLanguage":"es","potentialAction":[{"@type":"ReadAction","target":["https:\/\/bs-battery.com\/es\/producto\/bs-60\/"]}]},{"@type":"ImageObject","inLanguage":"es","@id":"https:\/\/bs-battery.com\/es\/producto\/bs-60\/#primaryimage","url":"https:\/\/bs-battery.com\/wp-content\/uploads\/2021\/10\/BS60.png","contentUrl":"https:\/\/bs-battery.com\/wp-content\/uploads\/2021\/10\/BS60.png","width":1080,"height":1080,"caption":"BS60"},{"@type":"BreadcrumbList","@id":"https:\/\/bs-battery.com\/es\/producto\/bs-60\/#breadcrumb","itemListElement":[{"@type":"ListItem","position":1,"name":"Home","item":"https:\/\/bs-battery.com\/es\/"},{"@type":"ListItem","position":2,"name":"Shop","item":"https:\/\/bs-battery.com\/shop\/"},{"@type":"ListItem","position":3,"name":"BS 60"}]},{"@type":"WebSite","@id":"https:\/\/bs-battery.com\/#website","url":"https:\/\/bs-battery.com\/","name":"BS BATTERY","description":"The Power you need...","potentialAction":[{"@type":"SearchAction","target":{"@type":"EntryPoint","urlTemplate":"https:\/\/bs-battery.com\/?s={search_term_string}"},"query-input":{"@type":"PropertyValueSpecification","valueRequired":true,"valueName":"search_term_string"}}],"inLanguage":"es"}]}},"_links":{"self":[{"href":"https:\/\/bs-battery.com\/es\/wp-json\/wp\/v2\/product\/35767","targetHints":{"allow":["GET"]}}],"collection":[{"href":"https:\/\/bs-battery.com\/es\/wp-json\/wp\/v2\/product"}],"about":[{"href":"https:\/\/bs-battery.com\/es\/wp-json\/wp\/v2\/types\/product"}],"wp:featuredmedia":[{"embeddable":true,"href":"https:\/\/bs-battery.com\/es\/wp-json\/wp\/v2\/media\/42792"}],"wp:attachment":[{"href":"https:\/\/bs-battery.com\/es\/wp-json\/wp\/v2\/media?parent=35767"}],"wp:term":[{"taxonomy":"product_brand","embeddable":true,"href":"https:\/\/bs-battery.com\/es\/wp-json\/wp\/v2\/product_brand?post=35767"},{"taxonomy":"product_cat","embeddable":true,"href":"https:\/\/bs-battery.com\/es\/wp-json\/wp\/v2\/product_cat?post=35767"},{"taxonomy":"product_tag","embeddable":true,"href":"https:\/\/bs-battery.com\/es\/wp-json\/wp\/v2\/product_tag?post=35767"}],"curies":[{"name":"wp","href":"https:\/\/api.w.org\/{rel}","templated":true}]}}