{"id":35864,"date":"2024-09-10T08:00:47","date_gmt":"2021-10-22T11:54:47","guid":{"rendered":"https:\/\/bs-battery.com\/product\/cl-02\/"},"modified":"2026-01-19T09:23:28","modified_gmt":"2026-01-19T08:23:28","slug":"cl-02","status":"publish","type":"product","link":"https:\/\/bs-battery.com\/es\/producto\/cl-02\/","title":{"rendered":"CL 02 &#8211; BS Clamps"},"content":{"rendered":"<p style=\"text-align: justify;\">Aisladas y seguras, estas pinzas est\u00e1n incluidas con todos nuestros cargadores inteligentes BS. Pr\u00e1cticas y f\u00e1ciles de usar, son la soluci\u00f3n ideal para mover r\u00e1pidamente su cargador entre diferentes modelos de bater\u00edas.<\/p>\n<p><span class=\"ui-provider a b c d e f g h i j k l m n o p q r s t u v w x y z ab ac ae af ag ah ai aj ak\" dir=\"ltr\"><strong>Referencia<\/strong>: 700535<\/span><\/p>\n","protected":false},"excerpt":{"rendered":"<p>Aisladas y seguras, estas pinzas est\u00e1n incluidas con todos nuestros cargadores inteligentes BS. Pr\u00e1cticas y f\u00e1ciles de usar, son la soluci\u00f3n ideal para mover r\u00e1pidamente su cargador entre diferentes modelos de bater\u00edas. Referencia: 700535<\/p>\n","protected":false},"featured_media":39760,"template":"","meta":{"_acf_changed":false,"om_disable_all_campaigns":false,"passster_activate_protection":false,"passster_protect_child_pages":"","passster_protection_type":"password","passster_password":"","passster_passwords":"","passster_password_list":"","passster_password_lists":"","passster_activate_user_restriction":"","passster_user_restriction_type":"user-role","passster_user_restriction":"no-role","passster_activate_overwrite_defaults":"","passster_headline":"","passster_instruction":"","passster_placeholder":"","passster_button":"","passster_id":"","passster_activate_misc_settings":"","passster_redirect_url":"","passster_hide":"no","passster_area_shortcode":"","_monsterinsights_skip_tracking":false,"_monsterinsights_sitenote_active":false,"_monsterinsights_sitenote_note":"","_monsterinsights_sitenote_category":0,"_uf_show_specific_survey":0,"_uf_disable_surveys":false},"product_brand":[],"product_cat":[5811,5810],"product_tag":[7352,6673,6671],"class_list":{"0":"post-35864","1":"product","2":"type-product","3":"status-publish","4":"has-post-thumbnail","6":"product_cat-accesorios-es","7":"product_cat-cargador-booster-tester-y-accesorio-es","8":"product_tag-700535-es","9":"product_tag-enchufe-de-cigarro-es","10":"product_tag-tester-de-bateria-es","12":"first","13":"instock","14":"shipping-taxable","15":"product-type-simple"},"acf":[],"aioseo_notices":[],"yoast_head":"<!-- This site is optimized with the Yoast SEO plugin v24.6 - https:\/\/yoast.com\/wordpress\/plugins\/seo\/ -->\n<title>CL 02 - BS Clamps - BS BATTERY<\/title>\n<meta name=\"robots\" content=\"index, follow, max-snippet:-1, max-image-preview:large, max-video-preview:-1\" \/>\n<link rel=\"canonical\" href=\"https:\/\/bs-battery.com\/es\/producto\/cl-02\/\" \/>\n<meta property=\"og:locale\" content=\"es_ES\" \/>\n<meta property=\"og:type\" content=\"article\" \/>\n<meta property=\"og:title\" content=\"CL 02 - BS Clamps - BS BATTERY\" \/>\n<meta property=\"og:description\" content=\"Aisladas y seguras, estas pinzas est\u00e1n incluidas con todos nuestros cargadores inteligentes BS. Pr\u00e1cticas y f\u00e1ciles de usar, son la soluci\u00f3n ideal para mover r\u00e1pidamente su cargador entre diferentes modelos de bater\u00edas. Referencia: 700535\" \/>\n<meta property=\"og:url\" content=\"https:\/\/bs-battery.com\/es\/producto\/cl-02\/\" \/>\n<meta property=\"og:site_name\" content=\"BS BATTERY\" \/>\n<meta property=\"article:modified_time\" content=\"2026-01-19T08:23:28+00:00\" \/>\n<meta property=\"og:image\" content=\"https:\/\/bs-battery.com\/wp-content\/uploads\/2024\/09\/CL02.png\" \/>\n\t<meta property=\"og:image:width\" content=\"500\" \/>\n\t<meta property=\"og:image:height\" content=\"500\" \/>\n\t<meta property=\"og:image:type\" content=\"image\/png\" \/>\n<meta name=\"twitter:card\" content=\"summary_large_image\" \/>\n<meta name=\"twitter:label1\" content=\"Tiempo de lectura\" \/>\n\t<meta name=\"twitter:data1\" content=\"1 minuto\" \/>\n<script type=\"application\/ld+json\" class=\"yoast-schema-graph\">{\"@context\":\"https:\/\/schema.org\",\"@graph\":[{\"@type\":\"WebPage\",\"@id\":\"https:\/\/bs-battery.com\/es\/producto\/cl-02\/\",\"url\":\"https:\/\/bs-battery.com\/es\/producto\/cl-02\/\",\"name\":\"CL 02 - BS Clamps - BS BATTERY\",\"isPartOf\":{\"@id\":\"https:\/\/bs-battery.com\/#website\"},\"primaryImageOfPage\":{\"@id\":\"https:\/\/bs-battery.com\/es\/producto\/cl-02\/#primaryimage\"},\"image\":{\"@id\":\"https:\/\/bs-battery.com\/es\/producto\/cl-02\/#primaryimage\"},\"thumbnailUrl\":\"https:\/\/bs-battery.com\/wp-content\/uploads\/2024\/09\/CL02.png\",\"datePublished\":\"2021-10-22T11:54:47+00:00\",\"dateModified\":\"2026-01-19T08:23:28+00:00\",\"breadcrumb\":{\"@id\":\"https:\/\/bs-battery.com\/es\/producto\/cl-02\/#breadcrumb\"},\"inLanguage\":\"es\",\"potentialAction\":[{\"@type\":\"ReadAction\",\"target\":[\"https:\/\/bs-battery.com\/es\/producto\/cl-02\/\"]}]},{\"@type\":\"ImageObject\",\"inLanguage\":\"es\",\"@id\":\"https:\/\/bs-battery.com\/es\/producto\/cl-02\/#primaryimage\",\"url\":\"https:\/\/bs-battery.com\/wp-content\/uploads\/2024\/09\/CL02.png\",\"contentUrl\":\"https:\/\/bs-battery.com\/wp-content\/uploads\/2024\/09\/CL02.png\",\"width\":500,\"height\":500,\"caption\":\"CL02\"},{\"@type\":\"BreadcrumbList\",\"@id\":\"https:\/\/bs-battery.com\/es\/producto\/cl-02\/#breadcrumb\",\"itemListElement\":[{\"@type\":\"ListItem\",\"position\":1,\"name\":\"Home\",\"item\":\"https:\/\/bs-battery.com\/es\/\"},{\"@type\":\"ListItem\",\"position\":2,\"name\":\"Shop\",\"item\":\"https:\/\/bs-battery.com\/shop\/\"},{\"@type\":\"ListItem\",\"position\":3,\"name\":\"CL 02 - BS Clamps\"}]},{\"@type\":\"WebSite\",\"@id\":\"https:\/\/bs-battery.com\/#website\",\"url\":\"https:\/\/bs-battery.com\/\",\"name\":\"BS BATTERY\",\"description\":\"The Power you need...\",\"potentialAction\":[{\"@type\":\"SearchAction\",\"target\":{\"@type\":\"EntryPoint\",\"urlTemplate\":\"https:\/\/bs-battery.com\/?s={search_term_string}\"},\"query-input\":{\"@type\":\"PropertyValueSpecification\",\"valueRequired\":true,\"valueName\":\"search_term_string\"}}],\"inLanguage\":\"es\"}]}<\/script>\n<!-- \/ Yoast SEO plugin. -->","yoast_head_json":{"title":"CL 02 - BS Clamps - BS BATTERY","robots":{"index":"index","follow":"follow","max-snippet":"max-snippet:-1","max-image-preview":"max-image-preview:large","max-video-preview":"max-video-preview:-1"},"canonical":"https:\/\/bs-battery.com\/es\/producto\/cl-02\/","og_locale":"es_ES","og_type":"article","og_title":"CL 02 - BS Clamps - BS BATTERY","og_description":"Aisladas y seguras, estas pinzas est\u00e1n incluidas con todos nuestros cargadores inteligentes BS. Pr\u00e1cticas y f\u00e1ciles de usar, son la soluci\u00f3n ideal para mover r\u00e1pidamente su cargador entre diferentes modelos de bater\u00edas. Referencia: 700535","og_url":"https:\/\/bs-battery.com\/es\/producto\/cl-02\/","og_site_name":"BS BATTERY","article_modified_time":"2026-01-19T08:23:28+00:00","og_image":[{"width":500,"height":500,"url":"https:\/\/bs-battery.com\/wp-content\/uploads\/2024\/09\/CL02.png","type":"image\/png"}],"twitter_card":"summary_large_image","twitter_misc":{"Tiempo de lectura":"1 minuto"},"schema":{"@context":"https:\/\/schema.org","@graph":[{"@type":"WebPage","@id":"https:\/\/bs-battery.com\/es\/producto\/cl-02\/","url":"https:\/\/bs-battery.com\/es\/producto\/cl-02\/","name":"CL 02 - BS Clamps - BS BATTERY","isPartOf":{"@id":"https:\/\/bs-battery.com\/#website"},"primaryImageOfPage":{"@id":"https:\/\/bs-battery.com\/es\/producto\/cl-02\/#primaryimage"},"image":{"@id":"https:\/\/bs-battery.com\/es\/producto\/cl-02\/#primaryimage"},"thumbnailUrl":"https:\/\/bs-battery.com\/wp-content\/uploads\/2024\/09\/CL02.png","datePublished":"2021-10-22T11:54:47+00:00","dateModified":"2026-01-19T08:23:28+00:00","breadcrumb":{"@id":"https:\/\/bs-battery.com\/es\/producto\/cl-02\/#breadcrumb"},"inLanguage":"es","potentialAction":[{"@type":"ReadAction","target":["https:\/\/bs-battery.com\/es\/producto\/cl-02\/"]}]},{"@type":"ImageObject","inLanguage":"es","@id":"https:\/\/bs-battery.com\/es\/producto\/cl-02\/#primaryimage","url":"https:\/\/bs-battery.com\/wp-content\/uploads\/2024\/09\/CL02.png","contentUrl":"https:\/\/bs-battery.com\/wp-content\/uploads\/2024\/09\/CL02.png","width":500,"height":500,"caption":"CL02"},{"@type":"BreadcrumbList","@id":"https:\/\/bs-battery.com\/es\/producto\/cl-02\/#breadcrumb","itemListElement":[{"@type":"ListItem","position":1,"name":"Home","item":"https:\/\/bs-battery.com\/es\/"},{"@type":"ListItem","position":2,"name":"Shop","item":"https:\/\/bs-battery.com\/shop\/"},{"@type":"ListItem","position":3,"name":"CL 02 - BS Clamps"}]},{"@type":"WebSite","@id":"https:\/\/bs-battery.com\/#website","url":"https:\/\/bs-battery.com\/","name":"BS BATTERY","description":"The Power you need...","potentialAction":[{"@type":"SearchAction","target":{"@type":"EntryPoint","urlTemplate":"https:\/\/bs-battery.com\/?s={search_term_string}"},"query-input":{"@type":"PropertyValueSpecification","valueRequired":true,"valueName":"search_term_string"}}],"inLanguage":"es"}]}},"_links":{"self":[{"href":"https:\/\/bs-battery.com\/es\/wp-json\/wp\/v2\/product\/35864","targetHints":{"allow":["GET"]}}],"collection":[{"href":"https:\/\/bs-battery.com\/es\/wp-json\/wp\/v2\/product"}],"about":[{"href":"https:\/\/bs-battery.com\/es\/wp-json\/wp\/v2\/types\/product"}],"wp:featuredmedia":[{"embeddable":true,"href":"https:\/\/bs-battery.com\/es\/wp-json\/wp\/v2\/media\/39760"}],"wp:attachment":[{"href":"https:\/\/bs-battery.com\/es\/wp-json\/wp\/v2\/media?parent=35864"}],"wp:term":[{"taxonomy":"product_brand","embeddable":true,"href":"https:\/\/bs-battery.com\/es\/wp-json\/wp\/v2\/product_brand?post=35864"},{"taxonomy":"product_cat","embeddable":true,"href":"https:\/\/bs-battery.com\/es\/wp-json\/wp\/v2\/product_cat?post=35864"},{"taxonomy":"product_tag","embeddable":true,"href":"https:\/\/bs-battery.com\/es\/wp-json\/wp\/v2\/product_tag?post=35864"}],"curies":[{"name":"wp","href":"https:\/\/api.w.org\/{rel}","templated":true}]}}