{"id":35866,"date":"2024-09-12T13:52:46","date_gmt":"2021-10-20T11:52:46","guid":{"rendered":"https:\/\/bs-battery.com\/product\/pa-01\/"},"modified":"2025-10-17T11:37:54","modified_gmt":"2025-10-17T09:37:54","slug":"pa-01","status":"publish","type":"product","link":"https:\/\/bs-battery.com\/es\/producto\/pa-01\/","title":{"rendered":"PA01 &#8211; Eyelet terminal connector (M6)"},"content":{"rendered":"<p><img loading=\"lazy\" decoding=\"async\" class=\"alignnone wp-image-13710 \" src=\"https:\/\/bs-battery.com\/wp-content\/uploads\/2024\/02\/Logo-PA01-1.png\" alt=\"\" width=\"187\" height=\"62\" \/><\/p>\n<p><span class=\"ui-provider a b c d e f g h i j k l m n o p q r s t u v w x y z ab ac ae af ag ah ai aj ak\" dir=\"ltr\"><strong>Referencia<\/strong>: 700513<\/span><\/p>\n<p><span style=\"color: #000000;\">Esta conexi\u00f3n es la soluci\u00f3n ideal si su bater\u00eda es dif\u00edcil de acceder, est\u00e1 oculta o si no puede utilizar pinzas. Simplemente conecte los terminales de ojal a la bater\u00eda y cargue normalmente. Este accesorio es compatible con todos los cargadores BS y con cualquier cargador equipado con enchufe SAE.<\/span><\/p>\n<p><span style=\"font-family: inherit; font-size: 30px; font-weight: bold; letter-spacing: 0.03em;\">CARACTER\u00cdSTICAS<\/span><\/p>\n<div class=\"w-progbar us_custom_bdd5b31a style_4 color_custom hide_count has_text_color\">\n<div class=\"w-progbar-bar\">\n<div class=\"w-progbar-bar-h\" style=\"height: 2px; width: 50%; transition-duration: 800ms;\"><\/div>\n<\/div>\n<\/div>\n<p><img loading=\"lazy\" decoding=\"async\" class=\"alignnone wp-image-8598\" src=\"https:\/\/bs-battery.com\/wp-content\/uploads\/2021\/11\/chevron-right-duotone.png\" alt=\"\" width=\"13\" height=\"20\" \/>\u00a0 Cable con terminales de anillo fusionados: soluci\u00f3n ideal si su bater\u00eda es dif\u00edcil de acceder<br \/>\n<img loading=\"lazy\" decoding=\"async\" class=\"alignnone wp-image-8598\" src=\"https:\/\/bs-battery.com\/wp-content\/uploads\/2021\/11\/chevron-right-duotone.png\" alt=\"\" width=\"13\" height=\"20\" \/>\u00a0 Para todas las bater\u00edas de veh\u00edculos y motocicletas de 12V<br \/>\n<img loading=\"lazy\" decoding=\"async\" class=\"alignnone wp-image-8598\" src=\"https:\/\/bs-battery.com\/wp-content\/uploads\/2021\/11\/chevron-right-duotone.png\" alt=\"\" width=\"13\" height=\"20\" \/>\u00a0 F\u00e1cil de conectar:<br \/>\n&#8211; Conecte el terminal de ojo rojo al borne positivo de la bater\u00eda (+).<br \/>\n&#8211; Conecte el terminal de ojo negro al borne negativo de la bater\u00eda (-).<br \/>\n&#8211; Conecte este accesorio a la conexi\u00f3n r\u00e1pida de su cargador BS.<br \/>\n<img loading=\"lazy\" decoding=\"async\" class=\"alignnone wp-image-8598\" src=\"https:\/\/bs-battery.com\/wp-content\/uploads\/2021\/11\/chevron-right-duotone.png\" alt=\"\" width=\"13\" height=\"20\" \/>\u00a0 2 x terminales de ojo M6 (1\/4&#8243;)<br \/>\n<img loading=\"lazy\" decoding=\"async\" class=\"alignnone wp-image-8598\" src=\"https:\/\/bs-battery.com\/wp-content\/uploads\/2021\/11\/chevron-right-duotone.png\" alt=\"\" width=\"13\" height=\"20\" \/>\u00a0 Fusible de 3A<br \/>\n<img loading=\"lazy\" decoding=\"async\" class=\"alignnone wp-image-8598\" src=\"https:\/\/bs-battery.com\/wp-content\/uploads\/2021\/11\/chevron-right-duotone.png\" alt=\"\" width=\"13\" height=\"20\" \/>\u00a0 Cable de 61 cm (24,00&#8243;) \/ 0,82 mm\u00b2 (18AWG)<br \/>\n<img loading=\"lazy\" decoding=\"async\" class=\"alignnone wp-image-8598\" src=\"https:\/\/bs-battery.com\/wp-content\/uploads\/2021\/11\/chevron-right-duotone.png\" alt=\"\" width=\"13\" height=\"20\" \/>\u00a0 Seguro: conexi\u00f3n sin chispas, protecci\u00f3n contra inversi\u00f3n de polaridad, cortocircuito y sobrecalentamiento interno.<\/p>\n","protected":false},"excerpt":{"rendered":"<p>Referencia: 700513 Esta conexi\u00f3n es la soluci\u00f3n ideal si su bater\u00eda es dif\u00edcil de acceder, est\u00e1 oculta o si no puede utilizar pinzas. Simplemente conecte los terminales de ojal a la bater\u00eda y cargue normalmente. Este accesorio es compatible con todos los cargadores BS y con cualquier cargador equipado con enchufe SAE. CARACTER\u00cdSTICAS \u00a0 Cable&#8230;<\/p>\n","protected":false},"featured_media":39766,"template":"","meta":{"_acf_changed":false,"om_disable_all_campaigns":false,"passster_activate_protection":false,"passster_protect_child_pages":"","passster_protection_type":"password","passster_password":"","passster_passwords":"","passster_password_list":"","passster_password_lists":"","passster_activate_user_restriction":"","passster_user_restriction_type":"user-role","passster_user_restriction":"no-role","passster_activate_overwrite_defaults":"","passster_headline":"","passster_instruction":"","passster_placeholder":"","passster_button":"","passster_id":"","passster_activate_misc_settings":"","passster_redirect_url":"","passster_hide":"no","passster_area_shortcode":"","_monsterinsights_skip_tracking":false,"_monsterinsights_sitenote_active":false,"_monsterinsights_sitenote_note":"","_monsterinsights_sitenote_category":0,"_uf_show_specific_survey":0,"_uf_disable_surveys":false},"product_brand":[],"product_cat":[5811,5810],"product_tag":[7353,6673,6389,6671],"class_list":{"0":"post-35866","1":"product","2":"type-product","3":"status-publish","4":"has-post-thumbnail","6":"product_cat-accesorios-es","7":"product_cat-cargador-booster-tester-y-accesorio-es","8":"product_tag-700513-es","9":"product_tag-enchufe-de-cigarro-es","10":"product_tag-pa01-es","11":"product_tag-tester-de-bateria-es","13":"first","14":"instock","15":"shipping-taxable","16":"product-type-simple"},"acf":[],"aioseo_notices":[],"yoast_head":"<!-- This site is optimized with the Yoast SEO plugin v24.6 - https:\/\/yoast.com\/wordpress\/plugins\/seo\/ -->\n<title>PA01 - Eyelet terminal connector (M6) - BS BATTERY<\/title>\n<meta name=\"robots\" content=\"index, follow, max-snippet:-1, max-image-preview:large, max-video-preview:-1\" \/>\n<link rel=\"canonical\" href=\"https:\/\/bs-battery.com\/es\/producto\/pa-01\/\" \/>\n<meta property=\"og:locale\" content=\"es_ES\" \/>\n<meta property=\"og:type\" content=\"article\" \/>\n<meta property=\"og:title\" content=\"PA01 - Eyelet terminal connector (M6) - BS BATTERY\" \/>\n<meta property=\"og:description\" content=\"Referencia: 700513 Esta conexi\u00f3n es la soluci\u00f3n ideal si su bater\u00eda es dif\u00edcil de acceder, est\u00e1 oculta o si no puede utilizar pinzas. Simplemente conecte los terminales de ojal a la bater\u00eda y cargue normalmente. Este accesorio es compatible con todos los cargadores BS y con cualquier cargador equipado con enchufe SAE. CARACTER\u00cdSTICAS \u00a0 Cable...\" \/>\n<meta property=\"og:url\" content=\"https:\/\/bs-battery.com\/es\/producto\/pa-01\/\" \/>\n<meta property=\"og:site_name\" content=\"BS BATTERY\" \/>\n<meta property=\"article:modified_time\" content=\"2025-10-17T09:37:54+00:00\" \/>\n<meta property=\"og:image\" content=\"https:\/\/bs-battery.com\/wp-content\/uploads\/2024\/09\/PA01.png\" \/>\n\t<meta property=\"og:image:width\" content=\"500\" \/>\n\t<meta property=\"og:image:height\" content=\"500\" \/>\n\t<meta property=\"og:image:type\" content=\"image\/png\" \/>\n<meta name=\"twitter:card\" content=\"summary_large_image\" \/>\n<meta name=\"twitter:label1\" content=\"Tiempo de lectura\" \/>\n\t<meta name=\"twitter:data1\" content=\"3 minutos\" \/>\n<script type=\"application\/ld+json\" class=\"yoast-schema-graph\">{\"@context\":\"https:\/\/schema.org\",\"@graph\":[{\"@type\":\"WebPage\",\"@id\":\"https:\/\/bs-battery.com\/es\/producto\/pa-01\/\",\"url\":\"https:\/\/bs-battery.com\/es\/producto\/pa-01\/\",\"name\":\"PA01 - Eyelet terminal connector (M6) - BS BATTERY\",\"isPartOf\":{\"@id\":\"https:\/\/bs-battery.com\/#website\"},\"primaryImageOfPage\":{\"@id\":\"https:\/\/bs-battery.com\/es\/producto\/pa-01\/#primaryimage\"},\"image\":{\"@id\":\"https:\/\/bs-battery.com\/es\/producto\/pa-01\/#primaryimage\"},\"thumbnailUrl\":\"https:\/\/bs-battery.com\/wp-content\/uploads\/2024\/09\/PA01.png\",\"datePublished\":\"2021-10-20T11:52:46+00:00\",\"dateModified\":\"2025-10-17T09:37:54+00:00\",\"breadcrumb\":{\"@id\":\"https:\/\/bs-battery.com\/es\/producto\/pa-01\/#breadcrumb\"},\"inLanguage\":\"es\",\"potentialAction\":[{\"@type\":\"ReadAction\",\"target\":[\"https:\/\/bs-battery.com\/es\/producto\/pa-01\/\"]}]},{\"@type\":\"ImageObject\",\"inLanguage\":\"es\",\"@id\":\"https:\/\/bs-battery.com\/es\/producto\/pa-01\/#primaryimage\",\"url\":\"https:\/\/bs-battery.com\/wp-content\/uploads\/2024\/09\/PA01.png\",\"contentUrl\":\"https:\/\/bs-battery.com\/wp-content\/uploads\/2024\/09\/PA01.png\",\"width\":500,\"height\":500,\"caption\":\"PA01\"},{\"@type\":\"BreadcrumbList\",\"@id\":\"https:\/\/bs-battery.com\/es\/producto\/pa-01\/#breadcrumb\",\"itemListElement\":[{\"@type\":\"ListItem\",\"position\":1,\"name\":\"Home\",\"item\":\"https:\/\/bs-battery.com\/es\/\"},{\"@type\":\"ListItem\",\"position\":2,\"name\":\"Shop\",\"item\":\"https:\/\/bs-battery.com\/shop\/\"},{\"@type\":\"ListItem\",\"position\":3,\"name\":\"PA01 - Eyelet terminal connector (M6)\"}]},{\"@type\":\"WebSite\",\"@id\":\"https:\/\/bs-battery.com\/#website\",\"url\":\"https:\/\/bs-battery.com\/\",\"name\":\"BS BATTERY\",\"description\":\"The Power you need...\",\"potentialAction\":[{\"@type\":\"SearchAction\",\"target\":{\"@type\":\"EntryPoint\",\"urlTemplate\":\"https:\/\/bs-battery.com\/?s={search_term_string}\"},\"query-input\":{\"@type\":\"PropertyValueSpecification\",\"valueRequired\":true,\"valueName\":\"search_term_string\"}}],\"inLanguage\":\"es\"}]}<\/script>\n<!-- \/ Yoast SEO plugin. -->","yoast_head_json":{"title":"PA01 - Eyelet terminal connector (M6) - BS BATTERY","robots":{"index":"index","follow":"follow","max-snippet":"max-snippet:-1","max-image-preview":"max-image-preview:large","max-video-preview":"max-video-preview:-1"},"canonical":"https:\/\/bs-battery.com\/es\/producto\/pa-01\/","og_locale":"es_ES","og_type":"article","og_title":"PA01 - Eyelet terminal connector (M6) - BS BATTERY","og_description":"Referencia: 700513 Esta conexi\u00f3n es la soluci\u00f3n ideal si su bater\u00eda es dif\u00edcil de acceder, est\u00e1 oculta o si no puede utilizar pinzas. Simplemente conecte los terminales de ojal a la bater\u00eda y cargue normalmente. Este accesorio es compatible con todos los cargadores BS y con cualquier cargador equipado con enchufe SAE. CARACTER\u00cdSTICAS \u00a0 Cable...","og_url":"https:\/\/bs-battery.com\/es\/producto\/pa-01\/","og_site_name":"BS BATTERY","article_modified_time":"2025-10-17T09:37:54+00:00","og_image":[{"width":500,"height":500,"url":"https:\/\/bs-battery.com\/wp-content\/uploads\/2024\/09\/PA01.png","type":"image\/png"}],"twitter_card":"summary_large_image","twitter_misc":{"Tiempo de lectura":"3 minutos"},"schema":{"@context":"https:\/\/schema.org","@graph":[{"@type":"WebPage","@id":"https:\/\/bs-battery.com\/es\/producto\/pa-01\/","url":"https:\/\/bs-battery.com\/es\/producto\/pa-01\/","name":"PA01 - Eyelet terminal connector (M6) - BS BATTERY","isPartOf":{"@id":"https:\/\/bs-battery.com\/#website"},"primaryImageOfPage":{"@id":"https:\/\/bs-battery.com\/es\/producto\/pa-01\/#primaryimage"},"image":{"@id":"https:\/\/bs-battery.com\/es\/producto\/pa-01\/#primaryimage"},"thumbnailUrl":"https:\/\/bs-battery.com\/wp-content\/uploads\/2024\/09\/PA01.png","datePublished":"2021-10-20T11:52:46+00:00","dateModified":"2025-10-17T09:37:54+00:00","breadcrumb":{"@id":"https:\/\/bs-battery.com\/es\/producto\/pa-01\/#breadcrumb"},"inLanguage":"es","potentialAction":[{"@type":"ReadAction","target":["https:\/\/bs-battery.com\/es\/producto\/pa-01\/"]}]},{"@type":"ImageObject","inLanguage":"es","@id":"https:\/\/bs-battery.com\/es\/producto\/pa-01\/#primaryimage","url":"https:\/\/bs-battery.com\/wp-content\/uploads\/2024\/09\/PA01.png","contentUrl":"https:\/\/bs-battery.com\/wp-content\/uploads\/2024\/09\/PA01.png","width":500,"height":500,"caption":"PA01"},{"@type":"BreadcrumbList","@id":"https:\/\/bs-battery.com\/es\/producto\/pa-01\/#breadcrumb","itemListElement":[{"@type":"ListItem","position":1,"name":"Home","item":"https:\/\/bs-battery.com\/es\/"},{"@type":"ListItem","position":2,"name":"Shop","item":"https:\/\/bs-battery.com\/shop\/"},{"@type":"ListItem","position":3,"name":"PA01 - Eyelet terminal connector (M6)"}]},{"@type":"WebSite","@id":"https:\/\/bs-battery.com\/#website","url":"https:\/\/bs-battery.com\/","name":"BS BATTERY","description":"The Power you need...","potentialAction":[{"@type":"SearchAction","target":{"@type":"EntryPoint","urlTemplate":"https:\/\/bs-battery.com\/?s={search_term_string}"},"query-input":{"@type":"PropertyValueSpecification","valueRequired":true,"valueName":"search_term_string"}}],"inLanguage":"es"}]}},"_links":{"self":[{"href":"https:\/\/bs-battery.com\/es\/wp-json\/wp\/v2\/product\/35866","targetHints":{"allow":["GET"]}}],"collection":[{"href":"https:\/\/bs-battery.com\/es\/wp-json\/wp\/v2\/product"}],"about":[{"href":"https:\/\/bs-battery.com\/es\/wp-json\/wp\/v2\/types\/product"}],"wp:featuredmedia":[{"embeddable":true,"href":"https:\/\/bs-battery.com\/es\/wp-json\/wp\/v2\/media\/39766"}],"wp:attachment":[{"href":"https:\/\/bs-battery.com\/es\/wp-json\/wp\/v2\/media?parent=35866"}],"wp:term":[{"taxonomy":"product_brand","embeddable":true,"href":"https:\/\/bs-battery.com\/es\/wp-json\/wp\/v2\/product_brand?post=35866"},{"taxonomy":"product_cat","embeddable":true,"href":"https:\/\/bs-battery.com\/es\/wp-json\/wp\/v2\/product_cat?post=35866"},{"taxonomy":"product_tag","embeddable":true,"href":"https:\/\/bs-battery.com\/es\/wp-json\/wp\/v2\/product_tag?post=35866"}],"curies":[{"name":"wp","href":"https:\/\/api.w.org\/{rel}","templated":true}]}}