{"id":35868,"date":"2024-09-10T09:00:34","date_gmt":"2021-10-20T10:52:34","guid":{"rendered":"https:\/\/bs-battery.com\/product\/bt-03-battery-condition-indicator-led-integrated\/"},"modified":"2025-08-05T16:10:09","modified_gmt":"2025-08-05T14:10:09","slug":"bt-03-indicador-de-estado-de-la-bateria-con-led-integrado","status":"publish","type":"product","link":"https:\/\/bs-battery.com\/es\/producto\/bt-03-indicador-de-estado-de-la-bateria-con-led-integrado\/","title":{"rendered":"BT 03 &#8211; Indicador de bater\u00eda"},"content":{"rendered":"<h6><img loading=\"lazy\" decoding=\"async\" class=\"alignnone wp-image-8569\" src=\" https:\/\/bs-battery.com\/wp-content\/uploads\/2021\/12\/Logo_BT-03_Noir_RVB.png\" alt=\"BT03\" width=\"105\" height=\"27\" \/><\/h6>\n<p><strong>Referencia <\/strong>: 700517<\/p>\n<p>Dise\u00f1ado para profesionales y usuarios finales, el BT 03 permite verificar el estado de carga de bater\u00edas de plomo-\u00e1cido de 12V, con una herramienta de diagn\u00f3stico de 3 luces LED integradas.<\/p>\n<p>Extra delgado, este accesorio es ideal si su bater\u00eda es dif\u00edcil de acceder, est\u00e1 oculta o si no puede utilizar pinzas, gracias a los terminales de ojal. Compatible con todos los cargadores inteligentes BS, el BT 03 tambi\u00e9n permite cargar y mantener las bater\u00edas sin desconectar el anillo fusible. \u00a1Conecte, pruebe, cargue y olv\u00eddese!<\/p>\n<p><strong><img loading=\"lazy\" decoding=\"async\" class=\"alignnone wp-image-8598\" src=\"https:\/\/bs-battery.com\/wp-content\/uploads\/2021\/11\/chevron-right-duotone.png\" alt=\"\" width=\"13\" height=\"20\" \/>\u00a0 Solo para bater\u00edas de plomo-\u00e1cido de 12V.\u00a0<\/strong><br \/>\n<strong><img loading=\"lazy\" decoding=\"async\" class=\"alignnone wp-image-8598\" src=\"https:\/\/bs-battery.com\/wp-content\/uploads\/2021\/11\/chevron-right-duotone.png\" alt=\"\" width=\"13\" height=\"20\" \/>\u00a0 3 indicadores LED (verde, naranja, rojo) integrados directamente en la conexi\u00f3n de ojal.\u00a0<\/strong><br \/>\n<strong><img loading=\"lazy\" decoding=\"async\" class=\"alignnone wp-image-8598\" src=\"https:\/\/bs-battery.com\/wp-content\/uploads\/2021\/11\/chevron-right-duotone.png\" alt=\"\" width=\"13\" height=\"20\" \/>\u00a0 Extra delgado<\/strong><\/p>\n<p><span style=\"text-decoration: underline;\"><strong>Instrucciones<\/strong><\/span><\/p>\n<ol>\n<li>Conecte el terminal de ojal rojo al borne positivo (+) de la bater\u00eda<\/li>\n<li>Conecte el terminal de ojal negro al borne negativo (-) de la bater\u00eda<\/li>\n<li>Conecte este accesorio a la conexi\u00f3n r\u00e1pida de su cargador BS<\/li>\n<\/ol>\n","protected":false},"excerpt":{"rendered":"<p>Referencia : 700517 Dise\u00f1ado para profesionales y usuarios finales, el BT 03 permite verificar el estado de carga de bater\u00edas de plomo-\u00e1cido de 12V, con una herramienta de diagn\u00f3stico de 3 luces LED integradas. Extra delgado, este accesorio es ideal si su bater\u00eda es dif\u00edcil de acceder, est\u00e1 oculta o si no puede utilizar pinzas,&#8230;<\/p>\n","protected":false},"featured_media":39763,"template":"","meta":{"_acf_changed":false,"om_disable_all_campaigns":false,"passster_activate_protection":false,"passster_protect_child_pages":"","passster_protection_type":"password","passster_password":"","passster_passwords":"","passster_password_list":"","passster_password_lists":"","passster_activate_user_restriction":"","passster_user_restriction_type":"user-role","passster_user_restriction":"no-role","passster_activate_overwrite_defaults":"","passster_headline":"","passster_instruction":"","passster_placeholder":"","passster_button":"","passster_id":"","passster_activate_misc_settings":"","passster_redirect_url":"","passster_hide":"no","passster_area_shortcode":"","_monsterinsights_skip_tracking":false,"_monsterinsights_sitenote_active":false,"_monsterinsights_sitenote_note":"","_monsterinsights_sitenote_category":0,"_uf_show_specific_survey":0,"_uf_disable_surveys":false},"product_brand":[],"product_cat":[5811,5810,5814],"product_tag":[7355,6665,7356,6655,6671,6666],"class_list":{"0":"post-35868","1":"product","2":"type-product","3":"status-publish","4":"has-post-thumbnail","6":"product_cat-accesorios-es","7":"product_cat-cargador-booster-tester-y-accesorio-es","8":"product_cat-testers-es","9":"product_tag-700517-es","10":"product_tag-bateria-es","11":"product_tag-bt-03-es","12":"product_tag-tester-es","13":"product_tag-tester-de-bateria-es","14":"product_tag-tester-de-bateria-y-alternador-es","16":"first","17":"instock","18":"shipping-taxable","19":"product-type-simple"},"acf":[],"aioseo_notices":[],"yoast_head":"<!-- This site is optimized with the Yoast SEO plugin v24.6 - https:\/\/yoast.com\/wordpress\/plugins\/seo\/ -->\n<title>BT 03 - Indicador de bater\u00eda - BS BATTERY<\/title>\n<meta name=\"robots\" content=\"index, follow, max-snippet:-1, max-image-preview:large, max-video-preview:-1\" \/>\n<link rel=\"canonical\" href=\"https:\/\/bs-battery.com\/es\/producto\/bt-03-indicador-de-estado-de-la-bateria-con-led-integrado\/\" \/>\n<meta property=\"og:locale\" content=\"es_ES\" \/>\n<meta property=\"og:type\" content=\"article\" \/>\n<meta property=\"og:title\" content=\"BT 03 - Indicador de bater\u00eda - BS BATTERY\" \/>\n<meta property=\"og:description\" content=\"Referencia : 700517 Dise\u00f1ado para profesionales y usuarios finales, el BT 03 permite verificar el estado de carga de bater\u00edas de plomo-\u00e1cido de 12V, con una herramienta de diagn\u00f3stico de 3 luces LED integradas. Extra delgado, este accesorio es ideal si su bater\u00eda es dif\u00edcil de acceder, est\u00e1 oculta o si no puede utilizar pinzas,...\" \/>\n<meta property=\"og:url\" content=\"https:\/\/bs-battery.com\/es\/producto\/bt-03-indicador-de-estado-de-la-bateria-con-led-integrado\/\" \/>\n<meta property=\"og:site_name\" content=\"BS BATTERY\" \/>\n<meta property=\"article:modified_time\" content=\"2025-08-05T14:10:09+00:00\" \/>\n<meta property=\"og:image\" content=\"https:\/\/bs-battery.com\/wp-content\/uploads\/2024\/09\/BT03.png\" \/>\n\t<meta property=\"og:image:width\" content=\"500\" \/>\n\t<meta property=\"og:image:height\" content=\"500\" \/>\n\t<meta property=\"og:image:type\" content=\"image\/png\" \/>\n<meta name=\"twitter:card\" content=\"summary_large_image\" \/>\n<meta name=\"twitter:label1\" content=\"Tiempo de lectura\" \/>\n\t<meta name=\"twitter:data1\" content=\"2 minutos\" \/>\n<script type=\"application\/ld+json\" class=\"yoast-schema-graph\">{\"@context\":\"https:\/\/schema.org\",\"@graph\":[{\"@type\":\"WebPage\",\"@id\":\"https:\/\/bs-battery.com\/es\/producto\/bt-03-indicador-de-estado-de-la-bateria-con-led-integrado\/\",\"url\":\"https:\/\/bs-battery.com\/es\/producto\/bt-03-indicador-de-estado-de-la-bateria-con-led-integrado\/\",\"name\":\"BT 03 - Indicador de bater\u00eda - BS BATTERY\",\"isPartOf\":{\"@id\":\"https:\/\/bs-battery.com\/#website\"},\"primaryImageOfPage\":{\"@id\":\"https:\/\/bs-battery.com\/es\/producto\/bt-03-indicador-de-estado-de-la-bateria-con-led-integrado\/#primaryimage\"},\"image\":{\"@id\":\"https:\/\/bs-battery.com\/es\/producto\/bt-03-indicador-de-estado-de-la-bateria-con-led-integrado\/#primaryimage\"},\"thumbnailUrl\":\"https:\/\/bs-battery.com\/wp-content\/uploads\/2024\/09\/BT03.png\",\"datePublished\":\"2021-10-20T10:52:34+00:00\",\"dateModified\":\"2025-08-05T14:10:09+00:00\",\"breadcrumb\":{\"@id\":\"https:\/\/bs-battery.com\/es\/producto\/bt-03-indicador-de-estado-de-la-bateria-con-led-integrado\/#breadcrumb\"},\"inLanguage\":\"es\",\"potentialAction\":[{\"@type\":\"ReadAction\",\"target\":[\"https:\/\/bs-battery.com\/es\/producto\/bt-03-indicador-de-estado-de-la-bateria-con-led-integrado\/\"]}]},{\"@type\":\"ImageObject\",\"inLanguage\":\"es\",\"@id\":\"https:\/\/bs-battery.com\/es\/producto\/bt-03-indicador-de-estado-de-la-bateria-con-led-integrado\/#primaryimage\",\"url\":\"https:\/\/bs-battery.com\/wp-content\/uploads\/2024\/09\/BT03.png\",\"contentUrl\":\"https:\/\/bs-battery.com\/wp-content\/uploads\/2024\/09\/BT03.png\",\"width\":500,\"height\":500,\"caption\":\"BT03\"},{\"@type\":\"BreadcrumbList\",\"@id\":\"https:\/\/bs-battery.com\/es\/producto\/bt-03-indicador-de-estado-de-la-bateria-con-led-integrado\/#breadcrumb\",\"itemListElement\":[{\"@type\":\"ListItem\",\"position\":1,\"name\":\"Home\",\"item\":\"https:\/\/bs-battery.com\/es\/\"},{\"@type\":\"ListItem\",\"position\":2,\"name\":\"Shop\",\"item\":\"https:\/\/bs-battery.com\/shop\/\"},{\"@type\":\"ListItem\",\"position\":3,\"name\":\"BT 03 - Indicador de bater\u00eda\"}]},{\"@type\":\"WebSite\",\"@id\":\"https:\/\/bs-battery.com\/#website\",\"url\":\"https:\/\/bs-battery.com\/\",\"name\":\"BS BATTERY\",\"description\":\"The Power you need...\",\"potentialAction\":[{\"@type\":\"SearchAction\",\"target\":{\"@type\":\"EntryPoint\",\"urlTemplate\":\"https:\/\/bs-battery.com\/?s={search_term_string}\"},\"query-input\":{\"@type\":\"PropertyValueSpecification\",\"valueRequired\":true,\"valueName\":\"search_term_string\"}}],\"inLanguage\":\"es\"}]}<\/script>\n<!-- \/ Yoast SEO plugin. -->","yoast_head_json":{"title":"BT 03 - Indicador de bater\u00eda - BS BATTERY","robots":{"index":"index","follow":"follow","max-snippet":"max-snippet:-1","max-image-preview":"max-image-preview:large","max-video-preview":"max-video-preview:-1"},"canonical":"https:\/\/bs-battery.com\/es\/producto\/bt-03-indicador-de-estado-de-la-bateria-con-led-integrado\/","og_locale":"es_ES","og_type":"article","og_title":"BT 03 - Indicador de bater\u00eda - BS BATTERY","og_description":"Referencia : 700517 Dise\u00f1ado para profesionales y usuarios finales, el BT 03 permite verificar el estado de carga de bater\u00edas de plomo-\u00e1cido de 12V, con una herramienta de diagn\u00f3stico de 3 luces LED integradas. Extra delgado, este accesorio es ideal si su bater\u00eda es dif\u00edcil de acceder, est\u00e1 oculta o si no puede utilizar pinzas,...","og_url":"https:\/\/bs-battery.com\/es\/producto\/bt-03-indicador-de-estado-de-la-bateria-con-led-integrado\/","og_site_name":"BS BATTERY","article_modified_time":"2025-08-05T14:10:09+00:00","og_image":[{"width":500,"height":500,"url":"https:\/\/bs-battery.com\/wp-content\/uploads\/2024\/09\/BT03.png","type":"image\/png"}],"twitter_card":"summary_large_image","twitter_misc":{"Tiempo de lectura":"2 minutos"},"schema":{"@context":"https:\/\/schema.org","@graph":[{"@type":"WebPage","@id":"https:\/\/bs-battery.com\/es\/producto\/bt-03-indicador-de-estado-de-la-bateria-con-led-integrado\/","url":"https:\/\/bs-battery.com\/es\/producto\/bt-03-indicador-de-estado-de-la-bateria-con-led-integrado\/","name":"BT 03 - Indicador de bater\u00eda - BS BATTERY","isPartOf":{"@id":"https:\/\/bs-battery.com\/#website"},"primaryImageOfPage":{"@id":"https:\/\/bs-battery.com\/es\/producto\/bt-03-indicador-de-estado-de-la-bateria-con-led-integrado\/#primaryimage"},"image":{"@id":"https:\/\/bs-battery.com\/es\/producto\/bt-03-indicador-de-estado-de-la-bateria-con-led-integrado\/#primaryimage"},"thumbnailUrl":"https:\/\/bs-battery.com\/wp-content\/uploads\/2024\/09\/BT03.png","datePublished":"2021-10-20T10:52:34+00:00","dateModified":"2025-08-05T14:10:09+00:00","breadcrumb":{"@id":"https:\/\/bs-battery.com\/es\/producto\/bt-03-indicador-de-estado-de-la-bateria-con-led-integrado\/#breadcrumb"},"inLanguage":"es","potentialAction":[{"@type":"ReadAction","target":["https:\/\/bs-battery.com\/es\/producto\/bt-03-indicador-de-estado-de-la-bateria-con-led-integrado\/"]}]},{"@type":"ImageObject","inLanguage":"es","@id":"https:\/\/bs-battery.com\/es\/producto\/bt-03-indicador-de-estado-de-la-bateria-con-led-integrado\/#primaryimage","url":"https:\/\/bs-battery.com\/wp-content\/uploads\/2024\/09\/BT03.png","contentUrl":"https:\/\/bs-battery.com\/wp-content\/uploads\/2024\/09\/BT03.png","width":500,"height":500,"caption":"BT03"},{"@type":"BreadcrumbList","@id":"https:\/\/bs-battery.com\/es\/producto\/bt-03-indicador-de-estado-de-la-bateria-con-led-integrado\/#breadcrumb","itemListElement":[{"@type":"ListItem","position":1,"name":"Home","item":"https:\/\/bs-battery.com\/es\/"},{"@type":"ListItem","position":2,"name":"Shop","item":"https:\/\/bs-battery.com\/shop\/"},{"@type":"ListItem","position":3,"name":"BT 03 - Indicador de bater\u00eda"}]},{"@type":"WebSite","@id":"https:\/\/bs-battery.com\/#website","url":"https:\/\/bs-battery.com\/","name":"BS BATTERY","description":"The Power you need...","potentialAction":[{"@type":"SearchAction","target":{"@type":"EntryPoint","urlTemplate":"https:\/\/bs-battery.com\/?s={search_term_string}"},"query-input":{"@type":"PropertyValueSpecification","valueRequired":true,"valueName":"search_term_string"}}],"inLanguage":"es"}]}},"_links":{"self":[{"href":"https:\/\/bs-battery.com\/es\/wp-json\/wp\/v2\/product\/35868","targetHints":{"allow":["GET"]}}],"collection":[{"href":"https:\/\/bs-battery.com\/es\/wp-json\/wp\/v2\/product"}],"about":[{"href":"https:\/\/bs-battery.com\/es\/wp-json\/wp\/v2\/types\/product"}],"wp:featuredmedia":[{"embeddable":true,"href":"https:\/\/bs-battery.com\/es\/wp-json\/wp\/v2\/media\/39763"}],"wp:attachment":[{"href":"https:\/\/bs-battery.com\/es\/wp-json\/wp\/v2\/media?parent=35868"}],"wp:term":[{"taxonomy":"product_brand","embeddable":true,"href":"https:\/\/bs-battery.com\/es\/wp-json\/wp\/v2\/product_brand?post=35868"},{"taxonomy":"product_cat","embeddable":true,"href":"https:\/\/bs-battery.com\/es\/wp-json\/wp\/v2\/product_cat?post=35868"},{"taxonomy":"product_tag","embeddable":true,"href":"https:\/\/bs-battery.com\/es\/wp-json\/wp\/v2\/product_tag?post=35868"}],"curies":[{"name":"wp","href":"https:\/\/api.w.org\/{rel}","templated":true}]}}