{"id":35870,"date":"2021-10-19T12:53:19","date_gmt":"2021-10-19T10:53:19","guid":{"rendered":"https:\/\/bs-battery.com\/product\/bt02\/"},"modified":"2025-06-13T12:51:37","modified_gmt":"2025-06-13T10:51:37","slug":"bt02","status":"publish","type":"product","link":"https:\/\/bs-battery.com\/es\/producto\/bt02\/","title":{"rendered":"BT 02 &#8211; Battery &#038; Alternator probador"},"content":{"rendered":"<p><img loading=\"lazy\" decoding=\"async\" class=\"alignnone wp-image-8569\" src=\"https:\/\/bs-battery.com\/wp-content\/uploads\/2021\/12\/Logo_BT-02_Noir_RVB.png\" alt=\"\" width=\"105\" height=\"27\" \/><\/p>\n<p><strong>Referencia<\/strong> : 700512<\/p>\n<p>El BT 02 es un probador de bater\u00eda y alternador dise\u00f1ado para ahorrar tiempo en problemas el\u00e9ctricos: ofrece un diagn\u00f3stico instant\u00e1neo. Con todas las caracter\u00edsticas de un dispositivo autom\u00e1tico, no puede usarse de manera incorrecta.<\/p>\n<p><strong><img loading=\"lazy\" decoding=\"async\" class=\"alignnone wp-image-8598\" src=\"https:\/\/bs-battery.com\/wp-content\/uploads\/2021\/11\/chevron-right-duotone.png\" alt=\"\" width=\"13\" height=\"20\" \/>\u00a0 Para bater\u00eda de 12V.<\/strong><br \/>\n<strong><img loading=\"lazy\" decoding=\"async\" class=\"alignnone wp-image-8598\" src=\"https:\/\/bs-battery.com\/wp-content\/uploads\/2021\/11\/chevron-right-duotone.png\" alt=\"\" width=\"13\" height=\"20\" \/>\u00a0 Verifique el estado del alternador o de la bater\u00eda.<\/strong><\/p>\n<p><span style=\"text-decoration: underline;\"><strong>Instrucciones<\/strong><\/span><\/p>\n<ol>\n<li>Conecte la pinza de cocodrilo roja al borne positivo (+) de la bater\u00eda.<\/li>\n<li>Conecte la pinza de cocodrilo negra al borne negativo (-) de la bater\u00eda.<\/li>\n<\/ol>\n<p><strong><span style=\"text-decoration: underline;\">Comprobaci\u00f3n de la bater\u00eda:\u00a0<\/span><\/strong><\/p>\n<ul>\n<li>Encienda las luces del veh\u00edculo durante 1-2 minutos<\/li>\n<li>Desconecte la bater\u00eda del veh\u00edculo<\/li>\n<li>Espere 10 minutos<\/li>\n<li>Conecte el probador<\/li>\n<\/ul>\n","protected":false},"excerpt":{"rendered":"<p>Referencia : 700512 El BT 02 es un probador de bater\u00eda y alternador dise\u00f1ado para ahorrar tiempo en problemas el\u00e9ctricos: ofrece un diagn\u00f3stico instant\u00e1neo. Con todas las caracter\u00edsticas de un dispositivo autom\u00e1tico, no puede usarse de manera incorrecta. \u00a0 Para bater\u00eda de 12V. \u00a0 Verifique el estado del alternador o de la bater\u00eda. Instrucciones Conecte&#8230;<\/p>\n","protected":false},"featured_media":35744,"template":"","meta":{"_acf_changed":false,"om_disable_all_campaigns":false,"passster_activate_protection":false,"passster_protect_child_pages":"","passster_protection_type":"password","passster_password":"","passster_passwords":"","passster_password_list":"","passster_password_lists":"","passster_activate_user_restriction":"","passster_user_restriction_type":"user-role","passster_user_restriction":"no-role","passster_activate_overwrite_defaults":"","passster_headline":"","passster_instruction":"","passster_placeholder":"","passster_button":"","passster_id":"","passster_activate_misc_settings":"","passster_redirect_url":"","passster_hide":"no","passster_area_shortcode":"","_monsterinsights_skip_tracking":false,"_monsterinsights_sitenote_active":false,"_monsterinsights_sitenote_note":"","_monsterinsights_sitenote_category":0,"_uf_show_specific_survey":0,"_uf_disable_surveys":false},"product_brand":[],"product_cat":[5810,5814],"product_tag":[7357,6665,7358,6655,6666],"class_list":{"0":"post-35870","1":"product","2":"type-product","3":"status-publish","4":"has-post-thumbnail","6":"product_cat-cargador-booster-tester-y-accesorio-es","7":"product_cat-testers-es","8":"product_tag-700512-es","9":"product_tag-bateria-es","10":"product_tag-bt-02-es","11":"product_tag-tester-es","12":"product_tag-tester-de-bateria-y-alternador-es","14":"first","15":"instock","16":"shipping-taxable","17":"product-type-simple"},"acf":[],"aioseo_notices":[],"yoast_head":"<!-- This site is optimized with the Yoast SEO plugin v24.6 - https:\/\/yoast.com\/wordpress\/plugins\/seo\/ -->\n<title>BT 02 - Battery &amp; Alternator probador - BS BATTERY<\/title>\n<meta name=\"robots\" content=\"index, follow, max-snippet:-1, max-image-preview:large, max-video-preview:-1\" \/>\n<link rel=\"canonical\" href=\"https:\/\/bs-battery.com\/es\/producto\/bt02\/\" \/>\n<meta property=\"og:locale\" content=\"es_ES\" \/>\n<meta property=\"og:type\" content=\"article\" \/>\n<meta property=\"og:title\" content=\"BT 02 - Battery &amp; Alternator probador - BS BATTERY\" \/>\n<meta property=\"og:description\" content=\"Referencia : 700512 El BT 02 es un probador de bater\u00eda y alternador dise\u00f1ado para ahorrar tiempo en problemas el\u00e9ctricos: ofrece un diagn\u00f3stico instant\u00e1neo. Con todas las caracter\u00edsticas de un dispositivo autom\u00e1tico, no puede usarse de manera incorrecta. \u00a0 Para bater\u00eda de 12V. \u00a0 Verifique el estado del alternador o de la bater\u00eda. Instrucciones Conecte...\" \/>\n<meta property=\"og:url\" content=\"https:\/\/bs-battery.com\/es\/producto\/bt02\/\" \/>\n<meta property=\"og:site_name\" content=\"BS BATTERY\" \/>\n<meta property=\"article:modified_time\" content=\"2025-06-13T10:51:37+00:00\" \/>\n<meta property=\"og:image\" content=\"https:\/\/bs-battery.com\/wp-content\/uploads\/2021\/10\/2021-BS-BT02.png\" \/>\n\t<meta property=\"og:image:width\" content=\"500\" \/>\n\t<meta property=\"og:image:height\" content=\"426\" \/>\n\t<meta property=\"og:image:type\" content=\"image\/png\" \/>\n<meta name=\"twitter:card\" content=\"summary_large_image\" \/>\n<meta name=\"twitter:label1\" content=\"Tiempo de lectura\" \/>\n\t<meta name=\"twitter:data1\" content=\"2 minutos\" \/>\n<script type=\"application\/ld+json\" class=\"yoast-schema-graph\">{\"@context\":\"https:\/\/schema.org\",\"@graph\":[{\"@type\":\"WebPage\",\"@id\":\"https:\/\/bs-battery.com\/es\/producto\/bt02\/\",\"url\":\"https:\/\/bs-battery.com\/es\/producto\/bt02\/\",\"name\":\"BT 02 - Battery & Alternator probador - BS BATTERY\",\"isPartOf\":{\"@id\":\"https:\/\/bs-battery.com\/#website\"},\"primaryImageOfPage\":{\"@id\":\"https:\/\/bs-battery.com\/es\/producto\/bt02\/#primaryimage\"},\"image\":{\"@id\":\"https:\/\/bs-battery.com\/es\/producto\/bt02\/#primaryimage\"},\"thumbnailUrl\":\"https:\/\/bs-battery.com\/wp-content\/uploads\/2021\/10\/2021-BS-BT02.png\",\"datePublished\":\"2021-10-19T10:53:19+00:00\",\"dateModified\":\"2025-06-13T10:51:37+00:00\",\"breadcrumb\":{\"@id\":\"https:\/\/bs-battery.com\/es\/producto\/bt02\/#breadcrumb\"},\"inLanguage\":\"es\",\"potentialAction\":[{\"@type\":\"ReadAction\",\"target\":[\"https:\/\/bs-battery.com\/es\/producto\/bt02\/\"]}]},{\"@type\":\"ImageObject\",\"inLanguage\":\"es\",\"@id\":\"https:\/\/bs-battery.com\/es\/producto\/bt02\/#primaryimage\",\"url\":\"https:\/\/bs-battery.com\/wp-content\/uploads\/2021\/10\/2021-BS-BT02.png\",\"contentUrl\":\"https:\/\/bs-battery.com\/wp-content\/uploads\/2021\/10\/2021-BS-BT02.png\",\"width\":500,\"height\":426},{\"@type\":\"BreadcrumbList\",\"@id\":\"https:\/\/bs-battery.com\/es\/producto\/bt02\/#breadcrumb\",\"itemListElement\":[{\"@type\":\"ListItem\",\"position\":1,\"name\":\"Home\",\"item\":\"https:\/\/bs-battery.com\/es\/\"},{\"@type\":\"ListItem\",\"position\":2,\"name\":\"Shop\",\"item\":\"https:\/\/bs-battery.com\/shop\/\"},{\"@type\":\"ListItem\",\"position\":3,\"name\":\"BT 02 - Battery & Alternator probador\"}]},{\"@type\":\"WebSite\",\"@id\":\"https:\/\/bs-battery.com\/#website\",\"url\":\"https:\/\/bs-battery.com\/\",\"name\":\"BS BATTERY\",\"description\":\"The Power you need...\",\"potentialAction\":[{\"@type\":\"SearchAction\",\"target\":{\"@type\":\"EntryPoint\",\"urlTemplate\":\"https:\/\/bs-battery.com\/?s={search_term_string}\"},\"query-input\":{\"@type\":\"PropertyValueSpecification\",\"valueRequired\":true,\"valueName\":\"search_term_string\"}}],\"inLanguage\":\"es\"}]}<\/script>\n<!-- \/ Yoast SEO plugin. -->","yoast_head_json":{"title":"BT 02 - Battery & Alternator probador - BS BATTERY","robots":{"index":"index","follow":"follow","max-snippet":"max-snippet:-1","max-image-preview":"max-image-preview:large","max-video-preview":"max-video-preview:-1"},"canonical":"https:\/\/bs-battery.com\/es\/producto\/bt02\/","og_locale":"es_ES","og_type":"article","og_title":"BT 02 - Battery & Alternator probador - BS BATTERY","og_description":"Referencia : 700512 El BT 02 es un probador de bater\u00eda y alternador dise\u00f1ado para ahorrar tiempo en problemas el\u00e9ctricos: ofrece un diagn\u00f3stico instant\u00e1neo. Con todas las caracter\u00edsticas de un dispositivo autom\u00e1tico, no puede usarse de manera incorrecta. \u00a0 Para bater\u00eda de 12V. \u00a0 Verifique el estado del alternador o de la bater\u00eda. Instrucciones Conecte...","og_url":"https:\/\/bs-battery.com\/es\/producto\/bt02\/","og_site_name":"BS BATTERY","article_modified_time":"2025-06-13T10:51:37+00:00","og_image":[{"width":500,"height":426,"url":"https:\/\/bs-battery.com\/wp-content\/uploads\/2021\/10\/2021-BS-BT02.png","type":"image\/png"}],"twitter_card":"summary_large_image","twitter_misc":{"Tiempo de lectura":"2 minutos"},"schema":{"@context":"https:\/\/schema.org","@graph":[{"@type":"WebPage","@id":"https:\/\/bs-battery.com\/es\/producto\/bt02\/","url":"https:\/\/bs-battery.com\/es\/producto\/bt02\/","name":"BT 02 - Battery & Alternator probador - BS BATTERY","isPartOf":{"@id":"https:\/\/bs-battery.com\/#website"},"primaryImageOfPage":{"@id":"https:\/\/bs-battery.com\/es\/producto\/bt02\/#primaryimage"},"image":{"@id":"https:\/\/bs-battery.com\/es\/producto\/bt02\/#primaryimage"},"thumbnailUrl":"https:\/\/bs-battery.com\/wp-content\/uploads\/2021\/10\/2021-BS-BT02.png","datePublished":"2021-10-19T10:53:19+00:00","dateModified":"2025-06-13T10:51:37+00:00","breadcrumb":{"@id":"https:\/\/bs-battery.com\/es\/producto\/bt02\/#breadcrumb"},"inLanguage":"es","potentialAction":[{"@type":"ReadAction","target":["https:\/\/bs-battery.com\/es\/producto\/bt02\/"]}]},{"@type":"ImageObject","inLanguage":"es","@id":"https:\/\/bs-battery.com\/es\/producto\/bt02\/#primaryimage","url":"https:\/\/bs-battery.com\/wp-content\/uploads\/2021\/10\/2021-BS-BT02.png","contentUrl":"https:\/\/bs-battery.com\/wp-content\/uploads\/2021\/10\/2021-BS-BT02.png","width":500,"height":426},{"@type":"BreadcrumbList","@id":"https:\/\/bs-battery.com\/es\/producto\/bt02\/#breadcrumb","itemListElement":[{"@type":"ListItem","position":1,"name":"Home","item":"https:\/\/bs-battery.com\/es\/"},{"@type":"ListItem","position":2,"name":"Shop","item":"https:\/\/bs-battery.com\/shop\/"},{"@type":"ListItem","position":3,"name":"BT 02 - Battery & Alternator probador"}]},{"@type":"WebSite","@id":"https:\/\/bs-battery.com\/#website","url":"https:\/\/bs-battery.com\/","name":"BS BATTERY","description":"The Power you need...","potentialAction":[{"@type":"SearchAction","target":{"@type":"EntryPoint","urlTemplate":"https:\/\/bs-battery.com\/?s={search_term_string}"},"query-input":{"@type":"PropertyValueSpecification","valueRequired":true,"valueName":"search_term_string"}}],"inLanguage":"es"}]}},"_links":{"self":[{"href":"https:\/\/bs-battery.com\/es\/wp-json\/wp\/v2\/product\/35870","targetHints":{"allow":["GET"]}}],"collection":[{"href":"https:\/\/bs-battery.com\/es\/wp-json\/wp\/v2\/product"}],"about":[{"href":"https:\/\/bs-battery.com\/es\/wp-json\/wp\/v2\/types\/product"}],"wp:featuredmedia":[{"embeddable":true,"href":"https:\/\/bs-battery.com\/es\/wp-json\/wp\/v2\/media\/35744"}],"wp:attachment":[{"href":"https:\/\/bs-battery.com\/es\/wp-json\/wp\/v2\/media?parent=35870"}],"wp:term":[{"taxonomy":"product_brand","embeddable":true,"href":"https:\/\/bs-battery.com\/es\/wp-json\/wp\/v2\/product_brand?post=35870"},{"taxonomy":"product_cat","embeddable":true,"href":"https:\/\/bs-battery.com\/es\/wp-json\/wp\/v2\/product_cat?post=35870"},{"taxonomy":"product_tag","embeddable":true,"href":"https:\/\/bs-battery.com\/es\/wp-json\/wp\/v2\/product_tag?post=35870"}],"curies":[{"name":"wp","href":"https:\/\/api.w.org\/{rel}","templated":true}]}}