{"id":35873,"date":"2021-10-14T17:21:26","date_gmt":"2021-10-14T15:21:26","guid":{"rendered":"https:\/\/bs-battery.com\/product\/bk-20\/"},"modified":"2026-02-03T11:32:55","modified_gmt":"2026-02-03T10:32:55","slug":"bk-20","status":"publish","type":"product","link":"https:\/\/bs-battery.com\/es\/producto\/bk-20\/","title":{"rendered":"BK 20"},"content":{"rendered":"<p style=\"text-align: justify;\">Desarrollado principalmente para almacenes y garajes, el flamante BK 20 es un cargador y mantenedor de bater\u00edas de banco inteligente, que ofrece 3 canales de carga.<\/p>\n<p>Con una potencia de 2 A por canal, este potente cargador autom\u00e1tico es adecuado para bater\u00edas de plomo-\u00e1cido y litio de hasta 40 Ah. Verdadera soluci\u00f3n 3 en 1, el BK 20 puede cargar y mantener a la vez 3 bater\u00edas de voltaje y tecnolog\u00edas diferentes.<\/p>\n<p>Muy seguro y f\u00e1cil de usar, el BK 20 tiene 10 etapas de carga, incluido un nuevo modo de fuerza para mejorar el rendimiento de todas tus bater\u00edas para deportes de motor. Se entrega con un juego de 3 pinzas BS.<\/p>\n<p>Se puede a\u00f1adir una pieza de montaje para el expositor en opci\u00f3n para montar hasta dos cargadores BK 20 en el expositor BS. Ideal para crear una peque\u00f1a estaci\u00f3n de carga.<\/p>\n","protected":false},"excerpt":{"rendered":"<p>Carga y mantiene 3 bater\u00edas de distinto voltaje y tecnolog\u00eda a la vez<br \/>\nDetecta autom\u00e1ticamente la tecnolog\u00eda de plomo-\u00e1cido o litio<br \/>\nAlgoritmo de carga adaptable para plomo-\u00e1cido y litio (LiFePO4)<br \/>\nModo forzado: para activar bater\u00edas de plomo-\u00e1cido \u00abmuertas\u00bb de bajo voltaje o despertar bater\u00edas de LiFePO4 \u00abmuertas\u00bb<br \/>\nF\u00e1cil de usar: conectar y olvidar<br \/>\nSeguro: conexi\u00f3n sin chispas, polaridad inversa, cortocircuito y protecci\u00f3n interna contra sobrecalentamiento<\/p>\n","protected":false},"featured_media":35758,"template":"","meta":{"_acf_changed":false,"om_disable_all_campaigns":false,"passster_activate_protection":false,"passster_protect_child_pages":"","passster_protection_type":"password","passster_password":"","passster_passwords":"","passster_password_list":"","passster_password_lists":"","passster_activate_user_restriction":"","passster_user_restriction_type":"user-role","passster_user_restriction":"no-role","passster_activate_overwrite_defaults":"","passster_headline":"","passster_instruction":"","passster_placeholder":"","passster_button":"","passster_id":"","passster_activate_misc_settings":"","passster_redirect_url":"","passster_hide":"no","passster_area_shortcode":"","_monsterinsights_skip_tracking":false,"_monsterinsights_sitenote_active":false,"_monsterinsights_sitenote_note":"","_monsterinsights_sitenote_category":0,"_uf_show_specific_survey":0,"_uf_disable_surveys":false},"product_brand":[],"product_cat":[5813,5810],"product_tag":[7361,6647,6440,5923,6669,6441,6674,6657],"class_list":{"0":"post-35873","1":"product","2":"type-product","3":"status-publish","4":"has-post-thumbnail","6":"product_cat-cargador-es","7":"product_cat-cargador-booster-tester-y-accesorio-es","8":"product_tag-700547-es","9":"product_tag-bateria-de-moto-es-es","10":"product_tag-bateria-de-plomo-litio-es","11":"product_tag-bk-20-es","12":"product_tag-cargador-de-bateria-es","13":"product_tag-cargador-de-bateria-de-plomo-es","14":"product_tag-estacion-de-carga-es","15":"product_tag-estacion-de-carga-de-bateria-versatil-es","17":"first","18":"instock","19":"shipping-taxable","20":"product-type-simple"},"acf":[],"aioseo_notices":[],"yoast_head":"<!-- This site is optimized with the Yoast SEO plugin v24.6 - https:\/\/yoast.com\/wordpress\/plugins\/seo\/ -->\n<title>BK 20 - BS BATTERY<\/title>\n<meta name=\"robots\" content=\"index, follow, max-snippet:-1, max-image-preview:large, max-video-preview:-1\" \/>\n<link rel=\"canonical\" href=\"https:\/\/bs-battery.com\/es\/producto\/bk-20\/\" \/>\n<meta property=\"og:locale\" content=\"es_ES\" \/>\n<meta property=\"og:type\" content=\"article\" \/>\n<meta property=\"og:title\" content=\"BK 20 - BS BATTERY\" \/>\n<meta property=\"og:description\" content=\"Carga y mantiene 3 bater\u00edas de distinto voltaje y tecnolog\u00eda a la vez Detecta autom\u00e1ticamente la tecnolog\u00eda de plomo-\u00e1cido o litio Algoritmo de carga adaptable para plomo-\u00e1cido y litio (LiFePO4) Modo forzado: para activar bater\u00edas de plomo-\u00e1cido &quot;muertas&quot; de bajo voltaje o despertar bater\u00edas de LiFePO4 &quot;muertas&quot; F\u00e1cil de usar: conectar y olvidar Seguro: conexi\u00f3n sin chispas, polaridad inversa, cortocircuito y protecci\u00f3n interna contra sobrecalentamiento\" \/>\n<meta property=\"og:url\" content=\"https:\/\/bs-battery.com\/es\/producto\/bk-20\/\" \/>\n<meta property=\"og:site_name\" content=\"BS BATTERY\" \/>\n<meta property=\"article:modified_time\" content=\"2026-02-03T10:32:55+00:00\" \/>\n<meta property=\"og:image\" content=\"https:\/\/bs-battery.com\/wp-content\/uploads\/2021\/10\/Vignette-BK20_.png\" \/>\n\t<meta property=\"og:image:width\" content=\"500\" \/>\n\t<meta property=\"og:image:height\" content=\"500\" \/>\n\t<meta property=\"og:image:type\" content=\"image\/png\" \/>\n<meta name=\"twitter:card\" content=\"summary_large_image\" \/>\n<meta name=\"twitter:label1\" content=\"Tiempo de lectura\" \/>\n\t<meta name=\"twitter:data1\" content=\"1 minuto\" \/>\n<script type=\"application\/ld+json\" class=\"yoast-schema-graph\">{\"@context\":\"https:\/\/schema.org\",\"@graph\":[{\"@type\":\"WebPage\",\"@id\":\"https:\/\/bs-battery.com\/es\/producto\/bk-20\/\",\"url\":\"https:\/\/bs-battery.com\/es\/producto\/bk-20\/\",\"name\":\"BK 20 - BS BATTERY\",\"isPartOf\":{\"@id\":\"https:\/\/bs-battery.com\/#website\"},\"primaryImageOfPage\":{\"@id\":\"https:\/\/bs-battery.com\/es\/producto\/bk-20\/#primaryimage\"},\"image\":{\"@id\":\"https:\/\/bs-battery.com\/es\/producto\/bk-20\/#primaryimage\"},\"thumbnailUrl\":\"https:\/\/bs-battery.com\/wp-content\/uploads\/2021\/10\/Vignette-BK20_.png\",\"datePublished\":\"2021-10-14T15:21:26+00:00\",\"dateModified\":\"2026-02-03T10:32:55+00:00\",\"breadcrumb\":{\"@id\":\"https:\/\/bs-battery.com\/es\/producto\/bk-20\/#breadcrumb\"},\"inLanguage\":\"es\",\"potentialAction\":[{\"@type\":\"ReadAction\",\"target\":[\"https:\/\/bs-battery.com\/es\/producto\/bk-20\/\"]}]},{\"@type\":\"ImageObject\",\"inLanguage\":\"es\",\"@id\":\"https:\/\/bs-battery.com\/es\/producto\/bk-20\/#primaryimage\",\"url\":\"https:\/\/bs-battery.com\/wp-content\/uploads\/2021\/10\/Vignette-BK20_.png\",\"contentUrl\":\"https:\/\/bs-battery.com\/wp-content\/uploads\/2021\/10\/Vignette-BK20_.png\",\"width\":500,\"height\":500,\"caption\":\"Vi\u00f1eta BK20_\"},{\"@type\":\"BreadcrumbList\",\"@id\":\"https:\/\/bs-battery.com\/es\/producto\/bk-20\/#breadcrumb\",\"itemListElement\":[{\"@type\":\"ListItem\",\"position\":1,\"name\":\"Home\",\"item\":\"https:\/\/bs-battery.com\/es\/\"},{\"@type\":\"ListItem\",\"position\":2,\"name\":\"Shop\",\"item\":\"https:\/\/bs-battery.com\/shop\/\"},{\"@type\":\"ListItem\",\"position\":3,\"name\":\"BK 20\"}]},{\"@type\":\"WebSite\",\"@id\":\"https:\/\/bs-battery.com\/#website\",\"url\":\"https:\/\/bs-battery.com\/\",\"name\":\"BS BATTERY\",\"description\":\"The Power you need...\",\"potentialAction\":[{\"@type\":\"SearchAction\",\"target\":{\"@type\":\"EntryPoint\",\"urlTemplate\":\"https:\/\/bs-battery.com\/?s={search_term_string}\"},\"query-input\":{\"@type\":\"PropertyValueSpecification\",\"valueRequired\":true,\"valueName\":\"search_term_string\"}}],\"inLanguage\":\"es\"}]}<\/script>\n<!-- \/ Yoast SEO plugin. -->","yoast_head_json":{"title":"BK 20 - BS BATTERY","robots":{"index":"index","follow":"follow","max-snippet":"max-snippet:-1","max-image-preview":"max-image-preview:large","max-video-preview":"max-video-preview:-1"},"canonical":"https:\/\/bs-battery.com\/es\/producto\/bk-20\/","og_locale":"es_ES","og_type":"article","og_title":"BK 20 - BS BATTERY","og_description":"Carga y mantiene 3 bater\u00edas de distinto voltaje y tecnolog\u00eda a la vez Detecta autom\u00e1ticamente la tecnolog\u00eda de plomo-\u00e1cido o litio Algoritmo de carga adaptable para plomo-\u00e1cido y litio (LiFePO4) Modo forzado: para activar bater\u00edas de plomo-\u00e1cido \"muertas\" de bajo voltaje o despertar bater\u00edas de LiFePO4 \"muertas\" F\u00e1cil de usar: conectar y olvidar Seguro: conexi\u00f3n sin chispas, polaridad inversa, cortocircuito y protecci\u00f3n interna contra sobrecalentamiento","og_url":"https:\/\/bs-battery.com\/es\/producto\/bk-20\/","og_site_name":"BS BATTERY","article_modified_time":"2026-02-03T10:32:55+00:00","og_image":[{"width":500,"height":500,"url":"https:\/\/bs-battery.com\/wp-content\/uploads\/2021\/10\/Vignette-BK20_.png","type":"image\/png"}],"twitter_card":"summary_large_image","twitter_misc":{"Tiempo de lectura":"1 minuto"},"schema":{"@context":"https:\/\/schema.org","@graph":[{"@type":"WebPage","@id":"https:\/\/bs-battery.com\/es\/producto\/bk-20\/","url":"https:\/\/bs-battery.com\/es\/producto\/bk-20\/","name":"BK 20 - BS BATTERY","isPartOf":{"@id":"https:\/\/bs-battery.com\/#website"},"primaryImageOfPage":{"@id":"https:\/\/bs-battery.com\/es\/producto\/bk-20\/#primaryimage"},"image":{"@id":"https:\/\/bs-battery.com\/es\/producto\/bk-20\/#primaryimage"},"thumbnailUrl":"https:\/\/bs-battery.com\/wp-content\/uploads\/2021\/10\/Vignette-BK20_.png","datePublished":"2021-10-14T15:21:26+00:00","dateModified":"2026-02-03T10:32:55+00:00","breadcrumb":{"@id":"https:\/\/bs-battery.com\/es\/producto\/bk-20\/#breadcrumb"},"inLanguage":"es","potentialAction":[{"@type":"ReadAction","target":["https:\/\/bs-battery.com\/es\/producto\/bk-20\/"]}]},{"@type":"ImageObject","inLanguage":"es","@id":"https:\/\/bs-battery.com\/es\/producto\/bk-20\/#primaryimage","url":"https:\/\/bs-battery.com\/wp-content\/uploads\/2021\/10\/Vignette-BK20_.png","contentUrl":"https:\/\/bs-battery.com\/wp-content\/uploads\/2021\/10\/Vignette-BK20_.png","width":500,"height":500,"caption":"Vi\u00f1eta BK20_"},{"@type":"BreadcrumbList","@id":"https:\/\/bs-battery.com\/es\/producto\/bk-20\/#breadcrumb","itemListElement":[{"@type":"ListItem","position":1,"name":"Home","item":"https:\/\/bs-battery.com\/es\/"},{"@type":"ListItem","position":2,"name":"Shop","item":"https:\/\/bs-battery.com\/shop\/"},{"@type":"ListItem","position":3,"name":"BK 20"}]},{"@type":"WebSite","@id":"https:\/\/bs-battery.com\/#website","url":"https:\/\/bs-battery.com\/","name":"BS BATTERY","description":"The Power you need...","potentialAction":[{"@type":"SearchAction","target":{"@type":"EntryPoint","urlTemplate":"https:\/\/bs-battery.com\/?s={search_term_string}"},"query-input":{"@type":"PropertyValueSpecification","valueRequired":true,"valueName":"search_term_string"}}],"inLanguage":"es"}]}},"_links":{"self":[{"href":"https:\/\/bs-battery.com\/es\/wp-json\/wp\/v2\/product\/35873","targetHints":{"allow":["GET"]}}],"collection":[{"href":"https:\/\/bs-battery.com\/es\/wp-json\/wp\/v2\/product"}],"about":[{"href":"https:\/\/bs-battery.com\/es\/wp-json\/wp\/v2\/types\/product"}],"wp:featuredmedia":[{"embeddable":true,"href":"https:\/\/bs-battery.com\/es\/wp-json\/wp\/v2\/media\/35758"}],"wp:attachment":[{"href":"https:\/\/bs-battery.com\/es\/wp-json\/wp\/v2\/media?parent=35873"}],"wp:term":[{"taxonomy":"product_brand","embeddable":true,"href":"https:\/\/bs-battery.com\/es\/wp-json\/wp\/v2\/product_brand?post=35873"},{"taxonomy":"product_cat","embeddable":true,"href":"https:\/\/bs-battery.com\/es\/wp-json\/wp\/v2\/product_cat?post=35873"},{"taxonomy":"product_tag","embeddable":true,"href":"https:\/\/bs-battery.com\/es\/wp-json\/wp\/v2\/product_tag?post=35873"}],"curies":[{"name":"wp","href":"https:\/\/api.w.org\/{rel}","templated":true}]}}