{"id":35906,"date":"2021-10-11T08:29:26","date_gmt":"2021-10-11T06:29:26","guid":{"rendered":"https:\/\/bs-battery.com\/product\/bb10l-bp\/"},"modified":"2025-07-16T14:21:58","modified_gmt":"2025-07-16T12:21:58","slug":"bb10l-bp","status":"publish","type":"product","link":"https:\/\/bs-battery.com\/es\/producto\/bb10l-bp\/","title":{"rendered":"BB10L-BP"},"content":{"rendered":"<p style=\"text-align: justify;\">La bater\u00eda BB10L-BP forma parte de nuestra gama DRY. Especialmente dise\u00f1ada para ofrecer un buen rendimiento y fiabilidad, esta bater\u00eda convencional de 12 V y 11,6 Ah se suministra con un paquete de \u00e1cido, debe activarse antes del primer uso y tiene que revisarse peri\u00f3dicamente. Con tecnolog\u00eda DRY, esta bater\u00eda no necesita mantenimiento durante un largo periodo de almacenamiento.<\/p>\n<p>La bater\u00eda BB10L-BP es perfectamente adecuada para veh\u00edculos deportivos de nivel b\u00e1sico con requisitos est\u00e1ndar.<\/p>\n","protected":false},"excerpt":{"rendered":"<p>Para ser activadas &#8211; DRY \u2013 tecnolog\u00eda de carga<br \/>\nPack de \u00e1cido incluido &#8211; para el llenado inicial<br \/>\nMantenimiento peri\u00f3dico &#8211; Requiere rellenado con agua si es necesario<br \/>\nManejo con precauci\u00f3n para evitar derrames de \u00e1cido<br \/>\nLarga vida en almacenamiento &#8211; No requiere recargar mientras est\u00e9 almacenado (si no ha sido activada)<br \/>\nEmisi\u00f3n interna de gas a trav\u00e9s del orificio de ventilaci\u00f3n<br \/>\nAmplia variedad de modelos de 6 y 12 V<\/p>\n","protected":false},"featured_media":39669,"template":"","meta":{"_acf_changed":false,"om_disable_all_campaigns":false,"passster_activate_protection":false,"passster_protect_child_pages":"","passster_protection_type":"password","passster_password":"","passster_passwords":"","passster_password_list":"","passster_password_lists":"","passster_activate_user_restriction":"","passster_user_restriction_type":"user-role","passster_user_restriction":"no-role","passster_activate_overwrite_defaults":"","passster_headline":"","passster_instruction":"","passster_placeholder":"","passster_button":"","passster_id":"","passster_activate_misc_settings":"","passster_redirect_url":"","passster_hide":"no","passster_area_shortcode":"","_monsterinsights_skip_tracking":false,"_monsterinsights_sitenote_active":false,"_monsterinsights_sitenote_note":"","_monsterinsights_sitenote_category":0,"_uf_show_specific_survey":0,"_uf_disable_surveys":false},"product_brand":[],"product_cat":[5793,5796,5801,5806],"product_tag":[7603,6675,6446,6647,6651,6676,5890,5893,6116,6107,5949,5940,7604,7605,7606,7607,7608,7609,7610,7611],"class_list":{"0":"post-35906","1":"product","2":"type-product","3":"status-publish","4":"has-post-thumbnail","6":"product_cat-bateria-es","7":"product_cat-dry-es","8":"product_cat-moto-es","9":"product_cat-scooter-es","10":"product_tag-310558-es","11":"product_tag-bateria-convencional-es","12":"product_tag-bateria-de-moto-es","13":"product_tag-bateria-de-moto-es-es","14":"product_tag-bateria-de-scooter-es","15":"product_tag-bateria-dry-es","16":"product_tag-bb10l-a2-b2-es","17":"product_tag-bb10l-bp-es","18":"product_tag-bb10la2b2-es","19":"product_tag-bb10lbp-es","20":"product_tag-bsli-05-es","21":"product_tag-bsli05-es","22":"product_tag-cb10l-bp-es","23":"product_tag-cb10lbp-es","24":"product_tag-eb10l-bp-es","25":"product_tag-eb10lbp-es","26":"product_tag-fb10l-bp-es","27":"product_tag-fb10lbp-es","28":"product_tag-yb10l-bp-es","29":"product_tag-yb10lbp-es","31":"first","32":"instock","33":"shipping-taxable","34":"product-type-simple"},"acf":[],"aioseo_notices":[],"yoast_head":"<!-- This site is optimized with the Yoast SEO plugin v24.6 - https:\/\/yoast.com\/wordpress\/plugins\/seo\/ -->\n<title>BB10L-BP - BS BATTERY<\/title>\n<meta name=\"robots\" content=\"index, follow, max-snippet:-1, max-image-preview:large, max-video-preview:-1\" \/>\n<link rel=\"canonical\" href=\"https:\/\/bs-battery.com\/es\/producto\/bb10l-bp\/\" \/>\n<meta property=\"og:locale\" content=\"es_ES\" \/>\n<meta property=\"og:type\" content=\"article\" \/>\n<meta property=\"og:title\" content=\"BB10L-BP - BS BATTERY\" \/>\n<meta property=\"og:description\" content=\"Para ser activadas - DRY \u2013 tecnolog\u00eda de carga Pack de \u00e1cido incluido - para el llenado inicial Mantenimiento peri\u00f3dico - Requiere rellenado con agua si es necesario Manejo con precauci\u00f3n para evitar derrames de \u00e1cido Larga vida en almacenamiento - No requiere recargar mientras est\u00e9 almacenado (si no ha sido activada) Emisi\u00f3n interna de gas a trav\u00e9s del orificio de ventilaci\u00f3n Amplia variedad de modelos de 6 y 12 V\" \/>\n<meta property=\"og:url\" content=\"https:\/\/bs-battery.com\/es\/producto\/bb10l-bp\/\" \/>\n<meta property=\"og:site_name\" content=\"BS BATTERY\" \/>\n<meta property=\"article:modified_time\" content=\"2025-07-16T12:21:58+00:00\" \/>\n<meta property=\"og:image\" content=\"https:\/\/bs-battery.com\/wp-content\/uploads\/2021\/10\/DRY_BB10L-BP.png\" \/>\n\t<meta property=\"og:image:width\" content=\"500\" \/>\n\t<meta property=\"og:image:height\" content=\"500\" \/>\n\t<meta property=\"og:image:type\" content=\"image\/png\" \/>\n<meta name=\"twitter:card\" content=\"summary_large_image\" \/>\n<meta name=\"twitter:label1\" content=\"Tiempo de lectura\" \/>\n\t<meta name=\"twitter:data1\" content=\"1 minuto\" \/>\n<script type=\"application\/ld+json\" class=\"yoast-schema-graph\">{\"@context\":\"https:\/\/schema.org\",\"@graph\":[{\"@type\":\"WebPage\",\"@id\":\"https:\/\/bs-battery.com\/es\/producto\/bb10l-bp\/\",\"url\":\"https:\/\/bs-battery.com\/es\/producto\/bb10l-bp\/\",\"name\":\"BB10L-BP - BS BATTERY\",\"isPartOf\":{\"@id\":\"https:\/\/bs-battery.com\/#website\"},\"primaryImageOfPage\":{\"@id\":\"https:\/\/bs-battery.com\/es\/producto\/bb10l-bp\/#primaryimage\"},\"image\":{\"@id\":\"https:\/\/bs-battery.com\/es\/producto\/bb10l-bp\/#primaryimage\"},\"thumbnailUrl\":\"https:\/\/bs-battery.com\/wp-content\/uploads\/2025\/08\/BS_DRY_BB10L-BP_LD.png\",\"datePublished\":\"2021-10-11T06:29:26+00:00\",\"dateModified\":\"2025-07-16T12:21:58+00:00\",\"breadcrumb\":{\"@id\":\"https:\/\/bs-battery.com\/es\/producto\/bb10l-bp\/#breadcrumb\"},\"inLanguage\":\"es\",\"potentialAction\":[{\"@type\":\"ReadAction\",\"target\":[\"https:\/\/bs-battery.com\/es\/producto\/bb10l-bp\/\"]}]},{\"@type\":\"ImageObject\",\"inLanguage\":\"es\",\"@id\":\"https:\/\/bs-battery.com\/es\/producto\/bb10l-bp\/#primaryimage\",\"url\":\"https:\/\/bs-battery.com\/wp-content\/uploads\/2025\/08\/BS_DRY_BB10L-BP_LD.png\",\"contentUrl\":\"https:\/\/bs-battery.com\/wp-content\/uploads\/2025\/08\/BS_DRY_BB10L-BP_LD.png\",\"width\":800,\"height\":800,\"caption\":\"BS_DRY_BB10L-BP_LD\"},{\"@type\":\"BreadcrumbList\",\"@id\":\"https:\/\/bs-battery.com\/es\/producto\/bb10l-bp\/#breadcrumb\",\"itemListElement\":[{\"@type\":\"ListItem\",\"position\":1,\"name\":\"Home\",\"item\":\"https:\/\/bs-battery.com\/es\/\"},{\"@type\":\"ListItem\",\"position\":2,\"name\":\"Shop\",\"item\":\"https:\/\/bs-battery.com\/shop\/\"},{\"@type\":\"ListItem\",\"position\":3,\"name\":\"BB10L-BP\"}]},{\"@type\":\"WebSite\",\"@id\":\"https:\/\/bs-battery.com\/#website\",\"url\":\"https:\/\/bs-battery.com\/\",\"name\":\"BS BATTERY\",\"description\":\"The Power you need...\",\"potentialAction\":[{\"@type\":\"SearchAction\",\"target\":{\"@type\":\"EntryPoint\",\"urlTemplate\":\"https:\/\/bs-battery.com\/?s={search_term_string}\"},\"query-input\":{\"@type\":\"PropertyValueSpecification\",\"valueRequired\":true,\"valueName\":\"search_term_string\"}}],\"inLanguage\":\"es\"}]}<\/script>\n<!-- \/ Yoast SEO plugin. -->","yoast_head_json":{"title":"BB10L-BP - BS BATTERY","robots":{"index":"index","follow":"follow","max-snippet":"max-snippet:-1","max-image-preview":"max-image-preview:large","max-video-preview":"max-video-preview:-1"},"canonical":"https:\/\/bs-battery.com\/es\/producto\/bb10l-bp\/","og_locale":"es_ES","og_type":"article","og_title":"BB10L-BP - BS BATTERY","og_description":"Para ser activadas - DRY \u2013 tecnolog\u00eda de carga Pack de \u00e1cido incluido - para el llenado inicial Mantenimiento peri\u00f3dico - Requiere rellenado con agua si es necesario Manejo con precauci\u00f3n para evitar derrames de \u00e1cido Larga vida en almacenamiento - No requiere recargar mientras est\u00e9 almacenado (si no ha sido activada) Emisi\u00f3n interna de gas a trav\u00e9s del orificio de ventilaci\u00f3n Amplia variedad de modelos de 6 y 12 V","og_url":"https:\/\/bs-battery.com\/es\/producto\/bb10l-bp\/","og_site_name":"BS BATTERY","article_modified_time":"2025-07-16T12:21:58+00:00","og_image":[{"width":500,"height":500,"url":"https:\/\/bs-battery.com\/wp-content\/uploads\/2021\/10\/DRY_BB10L-BP.png","type":"image\/png"}],"twitter_card":"summary_large_image","twitter_misc":{"Tiempo de lectura":"1 minuto"},"schema":{"@context":"https:\/\/schema.org","@graph":[{"@type":"WebPage","@id":"https:\/\/bs-battery.com\/es\/producto\/bb10l-bp\/","url":"https:\/\/bs-battery.com\/es\/producto\/bb10l-bp\/","name":"BB10L-BP - BS BATTERY","isPartOf":{"@id":"https:\/\/bs-battery.com\/#website"},"primaryImageOfPage":{"@id":"https:\/\/bs-battery.com\/es\/producto\/bb10l-bp\/#primaryimage"},"image":{"@id":"https:\/\/bs-battery.com\/es\/producto\/bb10l-bp\/#primaryimage"},"thumbnailUrl":"https:\/\/bs-battery.com\/wp-content\/uploads\/2025\/08\/BS_DRY_BB10L-BP_LD.png","datePublished":"2021-10-11T06:29:26+00:00","dateModified":"2025-07-16T12:21:58+00:00","breadcrumb":{"@id":"https:\/\/bs-battery.com\/es\/producto\/bb10l-bp\/#breadcrumb"},"inLanguage":"es","potentialAction":[{"@type":"ReadAction","target":["https:\/\/bs-battery.com\/es\/producto\/bb10l-bp\/"]}]},{"@type":"ImageObject","inLanguage":"es","@id":"https:\/\/bs-battery.com\/es\/producto\/bb10l-bp\/#primaryimage","url":"https:\/\/bs-battery.com\/wp-content\/uploads\/2025\/08\/BS_DRY_BB10L-BP_LD.png","contentUrl":"https:\/\/bs-battery.com\/wp-content\/uploads\/2025\/08\/BS_DRY_BB10L-BP_LD.png","width":800,"height":800,"caption":"BS_DRY_BB10L-BP_LD"},{"@type":"BreadcrumbList","@id":"https:\/\/bs-battery.com\/es\/producto\/bb10l-bp\/#breadcrumb","itemListElement":[{"@type":"ListItem","position":1,"name":"Home","item":"https:\/\/bs-battery.com\/es\/"},{"@type":"ListItem","position":2,"name":"Shop","item":"https:\/\/bs-battery.com\/shop\/"},{"@type":"ListItem","position":3,"name":"BB10L-BP"}]},{"@type":"WebSite","@id":"https:\/\/bs-battery.com\/#website","url":"https:\/\/bs-battery.com\/","name":"BS BATTERY","description":"The Power you need...","potentialAction":[{"@type":"SearchAction","target":{"@type":"EntryPoint","urlTemplate":"https:\/\/bs-battery.com\/?s={search_term_string}"},"query-input":{"@type":"PropertyValueSpecification","valueRequired":true,"valueName":"search_term_string"}}],"inLanguage":"es"}]}},"_links":{"self":[{"href":"https:\/\/bs-battery.com\/es\/wp-json\/wp\/v2\/product\/35906","targetHints":{"allow":["GET"]}}],"collection":[{"href":"https:\/\/bs-battery.com\/es\/wp-json\/wp\/v2\/product"}],"about":[{"href":"https:\/\/bs-battery.com\/es\/wp-json\/wp\/v2\/types\/product"}],"wp:featuredmedia":[{"embeddable":true,"href":"https:\/\/bs-battery.com\/es\/wp-json\/wp\/v2\/media\/39669"}],"wp:attachment":[{"href":"https:\/\/bs-battery.com\/es\/wp-json\/wp\/v2\/media?parent=35906"}],"wp:term":[{"taxonomy":"product_brand","embeddable":true,"href":"https:\/\/bs-battery.com\/es\/wp-json\/wp\/v2\/product_brand?post=35906"},{"taxonomy":"product_cat","embeddable":true,"href":"https:\/\/bs-battery.com\/es\/wp-json\/wp\/v2\/product_cat?post=35906"},{"taxonomy":"product_tag","embeddable":true,"href":"https:\/\/bs-battery.com\/es\/wp-json\/wp\/v2\/product_tag?post=35906"}],"curies":[{"name":"wp","href":"https:\/\/api.w.org\/{rel}","templated":true}]}}