{"id":35923,"date":"2021-10-11T08:22:23","date_gmt":"2021-10-11T06:22:23","guid":{"rendered":"https:\/\/bs-battery.com\/product\/bb7l-b\/"},"modified":"2025-07-16T14:19:01","modified_gmt":"2025-07-16T12:19:01","slug":"bb7l-b","status":"publish","type":"product","link":"https:\/\/bs-battery.com\/es\/producto\/bb7l-b\/","title":{"rendered":"BB7L-B"},"content":{"rendered":"<p style=\"text-align: justify;\">La bater\u00eda BB7L-B forma parte de nuestra gama DRY. Especialmente dise\u00f1ada para ofrecer un buen rendimiento y fiabilidad, esta bater\u00eda convencional de 12 V y 8,4 Ah se suministra con un paquete de \u00e1cido, debe activarse antes del primer uso y tiene que revisarse peri\u00f3dicamente. Con tecnolog\u00eda DRY, esta bater\u00eda no necesita mantenimiento durante un largo periodo de almacenamiento.<\/p>\n<p>La bater\u00eda BB7L-B es perfectamente adecuada para veh\u00edculos deportivos de nivel b\u00e1sico con requisitos est\u00e1ndar.<\/p>\n","protected":false},"excerpt":{"rendered":"<p>Para ser activadas &#8211; DRY \u2013 tecnolog\u00eda de carga<br \/>\nPack de \u00e1cido incluido &#8211; para el llenado inicial<br \/>\nMantenimiento peri\u00f3dico &#8211; Requiere rellenado con agua si es necesario<br \/>\nManejo con precauci\u00f3n para evitar derrames de \u00e1cido<br \/>\nLarga vida en almacenamiento &#8211; No requiere recargar mientras est\u00e9 almacenado (si no ha sido activada)<br \/>\nEmisi\u00f3n interna de gas a trav\u00e9s del orificio de ventilaci\u00f3n<br \/>\nAmplia variedad de modelos de 6 y 12 V<\/p>\n","protected":false},"featured_media":41037,"template":"","meta":{"_acf_changed":false,"om_disable_all_campaigns":false,"passster_activate_protection":false,"passster_protect_child_pages":"","passster_protection_type":"password","passster_password":"","passster_passwords":"","passster_password_list":"","passster_password_lists":"","passster_activate_user_restriction":"","passster_user_restriction_type":"user-role","passster_user_restriction":"no-role","passster_activate_overwrite_defaults":"","passster_headline":"","passster_instruction":"","passster_placeholder":"","passster_button":"","passster_id":"","passster_activate_misc_settings":"","passster_redirect_url":"","passster_hide":"no","passster_area_shortcode":"","_monsterinsights_skip_tracking":false,"_monsterinsights_sitenote_active":false,"_monsterinsights_sitenote_note":"","_monsterinsights_sitenote_category":0,"_uf_show_specific_survey":0,"_uf_disable_surveys":false},"product_brand":[],"product_cat":[5793,5796,5801,5806],"product_tag":[7662,6675,6446,6647,6651,6676,5884,5888,7663,5887,5944,5957,7186,7188,7206,7208,7226,7228,7270,7272],"class_list":{"0":"post-35923","1":"product","2":"type-product","3":"status-publish","4":"has-post-thumbnail","6":"product_cat-bateria-es","7":"product_cat-dry-es","8":"product_cat-moto-es","9":"product_cat-scooter-es","10":"product_tag-310594-es","11":"product_tag-bateria-convencional-es","12":"product_tag-bateria-de-moto-es","13":"product_tag-bateria-de-moto-es-es","14":"product_tag-bateria-de-scooter-es","15":"product_tag-bateria-dry-es","16":"product_tag-bb7l-b-es","17":"product_tag-bb7l-b2-es","18":"product_tag-bb7lb-es","19":"product_tag-bb7lb2-es","20":"product_tag-bsli-02-es","21":"product_tag-bsli02-es","22":"product_tag-cb7l-b-es","23":"product_tag-cb7lb-es","24":"product_tag-eb7l-b-es","25":"product_tag-eb7lb-es","26":"product_tag-fb7l-b-es","27":"product_tag-fb7lb-es","28":"product_tag-yb7l-b-es","29":"product_tag-yb7lb-es","31":"first","32":"instock","33":"shipping-taxable","34":"product-type-simple"},"acf":[],"aioseo_notices":[],"yoast_head":"<!-- This site is optimized with the Yoast SEO plugin v24.6 - https:\/\/yoast.com\/wordpress\/plugins\/seo\/ -->\n<title>BB7L-B - BS BATTERY<\/title>\n<meta name=\"robots\" content=\"index, follow, max-snippet:-1, max-image-preview:large, max-video-preview:-1\" \/>\n<link rel=\"canonical\" href=\"https:\/\/bs-battery.com\/es\/producto\/bb7l-b\/\" \/>\n<meta property=\"og:locale\" content=\"es_ES\" \/>\n<meta property=\"og:type\" content=\"article\" \/>\n<meta property=\"og:title\" content=\"BB7L-B - BS BATTERY\" \/>\n<meta property=\"og:description\" content=\"Para ser activadas - DRY \u2013 tecnolog\u00eda de carga Pack de \u00e1cido incluido - para el llenado inicial Mantenimiento peri\u00f3dico - Requiere rellenado con agua si es necesario Manejo con precauci\u00f3n para evitar derrames de \u00e1cido Larga vida en almacenamiento - No requiere recargar mientras est\u00e9 almacenado (si no ha sido activada) Emisi\u00f3n interna de gas a trav\u00e9s del orificio de ventilaci\u00f3n Amplia variedad de modelos de 6 y 12 V\" \/>\n<meta property=\"og:url\" content=\"https:\/\/bs-battery.com\/es\/producto\/bb7l-b\/\" \/>\n<meta property=\"og:site_name\" content=\"BS BATTERY\" \/>\n<meta property=\"article:modified_time\" content=\"2025-07-16T12:19:01+00:00\" \/>\n<meta property=\"og:image\" content=\"https:\/\/bs-battery.com\/wp-content\/uploads\/2021\/10\/DRY_BB7L-B.png\" \/>\n\t<meta property=\"og:image:width\" content=\"500\" \/>\n\t<meta property=\"og:image:height\" content=\"500\" \/>\n\t<meta property=\"og:image:type\" content=\"image\/png\" \/>\n<meta name=\"twitter:card\" content=\"summary_large_image\" \/>\n<meta name=\"twitter:label1\" content=\"Tiempo de lectura\" \/>\n\t<meta name=\"twitter:data1\" content=\"1 minuto\" \/>\n<script type=\"application\/ld+json\" class=\"yoast-schema-graph\">{\"@context\":\"https:\/\/schema.org\",\"@graph\":[{\"@type\":\"WebPage\",\"@id\":\"https:\/\/bs-battery.com\/es\/producto\/bb7l-b\/\",\"url\":\"https:\/\/bs-battery.com\/es\/producto\/bb7l-b\/\",\"name\":\"BB7L-B - BS BATTERY\",\"isPartOf\":{\"@id\":\"https:\/\/bs-battery.com\/#website\"},\"primaryImageOfPage\":{\"@id\":\"https:\/\/bs-battery.com\/es\/producto\/bb7l-b\/#primaryimage\"},\"image\":{\"@id\":\"https:\/\/bs-battery.com\/es\/producto\/bb7l-b\/#primaryimage\"},\"thumbnailUrl\":\"https:\/\/bs-battery.com\/wp-content\/uploads\/2025\/11\/BS_DRY_BB7L-B_LD.png\",\"datePublished\":\"2021-10-11T06:22:23+00:00\",\"dateModified\":\"2025-07-16T12:19:01+00:00\",\"breadcrumb\":{\"@id\":\"https:\/\/bs-battery.com\/es\/producto\/bb7l-b\/#breadcrumb\"},\"inLanguage\":\"es\",\"potentialAction\":[{\"@type\":\"ReadAction\",\"target\":[\"https:\/\/bs-battery.com\/es\/producto\/bb7l-b\/\"]}]},{\"@type\":\"ImageObject\",\"inLanguage\":\"es\",\"@id\":\"https:\/\/bs-battery.com\/es\/producto\/bb7l-b\/#primaryimage\",\"url\":\"https:\/\/bs-battery.com\/wp-content\/uploads\/2025\/11\/BS_DRY_BB7L-B_LD.png\",\"contentUrl\":\"https:\/\/bs-battery.com\/wp-content\/uploads\/2025\/11\/BS_DRY_BB7L-B_LD.png\",\"width\":800,\"height\":800,\"caption\":\"BS_DRY_BB7L-B_LD\"},{\"@type\":\"BreadcrumbList\",\"@id\":\"https:\/\/bs-battery.com\/es\/producto\/bb7l-b\/#breadcrumb\",\"itemListElement\":[{\"@type\":\"ListItem\",\"position\":1,\"name\":\"Home\",\"item\":\"https:\/\/bs-battery.com\/es\/\"},{\"@type\":\"ListItem\",\"position\":2,\"name\":\"Shop\",\"item\":\"https:\/\/bs-battery.com\/shop\/\"},{\"@type\":\"ListItem\",\"position\":3,\"name\":\"BB7L-B\"}]},{\"@type\":\"WebSite\",\"@id\":\"https:\/\/bs-battery.com\/#website\",\"url\":\"https:\/\/bs-battery.com\/\",\"name\":\"BS BATTERY\",\"description\":\"The Power you need...\",\"potentialAction\":[{\"@type\":\"SearchAction\",\"target\":{\"@type\":\"EntryPoint\",\"urlTemplate\":\"https:\/\/bs-battery.com\/?s={search_term_string}\"},\"query-input\":{\"@type\":\"PropertyValueSpecification\",\"valueRequired\":true,\"valueName\":\"search_term_string\"}}],\"inLanguage\":\"es\"}]}<\/script>\n<!-- \/ Yoast SEO plugin. -->","yoast_head_json":{"title":"BB7L-B - BS BATTERY","robots":{"index":"index","follow":"follow","max-snippet":"max-snippet:-1","max-image-preview":"max-image-preview:large","max-video-preview":"max-video-preview:-1"},"canonical":"https:\/\/bs-battery.com\/es\/producto\/bb7l-b\/","og_locale":"es_ES","og_type":"article","og_title":"BB7L-B - BS BATTERY","og_description":"Para ser activadas - DRY \u2013 tecnolog\u00eda de carga Pack de \u00e1cido incluido - para el llenado inicial Mantenimiento peri\u00f3dico - Requiere rellenado con agua si es necesario Manejo con precauci\u00f3n para evitar derrames de \u00e1cido Larga vida en almacenamiento - No requiere recargar mientras est\u00e9 almacenado (si no ha sido activada) Emisi\u00f3n interna de gas a trav\u00e9s del orificio de ventilaci\u00f3n Amplia variedad de modelos de 6 y 12 V","og_url":"https:\/\/bs-battery.com\/es\/producto\/bb7l-b\/","og_site_name":"BS BATTERY","article_modified_time":"2025-07-16T12:19:01+00:00","og_image":[{"width":500,"height":500,"url":"https:\/\/bs-battery.com\/wp-content\/uploads\/2021\/10\/DRY_BB7L-B.png","type":"image\/png"}],"twitter_card":"summary_large_image","twitter_misc":{"Tiempo de lectura":"1 minuto"},"schema":{"@context":"https:\/\/schema.org","@graph":[{"@type":"WebPage","@id":"https:\/\/bs-battery.com\/es\/producto\/bb7l-b\/","url":"https:\/\/bs-battery.com\/es\/producto\/bb7l-b\/","name":"BB7L-B - BS BATTERY","isPartOf":{"@id":"https:\/\/bs-battery.com\/#website"},"primaryImageOfPage":{"@id":"https:\/\/bs-battery.com\/es\/producto\/bb7l-b\/#primaryimage"},"image":{"@id":"https:\/\/bs-battery.com\/es\/producto\/bb7l-b\/#primaryimage"},"thumbnailUrl":"https:\/\/bs-battery.com\/wp-content\/uploads\/2025\/11\/BS_DRY_BB7L-B_LD.png","datePublished":"2021-10-11T06:22:23+00:00","dateModified":"2025-07-16T12:19:01+00:00","breadcrumb":{"@id":"https:\/\/bs-battery.com\/es\/producto\/bb7l-b\/#breadcrumb"},"inLanguage":"es","potentialAction":[{"@type":"ReadAction","target":["https:\/\/bs-battery.com\/es\/producto\/bb7l-b\/"]}]},{"@type":"ImageObject","inLanguage":"es","@id":"https:\/\/bs-battery.com\/es\/producto\/bb7l-b\/#primaryimage","url":"https:\/\/bs-battery.com\/wp-content\/uploads\/2025\/11\/BS_DRY_BB7L-B_LD.png","contentUrl":"https:\/\/bs-battery.com\/wp-content\/uploads\/2025\/11\/BS_DRY_BB7L-B_LD.png","width":800,"height":800,"caption":"BS_DRY_BB7L-B_LD"},{"@type":"BreadcrumbList","@id":"https:\/\/bs-battery.com\/es\/producto\/bb7l-b\/#breadcrumb","itemListElement":[{"@type":"ListItem","position":1,"name":"Home","item":"https:\/\/bs-battery.com\/es\/"},{"@type":"ListItem","position":2,"name":"Shop","item":"https:\/\/bs-battery.com\/shop\/"},{"@type":"ListItem","position":3,"name":"BB7L-B"}]},{"@type":"WebSite","@id":"https:\/\/bs-battery.com\/#website","url":"https:\/\/bs-battery.com\/","name":"BS BATTERY","description":"The Power you need...","potentialAction":[{"@type":"SearchAction","target":{"@type":"EntryPoint","urlTemplate":"https:\/\/bs-battery.com\/?s={search_term_string}"},"query-input":{"@type":"PropertyValueSpecification","valueRequired":true,"valueName":"search_term_string"}}],"inLanguage":"es"}]}},"_links":{"self":[{"href":"https:\/\/bs-battery.com\/es\/wp-json\/wp\/v2\/product\/35923","targetHints":{"allow":["GET"]}}],"collection":[{"href":"https:\/\/bs-battery.com\/es\/wp-json\/wp\/v2\/product"}],"about":[{"href":"https:\/\/bs-battery.com\/es\/wp-json\/wp\/v2\/types\/product"}],"wp:featuredmedia":[{"embeddable":true,"href":"https:\/\/bs-battery.com\/es\/wp-json\/wp\/v2\/media\/41037"}],"wp:attachment":[{"href":"https:\/\/bs-battery.com\/es\/wp-json\/wp\/v2\/media?parent=35923"}],"wp:term":[{"taxonomy":"product_brand","embeddable":true,"href":"https:\/\/bs-battery.com\/es\/wp-json\/wp\/v2\/product_brand?post=35923"},{"taxonomy":"product_cat","embeddable":true,"href":"https:\/\/bs-battery.com\/es\/wp-json\/wp\/v2\/product_cat?post=35923"},{"taxonomy":"product_tag","embeddable":true,"href":"https:\/\/bs-battery.com\/es\/wp-json\/wp\/v2\/product_tag?post=35923"}],"curies":[{"name":"wp","href":"https:\/\/api.w.org\/{rel}","templated":true}]}}