{"id":35993,"date":"2021-10-08T08:48:00","date_gmt":"2021-10-08T06:48:00","guid":{"rendered":"https:\/\/bs-battery.com\/product\/btx20h-bs\/"},"modified":"2025-07-15T16:31:21","modified_gmt":"2025-07-15T14:31:21","slug":"btx20h-bs","status":"publish","type":"product","link":"https:\/\/bs-battery.com\/es\/producto\/btx20h-bs\/","title":{"rendered":"BTX20H-BS"},"content":{"rendered":"<p style=\"text-align: justify;\">La bater\u00eda BTX20H-BS forma parte de nuestra gama MF. Entregada con un paquete de \u00e1cido, esta bater\u00eda de 12V 18.9Ah debe ser activada llenando el \u00e1cido antes del primer uso. Totalmente sellada y libre de mantenimiento una vez activada, esta bater\u00eda ofrece un alto rendimiento y no requiere rellenado de agua.<\/p>\n<p>Proporcionando alta potencia, larga duraci\u00f3n y m\u00e1xima fiabilidad, independientemente de las condiciones clim\u00e1ticas, la bater\u00eda BTX20H-BS es perfectamente adecuada para la mayor\u00eda de los veh\u00edculos powersport.<\/p>\n","protected":false},"excerpt":{"rendered":"<p>Para ser activadas &#8211; Tecnolog\u00eda AGM (fibro de vidrio absorbente)<br \/>\nPack de \u00e1cido incluido &#8211; Para el llenado inicial<br \/>\nSin mantenimiento &#8211; Dise\u00f1o VRLA (Bater\u00eda de plomo \u00e1cido regulada por v\u00e1lvula)<br \/>\nSellado herm\u00e9tico despu\u00e9s del llenado &#8211; El electrolito queda retenido en una malla de fibra de vidrio<br \/>\nMayor potencia y vida \u00fatil extendida<br \/>\nLarga vida en almacenamiento &#8211; No requiere recarga mientras est\u00e9 almacenada (si no ha sido activada)<\/p>\n","protected":false},"featured_media":35994,"template":"","meta":{"_acf_changed":false,"om_disable_all_campaigns":false,"passster_activate_protection":false,"passster_protect_child_pages":"","passster_protection_type":"password","passster_password":"","passster_passwords":"","passster_password_list":"","passster_password_lists":"","passster_activate_user_restriction":"","passster_user_restriction_type":"user-role","passster_user_restriction":"no-role","passster_activate_overwrite_defaults":"","passster_headline":"","passster_instruction":"","passster_placeholder":"","passster_button":"","passster_id":"","passster_activate_misc_settings":"","passster_redirect_url":"","passster_hide":"no","passster_area_shortcode":"","_monsterinsights_skip_tracking":false,"_monsterinsights_sitenote_active":false,"_monsterinsights_sitenote_note":"","_monsterinsights_sitenote_category":0,"_uf_show_specific_survey":0,"_uf_disable_surveys":false},"product_brand":[],"product_cat":[5794,5793,5800,5801,5809,5807,5806,5805],"product_tag":[7735,6446,6647,6445,7736,6766,6772,6637,6454],"class_list":{"0":"post-35993","1":"product","2":"type-product","3":"status-publish","4":"has-post-thumbnail","6":"product_cat-atv-es","7":"product_cat-bateria-es","8":"product_cat-mf-es","9":"product_cat-moto-es","10":"product_cat-moto-acuatica-es","11":"product_cat-moto-de-nieve-es","12":"product_cat-scooter-es","13":"product_cat-ssv-utv-es","14":"product_tag-300613-es","15":"product_tag-bateria-de-moto-es","16":"product_tag-bateria-de-moto-es-es","17":"product_tag-bateria-sin-mantenimiento-es","18":"product_tag-bgz20h-es","19":"product_tag-btx20-bs-es","20":"product_tag-btx20h-bs-es","21":"product_tag-mf-es","22":"product_tag-vrla-battery-es","24":"first","25":"instock","26":"shipping-taxable","27":"product-type-simple"},"acf":[],"aioseo_notices":[],"yoast_head":"<!-- This site is optimized with the Yoast SEO plugin v24.6 - https:\/\/yoast.com\/wordpress\/plugins\/seo\/ -->\n<title>BTX20H-BS - BS BATTERY<\/title>\n<meta name=\"robots\" content=\"index, follow, max-snippet:-1, max-image-preview:large, max-video-preview:-1\" \/>\n<link rel=\"canonical\" href=\"https:\/\/bs-battery.com\/es\/producto\/btx20h-bs\/\" \/>\n<meta property=\"og:locale\" content=\"es_ES\" \/>\n<meta property=\"og:type\" content=\"article\" \/>\n<meta property=\"og:title\" content=\"BTX20H-BS - BS BATTERY\" \/>\n<meta property=\"og:description\" content=\"Para ser activadas - Tecnolog\u00eda AGM (fibro de vidrio absorbente) Pack de \u00e1cido incluido - Para el llenado inicial Sin mantenimiento - Dise\u00f1o VRLA (Bater\u00eda de plomo \u00e1cido regulada por v\u00e1lvula) Sellado herm\u00e9tico despu\u00e9s del llenado - El electrolito queda retenido en una malla de fibra de vidrio Mayor potencia y vida \u00fatil extendida Larga vida en almacenamiento - No requiere recarga mientras est\u00e9 almacenada (si no ha sido activada)\" \/>\n<meta property=\"og:url\" content=\"https:\/\/bs-battery.com\/es\/producto\/btx20h-bs\/\" \/>\n<meta property=\"og:site_name\" content=\"BS BATTERY\" \/>\n<meta property=\"article:modified_time\" content=\"2025-07-15T14:31:21+00:00\" \/>\n<meta property=\"og:image\" content=\"https:\/\/bs-battery.com\/wp-content\/uploads\/2023\/09\/BTX20H-BS_MF-1.png\" \/>\n\t<meta property=\"og:image:width\" content=\"500\" \/>\n\t<meta property=\"og:image:height\" content=\"500\" \/>\n\t<meta property=\"og:image:type\" content=\"image\/png\" \/>\n<meta name=\"twitter:card\" content=\"summary_large_image\" \/>\n<meta name=\"twitter:label1\" content=\"Tiempo de lectura\" \/>\n\t<meta name=\"twitter:data1\" content=\"1 minuto\" \/>\n<script type=\"application\/ld+json\" class=\"yoast-schema-graph\">{\"@context\":\"https:\/\/schema.org\",\"@graph\":[{\"@type\":\"WebPage\",\"@id\":\"https:\/\/bs-battery.com\/es\/producto\/btx20h-bs\/\",\"url\":\"https:\/\/bs-battery.com\/es\/producto\/btx20h-bs\/\",\"name\":\"BTX20H-BS - BS BATTERY\",\"isPartOf\":{\"@id\":\"https:\/\/bs-battery.com\/#website\"},\"primaryImageOfPage\":{\"@id\":\"https:\/\/bs-battery.com\/es\/producto\/btx20h-bs\/#primaryimage\"},\"image\":{\"@id\":\"https:\/\/bs-battery.com\/es\/producto\/btx20h-bs\/#primaryimage\"},\"thumbnailUrl\":\"https:\/\/bs-battery.com\/wp-content\/uploads\/2023\/09\/BTX20H-BS_MF-1.png\",\"datePublished\":\"2021-10-08T06:48:00+00:00\",\"dateModified\":\"2025-07-15T14:31:21+00:00\",\"breadcrumb\":{\"@id\":\"https:\/\/bs-battery.com\/es\/producto\/btx20h-bs\/#breadcrumb\"},\"inLanguage\":\"es\",\"potentialAction\":[{\"@type\":\"ReadAction\",\"target\":[\"https:\/\/bs-battery.com\/es\/producto\/btx20h-bs\/\"]}]},{\"@type\":\"ImageObject\",\"inLanguage\":\"es\",\"@id\":\"https:\/\/bs-battery.com\/es\/producto\/btx20h-bs\/#primaryimage\",\"url\":\"https:\/\/bs-battery.com\/wp-content\/uploads\/2023\/09\/BTX20H-BS_MF-1.png\",\"contentUrl\":\"https:\/\/bs-battery.com\/wp-content\/uploads\/2023\/09\/BTX20H-BS_MF-1.png\",\"width\":500,\"height\":500},{\"@type\":\"BreadcrumbList\",\"@id\":\"https:\/\/bs-battery.com\/es\/producto\/btx20h-bs\/#breadcrumb\",\"itemListElement\":[{\"@type\":\"ListItem\",\"position\":1,\"name\":\"Home\",\"item\":\"https:\/\/bs-battery.com\/es\/\"},{\"@type\":\"ListItem\",\"position\":2,\"name\":\"Shop\",\"item\":\"https:\/\/bs-battery.com\/shop\/\"},{\"@type\":\"ListItem\",\"position\":3,\"name\":\"BTX20H-BS\"}]},{\"@type\":\"WebSite\",\"@id\":\"https:\/\/bs-battery.com\/#website\",\"url\":\"https:\/\/bs-battery.com\/\",\"name\":\"BS BATTERY\",\"description\":\"The Power you need...\",\"potentialAction\":[{\"@type\":\"SearchAction\",\"target\":{\"@type\":\"EntryPoint\",\"urlTemplate\":\"https:\/\/bs-battery.com\/?s={search_term_string}\"},\"query-input\":{\"@type\":\"PropertyValueSpecification\",\"valueRequired\":true,\"valueName\":\"search_term_string\"}}],\"inLanguage\":\"es\"}]}<\/script>\n<!-- \/ Yoast SEO plugin. -->","yoast_head_json":{"title":"BTX20H-BS - BS BATTERY","robots":{"index":"index","follow":"follow","max-snippet":"max-snippet:-1","max-image-preview":"max-image-preview:large","max-video-preview":"max-video-preview:-1"},"canonical":"https:\/\/bs-battery.com\/es\/producto\/btx20h-bs\/","og_locale":"es_ES","og_type":"article","og_title":"BTX20H-BS - BS BATTERY","og_description":"Para ser activadas - Tecnolog\u00eda AGM (fibro de vidrio absorbente) Pack de \u00e1cido incluido - Para el llenado inicial Sin mantenimiento - Dise\u00f1o VRLA (Bater\u00eda de plomo \u00e1cido regulada por v\u00e1lvula) Sellado herm\u00e9tico despu\u00e9s del llenado - El electrolito queda retenido en una malla de fibra de vidrio Mayor potencia y vida \u00fatil extendida Larga vida en almacenamiento - No requiere recarga mientras est\u00e9 almacenada (si no ha sido activada)","og_url":"https:\/\/bs-battery.com\/es\/producto\/btx20h-bs\/","og_site_name":"BS BATTERY","article_modified_time":"2025-07-15T14:31:21+00:00","og_image":[{"width":500,"height":500,"url":"https:\/\/bs-battery.com\/wp-content\/uploads\/2023\/09\/BTX20H-BS_MF-1.png","type":"image\/png"}],"twitter_card":"summary_large_image","twitter_misc":{"Tiempo de lectura":"1 minuto"},"schema":{"@context":"https:\/\/schema.org","@graph":[{"@type":"WebPage","@id":"https:\/\/bs-battery.com\/es\/producto\/btx20h-bs\/","url":"https:\/\/bs-battery.com\/es\/producto\/btx20h-bs\/","name":"BTX20H-BS - BS BATTERY","isPartOf":{"@id":"https:\/\/bs-battery.com\/#website"},"primaryImageOfPage":{"@id":"https:\/\/bs-battery.com\/es\/producto\/btx20h-bs\/#primaryimage"},"image":{"@id":"https:\/\/bs-battery.com\/es\/producto\/btx20h-bs\/#primaryimage"},"thumbnailUrl":"https:\/\/bs-battery.com\/wp-content\/uploads\/2023\/09\/BTX20H-BS_MF-1.png","datePublished":"2021-10-08T06:48:00+00:00","dateModified":"2025-07-15T14:31:21+00:00","breadcrumb":{"@id":"https:\/\/bs-battery.com\/es\/producto\/btx20h-bs\/#breadcrumb"},"inLanguage":"es","potentialAction":[{"@type":"ReadAction","target":["https:\/\/bs-battery.com\/es\/producto\/btx20h-bs\/"]}]},{"@type":"ImageObject","inLanguage":"es","@id":"https:\/\/bs-battery.com\/es\/producto\/btx20h-bs\/#primaryimage","url":"https:\/\/bs-battery.com\/wp-content\/uploads\/2023\/09\/BTX20H-BS_MF-1.png","contentUrl":"https:\/\/bs-battery.com\/wp-content\/uploads\/2023\/09\/BTX20H-BS_MF-1.png","width":500,"height":500},{"@type":"BreadcrumbList","@id":"https:\/\/bs-battery.com\/es\/producto\/btx20h-bs\/#breadcrumb","itemListElement":[{"@type":"ListItem","position":1,"name":"Home","item":"https:\/\/bs-battery.com\/es\/"},{"@type":"ListItem","position":2,"name":"Shop","item":"https:\/\/bs-battery.com\/shop\/"},{"@type":"ListItem","position":3,"name":"BTX20H-BS"}]},{"@type":"WebSite","@id":"https:\/\/bs-battery.com\/#website","url":"https:\/\/bs-battery.com\/","name":"BS BATTERY","description":"The Power you need...","potentialAction":[{"@type":"SearchAction","target":{"@type":"EntryPoint","urlTemplate":"https:\/\/bs-battery.com\/?s={search_term_string}"},"query-input":{"@type":"PropertyValueSpecification","valueRequired":true,"valueName":"search_term_string"}}],"inLanguage":"es"}]}},"_links":{"self":[{"href":"https:\/\/bs-battery.com\/es\/wp-json\/wp\/v2\/product\/35993","targetHints":{"allow":["GET"]}}],"collection":[{"href":"https:\/\/bs-battery.com\/es\/wp-json\/wp\/v2\/product"}],"about":[{"href":"https:\/\/bs-battery.com\/es\/wp-json\/wp\/v2\/types\/product"}],"wp:featuredmedia":[{"embeddable":true,"href":"https:\/\/bs-battery.com\/es\/wp-json\/wp\/v2\/media\/35994"}],"wp:attachment":[{"href":"https:\/\/bs-battery.com\/es\/wp-json\/wp\/v2\/media?parent=35993"}],"wp:term":[{"taxonomy":"product_brand","embeddable":true,"href":"https:\/\/bs-battery.com\/es\/wp-json\/wp\/v2\/product_brand?post=35993"},{"taxonomy":"product_cat","embeddable":true,"href":"https:\/\/bs-battery.com\/es\/wp-json\/wp\/v2\/product_cat?post=35993"},{"taxonomy":"product_tag","embeddable":true,"href":"https:\/\/bs-battery.com\/es\/wp-json\/wp\/v2\/product_tag?post=35993"}],"curies":[{"name":"wp","href":"https:\/\/api.w.org\/{rel}","templated":true}]}}