{"id":36006,"date":"2021-10-05T17:17:43","date_gmt":"2021-10-05T15:17:43","guid":{"rendered":"https:\/\/bs-battery.com\/product\/bsli-08\/"},"modified":"2025-06-13T11:27:59","modified_gmt":"2025-06-13T09:27:59","slug":"bsli-08","status":"publish","type":"product","link":"https:\/\/bs-battery.com\/es\/producto\/bsli-08\/","title":{"rendered":"BSLi-08"},"content":{"rendered":"<p style=\"text-align: justify;\">La bater\u00eda BSLi-08 forma parte de nuestra gama LiFePO4. Dise\u00f1ada para los conductores m\u00e1s exigentes, esta bater\u00eda de 12.8V 5Ah (60Wh) ofrece el m\u00e1ximo rendimiento de arranque, mayor seguridad y una vida \u00fatil m\u00e1s larga. Con su dise\u00f1o ultraligero, esta bater\u00eda BSLi-08 proporciona una aceleraci\u00f3n m\u00e1s r\u00e1pida a todos los veh\u00edculos powersport.  <\/p>\n<p>\u00datil, esta bater\u00eda est\u00e1 equipada con un indicador de tensi\u00f3n para comprobar el estado de carga en cualquier momento.<\/p>\n","protected":false},"excerpt":{"rendered":"<p>Listo para usar &#8211; S\u00f3lo conectar y listo<br \/>\nPeso m\u00e1s ligero &#8211; Hasta un 70% m\u00e1s liviana que las bater\u00edas de plomo-\u00e1cido<br \/>\nCiclo de vida extendido &#8211; M\u00e1s de 2000 ciclos<br \/>\nResistentes al calor &#8211; Hasta 230\u00b0C<br \/>\nRobustos Terminales de lat\u00f3n &#8211; Para un mejor rendimiento el\u00e9ctrico<br \/>\nIndicador de estado de carga &#8211; Consulte el estado de la carga en la pantalla indicadora en la parte superior<br \/>\nEspaciadores &#8211; Para un rendimiento superior y vibraciones limitadas, nuestras bater\u00edas de litio son mucho m\u00e1s peque\u00f1as que las de plomo-\u00e1cido. Se incluyen diferentes tipos de espaciadores con cada bater\u00eda para facilitar su adaptaci\u00f3n al alojamiento<\/p>\n","protected":false},"featured_media":44517,"template":"","meta":{"_acf_changed":false,"om_disable_all_campaigns":false,"passster_activate_protection":false,"passster_protect_child_pages":"","passster_protection_type":"password","passster_password":"","passster_passwords":"","passster_password_list":"","passster_password_lists":"","passster_activate_user_restriction":"","passster_user_restriction_type":"user-role","passster_user_restriction":"no-role","passster_activate_overwrite_defaults":"","passster_headline":"","passster_instruction":"","passster_placeholder":"","passster_button":"","passster_id":"","passster_activate_misc_settings":"","passster_redirect_url":"","passster_hide":"no","passster_area_shortcode":"","_monsterinsights_skip_tracking":false,"_monsterinsights_sitenote_active":false,"_monsterinsights_sitenote_note":"","_monsterinsights_sitenote_category":0,"_uf_show_specific_survey":0,"_uf_disable_surveys":false},"product_brand":[],"product_cat":[5794,5793,5798,5801,5809,5806,5805],"product_tag":[7768,6647,6446,5898,5937,5924,7771,5950,5943,5997,6757,6758,7471,7472,6024,6025,6187,7473,7474,6064,6065,7475,6199,7476,6200,6201,7773,6813,6812,6575,6576,6286,6293,6788,6791,6335,6336,7774,7775,7776,6741,6742,6636,6442,7778,7779,7780,6482,6467,7477,7478,7781,7782,6427,6428],"class_list":{"0":"post-36006","1":"product","2":"type-product","3":"status-publish","4":"has-post-thumbnail","6":"product_cat-atv-es","7":"product_cat-bateria-es","8":"product_cat-litio-es","9":"product_cat-moto-es","10":"product_cat-moto-acuatica-es","11":"product_cat-scooter-es","12":"product_cat-ssv-utv-es","13":"product_tag-360108-es","14":"product_tag-bateria-de-moto-es-es","15":"product_tag-bateria-de-moto-es","16":"product_tag-bb16cl-b-es","17":"product_tag-bctx14l-fp-es","18":"product_tag-bctx14lfp-es","19":"product_tag-bsli_08-es","20":"product_tag-bsli-08-es","21":"product_tag-bsli08-es","22":"product_tag-btx14hl-max-es","23":"product_tag-btx14l-es","24":"product_tag-btx14l-bs-es","25":"product_tag-cb16cl-b-es","26":"product_tag-cb16clb-es","27":"product_tag-cbtx14l-bs-es","28":"product_tag-cbtx14lbs-es","29":"product_tag-cx14l-es","30":"product_tag-eb16cl-b-es","31":"product_tag-eb16clb-es","32":"product_tag-etx14l-bs-es","33":"product_tag-etx14lbs-es","34":"product_tag-fb16cl-b-es","35":"product_tag-fb16cl-b-gel-es","36":"product_tag-fb16clb-es","37":"product_tag-fb16clb-gel-es","38":"product_tag-fhd14hl-bs-gel-es","39":"product_tag-fhd14hlbs-gel-es","40":"product_tag-ftx14l-bs-gel-es","41":"product_tag-ftx14lbs-gel-es","42":"product_tag-gb16cl-b-es","43":"product_tag-gb16clb-es","44":"product_tag-gtx14l-bs-es","45":"product_tag-gtx14lbs-es","46":"product_tag-hjp18-fp-es","47":"product_tag-hjp18fp-es","48":"product_tag-hjtx14ah-f-es","49":"product_tag-hjtx14ahf-es","50":"product_tag-hvt-3-es","51":"product_tag-hvt03-es","52":"product_tag-hvt3-es","53":"product_tag-lb16al-a2-lion-s-es","54":"product_tag-lb16ala2lions-es","55":"product_tag-lithium-lifepo4-es","56":"product_tag-litio-es","57":"product_tag-ntx14l-es","58":"product_tag-ntx14l-bs-es","59":"product_tag-ntx14lbs-es","60":"product_tag-palp-14lhy-es","61":"product_tag-palp14lhy-es","62":"product_tag-yb16cl-b-es","63":"product_tag-yb16clb-es","64":"product_tag-ytx14-3-es","65":"product_tag-ytx143-es","66":"product_tag-ytx14l-bs-es","67":"product_tag-ytx14lbs-es","69":"first","70":"instock","71":"shipping-taxable","72":"product-type-simple"},"acf":[],"aioseo_notices":[],"yoast_head":"<!-- This site is optimized with the Yoast SEO plugin v24.6 - https:\/\/yoast.com\/wordpress\/plugins\/seo\/ -->\n<title>BSLi-08 - BS BATTERY<\/title>\n<meta name=\"robots\" content=\"index, follow, max-snippet:-1, max-image-preview:large, max-video-preview:-1\" \/>\n<link rel=\"canonical\" href=\"https:\/\/bs-battery.com\/es\/producto\/bsli-08\/\" \/>\n<meta property=\"og:locale\" content=\"es_ES\" \/>\n<meta property=\"og:type\" content=\"article\" \/>\n<meta property=\"og:title\" content=\"BSLi-08 - BS BATTERY\" \/>\n<meta property=\"og:description\" content=\"Listo para usar - S\u00f3lo conectar y listo Peso m\u00e1s ligero - Hasta un 70% m\u00e1s liviana que las bater\u00edas de plomo-\u00e1cido Ciclo de vida extendido - M\u00e1s de 2000 ciclos Resistentes al calor - Hasta 230\u00b0C Robustos Terminales de lat\u00f3n - Para un mejor rendimiento el\u00e9ctrico Indicador de estado de carga - Consulte el estado de la carga en la pantalla indicadora en la parte superior Espaciadores - Para un rendimiento superior y vibraciones limitadas, nuestras bater\u00edas de litio son mucho m\u00e1s peque\u00f1as que las de plomo-\u00e1cido. Se incluyen diferentes tipos de espaciadores con cada bater\u00eda para facilitar su adaptaci\u00f3n al alojamiento\" \/>\n<meta property=\"og:url\" content=\"https:\/\/bs-battery.com\/es\/producto\/bsli-08\/\" \/>\n<meta property=\"og:site_name\" content=\"BS BATTERY\" \/>\n<meta property=\"article:modified_time\" content=\"2025-06-13T09:27:59+00:00\" \/>\n<meta property=\"og:image\" content=\"https:\/\/bs-battery.com\/wp-content\/uploads\/2021\/10\/BSLi_08.png\" \/>\n\t<meta property=\"og:image:width\" content=\"500\" \/>\n\t<meta property=\"og:image:height\" content=\"500\" \/>\n\t<meta property=\"og:image:type\" content=\"image\/png\" \/>\n<meta name=\"twitter:card\" content=\"summary_large_image\" \/>\n<meta name=\"twitter:label1\" content=\"Tiempo de lectura\" \/>\n\t<meta name=\"twitter:data1\" content=\"1 minuto\" \/>\n<script type=\"application\/ld+json\" class=\"yoast-schema-graph\">{\"@context\":\"https:\/\/schema.org\",\"@graph\":[{\"@type\":\"WebPage\",\"@id\":\"https:\/\/bs-battery.com\/es\/producto\/bsli-08\/\",\"url\":\"https:\/\/bs-battery.com\/es\/producto\/bsli-08\/\",\"name\":\"BSLi-08 - BS BATTERY\",\"isPartOf\":{\"@id\":\"https:\/\/bs-battery.com\/#website\"},\"primaryImageOfPage\":{\"@id\":\"https:\/\/bs-battery.com\/es\/producto\/bsli-08\/#primaryimage\"},\"image\":{\"@id\":\"https:\/\/bs-battery.com\/es\/producto\/bsli-08\/#primaryimage\"},\"thumbnailUrl\":\"https:\/\/bs-battery.com\/wp-content\/uploads\/2026\/04\/BS_LITHIUM_BSLI-08_LD-1.png\",\"datePublished\":\"2021-10-05T15:17:43+00:00\",\"dateModified\":\"2025-06-13T09:27:59+00:00\",\"breadcrumb\":{\"@id\":\"https:\/\/bs-battery.com\/es\/producto\/bsli-08\/#breadcrumb\"},\"inLanguage\":\"es\",\"potentialAction\":[{\"@type\":\"ReadAction\",\"target\":[\"https:\/\/bs-battery.com\/es\/producto\/bsli-08\/\"]}]},{\"@type\":\"ImageObject\",\"inLanguage\":\"es\",\"@id\":\"https:\/\/bs-battery.com\/es\/producto\/bsli-08\/#primaryimage\",\"url\":\"https:\/\/bs-battery.com\/wp-content\/uploads\/2026\/04\/BS_LITHIUM_BSLI-08_LD-1.png\",\"contentUrl\":\"https:\/\/bs-battery.com\/wp-content\/uploads\/2026\/04\/BS_LITHIUM_BSLI-08_LD-1.png\",\"width\":1000,\"height\":1000,\"caption\":\"BS_LITHIUM_BSLI-08_LD\"},{\"@type\":\"BreadcrumbList\",\"@id\":\"https:\/\/bs-battery.com\/es\/producto\/bsli-08\/#breadcrumb\",\"itemListElement\":[{\"@type\":\"ListItem\",\"position\":1,\"name\":\"Home\",\"item\":\"https:\/\/bs-battery.com\/es\/\"},{\"@type\":\"ListItem\",\"position\":2,\"name\":\"Shop\",\"item\":\"https:\/\/bs-battery.com\/shop\/\"},{\"@type\":\"ListItem\",\"position\":3,\"name\":\"BSLi-08\"}]},{\"@type\":\"WebSite\",\"@id\":\"https:\/\/bs-battery.com\/#website\",\"url\":\"https:\/\/bs-battery.com\/\",\"name\":\"BS BATTERY\",\"description\":\"The Power you need...\",\"potentialAction\":[{\"@type\":\"SearchAction\",\"target\":{\"@type\":\"EntryPoint\",\"urlTemplate\":\"https:\/\/bs-battery.com\/?s={search_term_string}\"},\"query-input\":{\"@type\":\"PropertyValueSpecification\",\"valueRequired\":true,\"valueName\":\"search_term_string\"}}],\"inLanguage\":\"es\"}]}<\/script>\n<!-- \/ Yoast SEO plugin. -->","yoast_head_json":{"title":"BSLi-08 - BS BATTERY","robots":{"index":"index","follow":"follow","max-snippet":"max-snippet:-1","max-image-preview":"max-image-preview:large","max-video-preview":"max-video-preview:-1"},"canonical":"https:\/\/bs-battery.com\/es\/producto\/bsli-08\/","og_locale":"es_ES","og_type":"article","og_title":"BSLi-08 - BS BATTERY","og_description":"Listo para usar - S\u00f3lo conectar y listo Peso m\u00e1s ligero - Hasta un 70% m\u00e1s liviana que las bater\u00edas de plomo-\u00e1cido Ciclo de vida extendido - M\u00e1s de 2000 ciclos Resistentes al calor - Hasta 230\u00b0C Robustos Terminales de lat\u00f3n - Para un mejor rendimiento el\u00e9ctrico Indicador de estado de carga - Consulte el estado de la carga en la pantalla indicadora en la parte superior Espaciadores - Para un rendimiento superior y vibraciones limitadas, nuestras bater\u00edas de litio son mucho m\u00e1s peque\u00f1as que las de plomo-\u00e1cido. Se incluyen diferentes tipos de espaciadores con cada bater\u00eda para facilitar su adaptaci\u00f3n al alojamiento","og_url":"https:\/\/bs-battery.com\/es\/producto\/bsli-08\/","og_site_name":"BS BATTERY","article_modified_time":"2025-06-13T09:27:59+00:00","og_image":[{"width":500,"height":500,"url":"https:\/\/bs-battery.com\/wp-content\/uploads\/2021\/10\/BSLi_08.png","type":"image\/png"}],"twitter_card":"summary_large_image","twitter_misc":{"Tiempo de lectura":"1 minuto"},"schema":{"@context":"https:\/\/schema.org","@graph":[{"@type":"WebPage","@id":"https:\/\/bs-battery.com\/es\/producto\/bsli-08\/","url":"https:\/\/bs-battery.com\/es\/producto\/bsli-08\/","name":"BSLi-08 - BS BATTERY","isPartOf":{"@id":"https:\/\/bs-battery.com\/#website"},"primaryImageOfPage":{"@id":"https:\/\/bs-battery.com\/es\/producto\/bsli-08\/#primaryimage"},"image":{"@id":"https:\/\/bs-battery.com\/es\/producto\/bsli-08\/#primaryimage"},"thumbnailUrl":"https:\/\/bs-battery.com\/wp-content\/uploads\/2026\/04\/BS_LITHIUM_BSLI-08_LD-1.png","datePublished":"2021-10-05T15:17:43+00:00","dateModified":"2025-06-13T09:27:59+00:00","breadcrumb":{"@id":"https:\/\/bs-battery.com\/es\/producto\/bsli-08\/#breadcrumb"},"inLanguage":"es","potentialAction":[{"@type":"ReadAction","target":["https:\/\/bs-battery.com\/es\/producto\/bsli-08\/"]}]},{"@type":"ImageObject","inLanguage":"es","@id":"https:\/\/bs-battery.com\/es\/producto\/bsli-08\/#primaryimage","url":"https:\/\/bs-battery.com\/wp-content\/uploads\/2026\/04\/BS_LITHIUM_BSLI-08_LD-1.png","contentUrl":"https:\/\/bs-battery.com\/wp-content\/uploads\/2026\/04\/BS_LITHIUM_BSLI-08_LD-1.png","width":1000,"height":1000,"caption":"BS_LITHIUM_BSLI-08_LD"},{"@type":"BreadcrumbList","@id":"https:\/\/bs-battery.com\/es\/producto\/bsli-08\/#breadcrumb","itemListElement":[{"@type":"ListItem","position":1,"name":"Home","item":"https:\/\/bs-battery.com\/es\/"},{"@type":"ListItem","position":2,"name":"Shop","item":"https:\/\/bs-battery.com\/shop\/"},{"@type":"ListItem","position":3,"name":"BSLi-08"}]},{"@type":"WebSite","@id":"https:\/\/bs-battery.com\/#website","url":"https:\/\/bs-battery.com\/","name":"BS BATTERY","description":"The Power you need...","potentialAction":[{"@type":"SearchAction","target":{"@type":"EntryPoint","urlTemplate":"https:\/\/bs-battery.com\/?s={search_term_string}"},"query-input":{"@type":"PropertyValueSpecification","valueRequired":true,"valueName":"search_term_string"}}],"inLanguage":"es"}]}},"_links":{"self":[{"href":"https:\/\/bs-battery.com\/es\/wp-json\/wp\/v2\/product\/36006","targetHints":{"allow":["GET"]}}],"collection":[{"href":"https:\/\/bs-battery.com\/es\/wp-json\/wp\/v2\/product"}],"about":[{"href":"https:\/\/bs-battery.com\/es\/wp-json\/wp\/v2\/types\/product"}],"wp:featuredmedia":[{"embeddable":true,"href":"https:\/\/bs-battery.com\/es\/wp-json\/wp\/v2\/media\/44517"}],"wp:attachment":[{"href":"https:\/\/bs-battery.com\/es\/wp-json\/wp\/v2\/media?parent=36006"}],"wp:term":[{"taxonomy":"product_brand","embeddable":true,"href":"https:\/\/bs-battery.com\/es\/wp-json\/wp\/v2\/product_brand?post=36006"},{"taxonomy":"product_cat","embeddable":true,"href":"https:\/\/bs-battery.com\/es\/wp-json\/wp\/v2\/product_cat?post=36006"},{"taxonomy":"product_tag","embeddable":true,"href":"https:\/\/bs-battery.com\/es\/wp-json\/wp\/v2\/product_tag?post=36006"}],"curies":[{"name":"wp","href":"https:\/\/api.w.org\/{rel}","templated":true}]}}