{"id":36008,"date":"2021-10-05T17:15:13","date_gmt":"2021-10-05T15:15:13","guid":{"rendered":"https:\/\/bs-battery.com\/product\/bsli-05\/"},"modified":"2025-06-13T11:27:08","modified_gmt":"2025-06-13T09:27:08","slug":"bsli-05","status":"publish","type":"product","link":"https:\/\/bs-battery.com\/es\/producto\/bsli-05\/","title":{"rendered":"BSLi-05"},"content":{"rendered":"<p style=\"text-align: justify;\">La bater\u00eda BSLi-05 forma parte de nuestra gama LiFePO4. Dise\u00f1ada para los conductores m\u00e1s exigentes, esta bater\u00eda de 12.8V 4Ah (48Wh) ofrece el m\u00e1ximo rendimiento de arranque, mayor seguridad y una vida \u00fatil m\u00e1s larga. Con su dise\u00f1o ultraligero, esta bater\u00eda BSLi-05 proporciona una aceleraci\u00f3n m\u00e1s r\u00e1pida a todos los veh\u00edculos powersport.  <\/p>\n<p>\u00datil, esta bater\u00eda est\u00e1 equipada con un indicador de tensi\u00f3n para comprobar el estado de carga en cualquier momento.<\/p>\n","protected":false},"excerpt":{"rendered":"<p>Listo para usar &#8211; S\u00f3lo conectar y listo<br \/>\nPeso m\u00e1s ligero &#8211; Hasta un 70% m\u00e1s liviana que las bater\u00edas de plomo-\u00e1cido<br \/>\nCiclo de vida extendido &#8211; M\u00e1s de 2000 ciclos<br \/>\nResistentes al calor &#8211; Hasta 230\u00b0C<br \/>\nRobustos Terminales de lat\u00f3n &#8211; Para un mejor rendimiento el\u00e9ctrico<br \/>\nIndicador de estado de carga &#8211; Consulte el estado de la carga en la pantalla indicadora en la parte superior<br \/>\nEspaciadores &#8211; Para un rendimiento superior y vibraciones limitadas, nuestras bater\u00edas de litio son mucho m\u00e1s peque\u00f1as que las de plomo-\u00e1cido. Se incluyen diferentes tipos de espaciadores con cada bater\u00eda para facilitar su adaptaci\u00f3n al alojamiento<\/p>\n","protected":false},"featured_media":40990,"template":"","meta":{"_acf_changed":false,"om_disable_all_campaigns":false,"passster_activate_protection":false,"passster_protect_child_pages":"","passster_protection_type":"password","passster_password":"","passster_passwords":"","passster_password_list":"","passster_password_lists":"","passster_activate_user_restriction":"","passster_user_restriction_type":"user-role","passster_user_restriction":"no-role","passster_activate_overwrite_defaults":"","passster_headline":"","passster_instruction":"","passster_placeholder":"","passster_button":"","passster_id":"","passster_activate_misc_settings":"","passster_redirect_url":"","passster_hide":"no","passster_area_shortcode":"","_monsterinsights_skip_tracking":false,"_monsterinsights_sitenote_active":false,"_monsterinsights_sitenote_note":"","_monsterinsights_sitenote_category":0,"_uf_show_specific_survey":0,"_uf_disable_surveys":false},"product_brand":[],"product_cat":[5794,5793,5798,5801,5809,5806,5805],"product_tag":[7783,6085,5869,6446,6647,5891,5890,5892,5893,6115,6116,6117,6107,6114,6099,6100,6101,5906,7491,5909,7784,7492,5899,5900,5901,7785,5949,5940,5994,5982,5981,5995,7625,7614,7604,7626,7615,7605,7459,7563,7458,7564,7504,7493,7505,7494,7482,7483,6022,6023,6189,7627,7616,7606,7628,7617,7607,7786,7457,7565,7456,7506,7496,7484,7485,6076,6075,7629,6705,7618,7608,7630,6704,7619,7609,7452,7567,6213,7453,7568,6209,7508,7498,7486,6216,7487,6205,6802,6805,6573,6574,6285,6283,6609,7787,6612,7788,6636,6442,6644,6645,7789,7790,7791,7792,7793,7795,7797,7798,7801,6485,6468,7803,7805,7631,7620,7610,7632,7621,7611,7807,7809,7454,7569,7455,7570,7510,7500,7488,7489,7811,7813,6437,6426],"class_list":{"0":"post-36008","1":"product","2":"type-product","3":"status-publish","4":"has-post-thumbnail","6":"product_cat-atv-es","7":"product_cat-bateria-es","8":"product_cat-litio-es","9":"product_cat-moto-es","10":"product_cat-moto-acuatica-es","11":"product_cat-scooter-es","12":"product_cat-ssv-utv-es","13":"product_tag-360105-es","14":"product_tag-agm12-14-es","15":"product_tag-agm1214-es","16":"product_tag-bateria-de-moto-es","17":"product_tag-bateria-de-moto-es-es","18":"product_tag-bb10l-a2-es","19":"product_tag-bb10l-a2-b2-es","20":"product_tag-bb10l-b2-es","21":"product_tag-bb10l-bp-es","22":"product_tag-bb10la2-es","23":"product_tag-bb10la2b2-es","24":"product_tag-bb10lb2-es","25":"product_tag-bb10lbp-es","26":"product_tag-bb12al-a-es","27":"product_tag-bb12al-a2-es","28":"product_tag-bb12ala-es","29":"product_tag-bb12ala2-es","30":"product_tag-bb14l-a2-12n14-3a-es","31":"product_tag-bb14l-a2-b2-btx14ahl-es","32":"product_tag-bb14l-b2-es","33":"product_tag-bb14la2-12n143a-es","34":"product_tag-bb14la2b2-btx14ahl-es","35":"product_tag-bb14lb2-es","36":"product_tag-bb16al-a2-es","37":"product_tag-bb16ala2-es","38":"product_tag-bsli_05-es","39":"product_tag-bsli-05-es","40":"product_tag-bsli05-es","41":"product_tag-btx14ahl-bb14la2b2-es","42":"product_tag-btx14ahl-bs-es","43":"product_tag-btx14ahl-bb14l-a2-b2-es","44":"product_tag-btx14ahlbs-es","45":"product_tag-cb10l-a2-es","46":"product_tag-cb10l-b2-es","47":"product_tag-cb10l-bp-es","48":"product_tag-cb10la2-es","49":"product_tag-cb10lb2-es","50":"product_tag-cb10lbp-es","51":"product_tag-cb12al-a-es","52":"product_tag-cb12al-a2-es","53":"product_tag-cb12ala-es","54":"product_tag-cb12ala2-es","55":"product_tag-cb14l-a2-es","56":"product_tag-cb14l-b2-es","57":"product_tag-cb14la2-es","58":"product_tag-cb14lb2-es","59":"product_tag-cb16al-a2-es","60":"product_tag-cb16ala2-es","61":"product_tag-cbtx14ahl-bs-es","62":"product_tag-cbtx14ahlbs-es","63":"product_tag-cx14ahl-es","64":"product_tag-eb10l-a2-es","65":"product_tag-eb10l-b2-es","66":"product_tag-eb10l-bp-es","67":"product_tag-eb10la2-es","68":"product_tag-eb10lb2-es","69":"product_tag-eb10lbp-es","70":"product_tag-eb12a-a2-es","71":"product_tag-eb12al-a-es","72":"product_tag-eb12al-a2-es","73":"product_tag-eb12ala-es","74":"product_tag-eb14l-a2-es","75":"product_tag-eb14lb2-es","76":"product_tag-eb16al-a2-es","77":"product_tag-eb16ala2-es","78":"product_tag-etx14ahl-bs-es","79":"product_tag-etx14ahlbs-es","80":"product_tag-fb10l-a2-es","81":"product_tag-fb10l-a2-b2-gel-es","82":"product_tag-fb10l-b2-es","83":"product_tag-fb10l-bp-es","84":"product_tag-fb10la2-es","85":"product_tag-fb10la2b2-gel-es","86":"product_tag-fb10lb2-es","87":"product_tag-fb10lbp-es","88":"product_tag-fb12al-a-es","89":"product_tag-fb12al-a2-es","90":"product_tag-fb12al-a2-gel-es","91":"product_tag-fb12ala-es","92":"product_tag-fb12ala2-es","93":"product_tag-fb12ala2-gel-es","94":"product_tag-fb14l-a2-es","95":"product_tag-fb14lb2-es","96":"product_tag-fb16al-a2-es","97":"product_tag-fb16al-a2-gel-es","98":"product_tag-fb16ala2-es","99":"product_tag-fb16ala2-gel-es","100":"product_tag-ftx14ahl-bs-fb14l-a2-b2-gel-es","101":"product_tag-ftx14ahlbs-fb14la2b2-gel-es","102":"product_tag-gb10l-b2-es","103":"product_tag-gb10lb2-es","104":"product_tag-gtx14ahl-bs-es","105":"product_tag-gtx14ahlbs-es","106":"product_tag-hjtz7s-fpz-es","107":"product_tag-hjtz7s-fpz-wi-es","108":"product_tag-hjtz7sfpz-es","109":"product_tag-hjtz7sfpzwi-es","110":"product_tag-lithium-lifepo4-es","111":"product_tag-litio-es","112":"product_tag-ltz8v-lion-s-es","113":"product_tag-ltz8vlions-es","114":"product_tag-nb12al-a2-es","115":"product_tag-nb12ala2-es","116":"product_tag-nb14l-a2-es","117":"product_tag-nb14la2-es","118":"product_tag-nb16al-a2-es","119":"product_tag-nb16ala2-es","120":"product_tag-ntx14ahl-es","121":"product_tag-ntx14ahl-bs-es","122":"product_tag-ntx14ahlbs-es","123":"product_tag-palp-14lahy-es","124":"product_tag-palp14lahy-es","125":"product_tag-yb10-3-es","126":"product_tag-yb103-es","127":"product_tag-yb10l-a2-es","128":"product_tag-yb10l-b2-es","129":"product_tag-yb10l-bp-es","130":"product_tag-yb10la2-es","131":"product_tag-yb10lb2-es","132":"product_tag-yb10lbp-es","133":"product_tag-yb12a-3-es","134":"product_tag-yb12a3-es","135":"product_tag-yb12al-a-es","136":"product_tag-yb12al-a2-es","137":"product_tag-yb12ala-es","138":"product_tag-yb12ala2-es","139":"product_tag-yb14l-a2-es","140":"product_tag-yb14lb2-es","141":"product_tag-yb16al-a2-es","142":"product_tag-yb16ala2-es","143":"product_tag-ytx14ah-3-es","144":"product_tag-ytx14ah3-es","145":"product_tag-ytx14ahl-bs-es","146":"product_tag-ytx14ahlbs-es","148":"first","149":"instock","150":"shipping-taxable","151":"product-type-simple"},"acf":[],"aioseo_notices":[],"yoast_head":"<!-- This site is optimized with the Yoast SEO plugin v24.6 - https:\/\/yoast.com\/wordpress\/plugins\/seo\/ -->\n<title>BSLi-05 - BS BATTERY<\/title>\n<meta name=\"robots\" content=\"index, follow, max-snippet:-1, max-image-preview:large, max-video-preview:-1\" \/>\n<link rel=\"canonical\" href=\"https:\/\/bs-battery.com\/es\/producto\/bsli-05\/\" \/>\n<meta property=\"og:locale\" content=\"es_ES\" \/>\n<meta property=\"og:type\" content=\"article\" \/>\n<meta property=\"og:title\" content=\"BSLi-05 - BS BATTERY\" \/>\n<meta property=\"og:description\" content=\"Listo para usar - S\u00f3lo conectar y listo Peso m\u00e1s ligero - Hasta un 70% m\u00e1s liviana que las bater\u00edas de plomo-\u00e1cido Ciclo de vida extendido - M\u00e1s de 2000 ciclos Resistentes al calor - Hasta 230\u00b0C Robustos Terminales de lat\u00f3n - Para un mejor rendimiento el\u00e9ctrico Indicador de estado de carga - Consulte el estado de la carga en la pantalla indicadora en la parte superior Espaciadores - Para un rendimiento superior y vibraciones limitadas, nuestras bater\u00edas de litio son mucho m\u00e1s peque\u00f1as que las de plomo-\u00e1cido. Se incluyen diferentes tipos de espaciadores con cada bater\u00eda para facilitar su adaptaci\u00f3n al alojamiento\" \/>\n<meta property=\"og:url\" content=\"https:\/\/bs-battery.com\/es\/producto\/bsli-05\/\" \/>\n<meta property=\"og:site_name\" content=\"BS BATTERY\" \/>\n<meta property=\"article:modified_time\" content=\"2025-06-13T09:27:08+00:00\" \/>\n<meta property=\"og:image\" content=\"https:\/\/bs-battery.com\/wp-content\/uploads\/2025\/11\/BS_LITHIUM_BSLI-05_LD.png\" \/>\n\t<meta property=\"og:image:width\" content=\"800\" \/>\n\t<meta property=\"og:image:height\" content=\"800\" \/>\n\t<meta property=\"og:image:type\" content=\"image\/png\" \/>\n<meta name=\"twitter:card\" content=\"summary_large_image\" \/>\n<meta name=\"twitter:label1\" content=\"Tiempo de lectura\" \/>\n\t<meta name=\"twitter:data1\" content=\"1 minuto\" \/>\n<script type=\"application\/ld+json\" class=\"yoast-schema-graph\">{\"@context\":\"https:\/\/schema.org\",\"@graph\":[{\"@type\":\"WebPage\",\"@id\":\"https:\/\/bs-battery.com\/es\/producto\/bsli-05\/\",\"url\":\"https:\/\/bs-battery.com\/es\/producto\/bsli-05\/\",\"name\":\"BSLi-05 - BS BATTERY\",\"isPartOf\":{\"@id\":\"https:\/\/bs-battery.com\/#website\"},\"primaryImageOfPage\":{\"@id\":\"https:\/\/bs-battery.com\/es\/producto\/bsli-05\/#primaryimage\"},\"image\":{\"@id\":\"https:\/\/bs-battery.com\/es\/producto\/bsli-05\/#primaryimage\"},\"thumbnailUrl\":\"https:\/\/bs-battery.com\/wp-content\/uploads\/2025\/11\/BS_LITHIUM_BSLI-05_LD.png\",\"datePublished\":\"2021-10-05T15:15:13+00:00\",\"dateModified\":\"2025-06-13T09:27:08+00:00\",\"breadcrumb\":{\"@id\":\"https:\/\/bs-battery.com\/es\/producto\/bsli-05\/#breadcrumb\"},\"inLanguage\":\"es\",\"potentialAction\":[{\"@type\":\"ReadAction\",\"target\":[\"https:\/\/bs-battery.com\/es\/producto\/bsli-05\/\"]}]},{\"@type\":\"ImageObject\",\"inLanguage\":\"es\",\"@id\":\"https:\/\/bs-battery.com\/es\/producto\/bsli-05\/#primaryimage\",\"url\":\"https:\/\/bs-battery.com\/wp-content\/uploads\/2025\/11\/BS_LITHIUM_BSLI-05_LD.png\",\"contentUrl\":\"https:\/\/bs-battery.com\/wp-content\/uploads\/2025\/11\/BS_LITHIUM_BSLI-05_LD.png\",\"width\":800,\"height\":800,\"caption\":\"BS_LITHIUM_BSLI-05_LD\"},{\"@type\":\"BreadcrumbList\",\"@id\":\"https:\/\/bs-battery.com\/es\/producto\/bsli-05\/#breadcrumb\",\"itemListElement\":[{\"@type\":\"ListItem\",\"position\":1,\"name\":\"Home\",\"item\":\"https:\/\/bs-battery.com\/es\/\"},{\"@type\":\"ListItem\",\"position\":2,\"name\":\"Shop\",\"item\":\"https:\/\/bs-battery.com\/shop\/\"},{\"@type\":\"ListItem\",\"position\":3,\"name\":\"BSLi-05\"}]},{\"@type\":\"WebSite\",\"@id\":\"https:\/\/bs-battery.com\/#website\",\"url\":\"https:\/\/bs-battery.com\/\",\"name\":\"BS BATTERY\",\"description\":\"The Power you need...\",\"potentialAction\":[{\"@type\":\"SearchAction\",\"target\":{\"@type\":\"EntryPoint\",\"urlTemplate\":\"https:\/\/bs-battery.com\/?s={search_term_string}\"},\"query-input\":{\"@type\":\"PropertyValueSpecification\",\"valueRequired\":true,\"valueName\":\"search_term_string\"}}],\"inLanguage\":\"es\"}]}<\/script>\n<!-- \/ Yoast SEO plugin. -->","yoast_head_json":{"title":"BSLi-05 - BS BATTERY","robots":{"index":"index","follow":"follow","max-snippet":"max-snippet:-1","max-image-preview":"max-image-preview:large","max-video-preview":"max-video-preview:-1"},"canonical":"https:\/\/bs-battery.com\/es\/producto\/bsli-05\/","og_locale":"es_ES","og_type":"article","og_title":"BSLi-05 - BS BATTERY","og_description":"Listo para usar - S\u00f3lo conectar y listo Peso m\u00e1s ligero - Hasta un 70% m\u00e1s liviana que las bater\u00edas de plomo-\u00e1cido Ciclo de vida extendido - M\u00e1s de 2000 ciclos Resistentes al calor - Hasta 230\u00b0C Robustos Terminales de lat\u00f3n - Para un mejor rendimiento el\u00e9ctrico Indicador de estado de carga - Consulte el estado de la carga en la pantalla indicadora en la parte superior Espaciadores - Para un rendimiento superior y vibraciones limitadas, nuestras bater\u00edas de litio son mucho m\u00e1s peque\u00f1as que las de plomo-\u00e1cido. Se incluyen diferentes tipos de espaciadores con cada bater\u00eda para facilitar su adaptaci\u00f3n al alojamiento","og_url":"https:\/\/bs-battery.com\/es\/producto\/bsli-05\/","og_site_name":"BS BATTERY","article_modified_time":"2025-06-13T09:27:08+00:00","og_image":[{"width":800,"height":800,"url":"https:\/\/bs-battery.com\/wp-content\/uploads\/2025\/11\/BS_LITHIUM_BSLI-05_LD.png","type":"image\/png"}],"twitter_card":"summary_large_image","twitter_misc":{"Tiempo de lectura":"1 minuto"},"schema":{"@context":"https:\/\/schema.org","@graph":[{"@type":"WebPage","@id":"https:\/\/bs-battery.com\/es\/producto\/bsli-05\/","url":"https:\/\/bs-battery.com\/es\/producto\/bsli-05\/","name":"BSLi-05 - BS BATTERY","isPartOf":{"@id":"https:\/\/bs-battery.com\/#website"},"primaryImageOfPage":{"@id":"https:\/\/bs-battery.com\/es\/producto\/bsli-05\/#primaryimage"},"image":{"@id":"https:\/\/bs-battery.com\/es\/producto\/bsli-05\/#primaryimage"},"thumbnailUrl":"https:\/\/bs-battery.com\/wp-content\/uploads\/2025\/11\/BS_LITHIUM_BSLI-05_LD.png","datePublished":"2021-10-05T15:15:13+00:00","dateModified":"2025-06-13T09:27:08+00:00","breadcrumb":{"@id":"https:\/\/bs-battery.com\/es\/producto\/bsli-05\/#breadcrumb"},"inLanguage":"es","potentialAction":[{"@type":"ReadAction","target":["https:\/\/bs-battery.com\/es\/producto\/bsli-05\/"]}]},{"@type":"ImageObject","inLanguage":"es","@id":"https:\/\/bs-battery.com\/es\/producto\/bsli-05\/#primaryimage","url":"https:\/\/bs-battery.com\/wp-content\/uploads\/2025\/11\/BS_LITHIUM_BSLI-05_LD.png","contentUrl":"https:\/\/bs-battery.com\/wp-content\/uploads\/2025\/11\/BS_LITHIUM_BSLI-05_LD.png","width":800,"height":800,"caption":"BS_LITHIUM_BSLI-05_LD"},{"@type":"BreadcrumbList","@id":"https:\/\/bs-battery.com\/es\/producto\/bsli-05\/#breadcrumb","itemListElement":[{"@type":"ListItem","position":1,"name":"Home","item":"https:\/\/bs-battery.com\/es\/"},{"@type":"ListItem","position":2,"name":"Shop","item":"https:\/\/bs-battery.com\/shop\/"},{"@type":"ListItem","position":3,"name":"BSLi-05"}]},{"@type":"WebSite","@id":"https:\/\/bs-battery.com\/#website","url":"https:\/\/bs-battery.com\/","name":"BS BATTERY","description":"The Power you need...","potentialAction":[{"@type":"SearchAction","target":{"@type":"EntryPoint","urlTemplate":"https:\/\/bs-battery.com\/?s={search_term_string}"},"query-input":{"@type":"PropertyValueSpecification","valueRequired":true,"valueName":"search_term_string"}}],"inLanguage":"es"}]}},"_links":{"self":[{"href":"https:\/\/bs-battery.com\/es\/wp-json\/wp\/v2\/product\/36008","targetHints":{"allow":["GET"]}}],"collection":[{"href":"https:\/\/bs-battery.com\/es\/wp-json\/wp\/v2\/product"}],"about":[{"href":"https:\/\/bs-battery.com\/es\/wp-json\/wp\/v2\/types\/product"}],"wp:featuredmedia":[{"embeddable":true,"href":"https:\/\/bs-battery.com\/es\/wp-json\/wp\/v2\/media\/40990"}],"wp:attachment":[{"href":"https:\/\/bs-battery.com\/es\/wp-json\/wp\/v2\/media?parent=36008"}],"wp:term":[{"taxonomy":"product_brand","embeddable":true,"href":"https:\/\/bs-battery.com\/es\/wp-json\/wp\/v2\/product_brand?post=36008"},{"taxonomy":"product_cat","embeddable":true,"href":"https:\/\/bs-battery.com\/es\/wp-json\/wp\/v2\/product_cat?post=36008"},{"taxonomy":"product_tag","embeddable":true,"href":"https:\/\/bs-battery.com\/es\/wp-json\/wp\/v2\/product_tag?post=36008"}],"curies":[{"name":"wp","href":"https:\/\/api.w.org\/{rel}","templated":true}]}}