{"id":36010,"date":"2021-10-05T17:14:18","date_gmt":"2021-10-05T15:14:18","guid":{"rendered":"https:\/\/bs-battery.com\/product\/bsli-04-06\/"},"modified":"2025-06-13T11:27:04","modified_gmt":"2025-06-13T09:27:04","slug":"bsli-04-06","status":"publish","type":"product","link":"https:\/\/bs-battery.com\/es\/producto\/bsli-04-06\/","title":{"rendered":"BSLi-04\/06"},"content":{"rendered":"<p style=\"text-align: justify;\">La bater\u00eda BSLi-04\/06 forma parte de nuestra gama LiFePO4. Dise\u00f1ada para los conductores m\u00e1s exigentes, esta bater\u00eda de 12.8V 4Ah (48Wh) ofrece el m\u00e1ximo rendimiento de arranque, mayor seguridad y una vida \u00fatil m\u00e1s larga. Con su dise\u00f1o ultraligero, esta bater\u00eda BSLi-04\/06 proporciona una aceleraci\u00f3n m\u00e1s r\u00e1pida a todos los veh\u00edculos powersport.  <\/p>\n<p>\u00datil, esta bater\u00eda est\u00e1 equipada con un indicador de tensi\u00f3n para comprobar el estado de carga en cualquier momento.<\/p>\n","protected":false},"excerpt":{"rendered":"<p>Listo para usar &#8211; S\u00f3lo conectar y listo<br \/>\nPeso m\u00e1s ligero &#8211; Hasta un 70% m\u00e1s liviana que las bater\u00edas de plomo-\u00e1cido<br \/>\nCiclo de vida extendido &#8211; M\u00e1s de 2000 ciclos<br \/>\nResistentes al calor &#8211; Hasta 230\u00b0C<br \/>\nRobustos Terminales de lat\u00f3n &#8211; Para un mejor rendimiento el\u00e9ctrico<br \/>\nIndicador de estado de carga &#8211; Consulte el estado de la carga en la pantalla indicadora en la parte superior<br \/>\nEspaciadores &#8211; Para un rendimiento superior y vibraciones limitadas, nuestras bater\u00edas de litio son mucho m\u00e1s peque\u00f1as que las de plomo-\u00e1cido. Se incluyen diferentes tipos de espaciadores con cada bater\u00eda para facilitar su adaptaci\u00f3n al alojamiento<\/p>\n","protected":false},"featured_media":36018,"template":"","meta":{"_acf_changed":false,"om_disable_all_campaigns":false,"passster_activate_protection":false,"passster_protect_child_pages":"","passster_protection_type":"password","passster_password":"","passster_passwords":"","passster_password_list":"","passster_password_lists":"","passster_activate_user_restriction":"","passster_user_restriction_type":"user-role","passster_user_restriction":"no-role","passster_activate_overwrite_defaults":"","passster_headline":"","passster_instruction":"","passster_placeholder":"","passster_button":"","passster_id":"","passster_activate_misc_settings":"","passster_redirect_url":"","passster_hide":"no","passster_area_shortcode":"","_monsterinsights_skip_tracking":false,"_monsterinsights_sitenote_active":false,"_monsterinsights_sitenote_note":"","_monsterinsights_sitenote_category":0,"_uf_show_specific_survey":0,"_uf_disable_surveys":false},"product_brand":[],"product_cat":[5794,5793,5798,5801,5807,5806,5805],"product_tag":[7794,6446,6647,7796,6110,6111,6112,7582,6113,6104,6106,6098,5913,7799,5917,5904,5905,6689,6691,5935,5936,5929,5930,7800,7802,7804,5947,5939,5969,5970,5967,5974,5975,5976,5977,5973,5971,5972,5959,6143,6144,6145,6146,6138,5986,5993,5983,5984,5979,5989,5996,6165,6166,6168,6170,6169,6171,6159,6160,7595,7583,7596,7584,7545,7536,7546,7537,7806,7808,6019,6020,6021,6022,6023,7810,7812,6057,7815,6056,7816,6047,7818,6048,7821,6049,7823,6050,7825,6053,7827,6054,7829,6041,7831,6039,6042,6043,6040,6044,6038,6195,6196,6197,6188,7597,7585,7598,7586,7547,7538,7548,7539,6182,6181,6184,6178,7833,7835,7837,7839,7841,7843,7845,7847,6074,6073,6077,6076,6075,6066,7849,7851,6058,6716,7599,6697,7588,7600,7853,7590,7549,7540,6211,7550,6214,7541,6556,6560,6561,6547,7855,6555,7857,6234,6235,7860,6236,7862,6237,6227,7865,6797,7869,6801,6800,6799,6798,6806,6808,6814,6246,6245,7873,6247,7876,6248,7878,7881,6582,6578,6579,6580,6581,6577,6273,6262,6263,6258,6735,6736,6727,6728,6730,6279,6280,6278,6282,6284,6285,6283,6287,6591,6592,6593,6594,6595,6596,6307,6306,6302,6303,6298,6777,6782,6787,6786,6793,6795,6794,6781,6779,6333,6334,6337,6319,6320,6321,6322,6323,6607,6338,6339,6342,7883,7307,7885,7308,7887,7309,6350,6357,6737,6738,6636,6442,6751,6750,6749,6376,6367,6362,6363,6646,6633,6632,6627,7889,7891,7893,7895,7897,7900,7902,7904,7906,7908,7909,7911,7913,7915,7917,7919,7921,7924,7926,7928,7930,7932,7934,7798,7801,7936,7938,7940,7942,7944,7946,7948,7951,7751,7752,6486,6480,6481,6470,6469,6412,6447,6448,7952,7601,7592,7954,7602,7593,7551,7542,7552,7543,7956,7958,7959,7960,7961,7962,7963,7964,7965,7966,7967,7968,7969,7970,7971,7972,7973,6462,7974,7975,6459,7976,6436,6437,6426,6425,7977,6660,7978,7979,7980,6663,7981,7982,7983,6659,7753,7754],"class_list":{"0":"post-36010","1":"product","2":"type-product","3":"status-publish","4":"has-post-thumbnail","6":"product_cat-atv-es","7":"product_cat-bateria-es","8":"product_cat-litio-es","9":"product_cat-moto-es","10":"product_cat-moto-de-nieve-es","11":"product_cat-scooter-es","12":"product_cat-ssv-utv-es","13":"product_tag-360104-es","14":"product_tag-bateria-de-moto-es","15":"product_tag-bateria-de-moto-es-es","16":"product_tag-bb12a-a-12n12a-4a-1-es","17":"product_tag-bb12a-a2-es","18":"product_tag-bb12a-b-es","19":"product_tag-bb12aa-12n12a4a1-es","20":"product_tag-bb12aa2-es","21":"product_tag-bb12ab-es","22":"product_tag-bb14-a2-12n14-4a-es","23":"product_tag-bb14-a2-b2-btx14ah-es","24":"product_tag-bb14-b2-es","25":"product_tag-bb14a-a2-es","26":"product_tag-bb14a2-12n144a-es","27":"product_tag-bb14a2b2-es","28":"product_tag-bb14aa2-es","29":"product_tag-bb14b2-es","30":"product_tag-bct12b-fp-es","31":"product_tag-bct12bfp-es","32":"product_tag-bctx14h-fp-es","33":"product_tag-bctx14hfp-es","34":"product_tag-bctz10s-fp-es","35":"product_tag-bctz10sfp-es","36":"product_tag-bgz16h-es","37":"product_tag-bsli_04-06-es","38":"product_tag-bsli_0406-es","39":"product_tag-bsli-04-06-es","40":"product_tag-bsli0406-es","41":"product_tag-bt12a-es","42":"product_tag-bt12a-bs-es","43":"product_tag-bt12abs-es","44":"product_tag-bt12b-4-es","45":"product_tag-bt12b-bs-es","46":"product_tag-bt12b4-es","47":"product_tag-bt12bbs-es","48":"product_tag-bt14b-4-es","49":"product_tag-bt14b-bs-es","50":"product_tag-bt14b4-es","51":"product_tag-bt14bbs-es","52":"product_tag-btx12-es","53":"product_tag-btx12-bs-es","54":"product_tag-btx12bs-es","55":"product_tag-btx14-es","56":"product_tag-btx14-bs-es","57":"product_tag-btx14ah-bb14a2b2-es","58":"product_tag-btx14ah-max-es","59":"product_tag-btx14ah-bs-es","60":"product_tag-btx14ah-bb14-a2-b2-es","61":"product_tag-btx14ahbs-es","62":"product_tag-btx14bs-es","63":"product_tag-btx14h-max-es","64":"product_tag-btz10s-es","65":"product_tag-btz10s-bs-es","66":"product_tag-btz12s-es","67":"product_tag-btz12s-bs-es","68":"product_tag-btz12sbs-es","69":"product_tag-btz14s-es","70":"product_tag-btz14s-bs-es","71":"product_tag-btz14sbs-es","72":"product_tag-cb12a-a-es","73":"product_tag-cb12a-b-es","74":"product_tag-cb12aa-es","75":"product_tag-cb12ab-es","76":"product_tag-cb14-a2-es","77":"product_tag-cb14-b2-es","78":"product_tag-cb14a2-es","79":"product_tag-cb14b2-es","80":"product_tag-cbtx12-bs-es","81":"product_tag-cbtx12bs-es","82":"product_tag-cbtx14-bs-es","83":"product_tag-cbtx14ah-bs-es","84":"product_tag-cbtx14ahbs-es","85":"product_tag-cbtx14ahl-bs-es","86":"product_tag-cbtx14ahlbs-es","87":"product_tag-cbtx14bs-es","88":"product_tag-ct12a-bs-es","89":"product_tag-ct12a-fa-es","90":"product_tag-ct12abs-es","91":"product_tag-ct12afa-es","92":"product_tag-ct12b-bs-es","93":"product_tag-ct12b-fa-es","94":"product_tag-ct12bbs-es","95":"product_tag-ct12bfa-es","96":"product_tag-ct14b-bs-es","97":"product_tag-ct14b-fa-es","98":"product_tag-ct14bbs-es","99":"product_tag-ct14bfa-es","100":"product_tag-ctz10s-bs-es","101":"product_tag-ctz10s-fa-es","102":"product_tag-ctz10sbs-es","103":"product_tag-ctz10sfa-es","104":"product_tag-ctz12s-bs-es","105":"product_tag-ctz12s-fa-es","106":"product_tag-ctz12sbs-es","107":"product_tag-ctz12sfa-es","108":"product_tag-ctz14s-bs-es","109":"product_tag-ctz14s-fa-es","110":"product_tag-ctz14sbs-es","111":"product_tag-ctz14sfa-es","112":"product_tag-cx12-cbtx12-fa-es","113":"product_tag-cx12-cbtx12fa-es","114":"product_tag-cx14-cbtx14-fa-es","115":"product_tag-cx14-cbtx14fa-es","116":"product_tag-cx14ah-es","117":"product_tag-eb12a-a-es","118":"product_tag-eb12a-b-es","119":"product_tag-eb12aa-es","120":"product_tag-eb12ab-es","121":"product_tag-eb14-a2-es","122":"product_tag-eb14-b2-es","123":"product_tag-eb14a2-es","124":"product_tag-eb14b2-es","125":"product_tag-elt12b-es","126":"product_tag-eltx12-es","127":"product_tag-eltx14h-es","128":"product_tag-eltz10s-es","129":"product_tag-et12a-bs-es","130":"product_tag-et12abs-es","131":"product_tag-et12b-bs-es","132":"product_tag-et12bbs-es","133":"product_tag-et14b-bs-es","134":"product_tag-et14bbs-es","135":"product_tag-etx12-bs-es","136":"product_tag-etx12bs-es","137":"product_tag-etx14-bs-es","138":"product_tag-etx14ah-bs-es","139":"product_tag-etx14ahbs-es","140":"product_tag-etx14ahl-bs-es","141":"product_tag-etx14ahlbs-es","142":"product_tag-etx14bs-es","143":"product_tag-etz10-bs-es","144":"product_tag-etz10bs-es","145":"product_tag-etz14-bs-es","146":"product_tag-etz14bs-es","147":"product_tag-fb12a-a-es","148":"product_tag-fb12a-a-b-gel-12n12a-4a-1-es","149":"product_tag-fb12a-b-es","150":"product_tag-fb12aa-es","151":"product_tag-fb12aab-gel-12n12a4a1-es","152":"product_tag-fb12ab-es","153":"product_tag-fb14-a2-es","154":"product_tag-fb14-b2-es","155":"product_tag-fb14a-a2-gel-es","156":"product_tag-fb14a2-es","157":"product_tag-fb14aa2-gel-es","158":"product_tag-fb14b2-es","159":"product_tag-flt12b-es","160":"product_tag-fltx12-es","161":"product_tag-fltx14h-es","162":"product_tag-fltz10s-es","163":"product_tag-ft12a-bs-es","164":"product_tag-ft12a-bs-gel-es","165":"product_tag-ft12abs-es","166":"product_tag-ft12abs-gel-es","167":"product_tag-ft12b-4-gel-es","168":"product_tag-ft12b-bs-es","169":"product_tag-ft12b4-gel-es","170":"product_tag-ft12bbs-es","171":"product_tag-ft14b-4-gel-es","172":"product_tag-ft14b4-gel-es","173":"product_tag-ftx12-bs-es","174":"product_tag-ftx12-bs-gel-es","175":"product_tag-ftx12bs-es","176":"product_tag-ftx12bs-gel-es","177":"product_tag-ftx14-bs-es","178":"product_tag-ftx14-bs-gel-es","179":"product_tag-ftx14ah-bs-fb14-a2-b2-gel-es","180":"product_tag-ftx14ahbs-fb14a2b2-gel-es","181":"product_tag-ftx14bs-es","182":"product_tag-ftx14bs-gel-es","183":"product_tag-ftz10s-gel-es","184":"product_tag-ftz10s-12b-es","185":"product_tag-ftz10s-bs-es","186":"product_tag-ftz10s12b-es","187":"product_tag-ftz10sbs-es","188":"product_tag-ftz12s-gel-es","189":"product_tag-ftz12s-bs-es","190":"product_tag-ftz12sbs-es","191":"product_tag-ftz14s-gel-es","192":"product_tag-ftz14s-12b-es","193":"product_tag-ftz14s-bs-es","194":"product_tag-ftz14s12b-es","195":"product_tag-ftz14sbs-es","196":"product_tag-gel12-14-es","197":"product_tag-gel1214-es","198":"product_tag-gt12a-bs-es","199":"product_tag-gt12abs-es","200":"product_tag-gt12b-bs-es","201":"product_tag-gt12bbs-es","202":"product_tag-gt14ah-bs-es","203":"product_tag-gt14ahbs-es","204":"product_tag-gt14b-bs-es","205":"product_tag-gt14bbs-es","206":"product_tag-gtx12-bs-es","207":"product_tag-gtx12bs-es","208":"product_tag-gtx14-bs-es","209":"product_tag-gtx14ah-bs-es","210":"product_tag-gtx14ahbs-es","211":"product_tag-gtx14ahl-bs-es","212":"product_tag-gtx14ahlbs-es","213":"product_tag-gtx14bs-es","214":"product_tag-gtz10s-bs-es","215":"product_tag-gtz10sbs-es","216":"product_tag-gtz12s-bs-es","217":"product_tag-gtz12sbs-es","218":"product_tag-gtz14s-bs-es","219":"product_tag-gtz14sbs-es","220":"product_tag-hjb12-fp-es","221":"product_tag-hjb12fp-es","222":"product_tag-hjp14-fp-es","223":"product_tag-hjp14b-fp-es","224":"product_tag-hjp14bfp-es","225":"product_tag-hjp14bl-fp-es","226":"product_tag-hjp14blfp-es","227":"product_tag-hjp14fp-es","228":"product_tag-hjt12b-fp-es","229":"product_tag-hjt12b-fp-s-es","230":"product_tag-hjt12bfp-es","231":"product_tag-hjt12bfps-es","232":"product_tag-hjt7b-fpz-es","233":"product_tag-hjt7bfpz-es","234":"product_tag-hjtx12lfp-s-es","235":"product_tag-hjtx12lfps-es","236":"product_tag-hjtx14ahq-fp-es","237":"product_tag-hjtx14ahqfp-es","238":"product_tag-hjtx14h-fp-es","239":"product_tag-hjtx14h-fp-s-es","240":"product_tag-hjtx14hfp-es","241":"product_tag-hjtx14hfps-es","242":"product_tag-hjtz10s-fp-es","243":"product_tag-hjtz10s-fp-s-es","244":"product_tag-hjtz10sfp-es","245":"product_tag-hjtz10sfps-es","246":"product_tag-hvt-8-es","247":"product_tag-hvt-9-es","248":"product_tag-hvt08-es","249":"product_tag-hvt09-es","250":"product_tag-hvt8-es","251":"product_tag-hvt9-es","252":"product_tag-il-lfp14-es","253":"product_tag-illfp14-es","254":"product_tag-lb12al-a2-q-lion-s-es","255":"product_tag-lb12ala2qlions-es","256":"product_tag-lithium-lifepo4-es","257":"product_tag-litio-es","258":"product_tag-lt12a-bs-lion-s-es","259":"product_tag-lt12abslions-es","260":"product_tag-lt12b-bs-lion-s-es","261":"product_tag-lt12bbslions-es","262":"product_tag-ltm14-es","263":"product_tag-ltx14ahl-bs-q-li-s-es","264":"product_tag-ltx14ahlbsqlis-es","265":"product_tag-ltz10s-lion-s-es","266":"product_tag-ltz10slions-es","267":"product_tag-ml-lfp14-es","268":"product_tag-mllfp14-es","269":"product_tag-nb12a-a-es","270":"product_tag-nb12aa-es","271":"product_tag-nb14a-a2-es","272":"product_tag-nb14aa2-es","273":"product_tag-nt12a-es","274":"product_tag-nt12a-bs-es","275":"product_tag-nt12abs-es","276":"product_tag-nt12b-4-es","277":"product_tag-nt12b-bs-es","278":"product_tag-nt12b4-es","279":"product_tag-nt12bbs-es","280":"product_tag-nt14b-4-es","281":"product_tag-nt14b-bs-es","282":"product_tag-nt14b4-es","283":"product_tag-nt14bbs-es","284":"product_tag-ntx12-es","285":"product_tag-ntx12-bs-es","286":"product_tag-ntx12bs-es","287":"product_tag-ntx14-es","288":"product_tag-ntx14-bs-es","289":"product_tag-ntx14ah-es","290":"product_tag-ntx14ah-bs-es","291":"product_tag-ntx14ahbs-es","292":"product_tag-ntx14ahl-bs-es","293":"product_tag-ntx14ahlbs-es","294":"product_tag-ntx14bs-es","295":"product_tag-ntz10s-es","296":"product_tag-ntz10s-bs-es","297":"product_tag-ntz10sbs-es","298":"product_tag-ntz12s-es","299":"product_tag-ntz12s-bs-es","300":"product_tag-ntz12sbs-es","301":"product_tag-ntz14s-es","302":"product_tag-ntz14s-bs-es","303":"product_tag-ntz14sbs-es","304":"product_tag-palp-12hy-es","305":"product_tag-palp-14hy-es","306":"product_tag-palp-14zshy-es","307":"product_tag-palp12hy-es","308":"product_tag-palp14hy-es","309":"product_tag-palp14zshy-es","310":"product_tag-ult-3-es","311":"product_tag-ult3-es","312":"product_tag-yb12a-4-es","313":"product_tag-yb12a-a-es","314":"product_tag-yb12a-b-es","315":"product_tag-yb12a4-es","316":"product_tag-yb12aa-es","317":"product_tag-yb12ab-es","318":"product_tag-yb14-a2-es","319":"product_tag-yb14-b2-es","320":"product_tag-yb14a2-es","321":"product_tag-yb14b2-es","322":"product_tag-yt12a-bs-es","323":"product_tag-yt12abs-es","324":"product_tag-yt12b-4-es","325":"product_tag-yt12b-bs-es","326":"product_tag-yt12b4-es","327":"product_tag-yt12bbs-es","328":"product_tag-yt14b-4-es","329":"product_tag-yt14b-bs-es","330":"product_tag-yt14b4-es","331":"product_tag-yt14bbs-es","332":"product_tag-ytx12-4-es","333":"product_tag-ytx12-bs-es","334":"product_tag-ytx124-es","335":"product_tag-ytx12a-4-es","336":"product_tag-ytx12a4-es","337":"product_tag-ytx12bs-es","338":"product_tag-ytx14-4-es","339":"product_tag-ytx14-bs-es","340":"product_tag-ytx144-es","341":"product_tag-ytx14ah-4-es","342":"product_tag-ytx14ah-bs-es","343":"product_tag-ytx14ah4-es","344":"product_tag-ytx14ahbs-es","345":"product_tag-ytx14ahl-bs-es","346":"product_tag-ytx14ahlbs-es","347":"product_tag-ytx14bs-es","348":"product_tag-ytz10-s-es","349":"product_tag-ytz10s-es","350":"product_tag-ytz10s-bs-es","351":"product_tag-ytz10sbs-es","352":"product_tag-ytz12-s-es","353":"product_tag-ytz12s-es","354":"product_tag-ytz12s-bs-es","355":"product_tag-ytz12sbs-es","356":"product_tag-ytz14-s-es","357":"product_tag-ytz14s-es","358":"product_tag-ytz14s-bs-es","359":"product_tag-ytz14sbs-es","361":"first","362":"instock","363":"shipping-taxable","364":"product-type-simple"},"acf":[],"aioseo_notices":[],"yoast_head":"<!-- This site is optimized with the Yoast SEO plugin v24.6 - https:\/\/yoast.com\/wordpress\/plugins\/seo\/ -->\n<title>BSLi-04\/06 - BS BATTERY<\/title>\n<meta name=\"robots\" content=\"index, follow, max-snippet:-1, max-image-preview:large, max-video-preview:-1\" \/>\n<link rel=\"canonical\" href=\"https:\/\/bs-battery.com\/es\/producto\/bsli-04-06\/\" \/>\n<meta property=\"og:locale\" content=\"es_ES\" \/>\n<meta property=\"og:type\" content=\"article\" \/>\n<meta property=\"og:title\" content=\"BSLi-04\/06 - BS BATTERY\" \/>\n<meta property=\"og:description\" content=\"Listo para usar - S\u00f3lo conectar y listo Peso m\u00e1s ligero - Hasta un 70% m\u00e1s liviana que las bater\u00edas de plomo-\u00e1cido Ciclo de vida extendido - M\u00e1s de 2000 ciclos Resistentes al calor - Hasta 230\u00b0C Robustos Terminales de lat\u00f3n - Para un mejor rendimiento el\u00e9ctrico Indicador de estado de carga - Consulte el estado de la carga en la pantalla indicadora en la parte superior Espaciadores - Para un rendimiento superior y vibraciones limitadas, nuestras bater\u00edas de litio son mucho m\u00e1s peque\u00f1as que las de plomo-\u00e1cido. Se incluyen diferentes tipos de espaciadores con cada bater\u00eda para facilitar su adaptaci\u00f3n al alojamiento\" \/>\n<meta property=\"og:url\" content=\"https:\/\/bs-battery.com\/es\/producto\/bsli-04-06\/\" \/>\n<meta property=\"og:site_name\" content=\"BS BATTERY\" \/>\n<meta property=\"article:modified_time\" content=\"2025-06-13T09:27:04+00:00\" \/>\n<meta property=\"og:image\" content=\"https:\/\/bs-battery.com\/wp-content\/uploads\/2023\/06\/2023-06_BSLi-04-06-lithium-battery.png\" \/>\n\t<meta property=\"og:image:width\" content=\"500\" \/>\n\t<meta property=\"og:image:height\" content=\"500\" \/>\n\t<meta property=\"og:image:type\" content=\"image\/png\" \/>\n<meta name=\"twitter:card\" content=\"summary_large_image\" \/>\n<meta name=\"twitter:label1\" content=\"Tiempo de lectura\" \/>\n\t<meta name=\"twitter:data1\" content=\"1 minuto\" \/>\n<script type=\"application\/ld+json\" class=\"yoast-schema-graph\">{\"@context\":\"https:\/\/schema.org\",\"@graph\":[{\"@type\":\"WebPage\",\"@id\":\"https:\/\/bs-battery.com\/es\/producto\/bsli-04-06\/\",\"url\":\"https:\/\/bs-battery.com\/es\/producto\/bsli-04-06\/\",\"name\":\"BSLi-04\/06 - BS BATTERY\",\"isPartOf\":{\"@id\":\"https:\/\/bs-battery.com\/#website\"},\"primaryImageOfPage\":{\"@id\":\"https:\/\/bs-battery.com\/es\/producto\/bsli-04-06\/#primaryimage\"},\"image\":{\"@id\":\"https:\/\/bs-battery.com\/es\/producto\/bsli-04-06\/#primaryimage\"},\"thumbnailUrl\":\"https:\/\/bs-battery.com\/wp-content\/uploads\/2023\/06\/2023-06_BSLi-04-06-lithium-battery.png\",\"datePublished\":\"2021-10-05T15:14:18+00:00\",\"dateModified\":\"2025-06-13T09:27:04+00:00\",\"breadcrumb\":{\"@id\":\"https:\/\/bs-battery.com\/es\/producto\/bsli-04-06\/#breadcrumb\"},\"inLanguage\":\"es\",\"potentialAction\":[{\"@type\":\"ReadAction\",\"target\":[\"https:\/\/bs-battery.com\/es\/producto\/bsli-04-06\/\"]}]},{\"@type\":\"ImageObject\",\"inLanguage\":\"es\",\"@id\":\"https:\/\/bs-battery.com\/es\/producto\/bsli-04-06\/#primaryimage\",\"url\":\"https:\/\/bs-battery.com\/wp-content\/uploads\/2023\/06\/2023-06_BSLi-04-06-lithium-battery.png\",\"contentUrl\":\"https:\/\/bs-battery.com\/wp-content\/uploads\/2023\/06\/2023-06_BSLi-04-06-lithium-battery.png\",\"width\":500,\"height\":500},{\"@type\":\"BreadcrumbList\",\"@id\":\"https:\/\/bs-battery.com\/es\/producto\/bsli-04-06\/#breadcrumb\",\"itemListElement\":[{\"@type\":\"ListItem\",\"position\":1,\"name\":\"Home\",\"item\":\"https:\/\/bs-battery.com\/es\/\"},{\"@type\":\"ListItem\",\"position\":2,\"name\":\"Shop\",\"item\":\"https:\/\/bs-battery.com\/shop\/\"},{\"@type\":\"ListItem\",\"position\":3,\"name\":\"BSLi-04\/06\"}]},{\"@type\":\"WebSite\",\"@id\":\"https:\/\/bs-battery.com\/#website\",\"url\":\"https:\/\/bs-battery.com\/\",\"name\":\"BS BATTERY\",\"description\":\"The Power you need...\",\"potentialAction\":[{\"@type\":\"SearchAction\",\"target\":{\"@type\":\"EntryPoint\",\"urlTemplate\":\"https:\/\/bs-battery.com\/?s={search_term_string}\"},\"query-input\":{\"@type\":\"PropertyValueSpecification\",\"valueRequired\":true,\"valueName\":\"search_term_string\"}}],\"inLanguage\":\"es\"}]}<\/script>\n<!-- \/ Yoast SEO plugin. -->","yoast_head_json":{"title":"BSLi-04\/06 - BS BATTERY","robots":{"index":"index","follow":"follow","max-snippet":"max-snippet:-1","max-image-preview":"max-image-preview:large","max-video-preview":"max-video-preview:-1"},"canonical":"https:\/\/bs-battery.com\/es\/producto\/bsli-04-06\/","og_locale":"es_ES","og_type":"article","og_title":"BSLi-04\/06 - BS BATTERY","og_description":"Listo para usar - S\u00f3lo conectar y listo Peso m\u00e1s ligero - Hasta un 70% m\u00e1s liviana que las bater\u00edas de plomo-\u00e1cido Ciclo de vida extendido - M\u00e1s de 2000 ciclos Resistentes al calor - Hasta 230\u00b0C Robustos Terminales de lat\u00f3n - Para un mejor rendimiento el\u00e9ctrico Indicador de estado de carga - Consulte el estado de la carga en la pantalla indicadora en la parte superior Espaciadores - Para un rendimiento superior y vibraciones limitadas, nuestras bater\u00edas de litio son mucho m\u00e1s peque\u00f1as que las de plomo-\u00e1cido. Se incluyen diferentes tipos de espaciadores con cada bater\u00eda para facilitar su adaptaci\u00f3n al alojamiento","og_url":"https:\/\/bs-battery.com\/es\/producto\/bsli-04-06\/","og_site_name":"BS BATTERY","article_modified_time":"2025-06-13T09:27:04+00:00","og_image":[{"width":500,"height":500,"url":"https:\/\/bs-battery.com\/wp-content\/uploads\/2023\/06\/2023-06_BSLi-04-06-lithium-battery.png","type":"image\/png"}],"twitter_card":"summary_large_image","twitter_misc":{"Tiempo de lectura":"1 minuto"},"schema":{"@context":"https:\/\/schema.org","@graph":[{"@type":"WebPage","@id":"https:\/\/bs-battery.com\/es\/producto\/bsli-04-06\/","url":"https:\/\/bs-battery.com\/es\/producto\/bsli-04-06\/","name":"BSLi-04\/06 - BS BATTERY","isPartOf":{"@id":"https:\/\/bs-battery.com\/#website"},"primaryImageOfPage":{"@id":"https:\/\/bs-battery.com\/es\/producto\/bsli-04-06\/#primaryimage"},"image":{"@id":"https:\/\/bs-battery.com\/es\/producto\/bsli-04-06\/#primaryimage"},"thumbnailUrl":"https:\/\/bs-battery.com\/wp-content\/uploads\/2023\/06\/2023-06_BSLi-04-06-lithium-battery.png","datePublished":"2021-10-05T15:14:18+00:00","dateModified":"2025-06-13T09:27:04+00:00","breadcrumb":{"@id":"https:\/\/bs-battery.com\/es\/producto\/bsli-04-06\/#breadcrumb"},"inLanguage":"es","potentialAction":[{"@type":"ReadAction","target":["https:\/\/bs-battery.com\/es\/producto\/bsli-04-06\/"]}]},{"@type":"ImageObject","inLanguage":"es","@id":"https:\/\/bs-battery.com\/es\/producto\/bsli-04-06\/#primaryimage","url":"https:\/\/bs-battery.com\/wp-content\/uploads\/2023\/06\/2023-06_BSLi-04-06-lithium-battery.png","contentUrl":"https:\/\/bs-battery.com\/wp-content\/uploads\/2023\/06\/2023-06_BSLi-04-06-lithium-battery.png","width":500,"height":500},{"@type":"BreadcrumbList","@id":"https:\/\/bs-battery.com\/es\/producto\/bsli-04-06\/#breadcrumb","itemListElement":[{"@type":"ListItem","position":1,"name":"Home","item":"https:\/\/bs-battery.com\/es\/"},{"@type":"ListItem","position":2,"name":"Shop","item":"https:\/\/bs-battery.com\/shop\/"},{"@type":"ListItem","position":3,"name":"BSLi-04\/06"}]},{"@type":"WebSite","@id":"https:\/\/bs-battery.com\/#website","url":"https:\/\/bs-battery.com\/","name":"BS BATTERY","description":"The Power you need...","potentialAction":[{"@type":"SearchAction","target":{"@type":"EntryPoint","urlTemplate":"https:\/\/bs-battery.com\/?s={search_term_string}"},"query-input":{"@type":"PropertyValueSpecification","valueRequired":true,"valueName":"search_term_string"}}],"inLanguage":"es"}]}},"_links":{"self":[{"href":"https:\/\/bs-battery.com\/es\/wp-json\/wp\/v2\/product\/36010","targetHints":{"allow":["GET"]}}],"collection":[{"href":"https:\/\/bs-battery.com\/es\/wp-json\/wp\/v2\/product"}],"about":[{"href":"https:\/\/bs-battery.com\/es\/wp-json\/wp\/v2\/types\/product"}],"wp:featuredmedia":[{"embeddable":true,"href":"https:\/\/bs-battery.com\/es\/wp-json\/wp\/v2\/media\/36018"}],"wp:attachment":[{"href":"https:\/\/bs-battery.com\/es\/wp-json\/wp\/v2\/media?parent=36010"}],"wp:term":[{"taxonomy":"product_brand","embeddable":true,"href":"https:\/\/bs-battery.com\/es\/wp-json\/wp\/v2\/product_brand?post=36010"},{"taxonomy":"product_cat","embeddable":true,"href":"https:\/\/bs-battery.com\/es\/wp-json\/wp\/v2\/product_cat?post=36010"},{"taxonomy":"product_tag","embeddable":true,"href":"https:\/\/bs-battery.com\/es\/wp-json\/wp\/v2\/product_tag?post=36010"}],"curies":[{"name":"wp","href":"https:\/\/api.w.org\/{rel}","templated":true}]}}