{"id":36011,"date":"2021-10-05T17:13:01","date_gmt":"2021-10-05T15:13:01","guid":{"rendered":"https:\/\/bs-battery.com\/product\/bsli-03\/"},"modified":"2025-06-13T11:26:57","modified_gmt":"2025-06-13T09:26:57","slug":"bsli-03","status":"publish","type":"product","link":"https:\/\/bs-battery.com\/es\/producto\/bsli-03\/","title":{"rendered":"BSLi-03"},"content":{"rendered":"<p style=\"text-align: justify;\">La bater\u00eda BSLi-03 forma parte de nuestra gama LiFePO4. Dise\u00f1ada para los conductores m\u00e1s exigentes, esta bater\u00eda de 12.8V 3Ah (36Wh) ofrece el m\u00e1ximo rendimiento de arranque, mayor seguridad y una vida \u00fatil m\u00e1s larga. Con su dise\u00f1o ultraligero, esta bater\u00eda BSLi-03 proporciona una aceleraci\u00f3n m\u00e1s r\u00e1pida a todos los veh\u00edculos powersport.  <\/p>\n<p>\u00datil, esta bater\u00eda est\u00e1 equipada con un indicador de tensi\u00f3n para comprobar el estado de carga en cualquier momento.<\/p>\n","protected":false},"excerpt":{"rendered":"<p>Listo para usar &#8211; S\u00f3lo conectar y listo<br \/>\nPeso m\u00e1s ligero &#8211; Hasta un 70% m\u00e1s liviana que las bater\u00edas de plomo-\u00e1cido<br \/>\nCiclo de vida extendido &#8211; M\u00e1s de 2000 ciclos<br \/>\nResistentes al calor &#8211; Hasta 230\u00b0C<br \/>\nRobustos Terminales de lat\u00f3n &#8211; Para un mejor rendimiento el\u00e9ctrico<br \/>\nIndicador de estado de carga &#8211; Consulte el estado de la carga en la pantalla indicadora en la parte superior<br \/>\nEspaciadores &#8211; Para un rendimiento superior y vibraciones limitadas, nuestras bater\u00edas de litio son mucho m\u00e1s peque\u00f1as que las de plomo-\u00e1cido. Se incluyen diferentes tipos de espaciadores con cada bater\u00eda para facilitar su adaptaci\u00f3n al alojamiento<\/p>\n","protected":false},"featured_media":40984,"template":"","meta":{"_acf_changed":false,"om_disable_all_campaigns":false,"passster_activate_protection":false,"passster_protect_child_pages":"","passster_protection_type":"password","passster_password":"","passster_passwords":"","passster_password_list":"","passster_password_lists":"","passster_activate_user_restriction":"","passster_user_restriction_type":"user-role","passster_user_restriction":"no-role","passster_activate_overwrite_defaults":"","passster_headline":"","passster_instruction":"","passster_placeholder":"","passster_button":"","passster_id":"","passster_activate_misc_settings":"","passster_redirect_url":"","passster_hide":"no","passster_area_shortcode":"","_monsterinsights_skip_tracking":false,"_monsterinsights_sitenote_active":false,"_monsterinsights_sitenote_note":"","_monsterinsights_sitenote_category":0,"_uf_show_specific_survey":0,"_uf_disable_surveys":false},"product_brand":[],"product_cat":[5794,5793,5798,5801,5806,5805],"product_tag":[7814,6088,6087,5876,5877,6446,6647,5878,6500,5879,7669,5889,5886,5896,7817,6684,6686,6688,6690,6694,5934,7819,5946,5955,6516,6517,6518,6519,6509,6508,6510,6511,6512,6507,6153,6154,6151,6140,6141,6142,7670,7820,7671,7822,7824,7654,6037,6026,7826,6031,7828,6032,7830,7832,7834,7836,7838,6536,7840,6537,7842,6527,7844,6055,7846,7672,7673,7655,7656,6179,6180,7848,7850,7852,7854,7856,7858,7861,7864,7674,6713,7675,6714,7657,6699,7658,7866,6566,6559,7868,6553,6552,7871,7874,6554,6548,7877,7880,6221,7882,6222,6225,6218,6569,6570,6271,6259,6260,6261,7884,6719,6725,6723,6718,6717,6281,6316,6317,6304,6305,6792,6780,6784,6785,6329,6330,6331,6332,6347,6348,6739,6740,6636,6442,6746,6752,6373,6359,6360,6361,6630,6631,7886,7888,7890,6384,7892,7894,7896,7898,7899,7901,7903,7905,7907,7910,7912,7914,7916,7918,6382,6378,6478,6471,6398,6403,7676,7677,7659,7660,7920,7922,7923,7925,7927,7929,7931,7933,7935,7937,7939,7941,7943,7945,7947,7949,7950,7953,7955,7957],"class_list":{"0":"post-36011","1":"product","2":"type-product","3":"status-publish","4":"has-post-thumbnail","6":"product_cat-atv-es","7":"product_cat-bateria-es","8":"product_cat-litio-es","9":"product_cat-moto-es","10":"product_cat-scooter-es","11":"product_cat-ssv-utv-es","12":"product_tag-360103-es","13":"product_tag-agm12-6-es","14":"product_tag-agm12-9-es","15":"product_tag-agm126-es","16":"product_tag-agm129-es","17":"product_tag-bateria-de-moto-es","18":"product_tag-bateria-de-moto-es-es","19":"product_tag-bb7-a-es","20":"product_tag-bb7-a-12n7-4a-es","21":"product_tag-bb7a-es","22":"product_tag-bb7a-12n74a-es","23":"product_tag-bb9-b-es","24":"product_tag-bb9-b-12n9-4b-1-es","25":"product_tag-bb9b-es","26":"product_tag-bb9b-12n94b1-es","27":"product_tag-bcb9-fp-es","28":"product_tag-bcb9fp-es","29":"product_tag-bct9b-fp-es","30":"product_tag-bct9bfp-es","31":"product_tag-bctx9-fp-es","32":"product_tag-bctx9fp-es","33":"product_tag-bsli_03-es","34":"product_tag-bsli-03-es","35":"product_tag-bsli03-es","36":"product_tag-bt7b-4-es","37":"product_tag-bt7b-bs-es","38":"product_tag-bt7b4-es","39":"product_tag-bt7bbs-es","40":"product_tag-bt9a-bs-es","41":"product_tag-bt9abs-es","42":"product_tag-bt9b-4-es","43":"product_tag-bt9b-bs-es","44":"product_tag-bt9b4-es","45":"product_tag-bt9bbs-es","46":"product_tag-btx7a-es","47":"product_tag-btx7a-bs-es","48":"product_tag-btx7abs-es","49":"product_tag-btx9-es","50":"product_tag-btx9-bs-es","51":"product_tag-btx9bs-es","52":"product_tag-cb7-a-es","53":"product_tag-cb7-a-fa-es","54":"product_tag-cb7a-es","55":"product_tag-cb7afa-es","56":"product_tag-cb9-b-es","57":"product_tag-cb9b-es","58":"product_tag-cb9b-fa-es","59":"product_tag-cb9bfa-es","60":"product_tag-cbtx7a-bs-es","61":"product_tag-cbtx7a-fa-es","62":"product_tag-cbtx7abs-es","63":"product_tag-cbtx7afa-es","64":"product_tag-cbtx9-fa-es","65":"product_tag-cbtx9a-bs-es","66":"product_tag-cbtx9abs-es","67":"product_tag-cbtx9fa-es","68":"product_tag-ct7b-bs-es","69":"product_tag-ct7b-fa-es","70":"product_tag-ct7bbs-es","71":"product_tag-ct7bfa-es","72":"product_tag-ct9b-bs-es","73":"product_tag-ct9b-fa-es","74":"product_tag-ct9bbs-es","75":"product_tag-ct9bfa-es","76":"product_tag-cx9-es","77":"product_tag-eb7-a-es","78":"product_tag-eb7a-es","79":"product_tag-eb9-b-es","80":"product_tag-eb9b-es","81":"product_tag-elt9b-es","82":"product_tag-eltx9-es","83":"product_tag-et7b-bs-es","84":"product_tag-et7bbs-es","85":"product_tag-et9b-bs-es","86":"product_tag-et9bbs-es","87":"product_tag-etx7a-bs-es","88":"product_tag-etx7abs-es","89":"product_tag-etx9c-bs-es","90":"product_tag-etx9cbs-es","91":"product_tag-fb7-a-es","92":"product_tag-fb7-a-gel-es","93":"product_tag-fb7a-es","94":"product_tag-fb7a-gel-es","95":"product_tag-fb9-b-es","96":"product_tag-fb9-b-gel-12n9-4b-1-es","97":"product_tag-fb9b-es","98":"product_tag-fb9b-gel-12n94b1-es","99":"product_tag-flt9b-es","100":"product_tag-fltx9-es","101":"product_tag-ft7-bs-es","102":"product_tag-ft7b-4-gel-es","103":"product_tag-ft7b4-gel-es","104":"product_tag-ft7bs-es","105":"product_tag-ft9-bs-es","106":"product_tag-ft9b-4-gel-es","107":"product_tag-ft9b4-gel-es","108":"product_tag-ft9bs-es","109":"product_tag-ftx7a-bs-es","110":"product_tag-ftx7a-bs-gel-es","111":"product_tag-ftx7abs-es","112":"product_tag-ftx7abs-gel-es","113":"product_tag-ftx9-bs-gel-es","114":"product_tag-ftx9bs-gel-es","115":"product_tag-gb7-a-es","116":"product_tag-gb7a-es","117":"product_tag-gt7b-bs-es","118":"product_tag-gt7bbs-es","119":"product_tag-gt9b-bs-es","120":"product_tag-gt9bbs-es","121":"product_tag-gtx7-bs-es","122":"product_tag-gtx7a-bs-es","123":"product_tag-gtx7abs-es","124":"product_tag-gtx9-bs-es","125":"product_tag-gtx9a-bs-es","126":"product_tag-gtx9abs-es","127":"product_tag-gtx9bs-es","128":"product_tag-hjb9-fp-es","129":"product_tag-hjb9fp-es","130":"product_tag-hjb9q-fp-es","131":"product_tag-hjb9qfp-es","132":"product_tag-hjt9b-fp-s-es","133":"product_tag-hjt9b-fp-es","134":"product_tag-hjt9bfp-es","135":"product_tag-hjt9bfps-es","136":"product_tag-hjtx7a-fp-es","137":"product_tag-hjtx7afp-es","138":"product_tag-hjtx9l-fp-es","139":"product_tag-hjtx9lfp-es","140":"product_tag-il-lfp9-es","141":"product_tag-illfp9-es","142":"product_tag-lb9-b-q-lion-s-es","143":"product_tag-lb9bqlions-es","144":"product_tag-lithium-lifepo4-es","145":"product_tag-litio-es","146":"product_tag-lt7b-bs-lion-s-es","147":"product_tag-lt7bbslions-es","148":"product_tag-ltx7a-bs-lion-s-es","149":"product_tag-ltx7abslions-es","150":"product_tag-ltx9-bs-lion-s-es","151":"product_tag-ltx9bslions-es","152":"product_tag-ml-lfp9-es","153":"product_tag-mllfp9-es","154":"product_tag-nb7-es","155":"product_tag-nb9-b-es","156":"product_tag-nb9b-es","157":"product_tag-nlp9-es","158":"product_tag-nt7b-4-es","159":"product_tag-nt7b-bs-es","160":"product_tag-nt7b4-es","161":"product_tag-nt7bbs-es","162":"product_tag-nt9a-bs-es","163":"product_tag-nt9abs-es","164":"product_tag-nt9b-4-es","165":"product_tag-nt9b-bs-es","166":"product_tag-nt9b4-es","167":"product_tag-nt9bbs-es","168":"product_tag-ntx7a-es","169":"product_tag-ntx7a-bs-es","170":"product_tag-ntx7abs-es","171":"product_tag-ntx9-es","172":"product_tag-palp-7ahy-es","173":"product_tag-palp-9hy-es","174":"product_tag-palp7ahy-es","175":"product_tag-palp9hy-es","176":"product_tag-ult-2-es","177":"product_tag-ult2-es","178":"product_tag-yb7-a-es","179":"product_tag-yb7a-es","180":"product_tag-yb9-b-es","181":"product_tag-yb9b-es","182":"product_tag-yt7b-4-es","183":"product_tag-yt7b-bs-es","184":"product_tag-yt7b4-es","185":"product_tag-yt7bbs-es","186":"product_tag-yt9a-bs-es","187":"product_tag-yt9abs-es","188":"product_tag-yt9b-4-es","189":"product_tag-yt9b-bs-es","190":"product_tag-yt9b4-es","191":"product_tag-yt9bbs-es","192":"product_tag-ytx7a-4-es","193":"product_tag-ytx7a-bs-es","194":"product_tag-ytx7a4-es","195":"product_tag-ytx7abs-es","196":"product_tag-ytx9-4-es","197":"product_tag-ytx9-bs-es","198":"product_tag-ytx94-es","199":"product_tag-ytx9a-3-es","200":"product_tag-ytx9a3-es","201":"product_tag-ytx9bs-es","203":"first","204":"instock","205":"shipping-taxable","206":"product-type-simple"},"acf":[],"aioseo_notices":[],"yoast_head":"<!-- This site is optimized with the Yoast SEO plugin v24.6 - https:\/\/yoast.com\/wordpress\/plugins\/seo\/ -->\n<title>BSLi-03 - BS BATTERY<\/title>\n<meta name=\"robots\" content=\"index, follow, max-snippet:-1, max-image-preview:large, max-video-preview:-1\" \/>\n<link rel=\"canonical\" href=\"https:\/\/bs-battery.com\/es\/producto\/bsli-03\/\" \/>\n<meta property=\"og:locale\" content=\"es_ES\" \/>\n<meta property=\"og:type\" content=\"article\" \/>\n<meta property=\"og:title\" content=\"BSLi-03 - BS BATTERY\" \/>\n<meta property=\"og:description\" content=\"Listo para usar - S\u00f3lo conectar y listo Peso m\u00e1s ligero - Hasta un 70% m\u00e1s liviana que las bater\u00edas de plomo-\u00e1cido Ciclo de vida extendido - M\u00e1s de 2000 ciclos Resistentes al calor - Hasta 230\u00b0C Robustos Terminales de lat\u00f3n - Para un mejor rendimiento el\u00e9ctrico Indicador de estado de carga - Consulte el estado de la carga en la pantalla indicadora en la parte superior Espaciadores - Para un rendimiento superior y vibraciones limitadas, nuestras bater\u00edas de litio son mucho m\u00e1s peque\u00f1as que las de plomo-\u00e1cido. Se incluyen diferentes tipos de espaciadores con cada bater\u00eda para facilitar su adaptaci\u00f3n al alojamiento\" \/>\n<meta property=\"og:url\" content=\"https:\/\/bs-battery.com\/es\/producto\/bsli-03\/\" \/>\n<meta property=\"og:site_name\" content=\"BS BATTERY\" \/>\n<meta property=\"article:modified_time\" content=\"2025-06-13T09:26:57+00:00\" \/>\n<meta property=\"og:image\" content=\"https:\/\/bs-battery.com\/wp-content\/uploads\/2021\/10\/BSLI03-3.png\" \/>\n\t<meta property=\"og:image:width\" content=\"700\" \/>\n\t<meta property=\"og:image:height\" content=\"700\" \/>\n\t<meta property=\"og:image:type\" content=\"image\/png\" \/>\n<meta name=\"twitter:card\" content=\"summary_large_image\" \/>\n<meta name=\"twitter:label1\" content=\"Tiempo de lectura\" \/>\n\t<meta name=\"twitter:data1\" content=\"1 minuto\" \/>\n<script type=\"application\/ld+json\" class=\"yoast-schema-graph\">{\"@context\":\"https:\/\/schema.org\",\"@graph\":[{\"@type\":\"WebPage\",\"@id\":\"https:\/\/bs-battery.com\/es\/producto\/bsli-03\/\",\"url\":\"https:\/\/bs-battery.com\/es\/producto\/bsli-03\/\",\"name\":\"BSLi-03 - BS BATTERY\",\"isPartOf\":{\"@id\":\"https:\/\/bs-battery.com\/#website\"},\"primaryImageOfPage\":{\"@id\":\"https:\/\/bs-battery.com\/es\/producto\/bsli-03\/#primaryimage\"},\"image\":{\"@id\":\"https:\/\/bs-battery.com\/es\/producto\/bsli-03\/#primaryimage\"},\"thumbnailUrl\":\"https:\/\/bs-battery.com\/wp-content\/uploads\/2025\/11\/BS_LITHIUM_BSLI-03_LD.png\",\"datePublished\":\"2021-10-05T15:13:01+00:00\",\"dateModified\":\"2025-06-13T09:26:57+00:00\",\"breadcrumb\":{\"@id\":\"https:\/\/bs-battery.com\/es\/producto\/bsli-03\/#breadcrumb\"},\"inLanguage\":\"es\",\"potentialAction\":[{\"@type\":\"ReadAction\",\"target\":[\"https:\/\/bs-battery.com\/es\/producto\/bsli-03\/\"]}]},{\"@type\":\"ImageObject\",\"inLanguage\":\"es\",\"@id\":\"https:\/\/bs-battery.com\/es\/producto\/bsli-03\/#primaryimage\",\"url\":\"https:\/\/bs-battery.com\/wp-content\/uploads\/2025\/11\/BS_LITHIUM_BSLI-03_LD.png\",\"contentUrl\":\"https:\/\/bs-battery.com\/wp-content\/uploads\/2025\/11\/BS_LITHIUM_BSLI-03_LD.png\",\"width\":800,\"height\":800,\"caption\":\"BS_LITHIUM_BSLI-03_LD\"},{\"@type\":\"BreadcrumbList\",\"@id\":\"https:\/\/bs-battery.com\/es\/producto\/bsli-03\/#breadcrumb\",\"itemListElement\":[{\"@type\":\"ListItem\",\"position\":1,\"name\":\"Home\",\"item\":\"https:\/\/bs-battery.com\/es\/\"},{\"@type\":\"ListItem\",\"position\":2,\"name\":\"Shop\",\"item\":\"https:\/\/bs-battery.com\/shop\/\"},{\"@type\":\"ListItem\",\"position\":3,\"name\":\"BSLi-03\"}]},{\"@type\":\"WebSite\",\"@id\":\"https:\/\/bs-battery.com\/#website\",\"url\":\"https:\/\/bs-battery.com\/\",\"name\":\"BS BATTERY\",\"description\":\"The Power you need...\",\"potentialAction\":[{\"@type\":\"SearchAction\",\"target\":{\"@type\":\"EntryPoint\",\"urlTemplate\":\"https:\/\/bs-battery.com\/?s={search_term_string}\"},\"query-input\":{\"@type\":\"PropertyValueSpecification\",\"valueRequired\":true,\"valueName\":\"search_term_string\"}}],\"inLanguage\":\"es\"}]}<\/script>\n<!-- \/ Yoast SEO plugin. -->","yoast_head_json":{"title":"BSLi-03 - BS BATTERY","robots":{"index":"index","follow":"follow","max-snippet":"max-snippet:-1","max-image-preview":"max-image-preview:large","max-video-preview":"max-video-preview:-1"},"canonical":"https:\/\/bs-battery.com\/es\/producto\/bsli-03\/","og_locale":"es_ES","og_type":"article","og_title":"BSLi-03 - BS BATTERY","og_description":"Listo para usar - S\u00f3lo conectar y listo Peso m\u00e1s ligero - Hasta un 70% m\u00e1s liviana que las bater\u00edas de plomo-\u00e1cido Ciclo de vida extendido - M\u00e1s de 2000 ciclos Resistentes al calor - Hasta 230\u00b0C Robustos Terminales de lat\u00f3n - Para un mejor rendimiento el\u00e9ctrico Indicador de estado de carga - Consulte el estado de la carga en la pantalla indicadora en la parte superior Espaciadores - Para un rendimiento superior y vibraciones limitadas, nuestras bater\u00edas de litio son mucho m\u00e1s peque\u00f1as que las de plomo-\u00e1cido. Se incluyen diferentes tipos de espaciadores con cada bater\u00eda para facilitar su adaptaci\u00f3n al alojamiento","og_url":"https:\/\/bs-battery.com\/es\/producto\/bsli-03\/","og_site_name":"BS BATTERY","article_modified_time":"2025-06-13T09:26:57+00:00","og_image":[{"width":700,"height":700,"url":"https:\/\/bs-battery.com\/wp-content\/uploads\/2021\/10\/BSLI03-3.png","type":"image\/png"}],"twitter_card":"summary_large_image","twitter_misc":{"Tiempo de lectura":"1 minuto"},"schema":{"@context":"https:\/\/schema.org","@graph":[{"@type":"WebPage","@id":"https:\/\/bs-battery.com\/es\/producto\/bsli-03\/","url":"https:\/\/bs-battery.com\/es\/producto\/bsli-03\/","name":"BSLi-03 - BS BATTERY","isPartOf":{"@id":"https:\/\/bs-battery.com\/#website"},"primaryImageOfPage":{"@id":"https:\/\/bs-battery.com\/es\/producto\/bsli-03\/#primaryimage"},"image":{"@id":"https:\/\/bs-battery.com\/es\/producto\/bsli-03\/#primaryimage"},"thumbnailUrl":"https:\/\/bs-battery.com\/wp-content\/uploads\/2025\/11\/BS_LITHIUM_BSLI-03_LD.png","datePublished":"2021-10-05T15:13:01+00:00","dateModified":"2025-06-13T09:26:57+00:00","breadcrumb":{"@id":"https:\/\/bs-battery.com\/es\/producto\/bsli-03\/#breadcrumb"},"inLanguage":"es","potentialAction":[{"@type":"ReadAction","target":["https:\/\/bs-battery.com\/es\/producto\/bsli-03\/"]}]},{"@type":"ImageObject","inLanguage":"es","@id":"https:\/\/bs-battery.com\/es\/producto\/bsli-03\/#primaryimage","url":"https:\/\/bs-battery.com\/wp-content\/uploads\/2025\/11\/BS_LITHIUM_BSLI-03_LD.png","contentUrl":"https:\/\/bs-battery.com\/wp-content\/uploads\/2025\/11\/BS_LITHIUM_BSLI-03_LD.png","width":800,"height":800,"caption":"BS_LITHIUM_BSLI-03_LD"},{"@type":"BreadcrumbList","@id":"https:\/\/bs-battery.com\/es\/producto\/bsli-03\/#breadcrumb","itemListElement":[{"@type":"ListItem","position":1,"name":"Home","item":"https:\/\/bs-battery.com\/es\/"},{"@type":"ListItem","position":2,"name":"Shop","item":"https:\/\/bs-battery.com\/shop\/"},{"@type":"ListItem","position":3,"name":"BSLi-03"}]},{"@type":"WebSite","@id":"https:\/\/bs-battery.com\/#website","url":"https:\/\/bs-battery.com\/","name":"BS BATTERY","description":"The Power you need...","potentialAction":[{"@type":"SearchAction","target":{"@type":"EntryPoint","urlTemplate":"https:\/\/bs-battery.com\/?s={search_term_string}"},"query-input":{"@type":"PropertyValueSpecification","valueRequired":true,"valueName":"search_term_string"}}],"inLanguage":"es"}]}},"_links":{"self":[{"href":"https:\/\/bs-battery.com\/es\/wp-json\/wp\/v2\/product\/36011","targetHints":{"allow":["GET"]}}],"collection":[{"href":"https:\/\/bs-battery.com\/es\/wp-json\/wp\/v2\/product"}],"about":[{"href":"https:\/\/bs-battery.com\/es\/wp-json\/wp\/v2\/types\/product"}],"wp:featuredmedia":[{"embeddable":true,"href":"https:\/\/bs-battery.com\/es\/wp-json\/wp\/v2\/media\/40984"}],"wp:attachment":[{"href":"https:\/\/bs-battery.com\/es\/wp-json\/wp\/v2\/media?parent=36011"}],"wp:term":[{"taxonomy":"product_brand","embeddable":true,"href":"https:\/\/bs-battery.com\/es\/wp-json\/wp\/v2\/product_brand?post=36011"},{"taxonomy":"product_cat","embeddable":true,"href":"https:\/\/bs-battery.com\/es\/wp-json\/wp\/v2\/product_cat?post=36011"},{"taxonomy":"product_tag","embeddable":true,"href":"https:\/\/bs-battery.com\/es\/wp-json\/wp\/v2\/product_tag?post=36011"}],"curies":[{"name":"wp","href":"https:\/\/api.w.org\/{rel}","templated":true}]}}