{"id":36015,"date":"2021-10-05T17:11:01","date_gmt":"2021-10-05T15:11:01","guid":{"rendered":"https:\/\/bs-battery.com\/product\/bsli-01\/"},"modified":"2026-02-22T19:57:41","modified_gmt":"2026-02-22T18:57:41","slug":"bsli-01","status":"publish","type":"product","link":"https:\/\/bs-battery.com\/es\/producto\/bsli-01\/","title":{"rendered":"BSLi-01"},"content":{"rendered":"<p style=\"text-align: justify;\">La bater\u00eda BSLi-01 forma parte de nuestra gama LiFePO4. Dise\u00f1ada para los conductores m\u00e1s exigentes, esta bater\u00eda de 12.8V 2Ah (24Wh) ofrece un rendimiento de arranque m\u00e1ximo, mayor seguridad y una vida \u00fatil prolongada. Con su dise\u00f1o ultraligero, la bater\u00eda BSLi-01 proporciona una aceleraci\u00f3n m\u00e1s r\u00e1pida a todos los veh\u00edculos powersport.  <\/p>\n<p>\u00datil, esta bater\u00eda est\u00e1 equipada con un indicador de tensi\u00f3n para comprobar el estado de carga en cualquier momento.<\/p>\n","protected":false},"excerpt":{"rendered":"<p>Listo para usar &#8211; Solo enchufar y listo<br \/>\nPeso m\u00e1s ligero &#8211; Hasta un 70% m\u00e1s liviano que las bater\u00edas de plomo \u00e1cido<br \/>\nVida \u00fatil extensa &#8211; M\u00e1s de 2000 ciclos<br \/>\nResistencia al calor &#8211; Hasta 230\u00b0C<br \/>\nTerminales de lat\u00f3n robustos &#8211; Para un mejor rendimiento el\u00e9ctrico<br \/>\nIndicador de estado de carga &#8211; Monitorea el estado de carga con la pantalla indicadora en la parte superior<br \/>\nEspaciadores &#8211; Para un rendimiento superior y vibraciones limitadas, nuestras bater\u00edas de litio son mucho m\u00e1s peque\u00f1as que las de plomo \u00e1cido. Se incluyen diferentes tipos de espaciadores con cada bater\u00eda para adaptarse f\u00e1cilmente al casing. <\/p>\n","protected":false},"featured_media":44485,"template":"","meta":{"_acf_changed":false,"om_disable_all_campaigns":false,"passster_activate_protection":false,"passster_protect_child_pages":"","passster_protection_type":"password","passster_password":"","passster_passwords":"","passster_password_list":"","passster_password_lists":"","passster_activate_user_restriction":"","passster_user_restriction_type":"user-role","passster_user_restriction":"no-role","passster_activate_overwrite_defaults":"","passster_headline":"","passster_instruction":"","passster_placeholder":"","passster_button":"","passster_id":"","passster_activate_misc_settings":"","passster_redirect_url":"","passster_hide":"no","passster_area_shortcode":"","_monsterinsights_skip_tracking":false,"_monsterinsights_sitenote_active":false,"_monsterinsights_sitenote_note":"","_monsterinsights_sitenote_category":0,"_uf_show_specific_survey":0,"_uf_disable_surveys":false},"product_brand":[],"product_cat":[5793,5798,5801,5806],"product_tag":[7859,6647,6446,6495,6491,6494,6493,6492,6499,6687,7863,5945,5956,7180,7181,7691,7692,7693,7867,7694,7870,6557,6266,6268,6346,6353,6636,6442,6377,6368,6638,6639,7872,6472,6417,7875,7879,7695,7696],"class_list":{"0":"post-36015","1":"product","2":"type-product","3":"status-publish","4":"has-post-thumbnail","6":"product_cat-bateria-es","7":"product_cat-litio-es","8":"product_cat-moto-es","9":"product_cat-scooter-es","10":"product_tag-360101-es","11":"product_tag-bateria-de-moto-es-es","12":"product_tag-bateria-de-moto-es","13":"product_tag-bb3l-a-es","14":"product_tag-bb3l-a-b-es","15":"product_tag-bb3l-b-es","16":"product_tag-bb3la-es","17":"product_tag-bb3lab-es","18":"product_tag-bb3lb-es","19":"product_tag-bclfp01-es","20":"product_tag-bsli_01-es","21":"product_tag-bsli-01-es","22":"product_tag-bsli01-es","23":"product_tag-cb3l-a-es","24":"product_tag-cb3la-es","25":"product_tag-eb3l-a-es","26":"product_tag-eb3la-es","27":"product_tag-fb3l-a-es","28":"product_tag-fb3l-a-b-gel-es","29":"product_tag-fb3la-es","30":"product_tag-fb3lab-gel-es","31":"product_tag-fltk01-es","32":"product_tag-gk-athbl-0004-es","33":"product_tag-gkathbl0004-es","34":"product_tag-il-lfp01-es","35":"product_tag-illfp01-es","36":"product_tag-lithium-lifepo4-es","37":"product_tag-litio-es","38":"product_tag-ltm2l-lion-s-es","39":"product_tag-ltm2llions-es","40":"product_tag-ml-lfp01-es","41":"product_tag-mllfp01-es","42":"product_tag-nb3l-es","43":"product_tag-palp-c22shy-es","44":"product_tag-palpc22shy-es","45":"product_tag-yb3-3-es","46":"product_tag-yb33-es","47":"product_tag-yb3l-a-es","48":"product_tag-yb3la-es","50":"first","51":"instock","52":"shipping-taxable","53":"product-type-simple"},"acf":[],"aioseo_notices":[],"yoast_head":"<!-- This site is optimized with the Yoast SEO plugin v24.6 - https:\/\/yoast.com\/wordpress\/plugins\/seo\/ -->\n<title>BSLi-01 - BS BATTERY<\/title>\n<meta name=\"robots\" content=\"index, follow, max-snippet:-1, max-image-preview:large, max-video-preview:-1\" \/>\n<link rel=\"canonical\" href=\"https:\/\/bs-battery.com\/es\/producto\/bsli-01\/\" \/>\n<meta property=\"og:locale\" content=\"es_ES\" \/>\n<meta property=\"og:type\" content=\"article\" \/>\n<meta property=\"og:title\" content=\"BSLi-01 - BS BATTERY\" \/>\n<meta property=\"og:description\" content=\"Listo para usar - Solo enchufar y listo Peso m\u00e1s ligero - Hasta un 70% m\u00e1s liviano que las bater\u00edas de plomo \u00e1cido Vida \u00fatil extensa - M\u00e1s de 2000 ciclos Resistencia al calor - Hasta 230\u00b0C Terminales de lat\u00f3n robustos - Para un mejor rendimiento el\u00e9ctrico Indicador de estado de carga - Monitorea el estado de carga con la pantalla indicadora en la parte superior Espaciadores - Para un rendimiento superior y vibraciones limitadas, nuestras bater\u00edas de litio son mucho m\u00e1s peque\u00f1as que las de plomo \u00e1cido. Se incluyen diferentes tipos de espaciadores con cada bater\u00eda para adaptarse f\u00e1cilmente al casing.\" \/>\n<meta property=\"og:url\" content=\"https:\/\/bs-battery.com\/es\/producto\/bsli-01\/\" \/>\n<meta property=\"og:site_name\" content=\"BS BATTERY\" \/>\n<meta property=\"article:modified_time\" content=\"2026-02-22T18:57:41+00:00\" \/>\n<meta property=\"og:image\" content=\"https:\/\/bs-battery.com\/wp-content\/uploads\/2025\/11\/BS_LITHIUM_BSLI-01_LD.png\" \/>\n\t<meta property=\"og:image:width\" content=\"800\" \/>\n\t<meta property=\"og:image:height\" content=\"800\" \/>\n\t<meta property=\"og:image:type\" content=\"image\/png\" \/>\n<meta name=\"twitter:card\" content=\"summary_large_image\" \/>\n<meta name=\"twitter:label1\" content=\"Tiempo de lectura\" \/>\n\t<meta name=\"twitter:data1\" content=\"1 minuto\" \/>\n<script type=\"application\/ld+json\" class=\"yoast-schema-graph\">{\"@context\":\"https:\/\/schema.org\",\"@graph\":[{\"@type\":\"WebPage\",\"@id\":\"https:\/\/bs-battery.com\/es\/producto\/bsli-01\/\",\"url\":\"https:\/\/bs-battery.com\/es\/producto\/bsli-01\/\",\"name\":\"BSLi-01 - BS BATTERY\",\"isPartOf\":{\"@id\":\"https:\/\/bs-battery.com\/#website\"},\"primaryImageOfPage\":{\"@id\":\"https:\/\/bs-battery.com\/es\/producto\/bsli-01\/#primaryimage\"},\"image\":{\"@id\":\"https:\/\/bs-battery.com\/es\/producto\/bsli-01\/#primaryimage\"},\"thumbnailUrl\":\"https:\/\/bs-battery.com\/wp-content\/uploads\/2026\/04\/BS_LITHIUM_BSLI-01_LD.png\",\"datePublished\":\"2021-10-05T15:11:01+00:00\",\"dateModified\":\"2026-02-22T18:57:41+00:00\",\"breadcrumb\":{\"@id\":\"https:\/\/bs-battery.com\/es\/producto\/bsli-01\/#breadcrumb\"},\"inLanguage\":\"es\",\"potentialAction\":[{\"@type\":\"ReadAction\",\"target\":[\"https:\/\/bs-battery.com\/es\/producto\/bsli-01\/\"]}]},{\"@type\":\"ImageObject\",\"inLanguage\":\"es\",\"@id\":\"https:\/\/bs-battery.com\/es\/producto\/bsli-01\/#primaryimage\",\"url\":\"https:\/\/bs-battery.com\/wp-content\/uploads\/2026\/04\/BS_LITHIUM_BSLI-01_LD.png\",\"contentUrl\":\"https:\/\/bs-battery.com\/wp-content\/uploads\/2026\/04\/BS_LITHIUM_BSLI-01_LD.png\",\"width\":800,\"height\":800,\"caption\":\"BS_LITHIUM_BSLI-01_LD\"},{\"@type\":\"BreadcrumbList\",\"@id\":\"https:\/\/bs-battery.com\/es\/producto\/bsli-01\/#breadcrumb\",\"itemListElement\":[{\"@type\":\"ListItem\",\"position\":1,\"name\":\"Home\",\"item\":\"https:\/\/bs-battery.com\/es\/\"},{\"@type\":\"ListItem\",\"position\":2,\"name\":\"Shop\",\"item\":\"https:\/\/bs-battery.com\/shop\/\"},{\"@type\":\"ListItem\",\"position\":3,\"name\":\"BSLi-01\"}]},{\"@type\":\"WebSite\",\"@id\":\"https:\/\/bs-battery.com\/#website\",\"url\":\"https:\/\/bs-battery.com\/\",\"name\":\"BS BATTERY\",\"description\":\"The Power you need...\",\"potentialAction\":[{\"@type\":\"SearchAction\",\"target\":{\"@type\":\"EntryPoint\",\"urlTemplate\":\"https:\/\/bs-battery.com\/?s={search_term_string}\"},\"query-input\":{\"@type\":\"PropertyValueSpecification\",\"valueRequired\":true,\"valueName\":\"search_term_string\"}}],\"inLanguage\":\"es\"}]}<\/script>\n<!-- \/ Yoast SEO plugin. -->","yoast_head_json":{"title":"BSLi-01 - BS BATTERY","robots":{"index":"index","follow":"follow","max-snippet":"max-snippet:-1","max-image-preview":"max-image-preview:large","max-video-preview":"max-video-preview:-1"},"canonical":"https:\/\/bs-battery.com\/es\/producto\/bsli-01\/","og_locale":"es_ES","og_type":"article","og_title":"BSLi-01 - BS BATTERY","og_description":"Listo para usar - Solo enchufar y listo Peso m\u00e1s ligero - Hasta un 70% m\u00e1s liviano que las bater\u00edas de plomo \u00e1cido Vida \u00fatil extensa - M\u00e1s de 2000 ciclos Resistencia al calor - Hasta 230\u00b0C Terminales de lat\u00f3n robustos - Para un mejor rendimiento el\u00e9ctrico Indicador de estado de carga - Monitorea el estado de carga con la pantalla indicadora en la parte superior Espaciadores - Para un rendimiento superior y vibraciones limitadas, nuestras bater\u00edas de litio son mucho m\u00e1s peque\u00f1as que las de plomo \u00e1cido. Se incluyen diferentes tipos de espaciadores con cada bater\u00eda para adaptarse f\u00e1cilmente al casing.","og_url":"https:\/\/bs-battery.com\/es\/producto\/bsli-01\/","og_site_name":"BS BATTERY","article_modified_time":"2026-02-22T18:57:41+00:00","og_image":[{"width":800,"height":800,"url":"https:\/\/bs-battery.com\/wp-content\/uploads\/2025\/11\/BS_LITHIUM_BSLI-01_LD.png","type":"image\/png"}],"twitter_card":"summary_large_image","twitter_misc":{"Tiempo de lectura":"1 minuto"},"schema":{"@context":"https:\/\/schema.org","@graph":[{"@type":"WebPage","@id":"https:\/\/bs-battery.com\/es\/producto\/bsli-01\/","url":"https:\/\/bs-battery.com\/es\/producto\/bsli-01\/","name":"BSLi-01 - BS BATTERY","isPartOf":{"@id":"https:\/\/bs-battery.com\/#website"},"primaryImageOfPage":{"@id":"https:\/\/bs-battery.com\/es\/producto\/bsli-01\/#primaryimage"},"image":{"@id":"https:\/\/bs-battery.com\/es\/producto\/bsli-01\/#primaryimage"},"thumbnailUrl":"https:\/\/bs-battery.com\/wp-content\/uploads\/2026\/04\/BS_LITHIUM_BSLI-01_LD.png","datePublished":"2021-10-05T15:11:01+00:00","dateModified":"2026-02-22T18:57:41+00:00","breadcrumb":{"@id":"https:\/\/bs-battery.com\/es\/producto\/bsli-01\/#breadcrumb"},"inLanguage":"es","potentialAction":[{"@type":"ReadAction","target":["https:\/\/bs-battery.com\/es\/producto\/bsli-01\/"]}]},{"@type":"ImageObject","inLanguage":"es","@id":"https:\/\/bs-battery.com\/es\/producto\/bsli-01\/#primaryimage","url":"https:\/\/bs-battery.com\/wp-content\/uploads\/2026\/04\/BS_LITHIUM_BSLI-01_LD.png","contentUrl":"https:\/\/bs-battery.com\/wp-content\/uploads\/2026\/04\/BS_LITHIUM_BSLI-01_LD.png","width":800,"height":800,"caption":"BS_LITHIUM_BSLI-01_LD"},{"@type":"BreadcrumbList","@id":"https:\/\/bs-battery.com\/es\/producto\/bsli-01\/#breadcrumb","itemListElement":[{"@type":"ListItem","position":1,"name":"Home","item":"https:\/\/bs-battery.com\/es\/"},{"@type":"ListItem","position":2,"name":"Shop","item":"https:\/\/bs-battery.com\/shop\/"},{"@type":"ListItem","position":3,"name":"BSLi-01"}]},{"@type":"WebSite","@id":"https:\/\/bs-battery.com\/#website","url":"https:\/\/bs-battery.com\/","name":"BS BATTERY","description":"The Power you need...","potentialAction":[{"@type":"SearchAction","target":{"@type":"EntryPoint","urlTemplate":"https:\/\/bs-battery.com\/?s={search_term_string}"},"query-input":{"@type":"PropertyValueSpecification","valueRequired":true,"valueName":"search_term_string"}}],"inLanguage":"es"}]}},"_links":{"self":[{"href":"https:\/\/bs-battery.com\/es\/wp-json\/wp\/v2\/product\/36015","targetHints":{"allow":["GET"]}}],"collection":[{"href":"https:\/\/bs-battery.com\/es\/wp-json\/wp\/v2\/product"}],"about":[{"href":"https:\/\/bs-battery.com\/es\/wp-json\/wp\/v2\/types\/product"}],"wp:featuredmedia":[{"embeddable":true,"href":"https:\/\/bs-battery.com\/es\/wp-json\/wp\/v2\/media\/44485"}],"wp:attachment":[{"href":"https:\/\/bs-battery.com\/es\/wp-json\/wp\/v2\/media?parent=36015"}],"wp:term":[{"taxonomy":"product_brand","embeddable":true,"href":"https:\/\/bs-battery.com\/es\/wp-json\/wp\/v2\/product_brand?post=36015"},{"taxonomy":"product_cat","embeddable":true,"href":"https:\/\/bs-battery.com\/es\/wp-json\/wp\/v2\/product_cat?post=36015"},{"taxonomy":"product_tag","embeddable":true,"href":"https:\/\/bs-battery.com\/es\/wp-json\/wp\/v2\/product_tag?post=36015"}],"curies":[{"name":"wp","href":"https:\/\/api.w.org\/{rel}","templated":true}]}}