{"id":36031,"date":"2025-03-17T10:22:13","date_gmt":"2025-03-17T09:22:14","guid":{"rendered":"https:\/\/bs-battery.com\/?post_type=product&#038;p=36031"},"modified":"2025-12-22T23:23:00","modified_gmt":"2025-12-22T22:23:00","slug":"u1-500","status":"publish","type":"product","link":"https:\/\/bs-battery.com\/es\/producto\/u1-500\/","title":{"rendered":"U1-500"},"content":{"rendered":"<p style=\"text-align: justify;\">La bater\u00eda U1-500 forma parte de nuestra gama SLA Max. Listas para usar, las bater\u00edas SLA MAX (tecnolog\u00eda AGM) se activan en f\u00e1brica, son totalmente a prueba de derrames y no requieren mantenimiento.<\/p>\n<p>Especialmente desarrolladas para satisfacer las necesidades superiores de los grandes motores, ofrecen el m\u00e1ximo rendimiento, la m\u00e1xima fiabilidad y una vida \u00fatil prolongada.<\/p>\n","protected":false},"excerpt":{"rendered":"<p>Activada de f\u00e1brica &#8211; Tecnolog\u00eda AGM (Absorbent Glass Mat)<br \/>\nLista para usarse &#8211; S\u00f3lo conectar y usar (Plug &amp; Play)<br \/>\nSin mantenimiento &#8211; Dise\u00f1o VRLA (Bater\u00eda de Plomo \u00c1cido Regulada por V\u00e1lvula)<br \/>\nDise\u00f1o a prueba de derrames &#8211; Sellada de f\u00e1brica con el electrolito absorbido en una malla de fibra de vidrio<br \/>\nNo manipular \u00e1cidos &#8211; Muy segura<br \/>\nM\u00e1xima potencia de arranque y visa \u00fatil extendida &#8211; 20% m\u00e1s de CCA en comparaci\u00f3n con la gama SLA est\u00e1ndar<br \/>\nCapacidad superior &#8211; 20% m\u00e1s pronlongada que las SLA<\/p>\n","protected":false},"featured_media":41986,"template":"","meta":{"_acf_changed":false,"om_disable_all_campaigns":false,"passster_activate_protection":false,"passster_protect_child_pages":"","passster_protection_type":"password","passster_password":"","passster_passwords":"","passster_password_list":"","passster_password_lists":"","passster_activate_user_restriction":"","passster_user_restriction_type":"user-role","passster_user_restriction":"no-role","passster_activate_overwrite_defaults":"","passster_headline":"","passster_instruction":"","passster_placeholder":"","passster_button":"","passster_id":"","passster_activate_misc_settings":"","passster_redirect_url":"","passster_hide":"no","passster_area_shortcode":"","_monsterinsights_skip_tracking":false,"_monsterinsights_sitenote_active":false,"_monsterinsights_sitenote_note":"","_monsterinsights_sitenote_category":0,"_uf_show_specific_survey":0,"_uf_disable_surveys":false},"product_brand":[],"product_cat":[5794,5793,5797,5803,5805],"product_tag":[7293,6089,6672,6648,6680,6679,7294,5932,5920,5921,5922,5954,6522,6206,6207,7295,7296,7120,7121,7297,6652,6444,6409],"class_list":{"0":"post-36031","1":"product","2":"type-product","3":"status-publish","4":"has-post-thumbnail","6":"product_cat-atv-es","7":"product_cat-bateria-es","8":"product_cat-jardin-y-cesped-es","9":"product_cat-sla-max-es","10":"product_cat-ssv-utv-es","11":"product_tag-300935-es","12":"product_tag-53030-es","13":"product_tag-activado-de-fabrica-es","14":"product_tag-bateria-lista-para-usar-es","15":"product_tag-bb30l-b-es","16":"product_tag-bb30lb-es","17":"product_tag-bgz32hl-es","18":"product_tag-bix30hl-es","19":"product_tag-bix30l-es","20":"product_tag-bix30l-bs-es","21":"product_tag-bix30lbs-es","22":"product_tag-bsli-12-es","23":"product_tag-bsli12-es","24":"product_tag-fhd30hl-bs-es","25":"product_tag-fhd30hlbs-es","26":"product_tag-gyz30hl-es","27":"product_tag-gyz32hl-es","28":"product_tag-hvt-2-es","29":"product_tag-hvt02-es","30":"product_tag-hvt2-es","31":"product_tag-sellada-es","32":"product_tag-sin-mantenimiento-es","33":"product_tag-sla-max-battery-es","35":"first","36":"instock","37":"shipping-taxable","38":"product-type-simple"},"acf":[],"aioseo_notices":[],"yoast_head":"<!-- This site is optimized with the Yoast SEO plugin v24.6 - https:\/\/yoast.com\/wordpress\/plugins\/seo\/ -->\n<title>U1-500 - BS BATTERY<\/title>\n<meta name=\"robots\" content=\"index, follow, max-snippet:-1, max-image-preview:large, max-video-preview:-1\" \/>\n<link rel=\"canonical\" href=\"https:\/\/bs-battery.com\/es\/producto\/u1-500\/\" \/>\n<meta property=\"og:locale\" content=\"es_ES\" \/>\n<meta property=\"og:type\" content=\"article\" \/>\n<meta property=\"og:title\" content=\"U1-500 - BS BATTERY\" \/>\n<meta property=\"og:description\" content=\"Activada de f\u00e1brica - Tecnolog\u00eda AGM (Absorbent Glass Mat) Lista para usarse - S\u00f3lo conectar y usar (Plug &amp; Play) Sin mantenimiento - Dise\u00f1o VRLA (Bater\u00eda de Plomo \u00c1cido Regulada por V\u00e1lvula) Dise\u00f1o a prueba de derrames - Sellada de f\u00e1brica con el electrolito absorbido en una malla de fibra de vidrio No manipular \u00e1cidos - Muy segura M\u00e1xima potencia de arranque y visa \u00fatil extendida - 20% m\u00e1s de CCA en comparaci\u00f3n con la gama SLA est\u00e1ndar Capacidad superior - 20% m\u00e1s pronlongada que las SLA\" \/>\n<meta property=\"og:url\" content=\"https:\/\/bs-battery.com\/es\/producto\/u1-500\/\" \/>\n<meta property=\"og:site_name\" content=\"BS BATTERY\" \/>\n<meta property=\"article:modified_time\" content=\"2025-12-22T22:23:00+00:00\" \/>\n<meta property=\"og:image\" content=\"https:\/\/bs-battery.com\/wp-content\/uploads\/2025\/12\/SLAMAX_U1-500_300899_Bat_R-front_web-HD.png\" \/>\n\t<meta property=\"og:image:width\" content=\"1080\" \/>\n\t<meta property=\"og:image:height\" content=\"1080\" \/>\n\t<meta property=\"og:image:type\" content=\"image\/png\" \/>\n<meta name=\"twitter:card\" content=\"summary_large_image\" \/>\n<meta name=\"twitter:label1\" content=\"Tiempo de lectura\" \/>\n\t<meta name=\"twitter:data1\" content=\"1 minuto\" \/>\n<script type=\"application\/ld+json\" class=\"yoast-schema-graph\">{\"@context\":\"https:\/\/schema.org\",\"@graph\":[{\"@type\":\"WebPage\",\"@id\":\"https:\/\/bs-battery.com\/es\/producto\/u1-500\/\",\"url\":\"https:\/\/bs-battery.com\/es\/producto\/u1-500\/\",\"name\":\"U1-500 - BS BATTERY\",\"isPartOf\":{\"@id\":\"https:\/\/bs-battery.com\/#website\"},\"primaryImageOfPage\":{\"@id\":\"https:\/\/bs-battery.com\/es\/producto\/u1-500\/#primaryimage\"},\"image\":{\"@id\":\"https:\/\/bs-battery.com\/es\/producto\/u1-500\/#primaryimage\"},\"thumbnailUrl\":\"https:\/\/bs-battery.com\/wp-content\/uploads\/2025\/12\/BS_SLAMAX_U1-500_LD.png\",\"datePublished\":\"2025-03-17T09:22:14+00:00\",\"dateModified\":\"2025-12-22T22:23:00+00:00\",\"breadcrumb\":{\"@id\":\"https:\/\/bs-battery.com\/es\/producto\/u1-500\/#breadcrumb\"},\"inLanguage\":\"es\",\"potentialAction\":[{\"@type\":\"ReadAction\",\"target\":[\"https:\/\/bs-battery.com\/es\/producto\/u1-500\/\"]}]},{\"@type\":\"ImageObject\",\"inLanguage\":\"es\",\"@id\":\"https:\/\/bs-battery.com\/es\/producto\/u1-500\/#primaryimage\",\"url\":\"https:\/\/bs-battery.com\/wp-content\/uploads\/2025\/12\/BS_SLAMAX_U1-500_LD.png\",\"contentUrl\":\"https:\/\/bs-battery.com\/wp-content\/uploads\/2025\/12\/BS_SLAMAX_U1-500_LD.png\",\"width\":800,\"height\":800,\"caption\":\"BS_SLAMAX_U1-500_LD\"},{\"@type\":\"BreadcrumbList\",\"@id\":\"https:\/\/bs-battery.com\/es\/producto\/u1-500\/#breadcrumb\",\"itemListElement\":[{\"@type\":\"ListItem\",\"position\":1,\"name\":\"Home\",\"item\":\"https:\/\/bs-battery.com\/es\/\"},{\"@type\":\"ListItem\",\"position\":2,\"name\":\"Shop\",\"item\":\"https:\/\/bs-battery.com\/shop\/\"},{\"@type\":\"ListItem\",\"position\":3,\"name\":\"U1-500\"}]},{\"@type\":\"WebSite\",\"@id\":\"https:\/\/bs-battery.com\/#website\",\"url\":\"https:\/\/bs-battery.com\/\",\"name\":\"BS BATTERY\",\"description\":\"The Power you need...\",\"potentialAction\":[{\"@type\":\"SearchAction\",\"target\":{\"@type\":\"EntryPoint\",\"urlTemplate\":\"https:\/\/bs-battery.com\/?s={search_term_string}\"},\"query-input\":{\"@type\":\"PropertyValueSpecification\",\"valueRequired\":true,\"valueName\":\"search_term_string\"}}],\"inLanguage\":\"es\"}]}<\/script>\n<!-- \/ Yoast SEO plugin. -->","yoast_head_json":{"title":"U1-500 - BS BATTERY","robots":{"index":"index","follow":"follow","max-snippet":"max-snippet:-1","max-image-preview":"max-image-preview:large","max-video-preview":"max-video-preview:-1"},"canonical":"https:\/\/bs-battery.com\/es\/producto\/u1-500\/","og_locale":"es_ES","og_type":"article","og_title":"U1-500 - BS BATTERY","og_description":"Activada de f\u00e1brica - Tecnolog\u00eda AGM (Absorbent Glass Mat) Lista para usarse - S\u00f3lo conectar y usar (Plug &amp; Play) Sin mantenimiento - Dise\u00f1o VRLA (Bater\u00eda de Plomo \u00c1cido Regulada por V\u00e1lvula) Dise\u00f1o a prueba de derrames - Sellada de f\u00e1brica con el electrolito absorbido en una malla de fibra de vidrio No manipular \u00e1cidos - Muy segura M\u00e1xima potencia de arranque y visa \u00fatil extendida - 20% m\u00e1s de CCA en comparaci\u00f3n con la gama SLA est\u00e1ndar Capacidad superior - 20% m\u00e1s pronlongada que las SLA","og_url":"https:\/\/bs-battery.com\/es\/producto\/u1-500\/","og_site_name":"BS BATTERY","article_modified_time":"2025-12-22T22:23:00+00:00","og_image":[{"width":1080,"height":1080,"url":"https:\/\/bs-battery.com\/wp-content\/uploads\/2025\/12\/SLAMAX_U1-500_300899_Bat_R-front_web-HD.png","type":"image\/png"}],"twitter_card":"summary_large_image","twitter_misc":{"Tiempo de lectura":"1 minuto"},"schema":{"@context":"https:\/\/schema.org","@graph":[{"@type":"WebPage","@id":"https:\/\/bs-battery.com\/es\/producto\/u1-500\/","url":"https:\/\/bs-battery.com\/es\/producto\/u1-500\/","name":"U1-500 - BS BATTERY","isPartOf":{"@id":"https:\/\/bs-battery.com\/#website"},"primaryImageOfPage":{"@id":"https:\/\/bs-battery.com\/es\/producto\/u1-500\/#primaryimage"},"image":{"@id":"https:\/\/bs-battery.com\/es\/producto\/u1-500\/#primaryimage"},"thumbnailUrl":"https:\/\/bs-battery.com\/wp-content\/uploads\/2025\/12\/BS_SLAMAX_U1-500_LD.png","datePublished":"2025-03-17T09:22:14+00:00","dateModified":"2025-12-22T22:23:00+00:00","breadcrumb":{"@id":"https:\/\/bs-battery.com\/es\/producto\/u1-500\/#breadcrumb"},"inLanguage":"es","potentialAction":[{"@type":"ReadAction","target":["https:\/\/bs-battery.com\/es\/producto\/u1-500\/"]}]},{"@type":"ImageObject","inLanguage":"es","@id":"https:\/\/bs-battery.com\/es\/producto\/u1-500\/#primaryimage","url":"https:\/\/bs-battery.com\/wp-content\/uploads\/2025\/12\/BS_SLAMAX_U1-500_LD.png","contentUrl":"https:\/\/bs-battery.com\/wp-content\/uploads\/2025\/12\/BS_SLAMAX_U1-500_LD.png","width":800,"height":800,"caption":"BS_SLAMAX_U1-500_LD"},{"@type":"BreadcrumbList","@id":"https:\/\/bs-battery.com\/es\/producto\/u1-500\/#breadcrumb","itemListElement":[{"@type":"ListItem","position":1,"name":"Home","item":"https:\/\/bs-battery.com\/es\/"},{"@type":"ListItem","position":2,"name":"Shop","item":"https:\/\/bs-battery.com\/shop\/"},{"@type":"ListItem","position":3,"name":"U1-500"}]},{"@type":"WebSite","@id":"https:\/\/bs-battery.com\/#website","url":"https:\/\/bs-battery.com\/","name":"BS BATTERY","description":"The Power you need...","potentialAction":[{"@type":"SearchAction","target":{"@type":"EntryPoint","urlTemplate":"https:\/\/bs-battery.com\/?s={search_term_string}"},"query-input":{"@type":"PropertyValueSpecification","valueRequired":true,"valueName":"search_term_string"}}],"inLanguage":"es"}]}},"_links":{"self":[{"href":"https:\/\/bs-battery.com\/es\/wp-json\/wp\/v2\/product\/36031","targetHints":{"allow":["GET"]}}],"collection":[{"href":"https:\/\/bs-battery.com\/es\/wp-json\/wp\/v2\/product"}],"about":[{"href":"https:\/\/bs-battery.com\/es\/wp-json\/wp\/v2\/types\/product"}],"wp:featuredmedia":[{"embeddable":true,"href":"https:\/\/bs-battery.com\/es\/wp-json\/wp\/v2\/media\/41986"}],"wp:attachment":[{"href":"https:\/\/bs-battery.com\/es\/wp-json\/wp\/v2\/media?parent=36031"}],"wp:term":[{"taxonomy":"product_brand","embeddable":true,"href":"https:\/\/bs-battery.com\/es\/wp-json\/wp\/v2\/product_brand?post=36031"},{"taxonomy":"product_cat","embeddable":true,"href":"https:\/\/bs-battery.com\/es\/wp-json\/wp\/v2\/product_cat?post=36031"},{"taxonomy":"product_tag","embeddable":true,"href":"https:\/\/bs-battery.com\/es\/wp-json\/wp\/v2\/product_tag?post=36031"}],"curies":[{"name":"wp","href":"https:\/\/api.w.org\/{rel}","templated":true}]}}