{"id":36132,"date":"2021-10-06T15:02:32","date_gmt":"2021-10-06T13:02:32","guid":{"rendered":"https:\/\/bs-battery.com\/product\/btz7s-sla\/"},"modified":"2025-07-07T16:40:49","modified_gmt":"2025-07-07T14:40:49","slug":"btz7s-sla","status":"publish","type":"product","link":"https:\/\/bs-battery.com\/es\/producto\/btz7s-sla\/","title":{"rendered":"BTZ7S"},"content":{"rendered":"<p style=\"text-align: justify;\">La bater\u00eda BTZ7S es parte de nuestra gama SLA. Dise\u00f1ada para facilitar la vida del usuario, esta bater\u00eda de 12V 6.3Ah est\u00e1 lista para usar, es 100% libre de mantenimiento y completamente a prueba de derrames.<\/p>\n<p>Extremadamente f\u00e1cil de instalar y transportar, esta bater\u00eda BTZ7S ofrece mayor potencia, vida \u00fatil prolongada y m\u00e1xima fiabilidad a todos los veh\u00edculos de deportes motorizados que requieren un alto rendimiento.<\/p>\n","protected":false},"excerpt":{"rendered":"<p>Activada en f\u00e1brica &#8211; Tecnolog\u00eda AGM (Absorbent Glass mat)<br \/>\nLista para usar &#8211; S\u00f3lo conectar y usar (Plug &amp; Play)<br \/>\nSin mantenimiento &#8211; Dise\u00f1o VRLA (Plomo-\u00e1cido regulado por v\u00e1lvula regulada)<br \/>\nDise\u00f1o a prueba de derrames &#8211; Sellado de f\u00e1brica con el electrolito absorbido en una malla de fibra de vidrio<br \/>\nNo manipular \u00e1cidos &#8211; Muy seguro<br \/>\nAlto poder de arranque y vida \u00fatil extendida<\/p>\n","protected":false},"featured_media":40852,"template":"","meta":{"_acf_changed":false,"om_disable_all_campaigns":false,"passster_activate_protection":false,"passster_protect_child_pages":"","passster_protection_type":"password","passster_password":"","passster_passwords":"","passster_password_list":"","passster_password_lists":"","passster_activate_user_restriction":"","passster_user_restriction_type":"user-role","passster_user_restriction":"no-role","passster_activate_overwrite_defaults":"","passster_headline":"","passster_instruction":"","passster_placeholder":"","passster_button":"","passster_id":"","passster_activate_misc_settings":"","passster_redirect_url":"","passster_hide":"no","passster_area_shortcode":"","_monsterinsights_skip_tracking":false,"_monsterinsights_sitenote_active":false,"_monsterinsights_sitenote_note":"","_monsterinsights_sitenote_category":0,"_uf_show_specific_survey":0,"_uf_disable_surveys":false},"product_brand":[],"product_cat":[5794,5793,5797,5801,5806,5804],"product_tag":[8039,8040,6672,6647,6446,6648,5944,5957,6174,6175,6176,6242,6604,6588,7253,6652,6406,7286,6658],"class_list":{"0":"post-36132","1":"product","2":"type-product","3":"status-publish","4":"has-post-thumbnail","6":"product_cat-atv-es","7":"product_cat-bateria-es","8":"product_cat-jardin-y-cesped-es","9":"product_cat-moto-es","10":"product_cat-scooter-es","11":"product_cat-sla-es","12":"product_tag-300635-es","13":"product_tag-300635-1-es","14":"product_tag-activado-de-fabrica-es","15":"product_tag-bateria-de-moto-es-es","16":"product_tag-bateria-de-moto-es","17":"product_tag-bateria-lista-para-usar-es","18":"product_tag-bsli-02-es","19":"product_tag-bsli02-es","20":"product_tag-btz7s-es","21":"product_tag-btz7s-bs-es","22":"product_tag-btz7sbs-es","23":"product_tag-ftz7s-gel-es","24":"product_tag-gtz7s-bs-es","25":"product_tag-gtz7sbs-es","26":"product_tag-ntz7s-es","27":"product_tag-sellada-es","28":"product_tag-sla-es","29":"product_tag-ytz7-s-es","30":"product_tag-ytz7s-es","32":"first","33":"instock","34":"shipping-taxable","35":"product-type-simple"},"acf":[],"aioseo_notices":[],"yoast_head":"<!-- This site is optimized with the Yoast SEO plugin v24.6 - https:\/\/yoast.com\/wordpress\/plugins\/seo\/ -->\n<title>BTZ7S - BS BATTERY<\/title>\n<meta name=\"robots\" content=\"index, follow, max-snippet:-1, max-image-preview:large, max-video-preview:-1\" \/>\n<link rel=\"canonical\" href=\"https:\/\/bs-battery.com\/es\/producto\/btz7s-sla\/\" \/>\n<meta property=\"og:locale\" content=\"es_ES\" \/>\n<meta property=\"og:type\" content=\"article\" \/>\n<meta property=\"og:title\" content=\"BTZ7S - BS BATTERY\" \/>\n<meta property=\"og:description\" content=\"Activada en f\u00e1brica - Tecnolog\u00eda AGM (Absorbent Glass mat) Lista para usar - S\u00f3lo conectar y usar (Plug &amp; Play) Sin mantenimiento - Dise\u00f1o VRLA (Plomo-\u00e1cido regulado por v\u00e1lvula regulada) Dise\u00f1o a prueba de derrames - Sellado de f\u00e1brica con el electrolito absorbido en una malla de fibra de vidrio No manipular \u00e1cidos - Muy seguro Alto poder de arranque y vida \u00fatil extendida\" \/>\n<meta property=\"og:url\" content=\"https:\/\/bs-battery.com\/es\/producto\/btz7s-sla\/\" \/>\n<meta property=\"og:site_name\" content=\"BS BATTERY\" \/>\n<meta property=\"article:modified_time\" content=\"2025-07-07T14:40:49+00:00\" \/>\n<meta property=\"og:image\" content=\"https:\/\/bs-battery.com\/wp-content\/uploads\/2021\/10\/SLA_BTZ7S_300635_bat.png\" \/>\n\t<meta property=\"og:image:width\" content=\"800\" \/>\n\t<meta property=\"og:image:height\" content=\"800\" \/>\n\t<meta property=\"og:image:type\" content=\"image\/png\" \/>\n<meta name=\"twitter:card\" content=\"summary_large_image\" \/>\n<meta name=\"twitter:label1\" content=\"Tiempo de lectura\" \/>\n\t<meta name=\"twitter:data1\" content=\"1 minuto\" \/>\n<script type=\"application\/ld+json\" class=\"yoast-schema-graph\">{\"@context\":\"https:\/\/schema.org\",\"@graph\":[{\"@type\":\"WebPage\",\"@id\":\"https:\/\/bs-battery.com\/es\/producto\/btz7s-sla\/\",\"url\":\"https:\/\/bs-battery.com\/es\/producto\/btz7s-sla\/\",\"name\":\"BTZ7S - BS BATTERY\",\"isPartOf\":{\"@id\":\"https:\/\/bs-battery.com\/#website\"},\"primaryImageOfPage\":{\"@id\":\"https:\/\/bs-battery.com\/es\/producto\/btz7s-sla\/#primaryimage\"},\"image\":{\"@id\":\"https:\/\/bs-battery.com\/es\/producto\/btz7s-sla\/#primaryimage\"},\"thumbnailUrl\":\"https:\/\/bs-battery.com\/wp-content\/uploads\/2025\/11\/BS_SLA_BTZ7S-FA_LD.png\",\"datePublished\":\"2021-10-06T13:02:32+00:00\",\"dateModified\":\"2025-07-07T14:40:49+00:00\",\"breadcrumb\":{\"@id\":\"https:\/\/bs-battery.com\/es\/producto\/btz7s-sla\/#breadcrumb\"},\"inLanguage\":\"es\",\"potentialAction\":[{\"@type\":\"ReadAction\",\"target\":[\"https:\/\/bs-battery.com\/es\/producto\/btz7s-sla\/\"]}]},{\"@type\":\"ImageObject\",\"inLanguage\":\"es\",\"@id\":\"https:\/\/bs-battery.com\/es\/producto\/btz7s-sla\/#primaryimage\",\"url\":\"https:\/\/bs-battery.com\/wp-content\/uploads\/2025\/11\/BS_SLA_BTZ7S-FA_LD.png\",\"contentUrl\":\"https:\/\/bs-battery.com\/wp-content\/uploads\/2025\/11\/BS_SLA_BTZ7S-FA_LD.png\",\"width\":800,\"height\":800,\"caption\":\"BS_SLA_BTZ7S-(FA)_LD\"},{\"@type\":\"BreadcrumbList\",\"@id\":\"https:\/\/bs-battery.com\/es\/producto\/btz7s-sla\/#breadcrumb\",\"itemListElement\":[{\"@type\":\"ListItem\",\"position\":1,\"name\":\"Home\",\"item\":\"https:\/\/bs-battery.com\/es\/\"},{\"@type\":\"ListItem\",\"position\":2,\"name\":\"Shop\",\"item\":\"https:\/\/bs-battery.com\/shop\/\"},{\"@type\":\"ListItem\",\"position\":3,\"name\":\"BTZ7S\"}]},{\"@type\":\"WebSite\",\"@id\":\"https:\/\/bs-battery.com\/#website\",\"url\":\"https:\/\/bs-battery.com\/\",\"name\":\"BS BATTERY\",\"description\":\"The Power you need...\",\"potentialAction\":[{\"@type\":\"SearchAction\",\"target\":{\"@type\":\"EntryPoint\",\"urlTemplate\":\"https:\/\/bs-battery.com\/?s={search_term_string}\"},\"query-input\":{\"@type\":\"PropertyValueSpecification\",\"valueRequired\":true,\"valueName\":\"search_term_string\"}}],\"inLanguage\":\"es\"}]}<\/script>\n<!-- \/ Yoast SEO plugin. -->","yoast_head_json":{"title":"BTZ7S - BS BATTERY","robots":{"index":"index","follow":"follow","max-snippet":"max-snippet:-1","max-image-preview":"max-image-preview:large","max-video-preview":"max-video-preview:-1"},"canonical":"https:\/\/bs-battery.com\/es\/producto\/btz7s-sla\/","og_locale":"es_ES","og_type":"article","og_title":"BTZ7S - BS BATTERY","og_description":"Activada en f\u00e1brica - Tecnolog\u00eda AGM (Absorbent Glass mat) Lista para usar - S\u00f3lo conectar y usar (Plug &amp; Play) Sin mantenimiento - Dise\u00f1o VRLA (Plomo-\u00e1cido regulado por v\u00e1lvula regulada) Dise\u00f1o a prueba de derrames - Sellado de f\u00e1brica con el electrolito absorbido en una malla de fibra de vidrio No manipular \u00e1cidos - Muy seguro Alto poder de arranque y vida \u00fatil extendida","og_url":"https:\/\/bs-battery.com\/es\/producto\/btz7s-sla\/","og_site_name":"BS BATTERY","article_modified_time":"2025-07-07T14:40:49+00:00","og_image":[{"width":800,"height":800,"url":"https:\/\/bs-battery.com\/wp-content\/uploads\/2021\/10\/SLA_BTZ7S_300635_bat.png","type":"image\/png"}],"twitter_card":"summary_large_image","twitter_misc":{"Tiempo de lectura":"1 minuto"},"schema":{"@context":"https:\/\/schema.org","@graph":[{"@type":"WebPage","@id":"https:\/\/bs-battery.com\/es\/producto\/btz7s-sla\/","url":"https:\/\/bs-battery.com\/es\/producto\/btz7s-sla\/","name":"BTZ7S - BS BATTERY","isPartOf":{"@id":"https:\/\/bs-battery.com\/#website"},"primaryImageOfPage":{"@id":"https:\/\/bs-battery.com\/es\/producto\/btz7s-sla\/#primaryimage"},"image":{"@id":"https:\/\/bs-battery.com\/es\/producto\/btz7s-sla\/#primaryimage"},"thumbnailUrl":"https:\/\/bs-battery.com\/wp-content\/uploads\/2025\/11\/BS_SLA_BTZ7S-FA_LD.png","datePublished":"2021-10-06T13:02:32+00:00","dateModified":"2025-07-07T14:40:49+00:00","breadcrumb":{"@id":"https:\/\/bs-battery.com\/es\/producto\/btz7s-sla\/#breadcrumb"},"inLanguage":"es","potentialAction":[{"@type":"ReadAction","target":["https:\/\/bs-battery.com\/es\/producto\/btz7s-sla\/"]}]},{"@type":"ImageObject","inLanguage":"es","@id":"https:\/\/bs-battery.com\/es\/producto\/btz7s-sla\/#primaryimage","url":"https:\/\/bs-battery.com\/wp-content\/uploads\/2025\/11\/BS_SLA_BTZ7S-FA_LD.png","contentUrl":"https:\/\/bs-battery.com\/wp-content\/uploads\/2025\/11\/BS_SLA_BTZ7S-FA_LD.png","width":800,"height":800,"caption":"BS_SLA_BTZ7S-(FA)_LD"},{"@type":"BreadcrumbList","@id":"https:\/\/bs-battery.com\/es\/producto\/btz7s-sla\/#breadcrumb","itemListElement":[{"@type":"ListItem","position":1,"name":"Home","item":"https:\/\/bs-battery.com\/es\/"},{"@type":"ListItem","position":2,"name":"Shop","item":"https:\/\/bs-battery.com\/shop\/"},{"@type":"ListItem","position":3,"name":"BTZ7S"}]},{"@type":"WebSite","@id":"https:\/\/bs-battery.com\/#website","url":"https:\/\/bs-battery.com\/","name":"BS BATTERY","description":"The Power you need...","potentialAction":[{"@type":"SearchAction","target":{"@type":"EntryPoint","urlTemplate":"https:\/\/bs-battery.com\/?s={search_term_string}"},"query-input":{"@type":"PropertyValueSpecification","valueRequired":true,"valueName":"search_term_string"}}],"inLanguage":"es"}]}},"_links":{"self":[{"href":"https:\/\/bs-battery.com\/es\/wp-json\/wp\/v2\/product\/36132","targetHints":{"allow":["GET"]}}],"collection":[{"href":"https:\/\/bs-battery.com\/es\/wp-json\/wp\/v2\/product"}],"about":[{"href":"https:\/\/bs-battery.com\/es\/wp-json\/wp\/v2\/types\/product"}],"wp:featuredmedia":[{"embeddable":true,"href":"https:\/\/bs-battery.com\/es\/wp-json\/wp\/v2\/media\/40852"}],"wp:attachment":[{"href":"https:\/\/bs-battery.com\/es\/wp-json\/wp\/v2\/media?parent=36132"}],"wp:term":[{"taxonomy":"product_brand","embeddable":true,"href":"https:\/\/bs-battery.com\/es\/wp-json\/wp\/v2\/product_brand?post=36132"},{"taxonomy":"product_cat","embeddable":true,"href":"https:\/\/bs-battery.com\/es\/wp-json\/wp\/v2\/product_cat?post=36132"},{"taxonomy":"product_tag","embeddable":true,"href":"https:\/\/bs-battery.com\/es\/wp-json\/wp\/v2\/product_tag?post=36132"}],"curies":[{"name":"wp","href":"https:\/\/api.w.org\/{rel}","templated":true}]}}