{"id":36144,"date":"2021-10-07T13:02:25","date_gmt":"2021-10-07T11:02:25","guid":{"rendered":"https:\/\/bs-battery.com\/product\/bs10\/"},"modified":"2026-02-03T11:12:27","modified_gmt":"2026-02-03T10:12:27","slug":"bs10","status":"publish","type":"product","link":"https:\/\/bs-battery.com\/es\/producto\/bs10\/","title":{"rendered":"BS 10"},"content":{"rendered":"<p style=\"text-align: justify;\">Dise\u00f1ado para bater\u00edas de plomo-\u00e1cido y litio, el cargador BS 10 es un cargador inteligente autom\u00e1tico de 6V\/12V y 1A. Ideal para viajes en carretera, ligero y compacto, es adecuado para bater\u00edas de hasta 20Ah.<\/p>\n<p>Muy seguro y f\u00e1cil de usar, el BS 10 cuenta con 9 etapas de carga para mejorar el rendimiento de todas tus bater\u00edas de powersport.<br \/>\nSe entrega con 1 juego de pinzas, 1 juego de conectores de terminales oculares y 1 bolsa de viaje de terciopelo.<\/p>\n","protected":false},"excerpt":{"rendered":"<p>Cargador y mantenedor con una clasificaci\u00f3n de 1A<br \/>\nTecnolog\u00eda de detecci\u00f3n autom\u00e1tica de plomo-\u00e1cido o litio<br \/>\nSelecci\u00f3n de modo 6V y 12V<br \/>\nSin sobrecarga: algoritmo de carga adaptable (sin etapas de flotaci\u00f3n para litio)<br \/>\nSeguro: protecci\u00f3n contra chisporroteo en la conexi\u00f3n, inversi\u00f3n de polaridad, cortocircuitos y sobrecalentamiento interno<br \/>\nF\u00e1cil de usar: conecta, selecciona el voltaje de la bater\u00eda y olv\u00eddate<br \/>\nIdeal para viajes en carretera: peque\u00f1o, ligero y compacto<br \/>\nCapacidad de la bater\u00eda: hasta 20Ah<\/p>\n","protected":false},"featured_media":42762,"template":"","meta":{"_acf_changed":false,"om_disable_all_campaigns":false,"passster_activate_protection":false,"passster_protect_child_pages":"","passster_protection_type":"password","passster_password":"","passster_passwords":"","passster_password_list":"","passster_password_lists":"","passster_activate_user_restriction":"","passster_user_restriction_type":"user-role","passster_user_restriction":"no-role","passster_activate_overwrite_defaults":"","passster_headline":"","passster_instruction":"","passster_placeholder":"","passster_button":"","passster_id":"","passster_activate_misc_settings":"","passster_redirect_url":"","passster_hide":"no","passster_area_shortcode":"","_monsterinsights_skip_tracking":false,"_monsterinsights_sitenote_active":false,"_monsterinsights_sitenote_note":"","_monsterinsights_sitenote_category":0,"_uf_show_specific_survey":0,"_uf_disable_surveys":false},"product_brand":[],"product_cat":[5813,5810],"product_tag":[8066,6669,6443,6441],"class_list":{"0":"post-36144","1":"product","2":"type-product","3":"status-publish","4":"has-post-thumbnail","6":"product_cat-cargador-es","7":"product_cat-cargador-booster-tester-y-accesorio-es","8":"product_tag-700516-es","9":"product_tag-cargador-de-bateria-es","10":"product_tag-cargador-de-bateria-de-litio","11":"product_tag-cargador-de-bateria-de-plomo-es","13":"first","14":"instock","15":"shipping-taxable","16":"product-type-simple"},"acf":[],"aioseo_notices":[],"yoast_head":"<!-- This site is optimized with the Yoast SEO plugin v24.6 - https:\/\/yoast.com\/wordpress\/plugins\/seo\/ -->\n<title>BS 10 - BS BATTERY<\/title>\n<meta name=\"robots\" content=\"index, follow, max-snippet:-1, max-image-preview:large, max-video-preview:-1\" \/>\n<link rel=\"canonical\" href=\"https:\/\/bs-battery.com\/es\/producto\/bs10\/\" \/>\n<meta property=\"og:locale\" content=\"es_ES\" \/>\n<meta property=\"og:type\" content=\"article\" \/>\n<meta property=\"og:title\" content=\"BS 10 - BS BATTERY\" \/>\n<meta property=\"og:description\" content=\"Cargador y mantenedor con una clasificaci\u00f3n de 1A Tecnolog\u00eda de detecci\u00f3n autom\u00e1tica de plomo-\u00e1cido o litio Selecci\u00f3n de modo 6V y 12V Sin sobrecarga: algoritmo de carga adaptable (sin etapas de flotaci\u00f3n para litio) Seguro: protecci\u00f3n contra chisporroteo en la conexi\u00f3n, inversi\u00f3n de polaridad, cortocircuitos y sobrecalentamiento interno F\u00e1cil de usar: conecta, selecciona el voltaje de la bater\u00eda y olv\u00eddate Ideal para viajes en carretera: peque\u00f1o, ligero y compacto Capacidad de la bater\u00eda: hasta 20Ah\" \/>\n<meta property=\"og:url\" content=\"https:\/\/bs-battery.com\/es\/producto\/bs10\/\" \/>\n<meta property=\"og:site_name\" content=\"BS BATTERY\" \/>\n<meta property=\"article:modified_time\" content=\"2026-02-03T10:12:27+00:00\" \/>\n<meta property=\"og:image\" content=\"https:\/\/bs-battery.com\/wp-content\/uploads\/2023\/11\/MicrosoftTeams-image-47-1024x1024.png\" \/>\n\t<meta property=\"og:image:width\" content=\"1024\" \/>\n\t<meta property=\"og:image:height\" content=\"1024\" \/>\n\t<meta property=\"og:image:type\" content=\"image\/png\" \/>\n<meta name=\"twitter:card\" content=\"summary_large_image\" \/>\n<meta name=\"twitter:label1\" content=\"Tiempo de lectura\" \/>\n\t<meta name=\"twitter:data1\" content=\"1 minuto\" \/>\n<script type=\"application\/ld+json\" class=\"yoast-schema-graph\">{\"@context\":\"https:\/\/schema.org\",\"@graph\":[{\"@type\":\"WebPage\",\"@id\":\"https:\/\/bs-battery.com\/es\/producto\/bs10\/\",\"url\":\"https:\/\/bs-battery.com\/es\/producto\/bs10\/\",\"name\":\"BS 10 - BS BATTERY\",\"isPartOf\":{\"@id\":\"https:\/\/bs-battery.com\/#website\"},\"primaryImageOfPage\":{\"@id\":\"https:\/\/bs-battery.com\/es\/producto\/bs10\/#primaryimage\"},\"image\":{\"@id\":\"https:\/\/bs-battery.com\/es\/producto\/bs10\/#primaryimage\"},\"thumbnailUrl\":\"https:\/\/bs-battery.com\/wp-content\/uploads\/2021\/10\/BS10.png\",\"datePublished\":\"2021-10-07T11:02:25+00:00\",\"dateModified\":\"2026-02-03T10:12:27+00:00\",\"breadcrumb\":{\"@id\":\"https:\/\/bs-battery.com\/es\/producto\/bs10\/#breadcrumb\"},\"inLanguage\":\"es\",\"potentialAction\":[{\"@type\":\"ReadAction\",\"target\":[\"https:\/\/bs-battery.com\/es\/producto\/bs10\/\"]}]},{\"@type\":\"ImageObject\",\"inLanguage\":\"es\",\"@id\":\"https:\/\/bs-battery.com\/es\/producto\/bs10\/#primaryimage\",\"url\":\"https:\/\/bs-battery.com\/wp-content\/uploads\/2021\/10\/BS10.png\",\"contentUrl\":\"https:\/\/bs-battery.com\/wp-content\/uploads\/2021\/10\/BS10.png\",\"width\":1080,\"height\":1080,\"caption\":\"BS10\"},{\"@type\":\"BreadcrumbList\",\"@id\":\"https:\/\/bs-battery.com\/es\/producto\/bs10\/#breadcrumb\",\"itemListElement\":[{\"@type\":\"ListItem\",\"position\":1,\"name\":\"Home\",\"item\":\"https:\/\/bs-battery.com\/es\/\"},{\"@type\":\"ListItem\",\"position\":2,\"name\":\"Shop\",\"item\":\"https:\/\/bs-battery.com\/shop\/\"},{\"@type\":\"ListItem\",\"position\":3,\"name\":\"BS 10\"}]},{\"@type\":\"WebSite\",\"@id\":\"https:\/\/bs-battery.com\/#website\",\"url\":\"https:\/\/bs-battery.com\/\",\"name\":\"BS BATTERY\",\"description\":\"The Power you need...\",\"potentialAction\":[{\"@type\":\"SearchAction\",\"target\":{\"@type\":\"EntryPoint\",\"urlTemplate\":\"https:\/\/bs-battery.com\/?s={search_term_string}\"},\"query-input\":{\"@type\":\"PropertyValueSpecification\",\"valueRequired\":true,\"valueName\":\"search_term_string\"}}],\"inLanguage\":\"es\"}]}<\/script>\n<!-- \/ Yoast SEO plugin. -->","yoast_head_json":{"title":"BS 10 - BS BATTERY","robots":{"index":"index","follow":"follow","max-snippet":"max-snippet:-1","max-image-preview":"max-image-preview:large","max-video-preview":"max-video-preview:-1"},"canonical":"https:\/\/bs-battery.com\/es\/producto\/bs10\/","og_locale":"es_ES","og_type":"article","og_title":"BS 10 - BS BATTERY","og_description":"Cargador y mantenedor con una clasificaci\u00f3n de 1A Tecnolog\u00eda de detecci\u00f3n autom\u00e1tica de plomo-\u00e1cido o litio Selecci\u00f3n de modo 6V y 12V Sin sobrecarga: algoritmo de carga adaptable (sin etapas de flotaci\u00f3n para litio) Seguro: protecci\u00f3n contra chisporroteo en la conexi\u00f3n, inversi\u00f3n de polaridad, cortocircuitos y sobrecalentamiento interno F\u00e1cil de usar: conecta, selecciona el voltaje de la bater\u00eda y olv\u00eddate Ideal para viajes en carretera: peque\u00f1o, ligero y compacto Capacidad de la bater\u00eda: hasta 20Ah","og_url":"https:\/\/bs-battery.com\/es\/producto\/bs10\/","og_site_name":"BS BATTERY","article_modified_time":"2026-02-03T10:12:27+00:00","og_image":[{"width":1024,"height":1024,"url":"https:\/\/bs-battery.com\/wp-content\/uploads\/2023\/11\/MicrosoftTeams-image-47-1024x1024.png","type":"image\/png"}],"twitter_card":"summary_large_image","twitter_misc":{"Tiempo de lectura":"1 minuto"},"schema":{"@context":"https:\/\/schema.org","@graph":[{"@type":"WebPage","@id":"https:\/\/bs-battery.com\/es\/producto\/bs10\/","url":"https:\/\/bs-battery.com\/es\/producto\/bs10\/","name":"BS 10 - BS BATTERY","isPartOf":{"@id":"https:\/\/bs-battery.com\/#website"},"primaryImageOfPage":{"@id":"https:\/\/bs-battery.com\/es\/producto\/bs10\/#primaryimage"},"image":{"@id":"https:\/\/bs-battery.com\/es\/producto\/bs10\/#primaryimage"},"thumbnailUrl":"https:\/\/bs-battery.com\/wp-content\/uploads\/2021\/10\/BS10.png","datePublished":"2021-10-07T11:02:25+00:00","dateModified":"2026-02-03T10:12:27+00:00","breadcrumb":{"@id":"https:\/\/bs-battery.com\/es\/producto\/bs10\/#breadcrumb"},"inLanguage":"es","potentialAction":[{"@type":"ReadAction","target":["https:\/\/bs-battery.com\/es\/producto\/bs10\/"]}]},{"@type":"ImageObject","inLanguage":"es","@id":"https:\/\/bs-battery.com\/es\/producto\/bs10\/#primaryimage","url":"https:\/\/bs-battery.com\/wp-content\/uploads\/2021\/10\/BS10.png","contentUrl":"https:\/\/bs-battery.com\/wp-content\/uploads\/2021\/10\/BS10.png","width":1080,"height":1080,"caption":"BS10"},{"@type":"BreadcrumbList","@id":"https:\/\/bs-battery.com\/es\/producto\/bs10\/#breadcrumb","itemListElement":[{"@type":"ListItem","position":1,"name":"Home","item":"https:\/\/bs-battery.com\/es\/"},{"@type":"ListItem","position":2,"name":"Shop","item":"https:\/\/bs-battery.com\/shop\/"},{"@type":"ListItem","position":3,"name":"BS 10"}]},{"@type":"WebSite","@id":"https:\/\/bs-battery.com\/#website","url":"https:\/\/bs-battery.com\/","name":"BS BATTERY","description":"The Power you need...","potentialAction":[{"@type":"SearchAction","target":{"@type":"EntryPoint","urlTemplate":"https:\/\/bs-battery.com\/?s={search_term_string}"},"query-input":{"@type":"PropertyValueSpecification","valueRequired":true,"valueName":"search_term_string"}}],"inLanguage":"es"}]}},"_links":{"self":[{"href":"https:\/\/bs-battery.com\/es\/wp-json\/wp\/v2\/product\/36144","targetHints":{"allow":["GET"]}}],"collection":[{"href":"https:\/\/bs-battery.com\/es\/wp-json\/wp\/v2\/product"}],"about":[{"href":"https:\/\/bs-battery.com\/es\/wp-json\/wp\/v2\/types\/product"}],"wp:featuredmedia":[{"embeddable":true,"href":"https:\/\/bs-battery.com\/es\/wp-json\/wp\/v2\/media\/42762"}],"wp:attachment":[{"href":"https:\/\/bs-battery.com\/es\/wp-json\/wp\/v2\/media?parent=36144"}],"wp:term":[{"taxonomy":"product_brand","embeddable":true,"href":"https:\/\/bs-battery.com\/es\/wp-json\/wp\/v2\/product_brand?post=36144"},{"taxonomy":"product_cat","embeddable":true,"href":"https:\/\/bs-battery.com\/es\/wp-json\/wp\/v2\/product_cat?post=36144"},{"taxonomy":"product_tag","embeddable":true,"href":"https:\/\/bs-battery.com\/es\/wp-json\/wp\/v2\/product_tag?post=36144"}],"curies":[{"name":"wp","href":"https:\/\/api.w.org\/{rel}","templated":true}]}}