{"id":36242,"date":"2021-10-05T17:19:44","date_gmt":"2021-10-05T15:19:44","guid":{"rendered":"https:\/\/bs-battery.com\/product\/bsli-10\/"},"modified":"2025-06-13T11:28:24","modified_gmt":"2025-06-13T09:28:24","slug":"bsli-10","status":"publish","type":"product","link":"https:\/\/bs-battery.com\/es\/producto\/bsli-10\/","title":{"rendered":"BSLi-10"},"content":{"rendered":"<p style=\"text-align: justify;\">La bater\u00eda BSLi-10 es parte de nuestra gama LiFePO4. Dise\u00f1ada para los conductores m\u00e1s exigentes, esta bater\u00eda de 12.8V 7.5Ah (90Wh) ofrece un rendimiento de arranque m\u00e1ximo, mayor seguridad y una vida \u00fatil m\u00e1s larga. Con su dise\u00f1o ultraligero, esta bater\u00eda BSLi-10 proporciona una aceleraci\u00f3n m\u00e1s r\u00e1pida a todos los veh\u00edculos de deportes motorizados.<\/p>\n<p>\u00datil, esta bater\u00eda est\u00e1 equipada con un indicador de tensi\u00f3n para comprobar el estado de carga en cualquier momento.<\/p>\n","protected":false},"excerpt":{"rendered":"<p>Listo para usar &#8211; S\u00f3lo conectar y listo<br \/>\nPeso m\u00e1s ligero &#8211; Hasta un 70% m\u00e1s liviana que las bater\u00edas de plomo-\u00e1cido<br \/>\nCiclo de vida extendido &#8211; M\u00e1s de 2000 ciclos<br \/>\nResistentes al calor &#8211; Hasta 230\u00b0C<br \/>\nRobustos Terminales de lat\u00f3n &#8211; Para un mejor rendimiento el\u00e9ctrico<br \/>\nIndicador de estado de carga &#8211; Consulte el estado de la carga en la pantalla indicadora en la parte superior<br \/>\nEspaciadores &#8211; Para un rendimiento superior y vibraciones limitadas, nuestras bater\u00edas de litio son mucho m\u00e1s peque\u00f1as que las de plomo-\u00e1cido. Se incluyen diferentes tipos de espaciadores con cada bater\u00eda para facilitar su adaptaci\u00f3n al alojamiento<\/p>\n","protected":false},"featured_media":44503,"template":"","meta":{"_acf_changed":false,"om_disable_all_campaigns":false,"passster_activate_protection":false,"passster_protect_child_pages":"","passster_protection_type":"password","passster_password":"","passster_passwords":"","passster_password_list":"","passster_password_lists":"","passster_activate_user_restriction":"","passster_user_restriction_type":"user-role","passster_user_restriction":"no-role","passster_activate_overwrite_defaults":"","passster_headline":"","passster_instruction":"","passster_placeholder":"","passster_button":"","passster_id":"","passster_activate_misc_settings":"","passster_redirect_url":"","passster_hide":"no","passster_area_shortcode":"","_monsterinsights_skip_tracking":false,"_monsterinsights_sitenote_active":false,"_monsterinsights_sitenote_note":"","_monsterinsights_sitenote_category":0,"_uf_show_specific_survey":0,"_uf_disable_surveys":false},"product_brand":[],"product_cat":[5794,5793,5798,5801,5809,5807,5806,5805],"product_tag":[8110,6082,6081,7127,6079,6097,5870,5866,5867,5860,5862,5859,5858,6446,6647,6681,6682,6678,6685,5925,5926,7131,5952,6520,6017,6011,6009,6008,6013,6010,6016,6000,6014,6001,7133,7135,6543,6528,6529,6530,6531,6191,6193,7137,7138,7140,7141,7142,7143,6183,6060,6061,6062,6063,7144,7145,7146,7147,7148,7149,6203,7150,6562,6563,6226,6228,6251,6250,6252,6253,6254,7151,6567,6274,6606,6597,6598,6599,6600,6601,6602,6603,6311,6313,6783,6789,6324,6325,6614,6615,6616,6617,6618,6619,7152,7153,7154,6754,6755,6744,6743,6636,6442,6364,6365,6392,6393,7155,7156,7157,7158,6387,7159,7160,7161,7162,7163,7164,7165,7166,6484,6476,6414,6416,6405,7167,6408,7168,7169,7170,7171,7172,6419,6420,6421,6422,7173,7174,6423,6424],"class_list":{"0":"post-36242","1":"product","2":"type-product","3":"status-publish","4":"has-post-thumbnail","6":"product_cat-atv-es","7":"product_cat-bateria-es","8":"product_cat-litio-es","9":"product_cat-moto-es","10":"product_cat-moto-acuatica-es","11":"product_cat-moto-de-nieve-es","12":"product_cat-scooter-es","13":"product_cat-ssv-utv-es","14":"product_tag-360118-es","15":"product_tag-51913-lion-s-es","16":"product_tag-51913-max-es","17":"product_tag-51913-sla-es","18":"product_tag-51913lions-es","19":"product_tag-agm12-23-es","20":"product_tag-agm1223-es","21":"product_tag-b50-n18l-a-a2-es","22":"product_tag-b50-n18l-a-a2-a3-btx24hl-es","23":"product_tag-b50-n18l-a3-es","24":"product_tag-b50n18la3-es","25":"product_tag-b50n18laa2-es","26":"product_tag-b50n18laa2a3-btx24hl-es","27":"product_tag-bateria-de-moto-es","28":"product_tag-bateria-de-moto-es-es","29":"product_tag-bb18l-a-es","30":"product_tag-bb18la-es","31":"product_tag-bc51913-fp-i-es","32":"product_tag-bc51913fpi-es","33":"product_tag-bctx20h-fp-sq-es","34":"product_tag-bctx20hfpsq-es","35":"product_tag-bsli_10-es","36":"product_tag-bsli-10-es","37":"product_tag-bsli10-es","38":"product_tag-btx20hl-es","39":"product_tag-btx20hl-max-es","40":"product_tag-btx20hl-bs-es","41":"product_tag-btx20hlbs-es","42":"product_tag-btx20l-bs-es","43":"product_tag-btx20lbs-es","44":"product_tag-btx24hl-b50-n18l-a3-es","45":"product_tag-btx24hl-b50n18la3-es","46":"product_tag-btx24hl-bs-es","47":"product_tag-btx24hlbs-es","48":"product_tag-cb18l-a-es","49":"product_tag-cb18la-es","50":"product_tag-cbtx20hl-bs-es","51":"product_tag-cbtx20l-bs-es","52":"product_tag-cbtx20lbs-es","53":"product_tag-cbtx24hl-bs-es","54":"product_tag-cbtx24hlbs-es","55":"product_tag-cx20l-es","56":"product_tag-cx24hl-es","57":"product_tag-e50-n18l-a-es","58":"product_tag-e50-n18l-a3-es","59":"product_tag-e50n18la-es","60":"product_tag-e50n18la3-es","61":"product_tag-eb18l-a-es","62":"product_tag-eb18la-es","63":"product_tag-eltx20h-es","64":"product_tag-etx20hl-bs-es","65":"product_tag-etx20hlbs-es","66":"product_tag-etx24hl-bs-es","67":"product_tag-etx24hlbs-es","68":"product_tag-f50-n18l-a-a2-es","69":"product_tag-f50-n18l-a3-es","70":"product_tag-f50n18la3-es","71":"product_tag-f50n18laa2-es","72":"product_tag-fb18l-a-es","73":"product_tag-fb18la-es","74":"product_tag-fhd20hl-bs-gel-es","75":"product_tag-fhd20hlbs-gel-es","76":"product_tag-fltx20h-es","77":"product_tag-fltx20hl-es","78":"product_tag-ft19-12b-es","79":"product_tag-ft1912b-es","80":"product_tag-ftx20hl-bs-gel-es","81":"product_tag-ftx20hlbs-gel-es","82":"product_tag-ftx20l-bs-es","83":"product_tag-ftx20lbs-es","84":"product_tag-ftx24hl-bs-f50-n18l-a-a2-a3-gel-es","85":"product_tag-ftx24hlbs-f50n18laa2a3-gel-es","86":"product_tag-gel12-19-agm12-18-es","87":"product_tag-gel1219-agm1218-es","88":"product_tag-gtx20hl-bs-es","89":"product_tag-gtx20hlbs-es","90":"product_tag-gtx20l-bs-es","91":"product_tag-gtx20lbs-es","92":"product_tag-gtx24hl-bs-es","93":"product_tag-gtx24hl-bs-g50-n18l-a2-es","94":"product_tag-gtx24hlbs-es","95":"product_tag-gtx24hlbs-g50n18la2-es","96":"product_tag-hj51913-fp-es","97":"product_tag-hj51913fp-es","98":"product_tag-hjp21l-fp-es","99":"product_tag-hjp21lfp-es","100":"product_tag-hjtx20h-fp-s-es","101":"product_tag-hjtx20hl-fp-s-es","102":"product_tag-hjtx20h-fp-es","103":"product_tag-hjtx20hfp-es","104":"product_tag-hjtx20hfps-es","105":"product_tag-hjtx20hlfps-es","106":"product_tag-hjtx20hq-fp-es","107":"product_tag-hjtx20hqfp-es","108":"product_tag-hvt-1-es","109":"product_tag-hvt01-es","110":"product_tag-hvt1-es","111":"product_tag-il-lfp20-es","112":"product_tag-illfp20-es","113":"product_tag-lfp20-es","114":"product_tag-lfp20l-es","115":"product_tag-lithium-lifepo4-es","116":"product_tag-litio-es","117":"product_tag-ltx20-bs-q-lion-s-es","118":"product_tag-ltx20bsqlions-es","119":"product_tag-ml-lfp20-es","120":"product_tag-mllfp20-es","121":"product_tag-n50-n18l-a-es","122":"product_tag-n50n18la-es","123":"product_tag-nh12-20-gel-es","124":"product_tag-nh1220-gel-gel12-19-agm12-18-es","125":"product_tag-nlp20-es","126":"product_tag-ntx20hl-bs-es","127":"product_tag-ntx20hlbs-es","128":"product_tag-ntx20l-es","129":"product_tag-ntx20l-bs-es","130":"product_tag-ntx20lbs-es","131":"product_tag-ntx24hl-es","132":"product_tag-ntx24hl-bs-es","133":"product_tag-ntx24hlbs-es","134":"product_tag-palp-20lhy-es","135":"product_tag-palp-50n8lahy-es","136":"product_tag-palp20lhy-es","137":"product_tag-palp50n8lahy-es","138":"product_tag-sla12-19-es","139":"product_tag-sla12-22-es","140":"product_tag-sla1219-es","141":"product_tag-sla1222-es","142":"product_tag-yb18l-a-es","143":"product_tag-yb18la-es","144":"product_tag-ytx20-3-es","145":"product_tag-ytx203-es","146":"product_tag-ytx20hl-bs-es","147":"product_tag-ytx20hlbs-es","148":"product_tag-ytx20l-bs-es","149":"product_tag-ytx20lbs-es","150":"product_tag-ytx24h-3-es","151":"product_tag-ytx24h3-es","152":"product_tag-ytx24hl-bs-es","153":"product_tag-ytx24hlbs-es","155":"first","156":"instock","157":"shipping-taxable","158":"product-type-simple"},"acf":[],"aioseo_notices":[],"yoast_head":"<!-- This site is optimized with the Yoast SEO plugin v24.6 - https:\/\/yoast.com\/wordpress\/plugins\/seo\/ -->\n<title>BSLi-10 - BS BATTERY<\/title>\n<meta name=\"robots\" content=\"index, follow, max-snippet:-1, max-image-preview:large, max-video-preview:-1\" \/>\n<link rel=\"canonical\" href=\"https:\/\/bs-battery.com\/es\/producto\/bsli-10\/\" \/>\n<meta property=\"og:locale\" content=\"es_ES\" \/>\n<meta property=\"og:type\" content=\"article\" \/>\n<meta property=\"og:title\" content=\"BSLi-10 - BS BATTERY\" \/>\n<meta property=\"og:description\" content=\"Listo para usar - S\u00f3lo conectar y listo Peso m\u00e1s ligero - Hasta un 70% m\u00e1s liviana que las bater\u00edas de plomo-\u00e1cido Ciclo de vida extendido - M\u00e1s de 2000 ciclos Resistentes al calor - Hasta 230\u00b0C Robustos Terminales de lat\u00f3n - Para un mejor rendimiento el\u00e9ctrico Indicador de estado de carga - Consulte el estado de la carga en la pantalla indicadora en la parte superior Espaciadores - Para un rendimiento superior y vibraciones limitadas, nuestras bater\u00edas de litio son mucho m\u00e1s peque\u00f1as que las de plomo-\u00e1cido. Se incluyen diferentes tipos de espaciadores con cada bater\u00eda para facilitar su adaptaci\u00f3n al alojamiento\" \/>\n<meta property=\"og:url\" content=\"https:\/\/bs-battery.com\/es\/producto\/bsli-10\/\" \/>\n<meta property=\"og:site_name\" content=\"BS BATTERY\" \/>\n<meta property=\"article:modified_time\" content=\"2025-06-13T09:28:24+00:00\" \/>\n<meta property=\"og:image\" content=\"https:\/\/bs-battery.com\/wp-content\/uploads\/2023\/03\/2023-03_BSLi-10.png\" \/>\n\t<meta property=\"og:image:width\" content=\"500\" \/>\n\t<meta property=\"og:image:height\" content=\"500\" \/>\n\t<meta property=\"og:image:type\" content=\"image\/png\" \/>\n<meta name=\"twitter:card\" content=\"summary_large_image\" \/>\n<meta name=\"twitter:label1\" content=\"Tiempo de lectura\" \/>\n\t<meta name=\"twitter:data1\" content=\"1 minuto\" \/>\n<script type=\"application\/ld+json\" class=\"yoast-schema-graph\">{\"@context\":\"https:\/\/schema.org\",\"@graph\":[{\"@type\":\"WebPage\",\"@id\":\"https:\/\/bs-battery.com\/es\/producto\/bsli-10\/\",\"url\":\"https:\/\/bs-battery.com\/es\/producto\/bsli-10\/\",\"name\":\"BSLi-10 - BS BATTERY\",\"isPartOf\":{\"@id\":\"https:\/\/bs-battery.com\/#website\"},\"primaryImageOfPage\":{\"@id\":\"https:\/\/bs-battery.com\/es\/producto\/bsli-10\/#primaryimage\"},\"image\":{\"@id\":\"https:\/\/bs-battery.com\/es\/producto\/bsli-10\/#primaryimage\"},\"thumbnailUrl\":\"https:\/\/bs-battery.com\/wp-content\/uploads\/2026\/04\/BS_LITHIUM_BSLI-10_LD.png\",\"datePublished\":\"2021-10-05T15:19:44+00:00\",\"dateModified\":\"2025-06-13T09:28:24+00:00\",\"breadcrumb\":{\"@id\":\"https:\/\/bs-battery.com\/es\/producto\/bsli-10\/#breadcrumb\"},\"inLanguage\":\"es\",\"potentialAction\":[{\"@type\":\"ReadAction\",\"target\":[\"https:\/\/bs-battery.com\/es\/producto\/bsli-10\/\"]}]},{\"@type\":\"ImageObject\",\"inLanguage\":\"es\",\"@id\":\"https:\/\/bs-battery.com\/es\/producto\/bsli-10\/#primaryimage\",\"url\":\"https:\/\/bs-battery.com\/wp-content\/uploads\/2026\/04\/BS_LITHIUM_BSLI-10_LD.png\",\"contentUrl\":\"https:\/\/bs-battery.com\/wp-content\/uploads\/2026\/04\/BS_LITHIUM_BSLI-10_LD.png\",\"width\":800,\"height\":800,\"caption\":\"BS_LITHIUM_BSLI-10_LD\"},{\"@type\":\"BreadcrumbList\",\"@id\":\"https:\/\/bs-battery.com\/es\/producto\/bsli-10\/#breadcrumb\",\"itemListElement\":[{\"@type\":\"ListItem\",\"position\":1,\"name\":\"Home\",\"item\":\"https:\/\/bs-battery.com\/es\/\"},{\"@type\":\"ListItem\",\"position\":2,\"name\":\"Shop\",\"item\":\"https:\/\/bs-battery.com\/shop\/\"},{\"@type\":\"ListItem\",\"position\":3,\"name\":\"BSLi-10\"}]},{\"@type\":\"WebSite\",\"@id\":\"https:\/\/bs-battery.com\/#website\",\"url\":\"https:\/\/bs-battery.com\/\",\"name\":\"BS BATTERY\",\"description\":\"The Power you need...\",\"potentialAction\":[{\"@type\":\"SearchAction\",\"target\":{\"@type\":\"EntryPoint\",\"urlTemplate\":\"https:\/\/bs-battery.com\/?s={search_term_string}\"},\"query-input\":{\"@type\":\"PropertyValueSpecification\",\"valueRequired\":true,\"valueName\":\"search_term_string\"}}],\"inLanguage\":\"es\"}]}<\/script>\n<!-- \/ Yoast SEO plugin. -->","yoast_head_json":{"title":"BSLi-10 - BS BATTERY","robots":{"index":"index","follow":"follow","max-snippet":"max-snippet:-1","max-image-preview":"max-image-preview:large","max-video-preview":"max-video-preview:-1"},"canonical":"https:\/\/bs-battery.com\/es\/producto\/bsli-10\/","og_locale":"es_ES","og_type":"article","og_title":"BSLi-10 - BS BATTERY","og_description":"Listo para usar - S\u00f3lo conectar y listo Peso m\u00e1s ligero - Hasta un 70% m\u00e1s liviana que las bater\u00edas de plomo-\u00e1cido Ciclo de vida extendido - M\u00e1s de 2000 ciclos Resistentes al calor - Hasta 230\u00b0C Robustos Terminales de lat\u00f3n - Para un mejor rendimiento el\u00e9ctrico Indicador de estado de carga - Consulte el estado de la carga en la pantalla indicadora en la parte superior Espaciadores - Para un rendimiento superior y vibraciones limitadas, nuestras bater\u00edas de litio son mucho m\u00e1s peque\u00f1as que las de plomo-\u00e1cido. Se incluyen diferentes tipos de espaciadores con cada bater\u00eda para facilitar su adaptaci\u00f3n al alojamiento","og_url":"https:\/\/bs-battery.com\/es\/producto\/bsli-10\/","og_site_name":"BS BATTERY","article_modified_time":"2025-06-13T09:28:24+00:00","og_image":[{"width":500,"height":500,"url":"https:\/\/bs-battery.com\/wp-content\/uploads\/2023\/03\/2023-03_BSLi-10.png","type":"image\/png"}],"twitter_card":"summary_large_image","twitter_misc":{"Tiempo de lectura":"1 minuto"},"schema":{"@context":"https:\/\/schema.org","@graph":[{"@type":"WebPage","@id":"https:\/\/bs-battery.com\/es\/producto\/bsli-10\/","url":"https:\/\/bs-battery.com\/es\/producto\/bsli-10\/","name":"BSLi-10 - BS BATTERY","isPartOf":{"@id":"https:\/\/bs-battery.com\/#website"},"primaryImageOfPage":{"@id":"https:\/\/bs-battery.com\/es\/producto\/bsli-10\/#primaryimage"},"image":{"@id":"https:\/\/bs-battery.com\/es\/producto\/bsli-10\/#primaryimage"},"thumbnailUrl":"https:\/\/bs-battery.com\/wp-content\/uploads\/2026\/04\/BS_LITHIUM_BSLI-10_LD.png","datePublished":"2021-10-05T15:19:44+00:00","dateModified":"2025-06-13T09:28:24+00:00","breadcrumb":{"@id":"https:\/\/bs-battery.com\/es\/producto\/bsli-10\/#breadcrumb"},"inLanguage":"es","potentialAction":[{"@type":"ReadAction","target":["https:\/\/bs-battery.com\/es\/producto\/bsli-10\/"]}]},{"@type":"ImageObject","inLanguage":"es","@id":"https:\/\/bs-battery.com\/es\/producto\/bsli-10\/#primaryimage","url":"https:\/\/bs-battery.com\/wp-content\/uploads\/2026\/04\/BS_LITHIUM_BSLI-10_LD.png","contentUrl":"https:\/\/bs-battery.com\/wp-content\/uploads\/2026\/04\/BS_LITHIUM_BSLI-10_LD.png","width":800,"height":800,"caption":"BS_LITHIUM_BSLI-10_LD"},{"@type":"BreadcrumbList","@id":"https:\/\/bs-battery.com\/es\/producto\/bsli-10\/#breadcrumb","itemListElement":[{"@type":"ListItem","position":1,"name":"Home","item":"https:\/\/bs-battery.com\/es\/"},{"@type":"ListItem","position":2,"name":"Shop","item":"https:\/\/bs-battery.com\/shop\/"},{"@type":"ListItem","position":3,"name":"BSLi-10"}]},{"@type":"WebSite","@id":"https:\/\/bs-battery.com\/#website","url":"https:\/\/bs-battery.com\/","name":"BS BATTERY","description":"The Power you need...","potentialAction":[{"@type":"SearchAction","target":{"@type":"EntryPoint","urlTemplate":"https:\/\/bs-battery.com\/?s={search_term_string}"},"query-input":{"@type":"PropertyValueSpecification","valueRequired":true,"valueName":"search_term_string"}}],"inLanguage":"es"}]}},"_links":{"self":[{"href":"https:\/\/bs-battery.com\/es\/wp-json\/wp\/v2\/product\/36242","targetHints":{"allow":["GET"]}}],"collection":[{"href":"https:\/\/bs-battery.com\/es\/wp-json\/wp\/v2\/product"}],"about":[{"href":"https:\/\/bs-battery.com\/es\/wp-json\/wp\/v2\/types\/product"}],"wp:featuredmedia":[{"embeddable":true,"href":"https:\/\/bs-battery.com\/es\/wp-json\/wp\/v2\/media\/44503"}],"wp:attachment":[{"href":"https:\/\/bs-battery.com\/es\/wp-json\/wp\/v2\/media?parent=36242"}],"wp:term":[{"taxonomy":"product_brand","embeddable":true,"href":"https:\/\/bs-battery.com\/es\/wp-json\/wp\/v2\/product_brand?post=36242"},{"taxonomy":"product_cat","embeddable":true,"href":"https:\/\/bs-battery.com\/es\/wp-json\/wp\/v2\/product_cat?post=36242"},{"taxonomy":"product_tag","embeddable":true,"href":"https:\/\/bs-battery.com\/es\/wp-json\/wp\/v2\/product_tag?post=36242"}],"curies":[{"name":"wp","href":"https:\/\/api.w.org\/{rel}","templated":true}]}}