{"id":36249,"date":"2021-10-06T14:54:57","date_gmt":"2021-10-06T12:54:57","guid":{"rendered":"https:\/\/bs-battery.com\/product\/6n11a-4a-sla\/"},"modified":"2025-07-07T16:38:05","modified_gmt":"2025-07-07T14:38:05","slug":"6n11a-4a-sla","status":"publish","type":"product","link":"https:\/\/bs-battery.com\/es\/producto\/6n11a-4a-sla\/","title":{"rendered":"6N11A-4A"},"content":{"rendered":"<p style=\"text-align: justify;\">La bater\u00eda 6N11A-4A es parte de nuestra gama SLA. Dise\u00f1ada para facilitar la vida del usuario, esta bater\u00eda de 6V 11.6Ah est\u00e1 lista para usarse, es 100% libre de mantenimiento y completamente a prueba de derrames.<\/p>\n<p>Extremadamente f\u00e1cil de instalar y transportar, esta bater\u00eda 6N11A-4A ofrece mayor potencia, vida \u00fatil extendida y m\u00e1xima fiabilidad a todos los veh\u00edculos de deportes motorizados que requieren un alto rendimiento.<\/p>\n","protected":false},"excerpt":{"rendered":"<p>Activada en f\u00e1brica &#8211; Tecnolog\u00eda AGM (Absorbent Glass mat)<br \/>\nLista para usar &#8211; S\u00f3lo conectar y usar (Plug &amp; Play)<br \/>\nSin mantenimiento &#8211; Dise\u00f1o VRLA (Plomo-\u00e1cido regulado por v\u00e1lvula regulada)<br \/>\nDise\u00f1o a prueba de derrames &#8211; Sellado de f\u00e1brica con el electrolito absorbido en una malla de fibra de vidrio<br \/>\nNo manipular \u00e1cidos &#8211; Muy seguro<br \/>\nAlto poder de arranque y vida \u00fatil extendida<\/p>\n","protected":false},"featured_media":40894,"template":"","meta":{"_acf_changed":false,"om_disable_all_campaigns":false,"passster_activate_protection":false,"passster_protect_child_pages":"","passster_protection_type":"password","passster_password":"","passster_passwords":"","passster_password_list":"","passster_password_lists":"","passster_activate_user_restriction":"","passster_user_restriction_type":"user-role","passster_user_restriction":"no-role","passster_activate_overwrite_defaults":"","passster_headline":"","passster_instruction":"","passster_placeholder":"","passster_button":"","passster_id":"","passster_activate_misc_settings":"","passster_redirect_url":"","passster_hide":"no","passster_area_shortcode":"","_monsterinsights_skip_tracking":false,"_monsterinsights_sitenote_active":false,"_monsterinsights_sitenote_note":"","_monsterinsights_sitenote_category":0,"_uf_show_specific_survey":0,"_uf_disable_surveys":false},"product_brand":[],"product_cat":[5793,5801,5806,5804],"product_tag":[8120,5832,5831,5836,5856,5846,6672,6446,6647,6648,6652,6406],"class_list":{"0":"post-36249","1":"product","2":"type-product","3":"status-publish","4":"has-post-thumbnail","6":"product_cat-bateria-es","7":"product_cat-moto-es","8":"product_cat-scooter-es","9":"product_cat-sla-es","10":"product_tag-300914-es","11":"product_tag-6n11a-4a-es","12":"product_tag-6n11a-4a-gel-es","13":"product_tag-6n11a4a-es","14":"product_tag-6n11a4a-gel-es","15":"product_tag-6v-sla-battery-es","16":"product_tag-activado-de-fabrica-es","17":"product_tag-bateria-de-moto-es","18":"product_tag-bateria-de-moto-es-es","19":"product_tag-bateria-lista-para-usar-es","20":"product_tag-sellada-es","21":"product_tag-sla-es","23":"first","24":"instock","25":"shipping-taxable","26":"product-type-simple"},"acf":[],"aioseo_notices":[],"yoast_head":"<!-- This site is optimized with the Yoast SEO plugin v24.6 - https:\/\/yoast.com\/wordpress\/plugins\/seo\/ -->\n<title>6N11A-4A - BS BATTERY<\/title>\n<meta name=\"robots\" content=\"index, follow, max-snippet:-1, max-image-preview:large, max-video-preview:-1\" \/>\n<link rel=\"canonical\" href=\"https:\/\/bs-battery.com\/es\/producto\/6n11a-4a-sla\/\" \/>\n<meta property=\"og:locale\" content=\"es_ES\" \/>\n<meta property=\"og:type\" content=\"article\" \/>\n<meta property=\"og:title\" content=\"6N11A-4A - BS BATTERY\" \/>\n<meta property=\"og:description\" content=\"Activada en f\u00e1brica - Tecnolog\u00eda AGM (Absorbent Glass mat) Lista para usar - S\u00f3lo conectar y usar (Plug &amp; Play) Sin mantenimiento - Dise\u00f1o VRLA (Plomo-\u00e1cido regulado por v\u00e1lvula regulada) Dise\u00f1o a prueba de derrames - Sellado de f\u00e1brica con el electrolito absorbido en una malla de fibra de vidrio No manipular \u00e1cidos - Muy seguro Alto poder de arranque y vida \u00fatil extendida\" \/>\n<meta property=\"og:url\" content=\"https:\/\/bs-battery.com\/es\/producto\/6n11a-4a-sla\/\" \/>\n<meta property=\"og:site_name\" content=\"BS BATTERY\" \/>\n<meta property=\"article:modified_time\" content=\"2025-07-07T14:38:05+00:00\" \/>\n<meta property=\"og:image\" content=\"https:\/\/bs-battery.com\/wp-content\/uploads\/2022\/09\/2022-SLA_6N11A-4A.png\" \/>\n\t<meta property=\"og:image:width\" content=\"500\" \/>\n\t<meta property=\"og:image:height\" content=\"500\" \/>\n\t<meta property=\"og:image:type\" content=\"image\/png\" \/>\n<meta name=\"twitter:card\" content=\"summary_large_image\" \/>\n<meta name=\"twitter:label1\" content=\"Tiempo de lectura\" \/>\n\t<meta name=\"twitter:data1\" content=\"1 minuto\" \/>\n<script type=\"application\/ld+json\" class=\"yoast-schema-graph\">{\"@context\":\"https:\/\/schema.org\",\"@graph\":[{\"@type\":\"WebPage\",\"@id\":\"https:\/\/bs-battery.com\/es\/producto\/6n11a-4a-sla\/\",\"url\":\"https:\/\/bs-battery.com\/es\/producto\/6n11a-4a-sla\/\",\"name\":\"6N11A-4A - BS BATTERY\",\"isPartOf\":{\"@id\":\"https:\/\/bs-battery.com\/#website\"},\"primaryImageOfPage\":{\"@id\":\"https:\/\/bs-battery.com\/es\/producto\/6n11a-4a-sla\/#primaryimage\"},\"image\":{\"@id\":\"https:\/\/bs-battery.com\/es\/producto\/6n11a-4a-sla\/#primaryimage\"},\"thumbnailUrl\":\"https:\/\/bs-battery.com\/wp-content\/uploads\/2025\/11\/BS_SLA_6N11A-4A_LD.png\",\"datePublished\":\"2021-10-06T12:54:57+00:00\",\"dateModified\":\"2025-07-07T14:38:05+00:00\",\"breadcrumb\":{\"@id\":\"https:\/\/bs-battery.com\/es\/producto\/6n11a-4a-sla\/#breadcrumb\"},\"inLanguage\":\"es\",\"potentialAction\":[{\"@type\":\"ReadAction\",\"target\":[\"https:\/\/bs-battery.com\/es\/producto\/6n11a-4a-sla\/\"]}]},{\"@type\":\"ImageObject\",\"inLanguage\":\"es\",\"@id\":\"https:\/\/bs-battery.com\/es\/producto\/6n11a-4a-sla\/#primaryimage\",\"url\":\"https:\/\/bs-battery.com\/wp-content\/uploads\/2025\/11\/BS_SLA_6N11A-4A_LD.png\",\"contentUrl\":\"https:\/\/bs-battery.com\/wp-content\/uploads\/2025\/11\/BS_SLA_6N11A-4A_LD.png\",\"width\":800,\"height\":800,\"caption\":\"BS_SLA_6N11A-4A_LD\"},{\"@type\":\"BreadcrumbList\",\"@id\":\"https:\/\/bs-battery.com\/es\/producto\/6n11a-4a-sla\/#breadcrumb\",\"itemListElement\":[{\"@type\":\"ListItem\",\"position\":1,\"name\":\"Home\",\"item\":\"https:\/\/bs-battery.com\/es\/\"},{\"@type\":\"ListItem\",\"position\":2,\"name\":\"Shop\",\"item\":\"https:\/\/bs-battery.com\/shop\/\"},{\"@type\":\"ListItem\",\"position\":3,\"name\":\"6N11A-4A\"}]},{\"@type\":\"WebSite\",\"@id\":\"https:\/\/bs-battery.com\/#website\",\"url\":\"https:\/\/bs-battery.com\/\",\"name\":\"BS BATTERY\",\"description\":\"The Power you need...\",\"potentialAction\":[{\"@type\":\"SearchAction\",\"target\":{\"@type\":\"EntryPoint\",\"urlTemplate\":\"https:\/\/bs-battery.com\/?s={search_term_string}\"},\"query-input\":{\"@type\":\"PropertyValueSpecification\",\"valueRequired\":true,\"valueName\":\"search_term_string\"}}],\"inLanguage\":\"es\"}]}<\/script>\n<!-- \/ Yoast SEO plugin. -->","yoast_head_json":{"title":"6N11A-4A - BS BATTERY","robots":{"index":"index","follow":"follow","max-snippet":"max-snippet:-1","max-image-preview":"max-image-preview:large","max-video-preview":"max-video-preview:-1"},"canonical":"https:\/\/bs-battery.com\/es\/producto\/6n11a-4a-sla\/","og_locale":"es_ES","og_type":"article","og_title":"6N11A-4A - BS BATTERY","og_description":"Activada en f\u00e1brica - Tecnolog\u00eda AGM (Absorbent Glass mat) Lista para usar - S\u00f3lo conectar y usar (Plug &amp; Play) Sin mantenimiento - Dise\u00f1o VRLA (Plomo-\u00e1cido regulado por v\u00e1lvula regulada) Dise\u00f1o a prueba de derrames - Sellado de f\u00e1brica con el electrolito absorbido en una malla de fibra de vidrio No manipular \u00e1cidos - Muy seguro Alto poder de arranque y vida \u00fatil extendida","og_url":"https:\/\/bs-battery.com\/es\/producto\/6n11a-4a-sla\/","og_site_name":"BS BATTERY","article_modified_time":"2025-07-07T14:38:05+00:00","og_image":[{"width":500,"height":500,"url":"https:\/\/bs-battery.com\/wp-content\/uploads\/2022\/09\/2022-SLA_6N11A-4A.png","type":"image\/png"}],"twitter_card":"summary_large_image","twitter_misc":{"Tiempo de lectura":"1 minuto"},"schema":{"@context":"https:\/\/schema.org","@graph":[{"@type":"WebPage","@id":"https:\/\/bs-battery.com\/es\/producto\/6n11a-4a-sla\/","url":"https:\/\/bs-battery.com\/es\/producto\/6n11a-4a-sla\/","name":"6N11A-4A - BS BATTERY","isPartOf":{"@id":"https:\/\/bs-battery.com\/#website"},"primaryImageOfPage":{"@id":"https:\/\/bs-battery.com\/es\/producto\/6n11a-4a-sla\/#primaryimage"},"image":{"@id":"https:\/\/bs-battery.com\/es\/producto\/6n11a-4a-sla\/#primaryimage"},"thumbnailUrl":"https:\/\/bs-battery.com\/wp-content\/uploads\/2025\/11\/BS_SLA_6N11A-4A_LD.png","datePublished":"2021-10-06T12:54:57+00:00","dateModified":"2025-07-07T14:38:05+00:00","breadcrumb":{"@id":"https:\/\/bs-battery.com\/es\/producto\/6n11a-4a-sla\/#breadcrumb"},"inLanguage":"es","potentialAction":[{"@type":"ReadAction","target":["https:\/\/bs-battery.com\/es\/producto\/6n11a-4a-sla\/"]}]},{"@type":"ImageObject","inLanguage":"es","@id":"https:\/\/bs-battery.com\/es\/producto\/6n11a-4a-sla\/#primaryimage","url":"https:\/\/bs-battery.com\/wp-content\/uploads\/2025\/11\/BS_SLA_6N11A-4A_LD.png","contentUrl":"https:\/\/bs-battery.com\/wp-content\/uploads\/2025\/11\/BS_SLA_6N11A-4A_LD.png","width":800,"height":800,"caption":"BS_SLA_6N11A-4A_LD"},{"@type":"BreadcrumbList","@id":"https:\/\/bs-battery.com\/es\/producto\/6n11a-4a-sla\/#breadcrumb","itemListElement":[{"@type":"ListItem","position":1,"name":"Home","item":"https:\/\/bs-battery.com\/es\/"},{"@type":"ListItem","position":2,"name":"Shop","item":"https:\/\/bs-battery.com\/shop\/"},{"@type":"ListItem","position":3,"name":"6N11A-4A"}]},{"@type":"WebSite","@id":"https:\/\/bs-battery.com\/#website","url":"https:\/\/bs-battery.com\/","name":"BS BATTERY","description":"The Power you need...","potentialAction":[{"@type":"SearchAction","target":{"@type":"EntryPoint","urlTemplate":"https:\/\/bs-battery.com\/?s={search_term_string}"},"query-input":{"@type":"PropertyValueSpecification","valueRequired":true,"valueName":"search_term_string"}}],"inLanguage":"es"}]}},"_links":{"self":[{"href":"https:\/\/bs-battery.com\/es\/wp-json\/wp\/v2\/product\/36249","targetHints":{"allow":["GET"]}}],"collection":[{"href":"https:\/\/bs-battery.com\/es\/wp-json\/wp\/v2\/product"}],"about":[{"href":"https:\/\/bs-battery.com\/es\/wp-json\/wp\/v2\/types\/product"}],"wp:featuredmedia":[{"embeddable":true,"href":"https:\/\/bs-battery.com\/es\/wp-json\/wp\/v2\/media\/40894"}],"wp:attachment":[{"href":"https:\/\/bs-battery.com\/es\/wp-json\/wp\/v2\/media?parent=36249"}],"wp:term":[{"taxonomy":"product_brand","embeddable":true,"href":"https:\/\/bs-battery.com\/es\/wp-json\/wp\/v2\/product_brand?post=36249"},{"taxonomy":"product_cat","embeddable":true,"href":"https:\/\/bs-battery.com\/es\/wp-json\/wp\/v2\/product_cat?post=36249"},{"taxonomy":"product_tag","embeddable":true,"href":"https:\/\/bs-battery.com\/es\/wp-json\/wp\/v2\/product_tag?post=36249"}],"curies":[{"name":"wp","href":"https:\/\/api.w.org\/{rel}","templated":true}]}}