{"id":36263,"date":"2021-10-06T10:30:04","date_gmt":"2021-10-06T08:42:04","guid":{"rendered":"https:\/\/bs-battery.com\/product\/51913-sla-max\/"},"modified":"2025-11-24T17:02:43","modified_gmt":"2025-11-24T16:02:43","slug":"51913-sla-max","status":"publish","type":"product","link":"https:\/\/bs-battery.com\/es\/producto\/51913-sla-max\/","title":{"rendered":"51913"},"content":{"rendered":"<p style=\"text-align: justify;\">La bater\u00eda 51913 es parte de nuestra gama SLA Max. Dise\u00f1ada para las condiciones m\u00e1s extremas, esta bater\u00eda de 12V 22Ah ofrece un rendimiento m\u00e1ximo a las motocicletas de gran cilindrada equipadas con equipos electr\u00f3nicos (GPS, alarma, audio, linternas, etc.).<\/p>\n<p>Lista para usarse, 100% libre de mantenimiento y no derramable, esta bater\u00eda 51913 ofrece mayor potencia, capacidad superior y m\u00e1xima fiabilidad a todas las motocicletas de gran tama\u00f1o.<\/p>\n","protected":false},"excerpt":{"rendered":"<p>Activada de f\u00e1brica &#8211; Tecnolog\u00eda AGM (Absorbent Glass Mat)<br \/>\nLista para usarse &#8211; S\u00f3lo conectar y usar (Plug &amp; Play)<br \/>\nSin mantenimiento &#8211; Dise\u00f1o VRLA (Bater\u00eda de Plomo \u00c1cido Regulada por V\u00e1lvula)<br \/>\nDise\u00f1o a prueba de derrames &#8211; Sellada de f\u00e1brica con el electrolito absorbido en una malla de fibra de vidrio<br \/>\nNo manipular \u00e1cidos &#8211; Muy segura<br \/>\nM\u00e1xima potencia de arranque y visa \u00fatil extendida &#8211; 20% m\u00e1s de CCA en comparaci\u00f3n con la gama SLA est\u00e1ndar<br \/>\nCapacidad superior &#8211; 20% m\u00e1s pronlongada que las SLA<\/p>\n","protected":false},"featured_media":36266,"template":"","meta":{"_acf_changed":false,"om_disable_all_campaigns":false,"passster_activate_protection":false,"passster_protect_child_pages":"","passster_protection_type":"password","passster_password":"","passster_passwords":"","passster_password_list":"","passster_password_lists":"","passster_activate_user_restriction":"","passster_user_restriction_type":"user-role","passster_user_restriction":"no-role","passster_activate_overwrite_defaults":"","passster_headline":"","passster_instruction":"","passster_placeholder":"","passster_button":"","passster_id":"","passster_activate_misc_settings":"","passster_redirect_url":"","passster_hide":"no","passster_area_shortcode":"","_monsterinsights_skip_tracking":false,"_monsterinsights_sitenote_active":false,"_monsterinsights_sitenote_note":"","_monsterinsights_sitenote_category":0,"_uf_show_specific_survey":0,"_uf_disable_surveys":false},"product_brand":[],"product_cat":[5793,5801,5803],"product_tag":[8127,6084,6080,7127,6672,6096,5868,6647,6648,7388,7389,6272,6567,6275,6274,6406,6409,6405,7167,6408,7168],"class_list":{"0":"post-36263","1":"product","2":"type-product","3":"status-publish","4":"has-post-thumbnail","6":"product_cat-bateria-es","7":"product_cat-moto-es","8":"product_cat-sla-max-es","9":"product_tag-300860-es","10":"product_tag-51814-es","11":"product_tag-51913-es","12":"product_tag-51913-sla-es","13":"product_tag-activado-de-fabrica-es","14":"product_tag-agm12-18-es","15":"product_tag-agm1218-es","16":"product_tag-bateria-de-moto-es-es","17":"product_tag-bateria-lista-para-usar-es","18":"product_tag-bsli-13-es","19":"product_tag-bsli13-es","20":"product_tag-gel12-19-es","21":"product_tag-gel12-19-agm12-18-es","22":"product_tag-gel1219-es","23":"product_tag-gel1219-agm1218-es","24":"product_tag-sla-es","25":"product_tag-sla-max-battery-es","26":"product_tag-sla12-19-es","27":"product_tag-sla12-22-es","28":"product_tag-sla1219-es","29":"product_tag-sla1222-es","31":"first","32":"instock","33":"shipping-taxable","34":"product-type-simple"},"acf":[],"aioseo_notices":[],"yoast_head":"<!-- This site is optimized with the Yoast SEO plugin v24.6 - https:\/\/yoast.com\/wordpress\/plugins\/seo\/ -->\n<title>51913 - BS BATTERY<\/title>\n<meta name=\"robots\" content=\"index, follow, max-snippet:-1, max-image-preview:large, max-video-preview:-1\" \/>\n<link rel=\"canonical\" href=\"https:\/\/bs-battery.com\/es\/producto\/51913-sla-max\/\" \/>\n<meta property=\"og:locale\" content=\"es_ES\" \/>\n<meta property=\"og:type\" content=\"article\" \/>\n<meta property=\"og:title\" content=\"51913 - BS BATTERY\" \/>\n<meta property=\"og:description\" content=\"Activada de f\u00e1brica - Tecnolog\u00eda AGM (Absorbent Glass Mat) Lista para usarse - S\u00f3lo conectar y usar (Plug &amp; Play) Sin mantenimiento - Dise\u00f1o VRLA (Bater\u00eda de Plomo \u00c1cido Regulada por V\u00e1lvula) Dise\u00f1o a prueba de derrames - Sellada de f\u00e1brica con el electrolito absorbido en una malla de fibra de vidrio No manipular \u00e1cidos - Muy segura M\u00e1xima potencia de arranque y visa \u00fatil extendida - 20% m\u00e1s de CCA en comparaci\u00f3n con la gama SLA est\u00e1ndar Capacidad superior - 20% m\u00e1s pronlongada que las SLA\" \/>\n<meta property=\"og:url\" content=\"https:\/\/bs-battery.com\/es\/producto\/51913-sla-max\/\" \/>\n<meta property=\"og:site_name\" content=\"BS BATTERY\" \/>\n<meta property=\"article:modified_time\" content=\"2025-11-24T16:02:43+00:00\" \/>\n<meta property=\"og:image\" content=\"https:\/\/bs-battery.com\/wp-content\/uploads\/2021\/10\/51913-test.png\" \/>\n\t<meta property=\"og:image:width\" content=\"630\" \/>\n\t<meta property=\"og:image:height\" content=\"330\" \/>\n\t<meta property=\"og:image:type\" content=\"image\/png\" \/>\n<meta name=\"twitter:card\" content=\"summary_large_image\" \/>\n<meta name=\"twitter:label1\" content=\"Tiempo de lectura\" \/>\n\t<meta name=\"twitter:data1\" content=\"1 minuto\" \/>\n<script type=\"application\/ld+json\" class=\"yoast-schema-graph\">{\"@context\":\"https:\/\/schema.org\",\"@graph\":[{\"@type\":\"WebPage\",\"@id\":\"https:\/\/bs-battery.com\/es\/producto\/51913-sla-max\/\",\"url\":\"https:\/\/bs-battery.com\/es\/producto\/51913-sla-max\/\",\"name\":\"51913 - BS BATTERY\",\"isPartOf\":{\"@id\":\"https:\/\/bs-battery.com\/#website\"},\"primaryImageOfPage\":{\"@id\":\"https:\/\/bs-battery.com\/es\/producto\/51913-sla-max\/#primaryimage\"},\"image\":{\"@id\":\"https:\/\/bs-battery.com\/es\/producto\/51913-sla-max\/#primaryimage\"},\"thumbnailUrl\":\"https:\/\/bs-battery.com\/wp-content\/uploads\/2021\/10\/51913-test.png\",\"datePublished\":\"2021-10-06T08:42:04+00:00\",\"dateModified\":\"2025-11-24T16:02:43+00:00\",\"breadcrumb\":{\"@id\":\"https:\/\/bs-battery.com\/es\/producto\/51913-sla-max\/#breadcrumb\"},\"inLanguage\":\"es\",\"potentialAction\":[{\"@type\":\"ReadAction\",\"target\":[\"https:\/\/bs-battery.com\/es\/producto\/51913-sla-max\/\"]}]},{\"@type\":\"ImageObject\",\"inLanguage\":\"es\",\"@id\":\"https:\/\/bs-battery.com\/es\/producto\/51913-sla-max\/#primaryimage\",\"url\":\"https:\/\/bs-battery.com\/wp-content\/uploads\/2021\/10\/51913-test.png\",\"contentUrl\":\"https:\/\/bs-battery.com\/wp-content\/uploads\/2021\/10\/51913-test.png\",\"width\":630,\"height\":330},{\"@type\":\"BreadcrumbList\",\"@id\":\"https:\/\/bs-battery.com\/es\/producto\/51913-sla-max\/#breadcrumb\",\"itemListElement\":[{\"@type\":\"ListItem\",\"position\":1,\"name\":\"Home\",\"item\":\"https:\/\/bs-battery.com\/es\/\"},{\"@type\":\"ListItem\",\"position\":2,\"name\":\"Shop\",\"item\":\"https:\/\/bs-battery.com\/shop\/\"},{\"@type\":\"ListItem\",\"position\":3,\"name\":\"51913\"}]},{\"@type\":\"WebSite\",\"@id\":\"https:\/\/bs-battery.com\/#website\",\"url\":\"https:\/\/bs-battery.com\/\",\"name\":\"BS BATTERY\",\"description\":\"The Power you need...\",\"potentialAction\":[{\"@type\":\"SearchAction\",\"target\":{\"@type\":\"EntryPoint\",\"urlTemplate\":\"https:\/\/bs-battery.com\/?s={search_term_string}\"},\"query-input\":{\"@type\":\"PropertyValueSpecification\",\"valueRequired\":true,\"valueName\":\"search_term_string\"}}],\"inLanguage\":\"es\"}]}<\/script>\n<!-- \/ Yoast SEO plugin. -->","yoast_head_json":{"title":"51913 - BS BATTERY","robots":{"index":"index","follow":"follow","max-snippet":"max-snippet:-1","max-image-preview":"max-image-preview:large","max-video-preview":"max-video-preview:-1"},"canonical":"https:\/\/bs-battery.com\/es\/producto\/51913-sla-max\/","og_locale":"es_ES","og_type":"article","og_title":"51913 - BS BATTERY","og_description":"Activada de f\u00e1brica - Tecnolog\u00eda AGM (Absorbent Glass Mat) Lista para usarse - S\u00f3lo conectar y usar (Plug &amp; Play) Sin mantenimiento - Dise\u00f1o VRLA (Bater\u00eda de Plomo \u00c1cido Regulada por V\u00e1lvula) Dise\u00f1o a prueba de derrames - Sellada de f\u00e1brica con el electrolito absorbido en una malla de fibra de vidrio No manipular \u00e1cidos - Muy segura M\u00e1xima potencia de arranque y visa \u00fatil extendida - 20% m\u00e1s de CCA en comparaci\u00f3n con la gama SLA est\u00e1ndar Capacidad superior - 20% m\u00e1s pronlongada que las SLA","og_url":"https:\/\/bs-battery.com\/es\/producto\/51913-sla-max\/","og_site_name":"BS BATTERY","article_modified_time":"2025-11-24T16:02:43+00:00","og_image":[{"width":630,"height":330,"url":"https:\/\/bs-battery.com\/wp-content\/uploads\/2021\/10\/51913-test.png","type":"image\/png"}],"twitter_card":"summary_large_image","twitter_misc":{"Tiempo de lectura":"1 minuto"},"schema":{"@context":"https:\/\/schema.org","@graph":[{"@type":"WebPage","@id":"https:\/\/bs-battery.com\/es\/producto\/51913-sla-max\/","url":"https:\/\/bs-battery.com\/es\/producto\/51913-sla-max\/","name":"51913 - BS BATTERY","isPartOf":{"@id":"https:\/\/bs-battery.com\/#website"},"primaryImageOfPage":{"@id":"https:\/\/bs-battery.com\/es\/producto\/51913-sla-max\/#primaryimage"},"image":{"@id":"https:\/\/bs-battery.com\/es\/producto\/51913-sla-max\/#primaryimage"},"thumbnailUrl":"https:\/\/bs-battery.com\/wp-content\/uploads\/2021\/10\/51913-test.png","datePublished":"2021-10-06T08:42:04+00:00","dateModified":"2025-11-24T16:02:43+00:00","breadcrumb":{"@id":"https:\/\/bs-battery.com\/es\/producto\/51913-sla-max\/#breadcrumb"},"inLanguage":"es","potentialAction":[{"@type":"ReadAction","target":["https:\/\/bs-battery.com\/es\/producto\/51913-sla-max\/"]}]},{"@type":"ImageObject","inLanguage":"es","@id":"https:\/\/bs-battery.com\/es\/producto\/51913-sla-max\/#primaryimage","url":"https:\/\/bs-battery.com\/wp-content\/uploads\/2021\/10\/51913-test.png","contentUrl":"https:\/\/bs-battery.com\/wp-content\/uploads\/2021\/10\/51913-test.png","width":630,"height":330},{"@type":"BreadcrumbList","@id":"https:\/\/bs-battery.com\/es\/producto\/51913-sla-max\/#breadcrumb","itemListElement":[{"@type":"ListItem","position":1,"name":"Home","item":"https:\/\/bs-battery.com\/es\/"},{"@type":"ListItem","position":2,"name":"Shop","item":"https:\/\/bs-battery.com\/shop\/"},{"@type":"ListItem","position":3,"name":"51913"}]},{"@type":"WebSite","@id":"https:\/\/bs-battery.com\/#website","url":"https:\/\/bs-battery.com\/","name":"BS BATTERY","description":"The Power you need...","potentialAction":[{"@type":"SearchAction","target":{"@type":"EntryPoint","urlTemplate":"https:\/\/bs-battery.com\/?s={search_term_string}"},"query-input":{"@type":"PropertyValueSpecification","valueRequired":true,"valueName":"search_term_string"}}],"inLanguage":"es"}]}},"_links":{"self":[{"href":"https:\/\/bs-battery.com\/es\/wp-json\/wp\/v2\/product\/36263","targetHints":{"allow":["GET"]}}],"collection":[{"href":"https:\/\/bs-battery.com\/es\/wp-json\/wp\/v2\/product"}],"about":[{"href":"https:\/\/bs-battery.com\/es\/wp-json\/wp\/v2\/types\/product"}],"wp:featuredmedia":[{"embeddable":true,"href":"https:\/\/bs-battery.com\/es\/wp-json\/wp\/v2\/media\/36266"}],"wp:attachment":[{"href":"https:\/\/bs-battery.com\/es\/wp-json\/wp\/v2\/media?parent=36263"}],"wp:term":[{"taxonomy":"product_brand","embeddable":true,"href":"https:\/\/bs-battery.com\/es\/wp-json\/wp\/v2\/product_brand?post=36263"},{"taxonomy":"product_cat","embeddable":true,"href":"https:\/\/bs-battery.com\/es\/wp-json\/wp\/v2\/product_cat?post=36263"},{"taxonomy":"product_tag","embeddable":true,"href":"https:\/\/bs-battery.com\/es\/wp-json\/wp\/v2\/product_tag?post=36263"}],"curies":[{"name":"wp","href":"https:\/\/api.w.org\/{rel}","templated":true}]}}