{"id":36271,"date":"2021-10-06T10:40:59","date_gmt":"2021-10-06T08:40:59","guid":{"rendered":"https:\/\/bs-battery.com\/product\/btx14h-sla-max\/"},"modified":"2025-06-13T12:01:42","modified_gmt":"2025-06-13T10:01:42","slug":"btx14h-sla-max","status":"publish","type":"product","link":"https:\/\/bs-battery.com\/es\/producto\/btx14h-sla-max\/","title":{"rendered":"BTX14H"},"content":{"rendered":"<p style=\"text-align: justify;\">La bater\u00eda BTX14H es parte de nuestra gama SLA Max. Dise\u00f1ada para las condiciones m\u00e1s extremas, esta bater\u00eda de 12V 14.7Ah ofrece un rendimiento m\u00e1ximo para motocicletas de gran cilindrada equipadas con equipos electr\u00f3nicos (GPS, alarma, audio, linternas&#8230;).<\/p>\n<p>Lista para usar, 100% libre de mantenimiento y no derramable, esta bater\u00eda BTX14H ofrece mayor potencia, capacidad superior y m\u00e1xima fiabilidad para todas las motocicletas de gran cilindrada.<\/p>\n","protected":false},"excerpt":{"rendered":"<p>Activada de f\u00e1brica &#8211; Tecnolog\u00eda AGM (Absorbent Glass Mat)<br \/>\nLista para usarse &#8211; S\u00f3lo conectar y usar (Plug &#038; Play)<br \/>\nSin mantenimiento &#8211; Dise\u00f1o VRLA (Bater\u00eda de Plomo \u00c1cido Regulada por V\u00e1lvula)<br \/>\nDise\u00f1o a prueba de derrames &#8211; Sellada de f\u00e1brica con el electrolito absorbido en una malla de fibra de vidrio<br \/>\nNo manipular \u00e1cidos &#8211; Muy segura<br \/>\nM\u00e1xima potencia de arranque y visa \u00fatil extendida &#8211; 20% m\u00e1s de CCA en comparaci\u00f3n con la gama SLA est\u00e1ndar<br \/>\nCapacidad superior &#8211; 20% m\u00e1s pronlongada que las SLA<\/p>\n","protected":false},"featured_media":36272,"template":"","meta":{"_acf_changed":false,"om_disable_all_campaigns":false,"passster_activate_protection":false,"passster_protect_child_pages":"","passster_protection_type":"password","passster_password":"","passster_passwords":"","passster_password_list":"","passster_password_lists":"","passster_activate_user_restriction":"","passster_user_restriction_type":"user-role","passster_user_restriction":"no-role","passster_activate_overwrite_defaults":"","passster_headline":"","passster_instruction":"","passster_placeholder":"","passster_button":"","passster_id":"","passster_activate_misc_settings":"","passster_redirect_url":"","passster_hide":"no","passster_area_shortcode":"","_monsterinsights_skip_tracking":false,"_monsterinsights_sitenote_active":false,"_monsterinsights_sitenote_note":"","_monsterinsights_sitenote_category":0,"_uf_show_specific_survey":0,"_uf_disable_surveys":false},"product_brand":[],"product_cat":[5794,5793,5801,5803,5805],"product_tag":[8130,6672,6647,6648,5947,5939,6146,6138,5989,5992,7883,7885,7887,6652,6444,6409],"class_list":{"0":"post-36271","1":"product","2":"type-product","3":"status-publish","4":"has-post-thumbnail","6":"product_cat-atv-es","7":"product_cat-bateria-es","8":"product_cat-moto-es","9":"product_cat-sla-max-es","10":"product_cat-ssv-utv-es","11":"product_tag-300887-es","12":"product_tag-activado-de-fabrica-es","13":"product_tag-bateria-de-moto-es-es","14":"product_tag-bateria-lista-para-usar-es","15":"product_tag-bsli-04-06-es","16":"product_tag-bsli0406-es","17":"product_tag-btx14-es","18":"product_tag-btx14-bs-es","19":"product_tag-btx14bs-es","20":"product_tag-btx14h-es","21":"product_tag-hvt-8-es","22":"product_tag-hvt08-es","23":"product_tag-hvt8-es","24":"product_tag-sellada-es","25":"product_tag-sin-mantenimiento-es","26":"product_tag-sla-max-battery-es","28":"first","29":"instock","30":"shipping-taxable","31":"product-type-simple"},"acf":[],"aioseo_notices":[],"yoast_head":"<!-- This site is optimized with the Yoast SEO plugin v24.6 - https:\/\/yoast.com\/wordpress\/plugins\/seo\/ -->\n<title>BTX14H - BS BATTERY<\/title>\n<meta name=\"robots\" content=\"index, follow, max-snippet:-1, max-image-preview:large, max-video-preview:-1\" \/>\n<link rel=\"canonical\" href=\"https:\/\/bs-battery.com\/es\/producto\/btx14h-sla-max\/\" \/>\n<meta property=\"og:locale\" content=\"es_ES\" \/>\n<meta property=\"og:type\" content=\"article\" \/>\n<meta property=\"og:title\" content=\"BTX14H - BS BATTERY\" \/>\n<meta property=\"og:description\" content=\"Activada de f\u00e1brica - Tecnolog\u00eda AGM (Absorbent Glass Mat) Lista para usarse - S\u00f3lo conectar y usar (Plug &amp; Play) Sin mantenimiento - Dise\u00f1o VRLA (Bater\u00eda de Plomo \u00c1cido Regulada por V\u00e1lvula) Dise\u00f1o a prueba de derrames - Sellada de f\u00e1brica con el electrolito absorbido en una malla de fibra de vidrio No manipular \u00e1cidos - Muy segura M\u00e1xima potencia de arranque y visa \u00fatil extendida - 20% m\u00e1s de CCA en comparaci\u00f3n con la gama SLA est\u00e1ndar Capacidad superior - 20% m\u00e1s pronlongada que las SLA\" \/>\n<meta property=\"og:url\" content=\"https:\/\/bs-battery.com\/es\/producto\/btx14h-sla-max\/\" \/>\n<meta property=\"og:site_name\" content=\"BS BATTERY\" \/>\n<meta property=\"article:modified_time\" content=\"2025-06-13T10:01:42+00:00\" \/>\n<meta property=\"og:image\" content=\"https:\/\/bs-battery.com\/wp-content\/uploads\/2021\/10\/BTX14H-1.png\" \/>\n\t<meta property=\"og:image:width\" content=\"630\" \/>\n\t<meta property=\"og:image:height\" content=\"330\" \/>\n\t<meta property=\"og:image:type\" content=\"image\/png\" \/>\n<meta name=\"twitter:card\" content=\"summary_large_image\" \/>\n<meta name=\"twitter:label1\" content=\"Tiempo de lectura\" \/>\n\t<meta name=\"twitter:data1\" content=\"1 minuto\" \/>\n<script type=\"application\/ld+json\" class=\"yoast-schema-graph\">{\"@context\":\"https:\/\/schema.org\",\"@graph\":[{\"@type\":\"WebPage\",\"@id\":\"https:\/\/bs-battery.com\/es\/producto\/btx14h-sla-max\/\",\"url\":\"https:\/\/bs-battery.com\/es\/producto\/btx14h-sla-max\/\",\"name\":\"BTX14H - BS BATTERY\",\"isPartOf\":{\"@id\":\"https:\/\/bs-battery.com\/#website\"},\"primaryImageOfPage\":{\"@id\":\"https:\/\/bs-battery.com\/es\/producto\/btx14h-sla-max\/#primaryimage\"},\"image\":{\"@id\":\"https:\/\/bs-battery.com\/es\/producto\/btx14h-sla-max\/#primaryimage\"},\"thumbnailUrl\":\"https:\/\/bs-battery.com\/wp-content\/uploads\/2021\/10\/BTX14H-1.png\",\"datePublished\":\"2021-10-06T08:40:59+00:00\",\"dateModified\":\"2025-06-13T10:01:42+00:00\",\"breadcrumb\":{\"@id\":\"https:\/\/bs-battery.com\/es\/producto\/btx14h-sla-max\/#breadcrumb\"},\"inLanguage\":\"es\",\"potentialAction\":[{\"@type\":\"ReadAction\",\"target\":[\"https:\/\/bs-battery.com\/es\/producto\/btx14h-sla-max\/\"]}]},{\"@type\":\"ImageObject\",\"inLanguage\":\"es\",\"@id\":\"https:\/\/bs-battery.com\/es\/producto\/btx14h-sla-max\/#primaryimage\",\"url\":\"https:\/\/bs-battery.com\/wp-content\/uploads\/2021\/10\/BTX14H-1.png\",\"contentUrl\":\"https:\/\/bs-battery.com\/wp-content\/uploads\/2021\/10\/BTX14H-1.png\",\"width\":630,\"height\":330,\"caption\":\"BTX14H\"},{\"@type\":\"BreadcrumbList\",\"@id\":\"https:\/\/bs-battery.com\/es\/producto\/btx14h-sla-max\/#breadcrumb\",\"itemListElement\":[{\"@type\":\"ListItem\",\"position\":1,\"name\":\"Home\",\"item\":\"https:\/\/bs-battery.com\/es\/\"},{\"@type\":\"ListItem\",\"position\":2,\"name\":\"Shop\",\"item\":\"https:\/\/bs-battery.com\/shop\/\"},{\"@type\":\"ListItem\",\"position\":3,\"name\":\"BTX14H\"}]},{\"@type\":\"WebSite\",\"@id\":\"https:\/\/bs-battery.com\/#website\",\"url\":\"https:\/\/bs-battery.com\/\",\"name\":\"BS BATTERY\",\"description\":\"The Power you need...\",\"potentialAction\":[{\"@type\":\"SearchAction\",\"target\":{\"@type\":\"EntryPoint\",\"urlTemplate\":\"https:\/\/bs-battery.com\/?s={search_term_string}\"},\"query-input\":{\"@type\":\"PropertyValueSpecification\",\"valueRequired\":true,\"valueName\":\"search_term_string\"}}],\"inLanguage\":\"es\"}]}<\/script>\n<!-- \/ Yoast SEO plugin. -->","yoast_head_json":{"title":"BTX14H - BS BATTERY","robots":{"index":"index","follow":"follow","max-snippet":"max-snippet:-1","max-image-preview":"max-image-preview:large","max-video-preview":"max-video-preview:-1"},"canonical":"https:\/\/bs-battery.com\/es\/producto\/btx14h-sla-max\/","og_locale":"es_ES","og_type":"article","og_title":"BTX14H - BS BATTERY","og_description":"Activada de f\u00e1brica - Tecnolog\u00eda AGM (Absorbent Glass Mat) Lista para usarse - S\u00f3lo conectar y usar (Plug & Play) Sin mantenimiento - Dise\u00f1o VRLA (Bater\u00eda de Plomo \u00c1cido Regulada por V\u00e1lvula) Dise\u00f1o a prueba de derrames - Sellada de f\u00e1brica con el electrolito absorbido en una malla de fibra de vidrio No manipular \u00e1cidos - Muy segura M\u00e1xima potencia de arranque y visa \u00fatil extendida - 20% m\u00e1s de CCA en comparaci\u00f3n con la gama SLA est\u00e1ndar Capacidad superior - 20% m\u00e1s pronlongada que las SLA","og_url":"https:\/\/bs-battery.com\/es\/producto\/btx14h-sla-max\/","og_site_name":"BS BATTERY","article_modified_time":"2025-06-13T10:01:42+00:00","og_image":[{"width":630,"height":330,"url":"https:\/\/bs-battery.com\/wp-content\/uploads\/2021\/10\/BTX14H-1.png","type":"image\/png"}],"twitter_card":"summary_large_image","twitter_misc":{"Tiempo de lectura":"1 minuto"},"schema":{"@context":"https:\/\/schema.org","@graph":[{"@type":"WebPage","@id":"https:\/\/bs-battery.com\/es\/producto\/btx14h-sla-max\/","url":"https:\/\/bs-battery.com\/es\/producto\/btx14h-sla-max\/","name":"BTX14H - BS BATTERY","isPartOf":{"@id":"https:\/\/bs-battery.com\/#website"},"primaryImageOfPage":{"@id":"https:\/\/bs-battery.com\/es\/producto\/btx14h-sla-max\/#primaryimage"},"image":{"@id":"https:\/\/bs-battery.com\/es\/producto\/btx14h-sla-max\/#primaryimage"},"thumbnailUrl":"https:\/\/bs-battery.com\/wp-content\/uploads\/2021\/10\/BTX14H-1.png","datePublished":"2021-10-06T08:40:59+00:00","dateModified":"2025-06-13T10:01:42+00:00","breadcrumb":{"@id":"https:\/\/bs-battery.com\/es\/producto\/btx14h-sla-max\/#breadcrumb"},"inLanguage":"es","potentialAction":[{"@type":"ReadAction","target":["https:\/\/bs-battery.com\/es\/producto\/btx14h-sla-max\/"]}]},{"@type":"ImageObject","inLanguage":"es","@id":"https:\/\/bs-battery.com\/es\/producto\/btx14h-sla-max\/#primaryimage","url":"https:\/\/bs-battery.com\/wp-content\/uploads\/2021\/10\/BTX14H-1.png","contentUrl":"https:\/\/bs-battery.com\/wp-content\/uploads\/2021\/10\/BTX14H-1.png","width":630,"height":330,"caption":"BTX14H"},{"@type":"BreadcrumbList","@id":"https:\/\/bs-battery.com\/es\/producto\/btx14h-sla-max\/#breadcrumb","itemListElement":[{"@type":"ListItem","position":1,"name":"Home","item":"https:\/\/bs-battery.com\/es\/"},{"@type":"ListItem","position":2,"name":"Shop","item":"https:\/\/bs-battery.com\/shop\/"},{"@type":"ListItem","position":3,"name":"BTX14H"}]},{"@type":"WebSite","@id":"https:\/\/bs-battery.com\/#website","url":"https:\/\/bs-battery.com\/","name":"BS BATTERY","description":"The Power you need...","potentialAction":[{"@type":"SearchAction","target":{"@type":"EntryPoint","urlTemplate":"https:\/\/bs-battery.com\/?s={search_term_string}"},"query-input":{"@type":"PropertyValueSpecification","valueRequired":true,"valueName":"search_term_string"}}],"inLanguage":"es"}]}},"_links":{"self":[{"href":"https:\/\/bs-battery.com\/es\/wp-json\/wp\/v2\/product\/36271","targetHints":{"allow":["GET"]}}],"collection":[{"href":"https:\/\/bs-battery.com\/es\/wp-json\/wp\/v2\/product"}],"about":[{"href":"https:\/\/bs-battery.com\/es\/wp-json\/wp\/v2\/types\/product"}],"wp:featuredmedia":[{"embeddable":true,"href":"https:\/\/bs-battery.com\/es\/wp-json\/wp\/v2\/media\/36272"}],"wp:attachment":[{"href":"https:\/\/bs-battery.com\/es\/wp-json\/wp\/v2\/media?parent=36271"}],"wp:term":[{"taxonomy":"product_brand","embeddable":true,"href":"https:\/\/bs-battery.com\/es\/wp-json\/wp\/v2\/product_brand?post=36271"},{"taxonomy":"product_cat","embeddable":true,"href":"https:\/\/bs-battery.com\/es\/wp-json\/wp\/v2\/product_cat?post=36271"},{"taxonomy":"product_tag","embeddable":true,"href":"https:\/\/bs-battery.com\/es\/wp-json\/wp\/v2\/product_tag?post=36271"}],"curies":[{"name":"wp","href":"https:\/\/api.w.org\/{rel}","templated":true}]}}