{"id":36290,"date":"2021-10-05T17:21:52","date_gmt":"2021-10-05T15:21:52","guid":{"rendered":"https:\/\/bs-battery.com\/product\/bsli-12\/"},"modified":"2025-06-13T11:28:41","modified_gmt":"2025-06-13T09:28:41","slug":"bsli-12","status":"publish","type":"product","link":"https:\/\/bs-battery.com\/es\/producto\/bsli-12\/","title":{"rendered":"BSLi-12"},"content":{"rendered":"<p style=\"text-align: justify;\">La bater\u00eda BSLi-12 es parte de nuestra gama LiFePO4. Dise\u00f1ada para los motociclistas m\u00e1s exigentes, esta bater\u00eda de 12.8V 8Ah (96Wh) ofrece un rendimiento m\u00e1ximo de arranque, mayor seguridad y una vida \u00fatil m\u00e1s larga. Con su dise\u00f1o ultraligero, esta bater\u00eda BSLi-12 proporciona una aceleraci\u00f3n m\u00e1s r\u00e1pida a todos los veh\u00edculos de powersport.<\/p>\n<p>\u00datil, esta bater\u00eda est\u00e1 equipada con un indicador de tensi\u00f3n para comprobar el estado de carga en cualquier momento.<\/p>\n","protected":false},"excerpt":{"rendered":"<p>Listo para usar &#8211; S\u00f3lo conectar y listo<br \/>\nPeso m\u00e1s ligero &#8211; Hasta un 70% m\u00e1s liviana que las bater\u00edas de plomo-\u00e1cido<br \/>\nCiclo de vida extendido &#8211; M\u00e1s de 2000 ciclos<br \/>\nResistentes al calor &#8211; Hasta 230\u00b0C<br \/>\nRobustos Terminales de lat\u00f3n &#8211; Para un mejor rendimiento el\u00e9ctrico<br \/>\nIndicador de estado de carga &#8211; Consulte el estado de la carga en la pantalla indicadora en la parte superior<br \/>\nEspaciadores &#8211; Para un rendimiento superior y vibraciones limitadas, nuestras bater\u00edas de litio son mucho m\u00e1s peque\u00f1as que las de plomo-\u00e1cido. Se incluyen diferentes tipos de espaciadores con cada bater\u00eda para facilitar su adaptaci\u00f3n al alojamiento<\/p>\n","protected":false},"featured_media":44520,"template":"","meta":{"_acf_changed":false,"om_disable_all_campaigns":false,"passster_activate_protection":false,"passster_protect_child_pages":"","passster_protection_type":"password","passster_password":"","passster_passwords":"","passster_password_list":"","passster_password_lists":"","passster_activate_user_restriction":"","passster_user_restriction_type":"user-role","passster_user_restriction":"no-role","passster_activate_overwrite_defaults":"","passster_headline":"","passster_instruction":"","passster_placeholder":"","passster_button":"","passster_id":"","passster_activate_misc_settings":"","passster_redirect_url":"","passster_hide":"no","passster_area_shortcode":"","_monsterinsights_skip_tracking":false,"_monsterinsights_sitenote_active":false,"_monsterinsights_sitenote_note":"","_monsterinsights_sitenote_category":0,"_uf_show_specific_survey":0,"_uf_disable_surveys":false},"product_brand":[],"product_cat":[5794,5793,5798,5801,5809,5806,5805],"product_tag":[7107,6089,6095,5872,6647,6446,6680,6679,5927,5928,5919,5920,5921,7109,7110,7111,5954,6522,7112,7113,6534,6535,6194,7114,7115,7116,7117,7118,7119,6276,6277,6264,6620,6621,7120,7121,6756,6753,6745,6636,6442,6748,6747,6396,6395,7122,6388,7123,7124,7126,6483,6415,6451,6452,7128,7130,6465,6466,7132,7134,7136],"class_list":{"0":"post-36290","1":"product","2":"type-product","3":"status-publish","4":"has-post-thumbnail","6":"product_cat-atv-es","7":"product_cat-bateria-es","8":"product_cat-litio-es","9":"product_cat-moto-es","10":"product_cat-moto-acuatica-es","11":"product_cat-scooter-es","12":"product_cat-ssv-utv-es","13":"product_tag-360112-es","14":"product_tag-53030-es","15":"product_tag-agm12-31-es","16":"product_tag-agm1231-es","17":"product_tag-bateria-de-moto-es-es","18":"product_tag-bateria-de-moto-es","19":"product_tag-bb30l-b-es","20":"product_tag-bb30lb-es","21":"product_tag-bctx30-fp-wiq-es","22":"product_tag-bctx30fpwiq-es","23":"product_tag-bix30hl-max-es","24":"product_tag-bix30l-es","25":"product_tag-bix30l-bs-es","26":"product_tag-bix30l-bs-gel-es","27":"product_tag-bix30lbs-gel-es","28":"product_tag-bsli_12-es","29":"product_tag-bsli-12-es","30":"product_tag-bsli12-es","31":"product_tag-cb30l-b-es","32":"product_tag-cb30lb-es","33":"product_tag-cix30l-bs-es","34":"product_tag-cix30lbs-es","35":"product_tag-cx30l-es","36":"product_tag-eb30-b-es","37":"product_tag-eb30lb-es","38":"product_tag-fb30l-b-es","39":"product_tag-fb30lb-es","40":"product_tag-fhd30hl-bs-gel-es","41":"product_tag-fhd30hlbs-gel-es","42":"product_tag-gix30l-es","43":"product_tag-gix30l-bs-es","44":"product_tag-gix30lbs-es","45":"product_tag-hjtx30l-fp-es","46":"product_tag-hjtx30lfp-es","47":"product_tag-hvt-2-es","48":"product_tag-hvt02-es","49":"product_tag-il-lfp30-es","50":"product_tag-illfp30-es","51":"product_tag-lfp30l-es","52":"product_tag-lithium-lifepo4-es","53":"product_tag-litio-es","54":"product_tag-lix30l-bs-q-lion-s-es","55":"product_tag-lix30lbsqlions-es","56":"product_tag-ml-lfp30-es","57":"product_tag-mllfp30-es","58":"product_tag-nix30l-es","59":"product_tag-nlp30-es","60":"product_tag-ntx30l-es","61":"product_tag-ntx30l-bs-es","62":"product_tag-ntx30lbs-es","63":"product_tag-palp-30lhy-es","64":"product_tag-palp30lhy-es","65":"product_tag-ult-4-es","66":"product_tag-ult4-es","67":"product_tag-yb30l-b-es","68":"product_tag-yb30lb-es","69":"product_tag-yix30l-bs-es","70":"product_tag-yix30lbs-es","71":"product_tag-ytx30l-es","72":"product_tag-ytx30l-bs-es","73":"product_tag-ytx30lbs-es","75":"first","76":"instock","77":"shipping-taxable","78":"product-type-simple"},"acf":[],"aioseo_notices":[],"yoast_head":"<!-- This site is optimized with the Yoast SEO plugin v24.6 - https:\/\/yoast.com\/wordpress\/plugins\/seo\/ -->\n<title>BSLi-12 - BS BATTERY<\/title>\n<meta name=\"robots\" content=\"index, follow, max-snippet:-1, max-image-preview:large, max-video-preview:-1\" \/>\n<link rel=\"canonical\" href=\"https:\/\/bs-battery.com\/es\/producto\/bsli-12\/\" \/>\n<meta property=\"og:locale\" content=\"es_ES\" \/>\n<meta property=\"og:type\" content=\"article\" \/>\n<meta property=\"og:title\" content=\"BSLi-12 - BS BATTERY\" \/>\n<meta property=\"og:description\" content=\"Listo para usar - S\u00f3lo conectar y listo Peso m\u00e1s ligero - Hasta un 70% m\u00e1s liviana que las bater\u00edas de plomo-\u00e1cido Ciclo de vida extendido - M\u00e1s de 2000 ciclos Resistentes al calor - Hasta 230\u00b0C Robustos Terminales de lat\u00f3n - Para un mejor rendimiento el\u00e9ctrico Indicador de estado de carga - Consulte el estado de la carga en la pantalla indicadora en la parte superior Espaciadores - Para un rendimiento superior y vibraciones limitadas, nuestras bater\u00edas de litio son mucho m\u00e1s peque\u00f1as que las de plomo-\u00e1cido. Se incluyen diferentes tipos de espaciadores con cada bater\u00eda para facilitar su adaptaci\u00f3n al alojamiento\" \/>\n<meta property=\"og:url\" content=\"https:\/\/bs-battery.com\/es\/producto\/bsli-12\/\" \/>\n<meta property=\"og:site_name\" content=\"BS BATTERY\" \/>\n<meta property=\"article:modified_time\" content=\"2025-06-13T09:28:41+00:00\" \/>\n<meta property=\"og:image\" content=\"https:\/\/bs-battery.com\/wp-content\/uploads\/2022\/10\/BSLi-12-1.png\" \/>\n\t<meta property=\"og:image:width\" content=\"500\" \/>\n\t<meta property=\"og:image:height\" content=\"500\" \/>\n\t<meta property=\"og:image:type\" content=\"image\/png\" \/>\n<meta name=\"twitter:card\" content=\"summary_large_image\" \/>\n<meta name=\"twitter:label1\" content=\"Tiempo de lectura\" \/>\n\t<meta name=\"twitter:data1\" content=\"1 minuto\" \/>\n<script type=\"application\/ld+json\" class=\"yoast-schema-graph\">{\"@context\":\"https:\/\/schema.org\",\"@graph\":[{\"@type\":\"WebPage\",\"@id\":\"https:\/\/bs-battery.com\/es\/producto\/bsli-12\/\",\"url\":\"https:\/\/bs-battery.com\/es\/producto\/bsli-12\/\",\"name\":\"BSLi-12 - BS BATTERY\",\"isPartOf\":{\"@id\":\"https:\/\/bs-battery.com\/#website\"},\"primaryImageOfPage\":{\"@id\":\"https:\/\/bs-battery.com\/es\/producto\/bsli-12\/#primaryimage\"},\"image\":{\"@id\":\"https:\/\/bs-battery.com\/es\/producto\/bsli-12\/#primaryimage\"},\"thumbnailUrl\":\"https:\/\/bs-battery.com\/wp-content\/uploads\/2026\/04\/BS_LITHIUM_BSLI-12_LD-1.png\",\"datePublished\":\"2021-10-05T15:21:52+00:00\",\"dateModified\":\"2025-06-13T09:28:41+00:00\",\"breadcrumb\":{\"@id\":\"https:\/\/bs-battery.com\/es\/producto\/bsli-12\/#breadcrumb\"},\"inLanguage\":\"es\",\"potentialAction\":[{\"@type\":\"ReadAction\",\"target\":[\"https:\/\/bs-battery.com\/es\/producto\/bsli-12\/\"]}]},{\"@type\":\"ImageObject\",\"inLanguage\":\"es\",\"@id\":\"https:\/\/bs-battery.com\/es\/producto\/bsli-12\/#primaryimage\",\"url\":\"https:\/\/bs-battery.com\/wp-content\/uploads\/2026\/04\/BS_LITHIUM_BSLI-12_LD-1.png\",\"contentUrl\":\"https:\/\/bs-battery.com\/wp-content\/uploads\/2026\/04\/BS_LITHIUM_BSLI-12_LD-1.png\",\"width\":1000,\"height\":1000,\"caption\":\"BS_LITHIUM_BSLI-12_LD\"},{\"@type\":\"BreadcrumbList\",\"@id\":\"https:\/\/bs-battery.com\/es\/producto\/bsli-12\/#breadcrumb\",\"itemListElement\":[{\"@type\":\"ListItem\",\"position\":1,\"name\":\"Home\",\"item\":\"https:\/\/bs-battery.com\/es\/\"},{\"@type\":\"ListItem\",\"position\":2,\"name\":\"Shop\",\"item\":\"https:\/\/bs-battery.com\/shop\/\"},{\"@type\":\"ListItem\",\"position\":3,\"name\":\"BSLi-12\"}]},{\"@type\":\"WebSite\",\"@id\":\"https:\/\/bs-battery.com\/#website\",\"url\":\"https:\/\/bs-battery.com\/\",\"name\":\"BS BATTERY\",\"description\":\"The Power you need...\",\"potentialAction\":[{\"@type\":\"SearchAction\",\"target\":{\"@type\":\"EntryPoint\",\"urlTemplate\":\"https:\/\/bs-battery.com\/?s={search_term_string}\"},\"query-input\":{\"@type\":\"PropertyValueSpecification\",\"valueRequired\":true,\"valueName\":\"search_term_string\"}}],\"inLanguage\":\"es\"}]}<\/script>\n<!-- \/ Yoast SEO plugin. -->","yoast_head_json":{"title":"BSLi-12 - BS BATTERY","robots":{"index":"index","follow":"follow","max-snippet":"max-snippet:-1","max-image-preview":"max-image-preview:large","max-video-preview":"max-video-preview:-1"},"canonical":"https:\/\/bs-battery.com\/es\/producto\/bsli-12\/","og_locale":"es_ES","og_type":"article","og_title":"BSLi-12 - BS BATTERY","og_description":"Listo para usar - S\u00f3lo conectar y listo Peso m\u00e1s ligero - Hasta un 70% m\u00e1s liviana que las bater\u00edas de plomo-\u00e1cido Ciclo de vida extendido - M\u00e1s de 2000 ciclos Resistentes al calor - Hasta 230\u00b0C Robustos Terminales de lat\u00f3n - Para un mejor rendimiento el\u00e9ctrico Indicador de estado de carga - Consulte el estado de la carga en la pantalla indicadora en la parte superior Espaciadores - Para un rendimiento superior y vibraciones limitadas, nuestras bater\u00edas de litio son mucho m\u00e1s peque\u00f1as que las de plomo-\u00e1cido. Se incluyen diferentes tipos de espaciadores con cada bater\u00eda para facilitar su adaptaci\u00f3n al alojamiento","og_url":"https:\/\/bs-battery.com\/es\/producto\/bsli-12\/","og_site_name":"BS BATTERY","article_modified_time":"2025-06-13T09:28:41+00:00","og_image":[{"width":500,"height":500,"url":"https:\/\/bs-battery.com\/wp-content\/uploads\/2022\/10\/BSLi-12-1.png","type":"image\/png"}],"twitter_card":"summary_large_image","twitter_misc":{"Tiempo de lectura":"1 minuto"},"schema":{"@context":"https:\/\/schema.org","@graph":[{"@type":"WebPage","@id":"https:\/\/bs-battery.com\/es\/producto\/bsli-12\/","url":"https:\/\/bs-battery.com\/es\/producto\/bsli-12\/","name":"BSLi-12 - BS BATTERY","isPartOf":{"@id":"https:\/\/bs-battery.com\/#website"},"primaryImageOfPage":{"@id":"https:\/\/bs-battery.com\/es\/producto\/bsli-12\/#primaryimage"},"image":{"@id":"https:\/\/bs-battery.com\/es\/producto\/bsli-12\/#primaryimage"},"thumbnailUrl":"https:\/\/bs-battery.com\/wp-content\/uploads\/2026\/04\/BS_LITHIUM_BSLI-12_LD-1.png","datePublished":"2021-10-05T15:21:52+00:00","dateModified":"2025-06-13T09:28:41+00:00","breadcrumb":{"@id":"https:\/\/bs-battery.com\/es\/producto\/bsli-12\/#breadcrumb"},"inLanguage":"es","potentialAction":[{"@type":"ReadAction","target":["https:\/\/bs-battery.com\/es\/producto\/bsli-12\/"]}]},{"@type":"ImageObject","inLanguage":"es","@id":"https:\/\/bs-battery.com\/es\/producto\/bsli-12\/#primaryimage","url":"https:\/\/bs-battery.com\/wp-content\/uploads\/2026\/04\/BS_LITHIUM_BSLI-12_LD-1.png","contentUrl":"https:\/\/bs-battery.com\/wp-content\/uploads\/2026\/04\/BS_LITHIUM_BSLI-12_LD-1.png","width":1000,"height":1000,"caption":"BS_LITHIUM_BSLI-12_LD"},{"@type":"BreadcrumbList","@id":"https:\/\/bs-battery.com\/es\/producto\/bsli-12\/#breadcrumb","itemListElement":[{"@type":"ListItem","position":1,"name":"Home","item":"https:\/\/bs-battery.com\/es\/"},{"@type":"ListItem","position":2,"name":"Shop","item":"https:\/\/bs-battery.com\/shop\/"},{"@type":"ListItem","position":3,"name":"BSLi-12"}]},{"@type":"WebSite","@id":"https:\/\/bs-battery.com\/#website","url":"https:\/\/bs-battery.com\/","name":"BS BATTERY","description":"The Power you need...","potentialAction":[{"@type":"SearchAction","target":{"@type":"EntryPoint","urlTemplate":"https:\/\/bs-battery.com\/?s={search_term_string}"},"query-input":{"@type":"PropertyValueSpecification","valueRequired":true,"valueName":"search_term_string"}}],"inLanguage":"es"}]}},"_links":{"self":[{"href":"https:\/\/bs-battery.com\/es\/wp-json\/wp\/v2\/product\/36290","targetHints":{"allow":["GET"]}}],"collection":[{"href":"https:\/\/bs-battery.com\/es\/wp-json\/wp\/v2\/product"}],"about":[{"href":"https:\/\/bs-battery.com\/es\/wp-json\/wp\/v2\/types\/product"}],"wp:featuredmedia":[{"embeddable":true,"href":"https:\/\/bs-battery.com\/es\/wp-json\/wp\/v2\/media\/44520"}],"wp:attachment":[{"href":"https:\/\/bs-battery.com\/es\/wp-json\/wp\/v2\/media?parent=36290"}],"wp:term":[{"taxonomy":"product_brand","embeddable":true,"href":"https:\/\/bs-battery.com\/es\/wp-json\/wp\/v2\/product_brand?post=36290"},{"taxonomy":"product_cat","embeddable":true,"href":"https:\/\/bs-battery.com\/es\/wp-json\/wp\/v2\/product_cat?post=36290"},{"taxonomy":"product_tag","embeddable":true,"href":"https:\/\/bs-battery.com\/es\/wp-json\/wp\/v2\/product_tag?post=36290"}],"curies":[{"name":"wp","href":"https:\/\/api.w.org\/{rel}","templated":true}]}}