{"id":41353,"date":"2024-09-11T13:52:54","date_gmt":"2025-12-09T09:00:55","guid":{"rendered":"https:\/\/bs-battery.com\/?post_type=product&#038;p=41353"},"modified":"2025-12-19T10:06:41","modified_gmt":"2025-12-19T09:06:41","slug":"pa04-cable-prolongador-sae-a-sae","status":"publish","type":"product","link":"https:\/\/bs-battery.com\/es\/producto\/pa04-cable-prolongador-sae-a-sae\/","title":{"rendered":"PA04 &#8211; Cable prolongador SAE a SAE"},"content":{"rendered":"<p><img loading=\"lazy\" decoding=\"async\" class=\"alignnone wp-image-13710 \" src=\"https:\/\/bs-battery.com\/wp-content\/uploads\/2025\/12\/BS_PA04_LOGO.png\" alt=\"\" width=\"187\" height=\"62\" \/><\/p>\n<p style=\"color: #000000; text-align: justify;\"><strong>Referencia<\/strong>: 700588<\/p>\n<p style=\"color: #000000; text-align: justify;\"><strong>El cable alargador de carga PA 04 SAE a SAE est\u00e1<\/strong> dise\u00f1ado para proporcionar una corriente de carga constante y mantener la m\u00e1xima eficiencia de carga, \u00a1incluso en distancias m\u00e1s largas!<br \/>\n<strong>Compatible con cualquier cargador y conexiones de ojales equipadas con enchufe SAE,<\/strong> el PA04 le permite cargar la bater\u00eda de <strong>su veh\u00edculo incluso a gran distancia del cargador<\/strong> gracias a su longitud de <strong>460 cm<\/strong>. Es el accesorio ideal para todos los cargadores.<br \/>\nEl PA 04 es la soluci\u00f3n perfecta para mantener la bater\u00eda cargada y lista para funcionar. Este accesorio garantiza que su motocicleta se mantenga cargada en poco tiempo, incluso si se encuentra lejos de una toma de corriente.<\/p>\n<p>Traducci\u00f3n realizada con la versi\u00f3n gratuita del traductor DeepL.com<\/p>\n<p><span style=\"font-family: inherit; font-size: 30px; font-weight: bold; letter-spacing: 0.03em;\">CARACTER\u00cdSTICAS<\/span><\/p>\n<p>Extensi\u00f3n de cable con sistema de conexi\u00f3n SAE en ambos extremos.<\/p>\n<p><img loading=\"lazy\" decoding=\"async\" class=\"alignnone wp-image-8598\" src=\"https:\/\/bs-battery.com\/wp-content\/uploads\/2021\/11\/chevron-right-duotone.png\" alt=\"\" width=\"13\" height=\"20\" \/> Cable de 460 cm (16 AWG).<span class=\"TextRun SCXW119622638 BCX8\" lang=\"EN-US\" xml:lang=\"EN-US\" data-contrast=\"none\"><span class=\"NormalTextRun SCXW119622638 BCX8\" data-ccp-charstyle=\"A7\" data-ccp-charstyle-defn=\"{\"><br \/>\n<img loading=\"lazy\" decoding=\"async\" class=\"alignnone wp-image-8598\" src=\"https:\/\/bs-battery.com\/wp-content\/uploads\/2021\/11\/chevron-right-duotone.png\" alt=\"\" width=\"13\" height=\"20\" \/> Conexi\u00f3n SAE r\u00e1pida.<\/span><\/span><\/p>\n<p>&nbsp;<\/p>\n<p><span style=\"font-family: inherit; font-size: 30px; font-weight: bold; letter-spacing: 0.03em;\">INSTRUCCIONES <\/span><\/p>\n<ol>\n<li>Conecta una de las conexiones SAE al terminal de ojal.<\/li>\n<li>*Conecta la segunda conexi\u00f3n SAE a la conexi\u00f3n r\u00e1pida de tu cargador BS Battery .<\/li>\n<\/ol>\n<p>*Compatible con cualquier cargador equipado con conector SAE.<\/p>\n","protected":false},"excerpt":{"rendered":"<p>Referencia: 700588 El cable alargador de carga PA 04 SAE a SAE est\u00e1 dise\u00f1ado para proporcionar una corriente de carga constante y mantener la m\u00e1xima eficiencia de carga, \u00a1incluso en distancias m\u00e1s largas! Compatible con cualquier cargador y conexiones de ojales equipadas con enchufe SAE, el PA04 le permite cargar la bater\u00eda de su veh\u00edculo&#8230;<\/p>\n","protected":false},"featured_media":41375,"template":"","meta":{"_acf_changed":false,"om_disable_all_campaigns":false,"passster_activate_protection":false,"passster_protect_child_pages":"","passster_protection_type":"password","passster_password":"","passster_passwords":"","passster_password_list":"","passster_password_lists":"","passster_activate_user_restriction":"","passster_user_restriction_type":"user-role","passster_user_restriction":"no-role","passster_activate_overwrite_defaults":"","passster_headline":"","passster_instruction":"","passster_placeholder":"","passster_button":"","passster_id":"","passster_activate_misc_settings":"","passster_redirect_url":"","passster_hide":"no","passster_area_shortcode":"","_monsterinsights_skip_tracking":false,"_monsterinsights_sitenote_active":false,"_monsterinsights_sitenote_note":"","_monsterinsights_sitenote_category":0,"_uf_show_specific_survey":0,"_uf_disable_surveys":false},"product_brand":[],"product_cat":[5811,5810],"product_tag":[8230,8229],"class_list":{"0":"post-41353","1":"product","2":"type-product","3":"status-publish","4":"has-post-thumbnail","6":"product_cat-accesorios-es","7":"product_cat-cargador-booster-tester-y-accesorio-es","8":"product_tag-700588-es","9":"product_tag-pa04-es","11":"first","12":"instock","13":"shipping-taxable","14":"product-type-simple"},"acf":[],"aioseo_notices":[],"yoast_head":"<!-- This site is optimized with the Yoast SEO plugin v24.6 - https:\/\/yoast.com\/wordpress\/plugins\/seo\/ -->\n<title>PA04 - Cable prolongador SAE a SAE - BS BATTERY<\/title>\n<meta name=\"robots\" content=\"index, follow, max-snippet:-1, max-image-preview:large, max-video-preview:-1\" \/>\n<link rel=\"canonical\" href=\"https:\/\/bs-battery.com\/es\/producto\/pa04-cable-prolongador-sae-a-sae\/\" \/>\n<meta property=\"og:locale\" content=\"es_ES\" \/>\n<meta property=\"og:type\" content=\"article\" \/>\n<meta property=\"og:title\" content=\"PA04 - Cable prolongador SAE a SAE - BS BATTERY\" \/>\n<meta property=\"og:description\" content=\"Referencia: 700588 El cable alargador de carga PA 04 SAE a SAE est\u00e1 dise\u00f1ado para proporcionar una corriente de carga constante y mantener la m\u00e1xima eficiencia de carga, \u00a1incluso en distancias m\u00e1s largas! Compatible con cualquier cargador y conexiones de ojales equipadas con enchufe SAE, el PA04 le permite cargar la bater\u00eda de su veh\u00edculo...\" \/>\n<meta property=\"og:url\" content=\"https:\/\/bs-battery.com\/es\/producto\/pa04-cable-prolongador-sae-a-sae\/\" \/>\n<meta property=\"og:site_name\" content=\"BS BATTERY\" \/>\n<meta property=\"article:modified_time\" content=\"2025-12-19T09:06:41+00:00\" \/>\n<meta property=\"og:image\" content=\"https:\/\/bs-battery.com\/wp-content\/uploads\/2025\/12\/BS_PA04_FRONT-01-3.png\" \/>\n\t<meta property=\"og:image:width\" content=\"739\" \/>\n\t<meta property=\"og:image:height\" content=\"750\" \/>\n\t<meta property=\"og:image:type\" content=\"image\/png\" \/>\n<meta name=\"twitter:card\" content=\"summary_large_image\" \/>\n<meta name=\"twitter:label1\" content=\"Tiempo de lectura\" \/>\n\t<meta name=\"twitter:data1\" content=\"2 minutos\" \/>\n<script type=\"application\/ld+json\" class=\"yoast-schema-graph\">{\"@context\":\"https:\/\/schema.org\",\"@graph\":[{\"@type\":\"WebPage\",\"@id\":\"https:\/\/bs-battery.com\/es\/producto\/pa04-cable-prolongador-sae-a-sae\/\",\"url\":\"https:\/\/bs-battery.com\/es\/producto\/pa04-cable-prolongador-sae-a-sae\/\",\"name\":\"PA04 - Cable prolongador SAE a SAE - BS BATTERY\",\"isPartOf\":{\"@id\":\"https:\/\/bs-battery.com\/#website\"},\"primaryImageOfPage\":{\"@id\":\"https:\/\/bs-battery.com\/es\/producto\/pa04-cable-prolongador-sae-a-sae\/#primaryimage\"},\"image\":{\"@id\":\"https:\/\/bs-battery.com\/es\/producto\/pa04-cable-prolongador-sae-a-sae\/#primaryimage\"},\"thumbnailUrl\":\"https:\/\/bs-battery.com\/wp-content\/uploads\/2025\/12\/BS_PA04_FRONT-01-3.png\",\"datePublished\":\"2025-12-09T09:00:55+00:00\",\"dateModified\":\"2025-12-19T09:06:41+00:00\",\"breadcrumb\":{\"@id\":\"https:\/\/bs-battery.com\/es\/producto\/pa04-cable-prolongador-sae-a-sae\/#breadcrumb\"},\"inLanguage\":\"es\",\"potentialAction\":[{\"@type\":\"ReadAction\",\"target\":[\"https:\/\/bs-battery.com\/es\/producto\/pa04-cable-prolongador-sae-a-sae\/\"]}]},{\"@type\":\"ImageObject\",\"inLanguage\":\"es\",\"@id\":\"https:\/\/bs-battery.com\/es\/producto\/pa04-cable-prolongador-sae-a-sae\/#primaryimage\",\"url\":\"https:\/\/bs-battery.com\/wp-content\/uploads\/2025\/12\/BS_PA04_FRONT-01-3.png\",\"contentUrl\":\"https:\/\/bs-battery.com\/wp-content\/uploads\/2025\/12\/BS_PA04_FRONT-01-3.png\",\"width\":739,\"height\":750,\"caption\":\"BS_PA04_FRONT-01\"},{\"@type\":\"BreadcrumbList\",\"@id\":\"https:\/\/bs-battery.com\/es\/producto\/pa04-cable-prolongador-sae-a-sae\/#breadcrumb\",\"itemListElement\":[{\"@type\":\"ListItem\",\"position\":1,\"name\":\"Home\",\"item\":\"https:\/\/bs-battery.com\/es\/\"},{\"@type\":\"ListItem\",\"position\":2,\"name\":\"Shop\",\"item\":\"https:\/\/bs-battery.com\/shop\/\"},{\"@type\":\"ListItem\",\"position\":3,\"name\":\"PA04 - Cable prolongador SAE a SAE\"}]},{\"@type\":\"WebSite\",\"@id\":\"https:\/\/bs-battery.com\/#website\",\"url\":\"https:\/\/bs-battery.com\/\",\"name\":\"BS BATTERY\",\"description\":\"The Power you need...\",\"potentialAction\":[{\"@type\":\"SearchAction\",\"target\":{\"@type\":\"EntryPoint\",\"urlTemplate\":\"https:\/\/bs-battery.com\/?s={search_term_string}\"},\"query-input\":{\"@type\":\"PropertyValueSpecification\",\"valueRequired\":true,\"valueName\":\"search_term_string\"}}],\"inLanguage\":\"es\"}]}<\/script>\n<!-- \/ Yoast SEO plugin. -->","yoast_head_json":{"title":"PA04 - Cable prolongador SAE a SAE - BS BATTERY","robots":{"index":"index","follow":"follow","max-snippet":"max-snippet:-1","max-image-preview":"max-image-preview:large","max-video-preview":"max-video-preview:-1"},"canonical":"https:\/\/bs-battery.com\/es\/producto\/pa04-cable-prolongador-sae-a-sae\/","og_locale":"es_ES","og_type":"article","og_title":"PA04 - Cable prolongador SAE a SAE - BS BATTERY","og_description":"Referencia: 700588 El cable alargador de carga PA 04 SAE a SAE est\u00e1 dise\u00f1ado para proporcionar una corriente de carga constante y mantener la m\u00e1xima eficiencia de carga, \u00a1incluso en distancias m\u00e1s largas! Compatible con cualquier cargador y conexiones de ojales equipadas con enchufe SAE, el PA04 le permite cargar la bater\u00eda de su veh\u00edculo...","og_url":"https:\/\/bs-battery.com\/es\/producto\/pa04-cable-prolongador-sae-a-sae\/","og_site_name":"BS BATTERY","article_modified_time":"2025-12-19T09:06:41+00:00","og_image":[{"width":739,"height":750,"url":"https:\/\/bs-battery.com\/wp-content\/uploads\/2025\/12\/BS_PA04_FRONT-01-3.png","type":"image\/png"}],"twitter_card":"summary_large_image","twitter_misc":{"Tiempo de lectura":"2 minutos"},"schema":{"@context":"https:\/\/schema.org","@graph":[{"@type":"WebPage","@id":"https:\/\/bs-battery.com\/es\/producto\/pa04-cable-prolongador-sae-a-sae\/","url":"https:\/\/bs-battery.com\/es\/producto\/pa04-cable-prolongador-sae-a-sae\/","name":"PA04 - Cable prolongador SAE a SAE - BS BATTERY","isPartOf":{"@id":"https:\/\/bs-battery.com\/#website"},"primaryImageOfPage":{"@id":"https:\/\/bs-battery.com\/es\/producto\/pa04-cable-prolongador-sae-a-sae\/#primaryimage"},"image":{"@id":"https:\/\/bs-battery.com\/es\/producto\/pa04-cable-prolongador-sae-a-sae\/#primaryimage"},"thumbnailUrl":"https:\/\/bs-battery.com\/wp-content\/uploads\/2025\/12\/BS_PA04_FRONT-01-3.png","datePublished":"2025-12-09T09:00:55+00:00","dateModified":"2025-12-19T09:06:41+00:00","breadcrumb":{"@id":"https:\/\/bs-battery.com\/es\/producto\/pa04-cable-prolongador-sae-a-sae\/#breadcrumb"},"inLanguage":"es","potentialAction":[{"@type":"ReadAction","target":["https:\/\/bs-battery.com\/es\/producto\/pa04-cable-prolongador-sae-a-sae\/"]}]},{"@type":"ImageObject","inLanguage":"es","@id":"https:\/\/bs-battery.com\/es\/producto\/pa04-cable-prolongador-sae-a-sae\/#primaryimage","url":"https:\/\/bs-battery.com\/wp-content\/uploads\/2025\/12\/BS_PA04_FRONT-01-3.png","contentUrl":"https:\/\/bs-battery.com\/wp-content\/uploads\/2025\/12\/BS_PA04_FRONT-01-3.png","width":739,"height":750,"caption":"BS_PA04_FRONT-01"},{"@type":"BreadcrumbList","@id":"https:\/\/bs-battery.com\/es\/producto\/pa04-cable-prolongador-sae-a-sae\/#breadcrumb","itemListElement":[{"@type":"ListItem","position":1,"name":"Home","item":"https:\/\/bs-battery.com\/es\/"},{"@type":"ListItem","position":2,"name":"Shop","item":"https:\/\/bs-battery.com\/shop\/"},{"@type":"ListItem","position":3,"name":"PA04 - Cable prolongador SAE a SAE"}]},{"@type":"WebSite","@id":"https:\/\/bs-battery.com\/#website","url":"https:\/\/bs-battery.com\/","name":"BS BATTERY","description":"The Power you need...","potentialAction":[{"@type":"SearchAction","target":{"@type":"EntryPoint","urlTemplate":"https:\/\/bs-battery.com\/?s={search_term_string}"},"query-input":{"@type":"PropertyValueSpecification","valueRequired":true,"valueName":"search_term_string"}}],"inLanguage":"es"}]}},"_links":{"self":[{"href":"https:\/\/bs-battery.com\/es\/wp-json\/wp\/v2\/product\/41353","targetHints":{"allow":["GET"]}}],"collection":[{"href":"https:\/\/bs-battery.com\/es\/wp-json\/wp\/v2\/product"}],"about":[{"href":"https:\/\/bs-battery.com\/es\/wp-json\/wp\/v2\/types\/product"}],"wp:featuredmedia":[{"embeddable":true,"href":"https:\/\/bs-battery.com\/es\/wp-json\/wp\/v2\/media\/41375"}],"wp:attachment":[{"href":"https:\/\/bs-battery.com\/es\/wp-json\/wp\/v2\/media?parent=41353"}],"wp:term":[{"taxonomy":"product_brand","embeddable":true,"href":"https:\/\/bs-battery.com\/es\/wp-json\/wp\/v2\/product_brand?post=41353"},{"taxonomy":"product_cat","embeddable":true,"href":"https:\/\/bs-battery.com\/es\/wp-json\/wp\/v2\/product_cat?post=41353"},{"taxonomy":"product_tag","embeddable":true,"href":"https:\/\/bs-battery.com\/es\/wp-json\/wp\/v2\/product_tag?post=41353"}],"curies":[{"name":"wp","href":"https:\/\/api.w.org\/{rel}","templated":true}]}}