{"id":41933,"date":"2023-10-20T12:21:28","date_gmt":"2023-10-20T10:21:28","guid":{"rendered":"https:\/\/bs-battery.com\/product\/bgz20h\/"},"modified":"2025-12-22T19:59:46","modified_gmt":"2025-12-22T18:59:46","slug":"bgz20h-sla-max","status":"publish","type":"product","link":"https:\/\/bs-battery.com\/es\/producto\/bgz20h-sla-max\/","title":{"rendered":"BGZ20H"},"content":{"rendered":"<p style=\"text-align: justify;\">La bater\u00eda BGZ20H forma parte de la nueva serie BGZ de nuestra gama SLA Max. Dise\u00f1ada con placas m\u00e1s altas y terminales de tuerca de cobre incorporados, esta bater\u00eda de 12 V y 21,1 Ah ofrece el m\u00e1ximo rendimiento (CCA y capacidad) a veh\u00edculos de gran cilindrada con altos requisitos y equipados con muchos equipos electr\u00f3nicos; incluso en las condiciones m\u00e1s extremas.<\/p>\n<p>Lista para usar, 100% libre de mantenimiento y no derramable, esta bater\u00eda BGZ20H proporciona la m\u00e1xima fiabilidad y la mayor capacidad de arranque a todos los motores de gran potencia.<\/p>\n","protected":false},"excerpt":{"rendered":"<p>Activada en f\u00e1brica &#8211; Tecnolog\u00eda AGM (estera de vidrio absorbente)<br \/>\nLista para usar &#8211; S\u00f3lo enchufar y listo<br \/>\nSin mantenimiento &#8211; Dise\u00f1o VRLA (Plomo-\u00e1cido regulado por v\u00e1lvula)<br \/>\nDise\u00f1o a prueba de derrames &#8211; Sellada en f\u00e1brica y electrolito retenido en una estera de fibra de vidrio<br \/>\nSin manipulaci\u00f3n de \u00e1cido &#8211; Muy segura<br \/>\nResistencia extrema a las vibraciones* &#8211; Carcasa de la bater\u00eda reforzada<br \/>\nM\u00e1xima potencia de arranque y vida \u00fatil prolongada &#8211; 20% superior a la CCA SLA<br \/>\nCapacidad superior &#8211; 20% superior a la capacidad SLA<\/p>\n","protected":false},"featured_media":35615,"template":"","meta":{"_acf_changed":false,"om_disable_all_campaigns":false,"passster_activate_protection":false,"passster_protect_child_pages":"","passster_protection_type":"password","passster_password":"","passster_passwords":"","passster_password_list":"","passster_password_lists":"","passster_activate_user_restriction":"","passster_user_restriction_type":"user-role","passster_user_restriction":"no-role","passster_activate_overwrite_defaults":"","passster_headline":"","passster_instruction":"","passster_placeholder":"","passster_button":"","passster_id":"","passster_activate_misc_settings":"","passster_redirect_url":"","passster_hide":"no","passster_area_shortcode":"","_monsterinsights_skip_tracking":false,"_monsterinsights_sitenote_active":false,"_monsterinsights_sitenote_note":"","_monsterinsights_sitenote_category":0,"_uf_show_specific_survey":0,"_uf_disable_surveys":false},"product_brand":[],"product_cat":[5794,5793,5801,5803,5805],"product_tag":[8233,6672,6648,7736,6765,6773,7303,6652,6444,6409],"class_list":{"0":"post-41933","1":"product","2":"type-product","3":"status-publish","4":"has-post-thumbnail","6":"product_cat-atv-es","7":"product_cat-bateria-es","8":"product_cat-moto-es","9":"product_cat-sla-max-es","10":"product_cat-ssv-utv-es","11":"product_tag-300938-es","12":"product_tag-activado-de-fabrica-es","13":"product_tag-bateria-lista-para-usar-es","14":"product_tag-bgz20h-es","15":"product_tag-btx20-es","16":"product_tag-btx20bs-es","17":"product_tag-gyz20h-es","18":"product_tag-sellada-es","19":"product_tag-sin-mantenimiento-es","20":"product_tag-sla-max-battery-es","22":"first","23":"instock","24":"shipping-taxable","25":"product-type-simple"},"acf":[],"aioseo_notices":[],"yoast_head":"<!-- This site is optimized with the Yoast SEO plugin v24.6 - https:\/\/yoast.com\/wordpress\/plugins\/seo\/ -->\n<title>BGZ20H - BS BATTERY<\/title>\n<meta name=\"robots\" content=\"index, follow, max-snippet:-1, max-image-preview:large, max-video-preview:-1\" \/>\n<link rel=\"canonical\" href=\"https:\/\/bs-battery.com\/es\/producto\/bgz20h-sla-max\/\" \/>\n<meta property=\"og:locale\" content=\"es_ES\" \/>\n<meta property=\"og:type\" content=\"article\" \/>\n<meta property=\"og:title\" content=\"BGZ20H - BS BATTERY\" \/>\n<meta property=\"og:description\" content=\"Activada en f\u00e1brica - Tecnolog\u00eda AGM (estera de vidrio absorbente) Lista para usar - S\u00f3lo enchufar y listo Sin mantenimiento - Dise\u00f1o VRLA (Plomo-\u00e1cido regulado por v\u00e1lvula) Dise\u00f1o a prueba de derrames - Sellada en f\u00e1brica y electrolito retenido en una estera de fibra de vidrio Sin manipulaci\u00f3n de \u00e1cido - Muy segura Resistencia extrema a las vibraciones* - Carcasa de la bater\u00eda reforzada M\u00e1xima potencia de arranque y vida \u00fatil prolongada - 20% superior a la CCA SLA Capacidad superior - 20% superior a la capacidad SLA\" \/>\n<meta property=\"og:url\" content=\"https:\/\/bs-battery.com\/es\/producto\/bgz20h-sla-max\/\" \/>\n<meta property=\"og:site_name\" content=\"BS BATTERY\" \/>\n<meta property=\"article:modified_time\" content=\"2025-12-22T18:59:46+00:00\" \/>\n<meta property=\"og:image\" content=\"https:\/\/bs-battery.com\/wp-content\/uploads\/2023\/10\/bgz20h-1.png\" \/>\n\t<meta property=\"og:image:width\" content=\"630\" \/>\n\t<meta property=\"og:image:height\" content=\"330\" \/>\n\t<meta property=\"og:image:type\" content=\"image\/png\" \/>\n<meta name=\"twitter:card\" content=\"summary_large_image\" \/>\n<meta name=\"twitter:label1\" content=\"Tiempo de lectura\" \/>\n\t<meta name=\"twitter:data1\" content=\"1 minuto\" \/>\n<script type=\"application\/ld+json\" class=\"yoast-schema-graph\">{\"@context\":\"https:\/\/schema.org\",\"@graph\":[{\"@type\":\"WebPage\",\"@id\":\"https:\/\/bs-battery.com\/es\/producto\/bgz20h-sla-max\/\",\"url\":\"https:\/\/bs-battery.com\/es\/producto\/bgz20h-sla-max\/\",\"name\":\"BGZ20H - BS BATTERY\",\"isPartOf\":{\"@id\":\"https:\/\/bs-battery.com\/#website\"},\"primaryImageOfPage\":{\"@id\":\"https:\/\/bs-battery.com\/es\/producto\/bgz20h-sla-max\/#primaryimage\"},\"image\":{\"@id\":\"https:\/\/bs-battery.com\/es\/producto\/bgz20h-sla-max\/#primaryimage\"},\"thumbnailUrl\":\"https:\/\/bs-battery.com\/wp-content\/uploads\/2023\/10\/bgz20h-1.png\",\"datePublished\":\"2023-10-20T10:21:28+00:00\",\"dateModified\":\"2025-12-22T18:59:46+00:00\",\"breadcrumb\":{\"@id\":\"https:\/\/bs-battery.com\/es\/producto\/bgz20h-sla-max\/#breadcrumb\"},\"inLanguage\":\"es\",\"potentialAction\":[{\"@type\":\"ReadAction\",\"target\":[\"https:\/\/bs-battery.com\/es\/producto\/bgz20h-sla-max\/\"]}]},{\"@type\":\"ImageObject\",\"inLanguage\":\"es\",\"@id\":\"https:\/\/bs-battery.com\/es\/producto\/bgz20h-sla-max\/#primaryimage\",\"url\":\"https:\/\/bs-battery.com\/wp-content\/uploads\/2023\/10\/bgz20h-1.png\",\"contentUrl\":\"https:\/\/bs-battery.com\/wp-content\/uploads\/2023\/10\/bgz20h-1.png\",\"width\":630,\"height\":330,\"caption\":\"bgz20h\"},{\"@type\":\"BreadcrumbList\",\"@id\":\"https:\/\/bs-battery.com\/es\/producto\/bgz20h-sla-max\/#breadcrumb\",\"itemListElement\":[{\"@type\":\"ListItem\",\"position\":1,\"name\":\"Home\",\"item\":\"https:\/\/bs-battery.com\/es\/\"},{\"@type\":\"ListItem\",\"position\":2,\"name\":\"Shop\",\"item\":\"https:\/\/bs-battery.com\/shop\/\"},{\"@type\":\"ListItem\",\"position\":3,\"name\":\"BGZ20H\"}]},{\"@type\":\"WebSite\",\"@id\":\"https:\/\/bs-battery.com\/#website\",\"url\":\"https:\/\/bs-battery.com\/\",\"name\":\"BS BATTERY\",\"description\":\"The Power you need...\",\"potentialAction\":[{\"@type\":\"SearchAction\",\"target\":{\"@type\":\"EntryPoint\",\"urlTemplate\":\"https:\/\/bs-battery.com\/?s={search_term_string}\"},\"query-input\":{\"@type\":\"PropertyValueSpecification\",\"valueRequired\":true,\"valueName\":\"search_term_string\"}}],\"inLanguage\":\"es\"}]}<\/script>\n<!-- \/ Yoast SEO plugin. -->","yoast_head_json":{"title":"BGZ20H - BS BATTERY","robots":{"index":"index","follow":"follow","max-snippet":"max-snippet:-1","max-image-preview":"max-image-preview:large","max-video-preview":"max-video-preview:-1"},"canonical":"https:\/\/bs-battery.com\/es\/producto\/bgz20h-sla-max\/","og_locale":"es_ES","og_type":"article","og_title":"BGZ20H - BS BATTERY","og_description":"Activada en f\u00e1brica - Tecnolog\u00eda AGM (estera de vidrio absorbente) Lista para usar - S\u00f3lo enchufar y listo Sin mantenimiento - Dise\u00f1o VRLA (Plomo-\u00e1cido regulado por v\u00e1lvula) Dise\u00f1o a prueba de derrames - Sellada en f\u00e1brica y electrolito retenido en una estera de fibra de vidrio Sin manipulaci\u00f3n de \u00e1cido - Muy segura Resistencia extrema a las vibraciones* - Carcasa de la bater\u00eda reforzada M\u00e1xima potencia de arranque y vida \u00fatil prolongada - 20% superior a la CCA SLA Capacidad superior - 20% superior a la capacidad SLA","og_url":"https:\/\/bs-battery.com\/es\/producto\/bgz20h-sla-max\/","og_site_name":"BS BATTERY","article_modified_time":"2025-12-22T18:59:46+00:00","og_image":[{"width":630,"height":330,"url":"https:\/\/bs-battery.com\/wp-content\/uploads\/2023\/10\/bgz20h-1.png","type":"image\/png"}],"twitter_card":"summary_large_image","twitter_misc":{"Tiempo de lectura":"1 minuto"},"schema":{"@context":"https:\/\/schema.org","@graph":[{"@type":"WebPage","@id":"https:\/\/bs-battery.com\/es\/producto\/bgz20h-sla-max\/","url":"https:\/\/bs-battery.com\/es\/producto\/bgz20h-sla-max\/","name":"BGZ20H - BS BATTERY","isPartOf":{"@id":"https:\/\/bs-battery.com\/#website"},"primaryImageOfPage":{"@id":"https:\/\/bs-battery.com\/es\/producto\/bgz20h-sla-max\/#primaryimage"},"image":{"@id":"https:\/\/bs-battery.com\/es\/producto\/bgz20h-sla-max\/#primaryimage"},"thumbnailUrl":"https:\/\/bs-battery.com\/wp-content\/uploads\/2023\/10\/bgz20h-1.png","datePublished":"2023-10-20T10:21:28+00:00","dateModified":"2025-12-22T18:59:46+00:00","breadcrumb":{"@id":"https:\/\/bs-battery.com\/es\/producto\/bgz20h-sla-max\/#breadcrumb"},"inLanguage":"es","potentialAction":[{"@type":"ReadAction","target":["https:\/\/bs-battery.com\/es\/producto\/bgz20h-sla-max\/"]}]},{"@type":"ImageObject","inLanguage":"es","@id":"https:\/\/bs-battery.com\/es\/producto\/bgz20h-sla-max\/#primaryimage","url":"https:\/\/bs-battery.com\/wp-content\/uploads\/2023\/10\/bgz20h-1.png","contentUrl":"https:\/\/bs-battery.com\/wp-content\/uploads\/2023\/10\/bgz20h-1.png","width":630,"height":330,"caption":"bgz20h"},{"@type":"BreadcrumbList","@id":"https:\/\/bs-battery.com\/es\/producto\/bgz20h-sla-max\/#breadcrumb","itemListElement":[{"@type":"ListItem","position":1,"name":"Home","item":"https:\/\/bs-battery.com\/es\/"},{"@type":"ListItem","position":2,"name":"Shop","item":"https:\/\/bs-battery.com\/shop\/"},{"@type":"ListItem","position":3,"name":"BGZ20H"}]},{"@type":"WebSite","@id":"https:\/\/bs-battery.com\/#website","url":"https:\/\/bs-battery.com\/","name":"BS BATTERY","description":"The Power you need...","potentialAction":[{"@type":"SearchAction","target":{"@type":"EntryPoint","urlTemplate":"https:\/\/bs-battery.com\/?s={search_term_string}"},"query-input":{"@type":"PropertyValueSpecification","valueRequired":true,"valueName":"search_term_string"}}],"inLanguage":"es"}]}},"_links":{"self":[{"href":"https:\/\/bs-battery.com\/es\/wp-json\/wp\/v2\/product\/41933","targetHints":{"allow":["GET"]}}],"collection":[{"href":"https:\/\/bs-battery.com\/es\/wp-json\/wp\/v2\/product"}],"about":[{"href":"https:\/\/bs-battery.com\/es\/wp-json\/wp\/v2\/types\/product"}],"wp:featuredmedia":[{"embeddable":true,"href":"https:\/\/bs-battery.com\/es\/wp-json\/wp\/v2\/media\/35615"}],"wp:attachment":[{"href":"https:\/\/bs-battery.com\/es\/wp-json\/wp\/v2\/media?parent=41933"}],"wp:term":[{"taxonomy":"product_brand","embeddable":true,"href":"https:\/\/bs-battery.com\/es\/wp-json\/wp\/v2\/product_brand?post=41933"},{"taxonomy":"product_cat","embeddable":true,"href":"https:\/\/bs-battery.com\/es\/wp-json\/wp\/v2\/product_cat?post=41933"},{"taxonomy":"product_tag","embeddable":true,"href":"https:\/\/bs-battery.com\/es\/wp-json\/wp\/v2\/product_tag?post=41933"}],"curies":[{"name":"wp","href":"https:\/\/api.w.org\/{rel}","templated":true}]}}