{"id":42266,"date":"2024-09-11T13:59:33","date_gmt":"2026-01-20T10:52:33","guid":{"rendered":"https:\/\/bs-battery.com\/?post_type=product&#038;p=42266"},"modified":"2026-01-27T09:21:24","modified_gmt":"2026-01-27T08:21:24","slug":"pa01-max","status":"publish","type":"product","link":"https:\/\/bs-battery.com\/es\/producto\/pa01-max\/","title":{"rendered":"PA01 MAX"},"content":{"rendered":"<p><img loading=\"lazy\" decoding=\"async\" class=\"alignnone wp-image-13710 \" src=\"https:\/\/bs-battery.com\/wp-content\/uploads\/2026\/01\/BS_PA01MAX_LOGO.png\" alt=\"\" width=\"187\" height=\"62\" \/><\/p>\n<p><strong>Referencia<\/strong>: 700587<\/p>\n<p>Este conector es la soluci\u00f3n ideal cuando tu bater\u00eda es dif\u00edcil de alcanzar, est\u00e1 oculta o cuando no es posible usar pinzas. Ofrece una forma r\u00e1pida y segura de cargar la bater\u00eda con un cargador o arrancarla utilizando el booster Power Box MAX, gracias a su conexi\u00f3n dual: un enchufe SAE y un enchufe dedicado para Power Box MAX.<\/p>\n<p><span style=\"font-family: inherit; font-size: 30px; font-weight: bold; letter-spacing: 0.03em;\">CARACTER\u00cdSTICAS<\/span><\/p>\n<p><img loading=\"lazy\" decoding=\"async\" class=\"alignnone wp-image-8598\" src=\"https:\/\/bs-battery.com\/wp-content\/uploads\/2021\/11\/chevron-right-duotone.png\" alt=\"\" width=\"13\" height=\"20\" \/> Adaptador con conexi\u00f3n de enchufe SAE y enchufe para Power Box MAX.<span class=\"TextRun SCXW119622638 BCX8\" lang=\"EN-US\" xml:lang=\"EN-US\" data-contrast=\"none\"><span class=\"NormalTextRun SCXW119622638 BCX8\" data-ccp-charstyle=\"A7\" data-ccp-charstyle-defn=\"{\"><br \/>\n<img loading=\"lazy\" decoding=\"async\" class=\"alignnone wp-image-8598\" src=\"https:\/\/bs-battery.com\/wp-content\/uploads\/2021\/11\/chevron-right-duotone.png\" alt=\"\" width=\"13\" height=\"20\" \/> Para todas las bater\u00edas de veh\u00edculos y motocicletas de 12V.<br \/>\n<img loading=\"lazy\" decoding=\"async\" class=\"alignnone wp-image-8598\" src=\"https:\/\/bs-battery.com\/wp-content\/uploads\/2021\/11\/chevron-right-duotone.png\" alt=\"\" width=\"13\" height=\"20\" \/> Terminales con ojales M6.<br \/>\n<img loading=\"lazy\" decoding=\"async\" class=\"alignnone wp-image-8598\" src=\"https:\/\/bs-battery.com\/wp-content\/uploads\/2021\/11\/chevron-right-duotone.png\" alt=\"\" width=\"13\" height=\"20\" \/> Fusible de 10A.<br \/>\n<img loading=\"lazy\" decoding=\"async\" class=\"alignnone wp-image-8598\" src=\"https:\/\/bs-battery.com\/wp-content\/uploads\/2021\/11\/chevron-right-duotone.png\" alt=\"\" width=\"13\" height=\"20\" \/> Cable de 60 cm (8 AWG).<br \/>\n<img loading=\"lazy\" decoding=\"async\" class=\"alignnone wp-image-8598\" src=\"https:\/\/bs-battery.com\/wp-content\/uploads\/2021\/11\/chevron-right-duotone.png\" alt=\"\" width=\"13\" height=\"20\" \/> Seguro y f\u00e1cil de conectar.<\/span><\/span><\/p>\n<p>&nbsp;<\/p>\n<p><span style=\"font-family: inherit; font-size: 30px; font-weight: bold; letter-spacing: 0.03em;\">INSTRUCCIONES <\/span><\/p>\n<p><strong>C\u00d3MO CONECTAR EL ADAPTADOR 2 EN 1 CON OJALES<\/strong><\/p>\n<ol>\n<li>Conecta el ojal rojo al terminal positivo de la bater\u00eda (+).<\/li>\n<li>Conecta el ojal negro al terminal negativo de la bater\u00eda (-).<\/li>\n<\/ol>\n<p><strong>PARA CARGAR LA BATER\u00cdA:<\/strong><\/p>\n<p>Primero, conecta el adaptador SAE al conector con ojales.<br \/>\nLuego, enchufa el otro extremo a tu cargador de bater\u00eda compatible.<\/p>\n<p><strong>PARA ARRANCAR LA BATER\u00cdA:<\/strong><\/p>\n<p>Conecta el enchufe Power Box MAX directamente al booster Power Box MAX.<\/p>\n<p>El PA01 MAX est\u00e1 dise\u00f1ado espec\u00edficamente para el Power Box MAX y solo es compatible con el Power Box MAX (no es compatible con el Power Box ni con el Power Box AIR).<\/p>\n","protected":false},"excerpt":{"rendered":"<p>Referencia: 700587 Este conector es la soluci\u00f3n ideal cuando tu bater\u00eda es dif\u00edcil de alcanzar, est\u00e1 oculta o cuando no es posible usar pinzas. Ofrece una forma r\u00e1pida y segura de cargar la bater\u00eda con un cargador o arrancarla utilizando el booster Power Box MAX, gracias a su conexi\u00f3n dual: un enchufe SAE y un&#8230;<\/p>\n","protected":false},"featured_media":42284,"template":"","meta":{"_acf_changed":false,"om_disable_all_campaigns":false,"passster_activate_protection":false,"passster_protect_child_pages":"","passster_protection_type":"password","passster_password":"","passster_passwords":"","passster_password_list":"","passster_password_lists":"","passster_activate_user_restriction":"","passster_user_restriction_type":"user-role","passster_user_restriction":"no-role","passster_activate_overwrite_defaults":"","passster_headline":"","passster_instruction":"","passster_placeholder":"","passster_button":"","passster_id":"","passster_activate_misc_settings":"","passster_redirect_url":"","passster_hide":"no","passster_area_shortcode":"","_monsterinsights_skip_tracking":false,"_monsterinsights_sitenote_active":false,"_monsterinsights_sitenote_note":"","_monsterinsights_sitenote_category":0,"_uf_show_specific_survey":0,"_uf_disable_surveys":false},"product_brand":[],"product_cat":[5811,5810],"product_tag":[8230,8229],"class_list":{"0":"post-42266","1":"product","2":"type-product","3":"status-publish","4":"has-post-thumbnail","6":"product_cat-accesorios-es","7":"product_cat-cargador-booster-tester-y-accesorio-es","8":"product_tag-700588-es","9":"product_tag-pa04-es","11":"first","12":"instock","13":"shipping-taxable","14":"product-type-simple"},"acf":[],"aioseo_notices":[],"yoast_head":"<!-- This site is optimized with the Yoast SEO plugin v24.6 - https:\/\/yoast.com\/wordpress\/plugins\/seo\/ -->\n<title>PA01 MAX - BS BATTERY<\/title>\n<meta name=\"robots\" content=\"index, follow, max-snippet:-1, max-image-preview:large, max-video-preview:-1\" \/>\n<link rel=\"canonical\" href=\"https:\/\/bs-battery.com\/es\/producto\/pa01-max\/\" \/>\n<meta property=\"og:locale\" content=\"es_ES\" \/>\n<meta property=\"og:type\" content=\"article\" \/>\n<meta property=\"og:title\" content=\"PA01 MAX - BS BATTERY\" \/>\n<meta property=\"og:description\" content=\"Referencia: 700587 Este conector es la soluci\u00f3n ideal cuando tu bater\u00eda es dif\u00edcil de alcanzar, est\u00e1 oculta o cuando no es posible usar pinzas. Ofrece una forma r\u00e1pida y segura de cargar la bater\u00eda con un cargador o arrancarla utilizando el booster Power Box MAX, gracias a su conexi\u00f3n dual: un enchufe SAE y un...\" \/>\n<meta property=\"og:url\" content=\"https:\/\/bs-battery.com\/es\/producto\/pa01-max\/\" \/>\n<meta property=\"og:site_name\" content=\"BS BATTERY\" \/>\n<meta property=\"article:modified_time\" content=\"2026-01-27T08:21:24+00:00\" \/>\n<meta property=\"og:image\" content=\"https:\/\/bs-battery.com\/wp-content\/uploads\/2026\/01\/BS_PA01MAX_FRONT_LD2.png\" \/>\n\t<meta property=\"og:image:width\" content=\"739\" \/>\n\t<meta property=\"og:image:height\" content=\"750\" \/>\n\t<meta property=\"og:image:type\" content=\"image\/png\" \/>\n<meta name=\"twitter:card\" content=\"summary_large_image\" \/>\n<meta name=\"twitter:label1\" content=\"Tiempo de lectura\" \/>\n\t<meta name=\"twitter:data1\" content=\"3 minutos\" \/>\n<script type=\"application\/ld+json\" class=\"yoast-schema-graph\">{\"@context\":\"https:\/\/schema.org\",\"@graph\":[{\"@type\":\"WebPage\",\"@id\":\"https:\/\/bs-battery.com\/es\/producto\/pa01-max\/\",\"url\":\"https:\/\/bs-battery.com\/es\/producto\/pa01-max\/\",\"name\":\"PA01 MAX - BS BATTERY\",\"isPartOf\":{\"@id\":\"https:\/\/bs-battery.com\/#website\"},\"primaryImageOfPage\":{\"@id\":\"https:\/\/bs-battery.com\/es\/producto\/pa01-max\/#primaryimage\"},\"image\":{\"@id\":\"https:\/\/bs-battery.com\/es\/producto\/pa01-max\/#primaryimage\"},\"thumbnailUrl\":\"https:\/\/bs-battery.com\/wp-content\/uploads\/2026\/01\/BS_PA01MAX_FRONT_LD2.png\",\"datePublished\":\"2026-01-20T10:52:33+00:00\",\"dateModified\":\"2026-01-27T08:21:24+00:00\",\"breadcrumb\":{\"@id\":\"https:\/\/bs-battery.com\/es\/producto\/pa01-max\/#breadcrumb\"},\"inLanguage\":\"es\",\"potentialAction\":[{\"@type\":\"ReadAction\",\"target\":[\"https:\/\/bs-battery.com\/es\/producto\/pa01-max\/\"]}]},{\"@type\":\"ImageObject\",\"inLanguage\":\"es\",\"@id\":\"https:\/\/bs-battery.com\/es\/producto\/pa01-max\/#primaryimage\",\"url\":\"https:\/\/bs-battery.com\/wp-content\/uploads\/2026\/01\/BS_PA01MAX_FRONT_LD2.png\",\"contentUrl\":\"https:\/\/bs-battery.com\/wp-content\/uploads\/2026\/01\/BS_PA01MAX_FRONT_LD2.png\",\"width\":739,\"height\":750,\"caption\":\"BS_PA01MAX_FRONT_LD2\"},{\"@type\":\"BreadcrumbList\",\"@id\":\"https:\/\/bs-battery.com\/es\/producto\/pa01-max\/#breadcrumb\",\"itemListElement\":[{\"@type\":\"ListItem\",\"position\":1,\"name\":\"Home\",\"item\":\"https:\/\/bs-battery.com\/es\/\"},{\"@type\":\"ListItem\",\"position\":2,\"name\":\"Shop\",\"item\":\"https:\/\/bs-battery.com\/shop\/\"},{\"@type\":\"ListItem\",\"position\":3,\"name\":\"PA01 MAX\"}]},{\"@type\":\"WebSite\",\"@id\":\"https:\/\/bs-battery.com\/#website\",\"url\":\"https:\/\/bs-battery.com\/\",\"name\":\"BS BATTERY\",\"description\":\"The Power you need...\",\"potentialAction\":[{\"@type\":\"SearchAction\",\"target\":{\"@type\":\"EntryPoint\",\"urlTemplate\":\"https:\/\/bs-battery.com\/?s={search_term_string}\"},\"query-input\":{\"@type\":\"PropertyValueSpecification\",\"valueRequired\":true,\"valueName\":\"search_term_string\"}}],\"inLanguage\":\"es\"}]}<\/script>\n<!-- \/ Yoast SEO plugin. -->","yoast_head_json":{"title":"PA01 MAX - BS BATTERY","robots":{"index":"index","follow":"follow","max-snippet":"max-snippet:-1","max-image-preview":"max-image-preview:large","max-video-preview":"max-video-preview:-1"},"canonical":"https:\/\/bs-battery.com\/es\/producto\/pa01-max\/","og_locale":"es_ES","og_type":"article","og_title":"PA01 MAX - BS BATTERY","og_description":"Referencia: 700587 Este conector es la soluci\u00f3n ideal cuando tu bater\u00eda es dif\u00edcil de alcanzar, est\u00e1 oculta o cuando no es posible usar pinzas. Ofrece una forma r\u00e1pida y segura de cargar la bater\u00eda con un cargador o arrancarla utilizando el booster Power Box MAX, gracias a su conexi\u00f3n dual: un enchufe SAE y un...","og_url":"https:\/\/bs-battery.com\/es\/producto\/pa01-max\/","og_site_name":"BS BATTERY","article_modified_time":"2026-01-27T08:21:24+00:00","og_image":[{"width":739,"height":750,"url":"https:\/\/bs-battery.com\/wp-content\/uploads\/2026\/01\/BS_PA01MAX_FRONT_LD2.png","type":"image\/png"}],"twitter_card":"summary_large_image","twitter_misc":{"Tiempo de lectura":"3 minutos"},"schema":{"@context":"https:\/\/schema.org","@graph":[{"@type":"WebPage","@id":"https:\/\/bs-battery.com\/es\/producto\/pa01-max\/","url":"https:\/\/bs-battery.com\/es\/producto\/pa01-max\/","name":"PA01 MAX - BS BATTERY","isPartOf":{"@id":"https:\/\/bs-battery.com\/#website"},"primaryImageOfPage":{"@id":"https:\/\/bs-battery.com\/es\/producto\/pa01-max\/#primaryimage"},"image":{"@id":"https:\/\/bs-battery.com\/es\/producto\/pa01-max\/#primaryimage"},"thumbnailUrl":"https:\/\/bs-battery.com\/wp-content\/uploads\/2026\/01\/BS_PA01MAX_FRONT_LD2.png","datePublished":"2026-01-20T10:52:33+00:00","dateModified":"2026-01-27T08:21:24+00:00","breadcrumb":{"@id":"https:\/\/bs-battery.com\/es\/producto\/pa01-max\/#breadcrumb"},"inLanguage":"es","potentialAction":[{"@type":"ReadAction","target":["https:\/\/bs-battery.com\/es\/producto\/pa01-max\/"]}]},{"@type":"ImageObject","inLanguage":"es","@id":"https:\/\/bs-battery.com\/es\/producto\/pa01-max\/#primaryimage","url":"https:\/\/bs-battery.com\/wp-content\/uploads\/2026\/01\/BS_PA01MAX_FRONT_LD2.png","contentUrl":"https:\/\/bs-battery.com\/wp-content\/uploads\/2026\/01\/BS_PA01MAX_FRONT_LD2.png","width":739,"height":750,"caption":"BS_PA01MAX_FRONT_LD2"},{"@type":"BreadcrumbList","@id":"https:\/\/bs-battery.com\/es\/producto\/pa01-max\/#breadcrumb","itemListElement":[{"@type":"ListItem","position":1,"name":"Home","item":"https:\/\/bs-battery.com\/es\/"},{"@type":"ListItem","position":2,"name":"Shop","item":"https:\/\/bs-battery.com\/shop\/"},{"@type":"ListItem","position":3,"name":"PA01 MAX"}]},{"@type":"WebSite","@id":"https:\/\/bs-battery.com\/#website","url":"https:\/\/bs-battery.com\/","name":"BS BATTERY","description":"The Power you need...","potentialAction":[{"@type":"SearchAction","target":{"@type":"EntryPoint","urlTemplate":"https:\/\/bs-battery.com\/?s={search_term_string}"},"query-input":{"@type":"PropertyValueSpecification","valueRequired":true,"valueName":"search_term_string"}}],"inLanguage":"es"}]}},"_links":{"self":[{"href":"https:\/\/bs-battery.com\/es\/wp-json\/wp\/v2\/product\/42266","targetHints":{"allow":["GET"]}}],"collection":[{"href":"https:\/\/bs-battery.com\/es\/wp-json\/wp\/v2\/product"}],"about":[{"href":"https:\/\/bs-battery.com\/es\/wp-json\/wp\/v2\/types\/product"}],"wp:featuredmedia":[{"embeddable":true,"href":"https:\/\/bs-battery.com\/es\/wp-json\/wp\/v2\/media\/42284"}],"wp:attachment":[{"href":"https:\/\/bs-battery.com\/es\/wp-json\/wp\/v2\/media?parent=42266"}],"wp:term":[{"taxonomy":"product_brand","embeddable":true,"href":"https:\/\/bs-battery.com\/es\/wp-json\/wp\/v2\/product_brand?post=42266"},{"taxonomy":"product_cat","embeddable":true,"href":"https:\/\/bs-battery.com\/es\/wp-json\/wp\/v2\/product_cat?post=42266"},{"taxonomy":"product_tag","embeddable":true,"href":"https:\/\/bs-battery.com\/es\/wp-json\/wp\/v2\/product_tag?post=42266"}],"curies":[{"name":"wp","href":"https:\/\/api.w.org\/{rel}","templated":true}]}}