{"id":42536,"date":"2026-01-22T14:10:18","date_gmt":"2026-01-22T13:10:19","guid":{"rendered":"https:\/\/bs-battery.com\/?post_type=product&#038;p=42536"},"modified":"2026-01-23T10:36:55","modified_gmt":"2026-01-23T09:36:55","slug":"booster-power-box-pb-02-a","status":"publish","type":"product","link":"https:\/\/bs-battery.com\/es\/producto\/booster-power-box-pb-02-a\/","title":{"rendered":"POWER BOX PB-02"},"content":{"rendered":"<p><img decoding=\"async\" src=\"https:\/\/i0.wp.com\/bs-battery.com\/wp-content\/uploads\/2023\/02\/BS_LOGO_POWERBOX_WHITE.png?resize=195%2C28&amp;ssl=1\" alt=\"Power_box_Blanc_RVB\" \/><\/p>\n<p>Vuelve a la carretera en un abrir y cerrar de ojos gracias a nuestro arrancador de bater\u00eda ultracompacto y potente.<\/p>\n<p>\u00a1Vuelve a la carretera en poco tiempo gracias a nuestro arrancador de bater\u00eda ultra compacto y potente!<br \/>\nLa \u201cPower Box\u201d es vers\u00e1til y permite arrancar de manera segura la bater\u00eda de cualquier veh\u00edculo, cargar y recargar dispositivos USB, adem\u00e1s incluye 3 modos de luz para casos de emergencia.<br \/>\nExtremadamente seguro, nuestro Arrancador PB 02 viene equipado con un cable inteligente que garantiza una conexi\u00f3n a prueba de chispas y protecci\u00f3n contra inversi\u00f3n de polaridad. Gracias a su dise\u00f1o compacto y ligero, puedes guardar f\u00e1cilmente tu PB 02 en el ba\u00fal de una motocicleta, la guantera de un auto o en tu morral.<\/p>\n","protected":false},"excerpt":{"rendered":"<p>Compacto y potente arrancador de litio con una potencia nominal de 1200 A (corriente pico).<br \/>\nDise\u00f1ado para motores de gasolina (7,0 L) y di\u00e9sel (6,0 L).<br \/>\nMuy seguro: cable inteligente con conexi\u00f3n a prueba de chispas y protecci\u00f3n contra polaridad inversa.<br \/>\nFuente de alimentaci\u00f3n para peque\u00f1os dispositivos electr\u00f3nicos a trav\u00e9s de sus puertos USB. La mayor\u00eda de smartphones, auriculares, dispositivos port\u00e1tiles de juego y reproductores MP3\/MP4 pueden cargarse con los accesorios incluidos.<br \/>\nFunci\u00f3n de linterna LED con 3 modos.<br \/>\nPantalla LED con indicaci\u00f3n del nivel de carga de la bater\u00eda y del puerto de salida utilizado.<br \/>\nIncluye estuche de almacenamiento, pinzas de arranque inteligentes, cable Lightning, cable Micro USB, cable USB-C, cargador de coche de 12 V y cargador dom\u00e9stico de 12 V.<\/p>\n","protected":false},"featured_media":42565,"template":"","meta":{"_acf_changed":false,"om_disable_all_campaigns":false,"passster_activate_protection":false,"passster_protect_child_pages":"","passster_protection_type":"password","passster_password":"","passster_passwords":"","passster_password_list":"","passster_password_lists":"","passster_activate_user_restriction":"","passster_user_restriction_type":"user-role","passster_user_restriction":"no-role","passster_activate_overwrite_defaults":"","passster_headline":"","passster_instruction":"","passster_placeholder":"","passster_button":"","passster_id":"","passster_activate_misc_settings":"","passster_redirect_url":"","passster_hide":"no","passster_area_shortcode":"","_monsterinsights_skip_tracking":false,"_monsterinsights_sitenote_active":false,"_monsterinsights_sitenote_note":"","_monsterinsights_sitenote_category":0,"_uf_show_specific_survey":0,"_uf_disable_surveys":false},"product_brand":[],"product_cat":[5812,5810],"product_tag":[],"class_list":{"0":"post-42536","1":"product","2":"type-product","3":"status-publish","4":"has-post-thumbnail","6":"product_cat-booster-es","7":"product_cat-cargador-booster-tester-y-accesorio-es","9":"first","10":"instock","11":"shipping-taxable","12":"product-type-simple"},"acf":[],"aioseo_notices":[],"yoast_head":"<!-- This site is optimized with the Yoast SEO plugin v24.6 - https:\/\/yoast.com\/wordpress\/plugins\/seo\/ -->\n<title>POWER BOX PB-02 - BS BATTERY<\/title>\n<meta name=\"robots\" content=\"index, follow, max-snippet:-1, max-image-preview:large, max-video-preview:-1\" \/>\n<link rel=\"canonical\" href=\"https:\/\/bs-battery.com\/es\/producto\/booster-power-box-pb-02-a\/\" \/>\n<meta property=\"og:locale\" content=\"es_ES\" \/>\n<meta property=\"og:type\" content=\"article\" \/>\n<meta property=\"og:title\" content=\"POWER BOX PB-02 - BS BATTERY\" \/>\n<meta property=\"og:description\" content=\"Compacto y potente arrancador de litio con una potencia nominal de 1200 A (corriente pico). Dise\u00f1ado para motores de gasolina (7,0 L) y di\u00e9sel (6,0 L). Muy seguro: cable inteligente con conexi\u00f3n a prueba de chispas y protecci\u00f3n contra polaridad inversa. Fuente de alimentaci\u00f3n para peque\u00f1os dispositivos electr\u00f3nicos a trav\u00e9s de sus puertos USB. La mayor\u00eda de smartphones, auriculares, dispositivos port\u00e1tiles de juego y reproductores MP3\/MP4 pueden cargarse con los accesorios incluidos. Funci\u00f3n de linterna LED con 3 modos. Pantalla LED con indicaci\u00f3n del nivel de carga de la bater\u00eda y del puerto de salida utilizado. Incluye estuche de almacenamiento, pinzas de arranque inteligentes, cable Lightning, cable Micro USB, cable USB-C, cargador de coche de 12 V y cargador dom\u00e9stico de 12 V.\" \/>\n<meta property=\"og:url\" content=\"https:\/\/bs-battery.com\/es\/producto\/booster-power-box-pb-02-a\/\" \/>\n<meta property=\"og:site_name\" content=\"BS BATTERY\" \/>\n<meta property=\"article:modified_time\" content=\"2026-01-23T09:36:55+00:00\" \/>\n<meta property=\"og:image\" content=\"https:\/\/bs-battery.com\/wp-content\/uploads\/2026\/01\/BS_PB02_clamp_LD2.png\" \/>\n\t<meta property=\"og:image:width\" content=\"756\" \/>\n\t<meta property=\"og:image:height\" content=\"756\" \/>\n\t<meta property=\"og:image:type\" content=\"image\/png\" \/>\n<meta name=\"twitter:card\" content=\"summary_large_image\" \/>\n<meta name=\"twitter:label1\" content=\"Tiempo de lectura\" \/>\n\t<meta name=\"twitter:data1\" content=\"1 minuto\" \/>\n<script type=\"application\/ld+json\" class=\"yoast-schema-graph\">{\"@context\":\"https:\/\/schema.org\",\"@graph\":[{\"@type\":\"WebPage\",\"@id\":\"https:\/\/bs-battery.com\/es\/producto\/booster-power-box-pb-02-a\/\",\"url\":\"https:\/\/bs-battery.com\/es\/producto\/booster-power-box-pb-02-a\/\",\"name\":\"POWER BOX PB-02 - BS BATTERY\",\"isPartOf\":{\"@id\":\"https:\/\/bs-battery.com\/#website\"},\"primaryImageOfPage\":{\"@id\":\"https:\/\/bs-battery.com\/es\/producto\/booster-power-box-pb-02-a\/#primaryimage\"},\"image\":{\"@id\":\"https:\/\/bs-battery.com\/es\/producto\/booster-power-box-pb-02-a\/#primaryimage\"},\"thumbnailUrl\":\"https:\/\/bs-battery.com\/wp-content\/uploads\/2026\/01\/BS_PB02_clamp_LD2.png\",\"datePublished\":\"2026-01-22T13:10:19+00:00\",\"dateModified\":\"2026-01-23T09:36:55+00:00\",\"breadcrumb\":{\"@id\":\"https:\/\/bs-battery.com\/es\/producto\/booster-power-box-pb-02-a\/#breadcrumb\"},\"inLanguage\":\"es\",\"potentialAction\":[{\"@type\":\"ReadAction\",\"target\":[\"https:\/\/bs-battery.com\/es\/producto\/booster-power-box-pb-02-a\/\"]}]},{\"@type\":\"ImageObject\",\"inLanguage\":\"es\",\"@id\":\"https:\/\/bs-battery.com\/es\/producto\/booster-power-box-pb-02-a\/#primaryimage\",\"url\":\"https:\/\/bs-battery.com\/wp-content\/uploads\/2026\/01\/BS_PB02_clamp_LD2.png\",\"contentUrl\":\"https:\/\/bs-battery.com\/wp-content\/uploads\/2026\/01\/BS_PB02_clamp_LD2.png\",\"width\":756,\"height\":756,\"caption\":\"BS_PB02_clamp_LD2\"},{\"@type\":\"BreadcrumbList\",\"@id\":\"https:\/\/bs-battery.com\/es\/producto\/booster-power-box-pb-02-a\/#breadcrumb\",\"itemListElement\":[{\"@type\":\"ListItem\",\"position\":1,\"name\":\"Home\",\"item\":\"https:\/\/bs-battery.com\/es\/\"},{\"@type\":\"ListItem\",\"position\":2,\"name\":\"Shop\",\"item\":\"https:\/\/bs-battery.com\/shop\/\"},{\"@type\":\"ListItem\",\"position\":3,\"name\":\"POWER BOX PB-02\"}]},{\"@type\":\"WebSite\",\"@id\":\"https:\/\/bs-battery.com\/#website\",\"url\":\"https:\/\/bs-battery.com\/\",\"name\":\"BS BATTERY\",\"description\":\"The Power you need...\",\"potentialAction\":[{\"@type\":\"SearchAction\",\"target\":{\"@type\":\"EntryPoint\",\"urlTemplate\":\"https:\/\/bs-battery.com\/?s={search_term_string}\"},\"query-input\":{\"@type\":\"PropertyValueSpecification\",\"valueRequired\":true,\"valueName\":\"search_term_string\"}}],\"inLanguage\":\"es\"}]}<\/script>\n<!-- \/ Yoast SEO plugin. -->","yoast_head_json":{"title":"POWER BOX PB-02 - BS BATTERY","robots":{"index":"index","follow":"follow","max-snippet":"max-snippet:-1","max-image-preview":"max-image-preview:large","max-video-preview":"max-video-preview:-1"},"canonical":"https:\/\/bs-battery.com\/es\/producto\/booster-power-box-pb-02-a\/","og_locale":"es_ES","og_type":"article","og_title":"POWER BOX PB-02 - BS BATTERY","og_description":"Compacto y potente arrancador de litio con una potencia nominal de 1200 A (corriente pico). Dise\u00f1ado para motores de gasolina (7,0 L) y di\u00e9sel (6,0 L). Muy seguro: cable inteligente con conexi\u00f3n a prueba de chispas y protecci\u00f3n contra polaridad inversa. Fuente de alimentaci\u00f3n para peque\u00f1os dispositivos electr\u00f3nicos a trav\u00e9s de sus puertos USB. La mayor\u00eda de smartphones, auriculares, dispositivos port\u00e1tiles de juego y reproductores MP3\/MP4 pueden cargarse con los accesorios incluidos. Funci\u00f3n de linterna LED con 3 modos. Pantalla LED con indicaci\u00f3n del nivel de carga de la bater\u00eda y del puerto de salida utilizado. Incluye estuche de almacenamiento, pinzas de arranque inteligentes, cable Lightning, cable Micro USB, cable USB-C, cargador de coche de 12 V y cargador dom\u00e9stico de 12 V.","og_url":"https:\/\/bs-battery.com\/es\/producto\/booster-power-box-pb-02-a\/","og_site_name":"BS BATTERY","article_modified_time":"2026-01-23T09:36:55+00:00","og_image":[{"width":756,"height":756,"url":"https:\/\/bs-battery.com\/wp-content\/uploads\/2026\/01\/BS_PB02_clamp_LD2.png","type":"image\/png"}],"twitter_card":"summary_large_image","twitter_misc":{"Tiempo de lectura":"1 minuto"},"schema":{"@context":"https:\/\/schema.org","@graph":[{"@type":"WebPage","@id":"https:\/\/bs-battery.com\/es\/producto\/booster-power-box-pb-02-a\/","url":"https:\/\/bs-battery.com\/es\/producto\/booster-power-box-pb-02-a\/","name":"POWER BOX PB-02 - BS BATTERY","isPartOf":{"@id":"https:\/\/bs-battery.com\/#website"},"primaryImageOfPage":{"@id":"https:\/\/bs-battery.com\/es\/producto\/booster-power-box-pb-02-a\/#primaryimage"},"image":{"@id":"https:\/\/bs-battery.com\/es\/producto\/booster-power-box-pb-02-a\/#primaryimage"},"thumbnailUrl":"https:\/\/bs-battery.com\/wp-content\/uploads\/2026\/01\/BS_PB02_clamp_LD2.png","datePublished":"2026-01-22T13:10:19+00:00","dateModified":"2026-01-23T09:36:55+00:00","breadcrumb":{"@id":"https:\/\/bs-battery.com\/es\/producto\/booster-power-box-pb-02-a\/#breadcrumb"},"inLanguage":"es","potentialAction":[{"@type":"ReadAction","target":["https:\/\/bs-battery.com\/es\/producto\/booster-power-box-pb-02-a\/"]}]},{"@type":"ImageObject","inLanguage":"es","@id":"https:\/\/bs-battery.com\/es\/producto\/booster-power-box-pb-02-a\/#primaryimage","url":"https:\/\/bs-battery.com\/wp-content\/uploads\/2026\/01\/BS_PB02_clamp_LD2.png","contentUrl":"https:\/\/bs-battery.com\/wp-content\/uploads\/2026\/01\/BS_PB02_clamp_LD2.png","width":756,"height":756,"caption":"BS_PB02_clamp_LD2"},{"@type":"BreadcrumbList","@id":"https:\/\/bs-battery.com\/es\/producto\/booster-power-box-pb-02-a\/#breadcrumb","itemListElement":[{"@type":"ListItem","position":1,"name":"Home","item":"https:\/\/bs-battery.com\/es\/"},{"@type":"ListItem","position":2,"name":"Shop","item":"https:\/\/bs-battery.com\/shop\/"},{"@type":"ListItem","position":3,"name":"POWER BOX PB-02"}]},{"@type":"WebSite","@id":"https:\/\/bs-battery.com\/#website","url":"https:\/\/bs-battery.com\/","name":"BS BATTERY","description":"The Power you need...","potentialAction":[{"@type":"SearchAction","target":{"@type":"EntryPoint","urlTemplate":"https:\/\/bs-battery.com\/?s={search_term_string}"},"query-input":{"@type":"PropertyValueSpecification","valueRequired":true,"valueName":"search_term_string"}}],"inLanguage":"es"}]}},"_links":{"self":[{"href":"https:\/\/bs-battery.com\/es\/wp-json\/wp\/v2\/product\/42536","targetHints":{"allow":["GET"]}}],"collection":[{"href":"https:\/\/bs-battery.com\/es\/wp-json\/wp\/v2\/product"}],"about":[{"href":"https:\/\/bs-battery.com\/es\/wp-json\/wp\/v2\/types\/product"}],"wp:featuredmedia":[{"embeddable":true,"href":"https:\/\/bs-battery.com\/es\/wp-json\/wp\/v2\/media\/42565"}],"wp:attachment":[{"href":"https:\/\/bs-battery.com\/es\/wp-json\/wp\/v2\/media?parent=42536"}],"wp:term":[{"taxonomy":"product_brand","embeddable":true,"href":"https:\/\/bs-battery.com\/es\/wp-json\/wp\/v2\/product_brand?post=42536"},{"taxonomy":"product_cat","embeddable":true,"href":"https:\/\/bs-battery.com\/es\/wp-json\/wp\/v2\/product_cat?post=42536"},{"taxonomy":"product_tag","embeddable":true,"href":"https:\/\/bs-battery.com\/es\/wp-json\/wp\/v2\/product_tag?post=42536"}],"curies":[{"name":"wp","href":"https:\/\/api.w.org\/{rel}","templated":true}]}}