{"id":42549,"date":"2026-01-22T15:02:28","date_gmt":"2026-01-22T14:02:29","guid":{"rendered":"https:\/\/bs-battery.com\/?post_type=product&#038;p=42549"},"modified":"2026-01-22T16:52:50","modified_gmt":"2026-01-22T15:52:50","slug":"booster-power-box-pb-02-a-3","status":"publish","type":"product","link":"https:\/\/bs-battery.com\/es\/producto\/booster-power-box-pb-02-a-3\/","title":{"rendered":"POWER BOX MAX PB-02"},"content":{"rendered":"<p><img loading=\"lazy\" decoding=\"async\" class=\"\" src=\"https:\/\/bs-battery.com\/wp-content\/uploads\/2026\/01\/BS_POWER_BOX_MAX_LOGO_W-e1768903506910.png?resize=195%2C28&amp;ssl=1\" alt=\"Power_box_Blanc_RVB\" width=\"233\" height=\"59\" \/><\/p>\n<p>Descubre el <strong>potente arrancador de 2000A<\/strong>, dise\u00f1ado para ofrecer hasta <strong>40 arranques con una sola carga<\/strong> para <strong>bater\u00edas de plomo-\u00e1cido<\/strong> de 12V, incluyendo <strong>motores de gasolina de hasta 8.0L <\/strong>y <strong>motores di\u00e9sel de hasta 6.0L.<\/strong><\/p>\n<p style=\"text-align: justify;\">Seguro y vers\u00e1til, cuenta <strong>con cables inteligentes<\/strong> a prueba <strong>de chispas, protecci\u00f3n contra polaridad inversa, salidas de energ\u00eda USB, una linterna LED<\/strong> con 3 modos y una<strong> pantalla LCD<\/strong>. Se suministra con un kit completo de accesorios y un estuche de almacenamiento.<\/p>\n<p style=\"text-align: justify;\">El <a href=\"https:\/\/bs-battery.com\/es\/producto\/pa01-max\/\"><strong>PA01 MAX<\/strong><\/a> es el accesorio perfecto para tu <strong>Power Box MAX<\/strong>. Este conector es la soluci\u00f3n <strong>ideal para arrancar tu bater\u00eda cuando esta es dif\u00edcil de alcanzar,<\/strong> est\u00e1 oculta o cuando no es posible usar las pinzas.<\/p>\n","protected":false},"excerpt":{"rendered":"<p>Booster compacto y potente con una capacidad de 2000A.<br \/>\nApto solo para bater\u00edas de plomo-\u00e1cido de 12V.<br \/>\nHasta 40 arranques con una sola carga.<br \/>\nDise\u00f1ado para motores de gasolina (8.0L) y di\u00e9sel (6.0L).<br \/>\nMuy seguro: cable inteligente con conexi\u00f3n a prueba de chispas y protecci\u00f3n contra polaridad inversa.<br \/>\nFuente de alimentaci\u00f3n para todos los dispositivos USB cuando m\u00e1s lo necesites.<br \/>\nFunci\u00f3n de linterna LED con 3 modos.<br \/>\nPantalla LCD con indicaci\u00f3n del nivel de carga y puertos de salida en uso.<br \/>\nIncluye estuche de almacenamiento, pinzas de arranque, cable Lightning, cable Micro USB, cable USB-C, cargador de coche de 12V y cargador dom\u00e9stico de 12V.<\/p>\n","protected":false},"featured_media":42227,"template":"","meta":{"_acf_changed":false,"om_disable_all_campaigns":false,"passster_activate_protection":false,"passster_protect_child_pages":"","passster_protection_type":"password","passster_password":"","passster_passwords":"","passster_password_list":"","passster_password_lists":"","passster_activate_user_restriction":"","passster_user_restriction_type":"user-role","passster_user_restriction":"no-role","passster_activate_overwrite_defaults":"","passster_headline":"","passster_instruction":"","passster_placeholder":"","passster_button":"","passster_id":"","passster_activate_misc_settings":"","passster_redirect_url":"","passster_hide":"no","passster_area_shortcode":"","_monsterinsights_skip_tracking":false,"_monsterinsights_sitenote_active":false,"_monsterinsights_sitenote_note":"","_monsterinsights_sitenote_category":0,"_uf_show_specific_survey":0,"_uf_disable_surveys":false},"product_brand":[],"product_cat":[5812,5810],"product_tag":[],"class_list":{"0":"post-42549","1":"product","2":"type-product","3":"status-publish","4":"has-post-thumbnail","6":"product_cat-booster-es","7":"product_cat-cargador-booster-tester-y-accesorio-es","9":"first","10":"instock","11":"shipping-taxable","12":"product-type-simple"},"acf":[],"aioseo_notices":[],"yoast_head":"<!-- This site is optimized with the Yoast SEO plugin v24.6 - https:\/\/yoast.com\/wordpress\/plugins\/seo\/ -->\n<title>POWER BOX MAX PB-02 - BS BATTERY<\/title>\n<meta name=\"robots\" content=\"index, follow, max-snippet:-1, max-image-preview:large, max-video-preview:-1\" \/>\n<link rel=\"canonical\" href=\"https:\/\/bs-battery.com\/es\/producto\/booster-power-box-pb-02-a-3\/\" \/>\n<meta property=\"og:locale\" content=\"es_ES\" \/>\n<meta property=\"og:type\" content=\"article\" \/>\n<meta property=\"og:title\" content=\"POWER BOX MAX PB-02 - BS BATTERY\" \/>\n<meta property=\"og:description\" content=\"Booster compacto y potente con una capacidad de 2000A. Apto solo para bater\u00edas de plomo-\u00e1cido de 12V. Hasta 40 arranques con una sola carga. Dise\u00f1ado para motores de gasolina (8.0L) y di\u00e9sel (6.0L). Muy seguro: cable inteligente con conexi\u00f3n a prueba de chispas y protecci\u00f3n contra polaridad inversa. Fuente de alimentaci\u00f3n para todos los dispositivos USB cuando m\u00e1s lo necesites. Funci\u00f3n de linterna LED con 3 modos. Pantalla LCD con indicaci\u00f3n del nivel de carga y puertos de salida en uso. Incluye estuche de almacenamiento, pinzas de arranque, cable Lightning, cable Micro USB, cable USB-C, cargador de coche de 12V y cargador dom\u00e9stico de 12V.\" \/>\n<meta property=\"og:url\" content=\"https:\/\/bs-battery.com\/es\/producto\/booster-power-box-pb-02-a-3\/\" \/>\n<meta property=\"og:site_name\" content=\"BS BATTERY\" \/>\n<meta property=\"article:modified_time\" content=\"2026-01-22T15:52:50+00:00\" \/>\n<meta property=\"og:image\" content=\"https:\/\/bs-battery.com\/wp-content\/uploads\/2026\/01\/BS_PB02_MAX_WITH_CLAMPS_LD.png\" \/>\n\t<meta property=\"og:image:width\" content=\"1000\" \/>\n\t<meta property=\"og:image:height\" content=\"1000\" \/>\n\t<meta property=\"og:image:type\" content=\"image\/png\" \/>\n<meta name=\"twitter:card\" content=\"summary_large_image\" \/>\n<meta name=\"twitter:label1\" content=\"Tiempo de lectura\" \/>\n\t<meta name=\"twitter:data1\" content=\"1 minuto\" \/>\n<script type=\"application\/ld+json\" class=\"yoast-schema-graph\">{\"@context\":\"https:\/\/schema.org\",\"@graph\":[{\"@type\":\"WebPage\",\"@id\":\"https:\/\/bs-battery.com\/es\/producto\/booster-power-box-pb-02-a-3\/\",\"url\":\"https:\/\/bs-battery.com\/es\/producto\/booster-power-box-pb-02-a-3\/\",\"name\":\"POWER BOX MAX PB-02 - BS BATTERY\",\"isPartOf\":{\"@id\":\"https:\/\/bs-battery.com\/#website\"},\"primaryImageOfPage\":{\"@id\":\"https:\/\/bs-battery.com\/es\/producto\/booster-power-box-pb-02-a-3\/#primaryimage\"},\"image\":{\"@id\":\"https:\/\/bs-battery.com\/es\/producto\/booster-power-box-pb-02-a-3\/#primaryimage\"},\"thumbnailUrl\":\"https:\/\/bs-battery.com\/wp-content\/uploads\/2026\/01\/BS_PB02_MAX_WITH_CLAMPS_LD.png\",\"datePublished\":\"2026-01-22T14:02:29+00:00\",\"dateModified\":\"2026-01-22T15:52:50+00:00\",\"breadcrumb\":{\"@id\":\"https:\/\/bs-battery.com\/es\/producto\/booster-power-box-pb-02-a-3\/#breadcrumb\"},\"inLanguage\":\"es\",\"potentialAction\":[{\"@type\":\"ReadAction\",\"target\":[\"https:\/\/bs-battery.com\/es\/producto\/booster-power-box-pb-02-a-3\/\"]}]},{\"@type\":\"ImageObject\",\"inLanguage\":\"es\",\"@id\":\"https:\/\/bs-battery.com\/es\/producto\/booster-power-box-pb-02-a-3\/#primaryimage\",\"url\":\"https:\/\/bs-battery.com\/wp-content\/uploads\/2026\/01\/BS_PB02_MAX_WITH_CLAMPS_LD.png\",\"contentUrl\":\"https:\/\/bs-battery.com\/wp-content\/uploads\/2026\/01\/BS_PB02_MAX_WITH_CLAMPS_LD.png\",\"width\":1000,\"height\":1000,\"caption\":\"BS_PB02_MAX_WITH_CLAMPS_LD\"},{\"@type\":\"BreadcrumbList\",\"@id\":\"https:\/\/bs-battery.com\/es\/producto\/booster-power-box-pb-02-a-3\/#breadcrumb\",\"itemListElement\":[{\"@type\":\"ListItem\",\"position\":1,\"name\":\"Home\",\"item\":\"https:\/\/bs-battery.com\/es\/\"},{\"@type\":\"ListItem\",\"position\":2,\"name\":\"Shop\",\"item\":\"https:\/\/bs-battery.com\/shop\/\"},{\"@type\":\"ListItem\",\"position\":3,\"name\":\"POWER BOX MAX PB-02\"}]},{\"@type\":\"WebSite\",\"@id\":\"https:\/\/bs-battery.com\/#website\",\"url\":\"https:\/\/bs-battery.com\/\",\"name\":\"BS BATTERY\",\"description\":\"The Power you need...\",\"potentialAction\":[{\"@type\":\"SearchAction\",\"target\":{\"@type\":\"EntryPoint\",\"urlTemplate\":\"https:\/\/bs-battery.com\/?s={search_term_string}\"},\"query-input\":{\"@type\":\"PropertyValueSpecification\",\"valueRequired\":true,\"valueName\":\"search_term_string\"}}],\"inLanguage\":\"es\"}]}<\/script>\n<!-- \/ Yoast SEO plugin. -->","yoast_head_json":{"title":"POWER BOX MAX PB-02 - BS BATTERY","robots":{"index":"index","follow":"follow","max-snippet":"max-snippet:-1","max-image-preview":"max-image-preview:large","max-video-preview":"max-video-preview:-1"},"canonical":"https:\/\/bs-battery.com\/es\/producto\/booster-power-box-pb-02-a-3\/","og_locale":"es_ES","og_type":"article","og_title":"POWER BOX MAX PB-02 - BS BATTERY","og_description":"Booster compacto y potente con una capacidad de 2000A. Apto solo para bater\u00edas de plomo-\u00e1cido de 12V. Hasta 40 arranques con una sola carga. Dise\u00f1ado para motores de gasolina (8.0L) y di\u00e9sel (6.0L). Muy seguro: cable inteligente con conexi\u00f3n a prueba de chispas y protecci\u00f3n contra polaridad inversa. Fuente de alimentaci\u00f3n para todos los dispositivos USB cuando m\u00e1s lo necesites. Funci\u00f3n de linterna LED con 3 modos. Pantalla LCD con indicaci\u00f3n del nivel de carga y puertos de salida en uso. Incluye estuche de almacenamiento, pinzas de arranque, cable Lightning, cable Micro USB, cable USB-C, cargador de coche de 12V y cargador dom\u00e9stico de 12V.","og_url":"https:\/\/bs-battery.com\/es\/producto\/booster-power-box-pb-02-a-3\/","og_site_name":"BS BATTERY","article_modified_time":"2026-01-22T15:52:50+00:00","og_image":[{"width":1000,"height":1000,"url":"https:\/\/bs-battery.com\/wp-content\/uploads\/2026\/01\/BS_PB02_MAX_WITH_CLAMPS_LD.png","type":"image\/png"}],"twitter_card":"summary_large_image","twitter_misc":{"Tiempo de lectura":"1 minuto"},"schema":{"@context":"https:\/\/schema.org","@graph":[{"@type":"WebPage","@id":"https:\/\/bs-battery.com\/es\/producto\/booster-power-box-pb-02-a-3\/","url":"https:\/\/bs-battery.com\/es\/producto\/booster-power-box-pb-02-a-3\/","name":"POWER BOX MAX PB-02 - BS BATTERY","isPartOf":{"@id":"https:\/\/bs-battery.com\/#website"},"primaryImageOfPage":{"@id":"https:\/\/bs-battery.com\/es\/producto\/booster-power-box-pb-02-a-3\/#primaryimage"},"image":{"@id":"https:\/\/bs-battery.com\/es\/producto\/booster-power-box-pb-02-a-3\/#primaryimage"},"thumbnailUrl":"https:\/\/bs-battery.com\/wp-content\/uploads\/2026\/01\/BS_PB02_MAX_WITH_CLAMPS_LD.png","datePublished":"2026-01-22T14:02:29+00:00","dateModified":"2026-01-22T15:52:50+00:00","breadcrumb":{"@id":"https:\/\/bs-battery.com\/es\/producto\/booster-power-box-pb-02-a-3\/#breadcrumb"},"inLanguage":"es","potentialAction":[{"@type":"ReadAction","target":["https:\/\/bs-battery.com\/es\/producto\/booster-power-box-pb-02-a-3\/"]}]},{"@type":"ImageObject","inLanguage":"es","@id":"https:\/\/bs-battery.com\/es\/producto\/booster-power-box-pb-02-a-3\/#primaryimage","url":"https:\/\/bs-battery.com\/wp-content\/uploads\/2026\/01\/BS_PB02_MAX_WITH_CLAMPS_LD.png","contentUrl":"https:\/\/bs-battery.com\/wp-content\/uploads\/2026\/01\/BS_PB02_MAX_WITH_CLAMPS_LD.png","width":1000,"height":1000,"caption":"BS_PB02_MAX_WITH_CLAMPS_LD"},{"@type":"BreadcrumbList","@id":"https:\/\/bs-battery.com\/es\/producto\/booster-power-box-pb-02-a-3\/#breadcrumb","itemListElement":[{"@type":"ListItem","position":1,"name":"Home","item":"https:\/\/bs-battery.com\/es\/"},{"@type":"ListItem","position":2,"name":"Shop","item":"https:\/\/bs-battery.com\/shop\/"},{"@type":"ListItem","position":3,"name":"POWER BOX MAX PB-02"}]},{"@type":"WebSite","@id":"https:\/\/bs-battery.com\/#website","url":"https:\/\/bs-battery.com\/","name":"BS BATTERY","description":"The Power you need...","potentialAction":[{"@type":"SearchAction","target":{"@type":"EntryPoint","urlTemplate":"https:\/\/bs-battery.com\/?s={search_term_string}"},"query-input":{"@type":"PropertyValueSpecification","valueRequired":true,"valueName":"search_term_string"}}],"inLanguage":"es"}]}},"_links":{"self":[{"href":"https:\/\/bs-battery.com\/es\/wp-json\/wp\/v2\/product\/42549","targetHints":{"allow":["GET"]}}],"collection":[{"href":"https:\/\/bs-battery.com\/es\/wp-json\/wp\/v2\/product"}],"about":[{"href":"https:\/\/bs-battery.com\/es\/wp-json\/wp\/v2\/types\/product"}],"wp:featuredmedia":[{"embeddable":true,"href":"https:\/\/bs-battery.com\/es\/wp-json\/wp\/v2\/media\/42227"}],"wp:attachment":[{"href":"https:\/\/bs-battery.com\/es\/wp-json\/wp\/v2\/media?parent=42549"}],"wp:term":[{"taxonomy":"product_brand","embeddable":true,"href":"https:\/\/bs-battery.com\/es\/wp-json\/wp\/v2\/product_brand?post=42549"},{"taxonomy":"product_cat","embeddable":true,"href":"https:\/\/bs-battery.com\/es\/wp-json\/wp\/v2\/product_cat?post=42549"},{"taxonomy":"product_tag","embeddable":true,"href":"https:\/\/bs-battery.com\/es\/wp-json\/wp\/v2\/product_tag?post=42549"}],"curies":[{"name":"wp","href":"https:\/\/api.w.org\/{rel}","templated":true}]}}