{"id":44337,"date":"2026-04-01T16:50:18","date_gmt":"2026-04-01T14:50:19","guid":{"rendered":"https:\/\/bs-battery.com\/?post_type=product&#038;p=44337"},"modified":"2026-04-10T12:36:19","modified_gmt":"2026-04-10T10:36:19","slug":"pa-05-can-bus-connector-to-sae-plug","status":"publish","type":"product","link":"https:\/\/bs-battery.com\/es\/producto\/pa-05-can-bus-connector-to-sae-plug\/","title":{"rendered":"PA 05 CAN BUS CONNECTOR TO SAE PLUG"},"content":{"rendered":"<p><img loading=\"lazy\" decoding=\"async\" class=\"alignnone wp-image-13710 \" src=\"https:\/\/bs-battery.com\/wp-content\/uploads\/2026\/04\/BS_PA05_LOGO.png\" alt=\"\" width=\"187\" height=\"62\" \/><\/p>\n<p><strong>N\u00famero de pieza<\/strong>: 700590<\/p>\n<p><b>El conector PA 05 CAN BUS a enchufe SAE<\/b> permite una conexi\u00f3n directa a la toma DIN de 12V en veh\u00edculos y motocicletas que est\u00e9n equipados con ella. Pr\u00e1ctico y fiable, permite la alimentaci\u00f3n el\u00e9ctrica y la comunicaci\u00f3n con dispositivos compatibles sin necesidad de una instalaci\u00f3n compleja.<\/p>\n<p>Est\u00e1 especialmente dise\u00f1ado para su uso con el <a href=\"https:\/\/bs-battery.com\/es\/producto\/bs-30-max-usa\/\">cargador BS 30 Max,<\/a> que cuenta con modo CAN Bus, garantizando una carga segura y optimizada a trav\u00e9s de este tipo de conexi\u00f3n. Perfecto para un uso diario sencillo, r\u00e1pido y eficiente.<\/p>\n<p><span style=\"font-family: inherit; font-size: 30px; font-weight: bold; letter-spacing: 0.03em;\">CARACTER\u00cdSTICAS<\/span><\/p>\n<p><img loading=\"lazy\" decoding=\"async\" class=\"alignnone wp-image-8598\" src=\"https:\/\/bs-battery.com\/wp-content\/uploads\/2021\/11\/chevron-right-duotone.png\" alt=\"\" width=\"13\" height=\"20\" \/> Para todos los veh\u00edculos y motocicletas de 12 V equipados con CAN Bus<br \/>\n<img loading=\"lazy\" decoding=\"async\" class=\"alignnone wp-image-8598\" src=\"https:\/\/bs-battery.com\/wp-content\/uploads\/2021\/11\/chevron-right-duotone.png\" alt=\"\" width=\"13\" height=\"20\" \/> Conector CAN Bus (enchufe DIN \/ ISO 4165)<br \/>\n<span class=\"TextRun SCXW119622638 BCX8\" lang=\"EN-US\" data-contrast=\"none\"><span class=\"NormalTextRun SCXW119622638 BCX8\" data-ccp-charstyle=\"A7\" data-ccp-charstyle-defn=\"{\">Cable de 61 cm (18 AWG)<\/span><\/span><br \/>\n<span class=\"TextRun SCXW119622638 BCX8\" lang=\"EN-US\" xml:lang=\"EN-US\" data-contrast=\"none\"><span class=\"NormalTextRun SCXW119622638 BCX8\" data-ccp-charstyle=\"A7\" data-ccp-charstyle-defn=\"{\"><img loading=\"lazy\" decoding=\"async\" class=\"alignnone wp-image-8598\" src=\"https:\/\/bs-battery.com\/wp-content\/uploads\/2021\/11\/chevron-right-duotone.png\" alt=\"\" width=\"13\" height=\"20\" \/> Seguro y f\u00e1cil de conectar<\/span><\/span><\/p>\n","protected":false},"excerpt":{"rendered":"<p>N\u00famero de pieza: 700590 El conector PA 05 CAN BUS a enchufe SAE permite una conexi\u00f3n directa a la toma DIN de 12V en veh\u00edculos y motocicletas que est\u00e9n equipados con ella. Pr\u00e1ctico y fiable, permite la alimentaci\u00f3n el\u00e9ctrica y la comunicaci\u00f3n con dispositivos compatibles sin necesidad de una instalaci\u00f3n compleja. Est\u00e1 especialmente dise\u00f1ado para&#8230;<\/p>\n","protected":false},"featured_media":44751,"template":"","meta":{"_acf_changed":false,"om_disable_all_campaigns":false,"passster_activate_protection":false,"passster_protect_child_pages":"","passster_protection_type":"password","passster_password":"","passster_passwords":"","passster_password_list":"","passster_password_lists":"","passster_activate_user_restriction":"","passster_user_restriction_type":"user-role","passster_user_restriction":"no-role","passster_activate_overwrite_defaults":"","passster_headline":"","passster_instruction":"","passster_placeholder":"","passster_button":"","passster_id":"","passster_activate_misc_settings":"","passster_redirect_url":"","passster_hide":"no","passster_area_shortcode":"","_monsterinsights_skip_tracking":false,"_monsterinsights_sitenote_active":false,"_monsterinsights_sitenote_note":"","_monsterinsights_sitenote_category":0,"_uf_show_specific_survey":0,"_uf_disable_surveys":false},"product_brand":[],"product_cat":[5811,5810],"product_tag":[7353,8306,6673,8303,8304,6389,8305,6671],"class_list":{"0":"post-44337","1":"product","2":"type-product","3":"status-publish","4":"has-post-thumbnail","6":"product_cat-accesorios-es","7":"product_cat-cargador-booster-tester-y-accesorio-es","8":"product_tag-700513-es","9":"product_tag-700585-es","10":"product_tag-enchufe-de-cigarro-es","11":"product_tag-mv-agusta-es","12":"product_tag-mvagusta-es","13":"product_tag-pa01-es","14":"product_tag-pa05-mv-agusta-connector-to-sae-plug","15":"product_tag-tester-de-bateria-es","17":"first","18":"instock","19":"shipping-taxable","20":"product-type-simple"},"acf":[],"aioseo_notices":[],"yoast_head":"<!-- This site is optimized with the Yoast SEO plugin v24.6 - https:\/\/yoast.com\/wordpress\/plugins\/seo\/ -->\n<title>PA 05 CAN BUS CONNECTOR TO SAE PLUG - BS BATTERY<\/title>\n<meta name=\"description\" content=\"El conector PA 05 CAN BUS a enchufe SAE permite una conexi\u00f3n directa a la toma DIN de 12V en veh\u00edculos y motocicletas que est\u00e9n equipados con ella.\" \/>\n<meta name=\"robots\" content=\"index, follow, max-snippet:-1, max-image-preview:large, max-video-preview:-1\" \/>\n<link rel=\"canonical\" href=\"https:\/\/bs-battery.com\/es\/producto\/pa-05-can-bus-connector-to-sae-plug\/\" \/>\n<meta property=\"og:locale\" content=\"es_ES\" \/>\n<meta property=\"og:type\" content=\"article\" \/>\n<meta property=\"og:title\" content=\"PA 05 CAN BUS CONNECTOR TO SAE PLUG - BS BATTERY\" \/>\n<meta property=\"og:description\" content=\"El conector PA 05 CAN BUS a enchufe SAE permite una conexi\u00f3n directa a la toma DIN de 12V en veh\u00edculos y motocicletas que est\u00e9n equipados con ella.\" \/>\n<meta property=\"og:url\" content=\"https:\/\/bs-battery.com\/es\/producto\/pa-05-can-bus-connector-to-sae-plug\/\" \/>\n<meta property=\"og:site_name\" content=\"BS BATTERY\" \/>\n<meta property=\"article:modified_time\" content=\"2026-04-10T10:36:19+00:00\" \/>\n<meta property=\"og:image\" content=\"https:\/\/bs-battery.com\/wp-content\/uploads\/2026\/04\/New-PA05.png\" \/>\n\t<meta property=\"og:image:width\" content=\"500\" \/>\n\t<meta property=\"og:image:height\" content=\"500\" \/>\n\t<meta property=\"og:image:type\" content=\"image\/png\" \/>\n<meta name=\"twitter:card\" content=\"summary_large_image\" \/>\n<meta name=\"twitter:label1\" content=\"Tiempo de lectura\" \/>\n\t<meta name=\"twitter:data1\" content=\"2 minutos\" \/>\n<script type=\"application\/ld+json\" class=\"yoast-schema-graph\">{\"@context\":\"https:\/\/schema.org\",\"@graph\":[{\"@type\":\"WebPage\",\"@id\":\"https:\/\/bs-battery.com\/es\/producto\/pa-05-can-bus-connector-to-sae-plug\/\",\"url\":\"https:\/\/bs-battery.com\/es\/producto\/pa-05-can-bus-connector-to-sae-plug\/\",\"name\":\"PA 05 CAN BUS CONNECTOR TO SAE PLUG - BS BATTERY\",\"isPartOf\":{\"@id\":\"https:\/\/bs-battery.com\/#website\"},\"primaryImageOfPage\":{\"@id\":\"https:\/\/bs-battery.com\/es\/producto\/pa-05-can-bus-connector-to-sae-plug\/#primaryimage\"},\"image\":{\"@id\":\"https:\/\/bs-battery.com\/es\/producto\/pa-05-can-bus-connector-to-sae-plug\/#primaryimage\"},\"thumbnailUrl\":\"https:\/\/bs-battery.com\/wp-content\/uploads\/2026\/04\/New-PA05.png\",\"datePublished\":\"2026-04-01T14:50:19+00:00\",\"dateModified\":\"2026-04-10T10:36:19+00:00\",\"description\":\"El conector PA 05 CAN BUS a enchufe SAE permite una conexi\u00f3n directa a la toma DIN de 12V en veh\u00edculos y motocicletas que est\u00e9n equipados con ella.\",\"breadcrumb\":{\"@id\":\"https:\/\/bs-battery.com\/es\/producto\/pa-05-can-bus-connector-to-sae-plug\/#breadcrumb\"},\"inLanguage\":\"es\",\"potentialAction\":[{\"@type\":\"ReadAction\",\"target\":[\"https:\/\/bs-battery.com\/es\/producto\/pa-05-can-bus-connector-to-sae-plug\/\"]}]},{\"@type\":\"ImageObject\",\"inLanguage\":\"es\",\"@id\":\"https:\/\/bs-battery.com\/es\/producto\/pa-05-can-bus-connector-to-sae-plug\/#primaryimage\",\"url\":\"https:\/\/bs-battery.com\/wp-content\/uploads\/2026\/04\/New-PA05.png\",\"contentUrl\":\"https:\/\/bs-battery.com\/wp-content\/uploads\/2026\/04\/New-PA05.png\",\"width\":500,\"height\":500,\"caption\":\"New PA05\"},{\"@type\":\"BreadcrumbList\",\"@id\":\"https:\/\/bs-battery.com\/es\/producto\/pa-05-can-bus-connector-to-sae-plug\/#breadcrumb\",\"itemListElement\":[{\"@type\":\"ListItem\",\"position\":1,\"name\":\"Home\",\"item\":\"https:\/\/bs-battery.com\/es\/\"},{\"@type\":\"ListItem\",\"position\":2,\"name\":\"Shop\",\"item\":\"https:\/\/bs-battery.com\/shop\/\"},{\"@type\":\"ListItem\",\"position\":3,\"name\":\"PA 05 CAN BUS CONNECTOR TO SAE PLUG\"}]},{\"@type\":\"WebSite\",\"@id\":\"https:\/\/bs-battery.com\/#website\",\"url\":\"https:\/\/bs-battery.com\/\",\"name\":\"BS BATTERY\",\"description\":\"The Power you need...\",\"potentialAction\":[{\"@type\":\"SearchAction\",\"target\":{\"@type\":\"EntryPoint\",\"urlTemplate\":\"https:\/\/bs-battery.com\/?s={search_term_string}\"},\"query-input\":{\"@type\":\"PropertyValueSpecification\",\"valueRequired\":true,\"valueName\":\"search_term_string\"}}],\"inLanguage\":\"es\"}]}<\/script>\n<!-- \/ Yoast SEO plugin. -->","yoast_head_json":{"title":"PA 05 CAN BUS CONNECTOR TO SAE PLUG - BS BATTERY","description":"El conector PA 05 CAN BUS a enchufe SAE permite una conexi\u00f3n directa a la toma DIN de 12V en veh\u00edculos y motocicletas que est\u00e9n equipados con ella.","robots":{"index":"index","follow":"follow","max-snippet":"max-snippet:-1","max-image-preview":"max-image-preview:large","max-video-preview":"max-video-preview:-1"},"canonical":"https:\/\/bs-battery.com\/es\/producto\/pa-05-can-bus-connector-to-sae-plug\/","og_locale":"es_ES","og_type":"article","og_title":"PA 05 CAN BUS CONNECTOR TO SAE PLUG - BS BATTERY","og_description":"El conector PA 05 CAN BUS a enchufe SAE permite una conexi\u00f3n directa a la toma DIN de 12V en veh\u00edculos y motocicletas que est\u00e9n equipados con ella.","og_url":"https:\/\/bs-battery.com\/es\/producto\/pa-05-can-bus-connector-to-sae-plug\/","og_site_name":"BS BATTERY","article_modified_time":"2026-04-10T10:36:19+00:00","og_image":[{"width":500,"height":500,"url":"https:\/\/bs-battery.com\/wp-content\/uploads\/2026\/04\/New-PA05.png","type":"image\/png"}],"twitter_card":"summary_large_image","twitter_misc":{"Tiempo de lectura":"2 minutos"},"schema":{"@context":"https:\/\/schema.org","@graph":[{"@type":"WebPage","@id":"https:\/\/bs-battery.com\/es\/producto\/pa-05-can-bus-connector-to-sae-plug\/","url":"https:\/\/bs-battery.com\/es\/producto\/pa-05-can-bus-connector-to-sae-plug\/","name":"PA 05 CAN BUS CONNECTOR TO SAE PLUG - BS BATTERY","isPartOf":{"@id":"https:\/\/bs-battery.com\/#website"},"primaryImageOfPage":{"@id":"https:\/\/bs-battery.com\/es\/producto\/pa-05-can-bus-connector-to-sae-plug\/#primaryimage"},"image":{"@id":"https:\/\/bs-battery.com\/es\/producto\/pa-05-can-bus-connector-to-sae-plug\/#primaryimage"},"thumbnailUrl":"https:\/\/bs-battery.com\/wp-content\/uploads\/2026\/04\/New-PA05.png","datePublished":"2026-04-01T14:50:19+00:00","dateModified":"2026-04-10T10:36:19+00:00","description":"El conector PA 05 CAN BUS a enchufe SAE permite una conexi\u00f3n directa a la toma DIN de 12V en veh\u00edculos y motocicletas que est\u00e9n equipados con ella.","breadcrumb":{"@id":"https:\/\/bs-battery.com\/es\/producto\/pa-05-can-bus-connector-to-sae-plug\/#breadcrumb"},"inLanguage":"es","potentialAction":[{"@type":"ReadAction","target":["https:\/\/bs-battery.com\/es\/producto\/pa-05-can-bus-connector-to-sae-plug\/"]}]},{"@type":"ImageObject","inLanguage":"es","@id":"https:\/\/bs-battery.com\/es\/producto\/pa-05-can-bus-connector-to-sae-plug\/#primaryimage","url":"https:\/\/bs-battery.com\/wp-content\/uploads\/2026\/04\/New-PA05.png","contentUrl":"https:\/\/bs-battery.com\/wp-content\/uploads\/2026\/04\/New-PA05.png","width":500,"height":500,"caption":"New PA05"},{"@type":"BreadcrumbList","@id":"https:\/\/bs-battery.com\/es\/producto\/pa-05-can-bus-connector-to-sae-plug\/#breadcrumb","itemListElement":[{"@type":"ListItem","position":1,"name":"Home","item":"https:\/\/bs-battery.com\/es\/"},{"@type":"ListItem","position":2,"name":"Shop","item":"https:\/\/bs-battery.com\/shop\/"},{"@type":"ListItem","position":3,"name":"PA 05 CAN BUS CONNECTOR TO SAE PLUG"}]},{"@type":"WebSite","@id":"https:\/\/bs-battery.com\/#website","url":"https:\/\/bs-battery.com\/","name":"BS BATTERY","description":"The Power you need...","potentialAction":[{"@type":"SearchAction","target":{"@type":"EntryPoint","urlTemplate":"https:\/\/bs-battery.com\/?s={search_term_string}"},"query-input":{"@type":"PropertyValueSpecification","valueRequired":true,"valueName":"search_term_string"}}],"inLanguage":"es"}]}},"_links":{"self":[{"href":"https:\/\/bs-battery.com\/es\/wp-json\/wp\/v2\/product\/44337","targetHints":{"allow":["GET"]}}],"collection":[{"href":"https:\/\/bs-battery.com\/es\/wp-json\/wp\/v2\/product"}],"about":[{"href":"https:\/\/bs-battery.com\/es\/wp-json\/wp\/v2\/types\/product"}],"wp:featuredmedia":[{"embeddable":true,"href":"https:\/\/bs-battery.com\/es\/wp-json\/wp\/v2\/media\/44751"}],"wp:attachment":[{"href":"https:\/\/bs-battery.com\/es\/wp-json\/wp\/v2\/media?parent=44337"}],"wp:term":[{"taxonomy":"product_brand","embeddable":true,"href":"https:\/\/bs-battery.com\/es\/wp-json\/wp\/v2\/product_brand?post=44337"},{"taxonomy":"product_cat","embeddable":true,"href":"https:\/\/bs-battery.com\/es\/wp-json\/wp\/v2\/product_cat?post=44337"},{"taxonomy":"product_tag","embeddable":true,"href":"https:\/\/bs-battery.com\/es\/wp-json\/wp\/v2\/product_tag?post=44337"}],"curies":[{"name":"wp","href":"https:\/\/api.w.org\/{rel}","templated":true}]}}